{"id":503,"date":"2012-07-12T17:49:05","date_gmt":"2012-07-12T15:49:05","guid":{"rendered":"http:\/\/beta.lossburg-schoemberg.de\/?page_id=503"},"modified":"2012-07-12T17:53:31","modified_gmt":"2012-07-12T15:53:31","slug":"schoemberg-im-bundeswettbewerb","status":"publish","type":"page","link":"https:\/\/lossburg-schoemberg.de\/index.php\/home\/schoemberg-im-bundeswettbewerb\/","title":{"rendered":"Sch\u00f6mberg im Bundeswettbewerb"},"content":{"rendered":"<p><a href=\"http:\/\/beta.lossburg-schoemberg.de\/wp-content\/uploads\/2012\/07\/AlleSieger.jpg\"><img loading=\"lazy\" decoding=\"async\" class=\"aligncenter size-medium wp-image-507\" title=\"AlleSieger\" src=\"http:\/\/beta.lossburg-schoemberg.de\/wp-content\/uploads\/2012\/07\/AlleSieger-640x267.jpg\" alt=\"\" width=\"640\" height=\"267\" \/><\/a><\/p>\n<p style=\"text-align: center;\"><em>Foto: Frank W\u00f6lffing-Seelig, Berlin.\u00a0\u00a0\u00a0<a href=\"http:\/\/www.studio36.de\/\">www.studio36.de<\/a><br \/>\n<\/em><\/p>\n<p>Sch\u00f6mberg erreicht im 22. Bundeswettbewerb &#8222;Unser Dorf hat Zukunft 2007&#8220; Eine Silbermedaille.<\/p>\n<p>Wir freuen uns sehr dar\u00fcber. Die Medaillen wurden im Januar 2008 in Berlin innerhalb der &#8222;Gr\u00fcnen Woche&#8220; \u00fcberreicht.<\/p>\n<h2>Beim Dorfwettbewerb: &#8222;Unser Dorf soll sch\u00f6ner werden &#8211; Unser Dorf hat Zukunft&#8220; wurde Sch\u00f6mberg auf Landesebene mit einer Goldmedaille ausgezeichnet.<\/h2>\n<h2>Wir Sch\u00f6mberger sind stolz auf unser Dorf und freuen uns riesig \u00fcber diese Auszeichnungen.<\/h2>\n<p>Bereits im Jahr 2005 hat Sch\u00f6mberg beim Kreiswettbewerb teilgenommen, erreichte Platz zwei und konnte damit antreten beim Bezirkswettbewerb im Regierungsbezirk Karlsruhe.<\/p>\n<p>Nach der Dorfbegehung im Juni 2006 durch die Jury aus Karlsruhe belegte Sch\u00f6mberg einer der ersten 3 Pl\u00e4tze und hatte damit die Chance beim Landeswettbewerb anzutreten.<\/p>\n<p>Im September 2006 wurde Sch\u00f6mberg von einer 12-k\u00f6pfigen Kommission aus Stuttgart besucht, die uns jetzt eine Goldmedaille zugesprochen hat.<\/p>\n<p>Nicht nur die Sch\u00f6mberger freuen sich, auch die Lo\u00dfburger sind stolz darauf, einen so hoch ausgezeichneten Ort in ihrer Gemeinde zu haben.<\/p>\n<p>&nbsp;<\/p>\n","protected":false},"excerpt":{"rendered":"<p>Foto: Frank W\u00f6lffing-Seelig, Berlin.\u00a0\u00a0\u00a0www.studio36.de Sch\u00f6mberg erreicht im 22. Bundeswettbewerb &#8222;Unser Dorf hat Zukunft 2007&#8220; Eine Silbermedaille. Wir freuen uns sehr dar\u00fcber. Die Medaillen wurden im Januar 2008 in Berlin innerhalb der &#8222;Gr\u00fcnen Woche&#8220; \u00fcberreicht. Beim Dorfwettbewerb: &#8222;Unser Dorf soll sch\u00f6ner werden &#8211; Unser Dorf hat Zukunft&#8220; wurde Sch\u00f6mberg auf Landesebene mit einer Goldmedaille ausgezeichnet. Wir &hellip; <\/p>\n<p><a class=\"more-link btn\" href=\"https:\/\/lossburg-schoemberg.de\/index.php\/home\/schoemberg-im-bundeswettbewerb\/\">Weiterlesen<\/a><\/p>\n","protected":false},"author":1,"featured_media":507,"parent":501,"menu_order":0,"comment_status":"open","ping_status":"open","template":"","meta":{"footnotes":""},"class_list":["post-503","page","type-page","status-publish","has-post-thumbnail","hentry","nodate","item-wrap"],"_links":{"self":[{"href":"https:\/\/lossburg-schoemberg.de\/index.php\/wp-json\/wp\/v2\/pages\/503","targetHints":{"allow":["GET"]}}],"collection":[{"href":"https:\/\/lossburg-schoemberg.de\/index.php\/wp-json\/wp\/v2\/pages"}],"about":[{"href":"https:\/\/lossburg-schoemberg.de\/index.php\/wp-json\/wp\/v2\/types\/page"}],"author":[{"embeddable":true,"href":"https:\/\/lossburg-schoemberg.de\/index.php\/wp-json\/wp\/v2\/users\/1"}],"replies":[{"embeddable":true,"href":"https:\/\/lossburg-schoemberg.de\/index.php\/wp-json\/wp\/v2\/comments?post=503"}],"version-history":[{"count":3,"href":"https:\/\/lossburg-schoemberg.de\/index.php\/wp-json\/wp\/v2\/pages\/503\/revisions"}],"predecessor-version":[{"id":508,"href":"https:\/\/lossburg-schoemberg.de\/index.php\/wp-json\/wp\/v2\/pages\/503\/revisions\/508"}],"up":[{"embeddable":true,"href":"https:\/\/lossburg-schoemberg.de\/index.php\/wp-json\/wp\/v2\/pages\/501"}],"wp:featuredmedia":[{"embeddable":true,"href":"https:\/\/lossburg-schoemberg.de\/index.php\/wp-json\/wp\/v2\/media\/507"}],"wp:attachment":[{"href":"https:\/\/lossburg-schoemberg.de\/index.php\/wp-json\/wp\/v2\/media?parent=503"}],"curies":[{"name":"wp","href":"https:\/\/api.w.org\/{rel}","templated":true}]}}