{"id":5025,"date":"2023-09-27T16:23:58","date_gmt":"2023-09-27T14:23:58","guid":{"rendered":"https:\/\/lossburg-schoemberg.de\/?page_id=5025"},"modified":"2023-12-30T21:49:13","modified_gmt":"2023-12-30T20:49:13","slug":"neues-angebot-bewegung-und-gesundheit","status":"publish","type":"page","link":"https:\/\/lossburg-schoemberg.de\/index.php\/rueckblick\/2023-2\/neues-angebot-bewegung-und-gesundheit\/","title":{"rendered":"Neues Angebot, Bewegung und Gesundheit"},"content":{"rendered":"<p>Frau Eve-Marie B\u00e9dard bietet im Gymnastikraum im B\u00fcrgerhaus 6 Termine an ab dem 25.10.23.<br \/>\nDer Kurs ist f\u00fcr jedes Alter geeignet und zielt auf Beweglichkeit, Scherzlinderung und Lebendigkeit ab.<\/p>\n<p>Leider hat dieses mehrteilige Training wegen zu wenig Anmeldungen nicht stattgfunden.\u00a0 (K. Pfau)<\/p>\n<p><a href=\"http:\/\/lossburg-schoemberg.de\/wp-content\/uploads\/2023\/09\/ESSENTRICS\u00ae-Rueckwaerts-Altern.png\"><img loading=\"lazy\" decoding=\"async\" class=\"aligncenter size-large wp-image-5026\" src=\"http:\/\/lossburg-schoemberg.de\/wp-content\/uploads\/2023\/09\/ESSENTRICS\u00ae-Rueckwaerts-Altern-724x1024.png\" alt=\"\" width=\"724\" height=\"1024\" srcset=\"https:\/\/lossburg-schoemberg.de\/wp-content\/uploads\/2023\/09\/ESSENTRICS\u00ae-Rueckwaerts-Altern-724x1024.png 724w, https:\/\/lossburg-schoemberg.de\/wp-content\/uploads\/2023\/09\/ESSENTRICS\u00ae-Rueckwaerts-Altern-212x300.png 212w, https:\/\/lossburg-schoemberg.de\/wp-content\/uploads\/2023\/09\/ESSENTRICS\u00ae-Rueckwaerts-Altern-768x1086.png 768w, https:\/\/lossburg-schoemberg.de\/wp-content\/uploads\/2023\/09\/ESSENTRICS\u00ae-Rueckwaerts-Altern-1086x1536.png 1086w, https:\/\/lossburg-schoemberg.de\/wp-content\/uploads\/2023\/09\/ESSENTRICS\u00ae-Rueckwaerts-Altern-847x1198.png 847w, https:\/\/lossburg-schoemberg.de\/wp-content\/uploads\/2023\/09\/ESSENTRICS\u00ae-Rueckwaerts-Altern.png 1414w\" sizes=\"auto, (max-width: 724px) 100vw, 724px\" \/><\/a><\/p>\n","protected":false},"excerpt":{"rendered":"<p>Frau Eve-Marie B\u00e9dard bietet im Gymnastikraum im B\u00fcrgerhaus 6 Termine an ab dem 25.10.23. Der Kurs ist f\u00fcr jedes Alter geeignet und zielt auf Beweglichkeit, Scherzlinderung und Lebendigkeit ab. Leider hat dieses mehrteilige Training wegen zu wenig Anmeldungen nicht stattgfunden.\u00a0 (K. Pfau)<\/p>\n","protected":false},"author":1,"featured_media":5028,"parent":5081,"menu_order":20,"comment_status":"closed","ping_status":"closed","template":"","meta":{"footnotes":""},"class_list":["post-5025","page","type-page","status-publish","has-post-thumbnail","hentry","nodate","item-wrap"],"_links":{"self":[{"href":"https:\/\/lossburg-schoemberg.de\/index.php\/wp-json\/wp\/v2\/pages\/5025","targetHints":{"allow":["GET"]}}],"collection":[{"href":"https:\/\/lossburg-schoemberg.de\/index.php\/wp-json\/wp\/v2\/pages"}],"about":[{"href":"https:\/\/lossburg-schoemberg.de\/index.php\/wp-json\/wp\/v2\/types\/page"}],"author":[{"embeddable":true,"href":"https:\/\/lossburg-schoemberg.de\/index.php\/wp-json\/wp\/v2\/users\/1"}],"replies":[{"embeddable":true,"href":"https:\/\/lossburg-schoemberg.de\/index.php\/wp-json\/wp\/v2\/comments?post=5025"}],"version-history":[{"count":3,"href":"https:\/\/lossburg-schoemberg.de\/index.php\/wp-json\/wp\/v2\/pages\/5025\/revisions"}],"predecessor-version":[{"id":5086,"href":"https:\/\/lossburg-schoemberg.de\/index.php\/wp-json\/wp\/v2\/pages\/5025\/revisions\/5086"}],"up":[{"embeddable":true,"href":"https:\/\/lossburg-schoemberg.de\/index.php\/wp-json\/wp\/v2\/pages\/5081"}],"wp:featuredmedia":[{"embeddable":true,"href":"https:\/\/lossburg-schoemberg.de\/index.php\/wp-json\/wp\/v2\/media\/5028"}],"wp:attachment":[{"href":"https:\/\/lossburg-schoemberg.de\/index.php\/wp-json\/wp\/v2\/media?parent=5025"}],"curies":[{"name":"wp","href":"https:\/\/api.w.org\/{rel}","templated":true}]}}