{"id":4968,"date":"2023-04-30T17:28:03","date_gmt":"2023-04-30T15:28:03","guid":{"rendered":"https:\/\/lossburg-schoemberg.de\/?page_id=4968"},"modified":"2023-12-30T21:31:11","modified_gmt":"2023-12-30T20:31:11","slug":"maibaum-aufstellen","status":"publish","type":"page","link":"https:\/\/lossburg-schoemberg.de\/index.php\/rueckblick\/2023-2\/maibaum-aufstellen\/","title":{"rendered":"Maibaum aufstellen"},"content":{"rendered":"<p>Am Sonntag 30.04.2023 ab 18:30 Uhr wird duch die Feuerwehr Abteilung Sch\u00f6mberg der Maibaum aufgestellt.<\/p>\n<p>Nach dem Maibaumaufstellen geht es zum gem\u00fctlichen Zusammensein in die Pausenhalle des B\u00fcrger- und G\u00e4stehauses.<br \/>\nDort freuen sich die Sch\u00f6mberger Gymnastikdamen auf Ihren Besuch.<a href=\"http:\/\/lossburg-schoemberg.de\/wp-content\/uploads\/2012\/07\/Maibaum05.jpg\"><img loading=\"lazy\" decoding=\"async\" class=\"aligncenter size-full wp-image-861\" src=\"http:\/\/lossburg-schoemberg.de\/wp-content\/uploads\/2012\/07\/Maibaum05.jpg\" alt=\"\" width=\"640\" height=\"937\" srcset=\"https:\/\/lossburg-schoemberg.de\/wp-content\/uploads\/2012\/07\/Maibaum05.jpg 640w, https:\/\/lossburg-schoemberg.de\/wp-content\/uploads\/2012\/07\/Maibaum05-437x640.jpg 437w\" sizes=\"auto, (max-width: 640px) 100vw, 640px\" \/><\/a><\/p>\n","protected":false},"excerpt":{"rendered":"<p>Am Sonntag 30.04.2023 ab 18:30 Uhr wird duch die Feuerwehr Abteilung Sch\u00f6mberg der Maibaum aufgestellt. Nach dem Maibaumaufstellen geht es zum gem\u00fctlichen Zusammensein in die Pausenhalle des B\u00fcrger- und G\u00e4stehauses. Dort freuen sich die Sch\u00f6mberger Gymnastikdamen auf Ihren Besuch.<\/p>\n","protected":false},"author":1,"featured_media":859,"parent":5081,"menu_order":36,"comment_status":"closed","ping_status":"closed","template":"","meta":{"footnotes":""},"class_list":["post-4968","page","type-page","status-publish","has-post-thumbnail","hentry","nodate","item-wrap"],"_links":{"self":[{"href":"https:\/\/lossburg-schoemberg.de\/index.php\/wp-json\/wp\/v2\/pages\/4968","targetHints":{"allow":["GET"]}}],"collection":[{"href":"https:\/\/lossburg-schoemberg.de\/index.php\/wp-json\/wp\/v2\/pages"}],"about":[{"href":"https:\/\/lossburg-schoemberg.de\/index.php\/wp-json\/wp\/v2\/types\/page"}],"author":[{"embeddable":true,"href":"https:\/\/lossburg-schoemberg.de\/index.php\/wp-json\/wp\/v2\/users\/1"}],"replies":[{"embeddable":true,"href":"https:\/\/lossburg-schoemberg.de\/index.php\/wp-json\/wp\/v2\/comments?post=4968"}],"version-history":[{"count":1,"href":"https:\/\/lossburg-schoemberg.de\/index.php\/wp-json\/wp\/v2\/pages\/4968\/revisions"}],"predecessor-version":[{"id":4969,"href":"https:\/\/lossburg-schoemberg.de\/index.php\/wp-json\/wp\/v2\/pages\/4968\/revisions\/4969"}],"up":[{"embeddable":true,"href":"https:\/\/lossburg-schoemberg.de\/index.php\/wp-json\/wp\/v2\/pages\/5081"}],"wp:featuredmedia":[{"embeddable":true,"href":"https:\/\/lossburg-schoemberg.de\/index.php\/wp-json\/wp\/v2\/media\/859"}],"wp:attachment":[{"href":"https:\/\/lossburg-schoemberg.de\/index.php\/wp-json\/wp\/v2\/media?parent=4968"}],"curies":[{"name":"wp","href":"https:\/\/api.w.org\/{rel}","templated":true}]}}