{"id":4956,"date":"2023-03-10T20:48:17","date_gmt":"2023-03-10T19:48:17","guid":{"rendered":"https:\/\/lossburg-schoemberg.de\/?page_id=4956"},"modified":"2023-12-30T21:50:46","modified_gmt":"2023-12-30T20:50:46","slug":"herbstausflug-der-dorfgemeinschaft","status":"publish","type":"page","link":"https:\/\/lossburg-schoemberg.de\/index.php\/rueckblick\/2023-2\/herbstausflug-der-dorfgemeinschaft\/","title":{"rendered":"Herbstausflug der Dorfgemeinschaft"},"content":{"rendered":"<p>Der obligatorische Herbstausflug f\u00fchrt uns in diesem Jahr nach Rottweil.<\/p>\n<ul>\n<li>Ab Sch\u00f6mberg mit einem Reisebus nach Rottweil zum TKE, Thyssen Krupp Elevator.<\/li>\n<li>mit dem Aufzug hoch zur in h\u00f6chste Besucherplattform in Deutschland in 232m H\u00f6he<br \/>\nHier der Link zu einem Film, 7 Minuten im Zeitraffer vom <a href=\"https:\/\/testturm.tkelevator.com\/global-de\/der-testturm\/#st_section_divider\" target=\"_blank\" rel=\"noopener\">Bau des Turmes<\/a><\/li>\n<li>Nachmittags nach Dietingen zur Ausstellung &#8222;Welt der Kristalle&#8220;<\/li>\n<li>R\u00fcckfahrt nach Sch\u00f6mberg, Ankunft ca. 18 Uhr<\/li>\n<\/ul>\n","protected":false},"excerpt":{"rendered":"<p>Der obligatorische Herbstausflug f\u00fchrt uns in diesem Jahr nach Rottweil. Ab Sch\u00f6mberg mit einem Reisebus nach Rottweil zum TKE, Thyssen Krupp Elevator. mit dem Aufzug hoch zur in h\u00f6chste Besucherplattform in Deutschland in 232m H\u00f6he Hier der Link zu einem Film, 7 Minuten im Zeitraffer vom Bau des Turmes Nachmittags nach Dietingen zur Ausstellung &#8222;Welt &hellip; <\/p>\n<p><a class=\"more-link btn\" href=\"https:\/\/lossburg-schoemberg.de\/index.php\/rueckblick\/2023-2\/herbstausflug-der-dorfgemeinschaft\/\">Weiterlesen<\/a><\/p>\n","protected":false},"author":1,"featured_media":4957,"parent":5081,"menu_order":18,"comment_status":"closed","ping_status":"closed","template":"","meta":{"footnotes":""},"class_list":["post-4956","page","type-page","status-publish","has-post-thumbnail","hentry","nodate","item-wrap"],"_links":{"self":[{"href":"https:\/\/lossburg-schoemberg.de\/index.php\/wp-json\/wp\/v2\/pages\/4956","targetHints":{"allow":["GET"]}}],"collection":[{"href":"https:\/\/lossburg-schoemberg.de\/index.php\/wp-json\/wp\/v2\/pages"}],"about":[{"href":"https:\/\/lossburg-schoemberg.de\/index.php\/wp-json\/wp\/v2\/types\/page"}],"author":[{"embeddable":true,"href":"https:\/\/lossburg-schoemberg.de\/index.php\/wp-json\/wp\/v2\/users\/1"}],"replies":[{"embeddable":true,"href":"https:\/\/lossburg-schoemberg.de\/index.php\/wp-json\/wp\/v2\/comments?post=4956"}],"version-history":[{"count":4,"href":"https:\/\/lossburg-schoemberg.de\/index.php\/wp-json\/wp\/v2\/pages\/4956\/revisions"}],"predecessor-version":[{"id":5087,"href":"https:\/\/lossburg-schoemberg.de\/index.php\/wp-json\/wp\/v2\/pages\/4956\/revisions\/5087"}],"up":[{"embeddable":true,"href":"https:\/\/lossburg-schoemberg.de\/index.php\/wp-json\/wp\/v2\/pages\/5081"}],"wp:featuredmedia":[{"embeddable":true,"href":"https:\/\/lossburg-schoemberg.de\/index.php\/wp-json\/wp\/v2\/media\/4957"}],"wp:attachment":[{"href":"https:\/\/lossburg-schoemberg.de\/index.php\/wp-json\/wp\/v2\/media?parent=4956"}],"curies":[{"name":"wp","href":"https:\/\/api.w.org\/{rel}","templated":true}]}}