{"id":4954,"date":"2023-03-10T19:56:48","date_gmt":"2023-03-10T18:56:48","guid":{"rendered":"https:\/\/lossburg-schoemberg.de\/?page_id=4954"},"modified":"2023-12-30T21:30:09","modified_gmt":"2023-12-30T20:30:09","slug":"maiwanderung-der-dorfgemeinschaft","status":"publish","type":"page","link":"https:\/\/lossburg-schoemberg.de\/index.php\/rueckblick\/2023-2\/maiwanderung-der-dorfgemeinschaft\/","title":{"rendered":"Maiwanderung 2023"},"content":{"rendered":"<p><strong>Sch\u00f6ne Maiwanderung der Dorfgemeinschaft<\/strong><strong>\u00a0<\/strong><\/p>\n<p>Wir trafen uns dieses Jahr um 9:30 Uhr am Rathaus. Trotz des nicht so gut angesagten Wetters folgten viele Mitb\u00fcrger und Mitb\u00fcrgerinnen der Einladung der Dorfgemeinschaft. Das erfreuliche es kamen dieses Jahr auch Sch\u00f6mberger und Sch\u00f6mbergerinnen die in der Vergangenheit nicht mitgewandert sind, sowie auch neu zugezogene B\u00fcrger und B\u00fcrgerinnen.<\/p>\n<p>Dadurch waren wir dieses Mal eine recht gro\u00dfe Wandergruppe. Bevor es los ging, gab es noch ein kleines Start Lik\u00f6rchen und dann ging es gut gelaunt Richtung Reinerzau Los.<\/p>\n<p>An der Baumscheibenh\u00fctte machten wir eine kurze Verschnaufpause und nutzen diese zur Aufnahme unseres Gruppenbildes. Danach ging es immer noch trocken weiter Richtung Heuplatz. Am Aussichtpunk Sitzb\u00e4nkle wartete unser Versorgungsfahrzeug, so dass wir unseren Fl\u00fcssigkeitshaushalt wieder ausgleichen konnten. Zum Ende der Rast fing es etwas an zu regnen. Aber schon nach ein paar Minuten hat es wieder aufgeh\u00f6rt. Der Himmel riss auf und die Sonne kam hervor. \u00a0Gegen 12:00 Uhr kamen wir in Reinerzau beim Riesfest an. Hier verfolgten wir gespannt die Vorf\u00fchrungen der Riesfreunde Reinerzau. Manche nutzten auch die Gelegenheit und besichtigen das Wasserwerk Kleine Kinzig. So ging bei gutem Essen und leckerem Kuchen der Tag fast viel zu schnell vorbei. Vielen Dank an das Holzriesteam und die Dorfgemeinschaft Reinerzau f\u00fcr das sch\u00f6ne Fest.<\/p>\n<p><a href=\"http:\/\/lossburg-schoemberg.de\/wp-content\/uploads\/2023\/05\/Baumscheibe-scaled.jpg\"><img loading=\"lazy\" decoding=\"async\" class=\"aligncenter size-large wp-image-4972\" src=\"http:\/\/lossburg-schoemberg.de\/wp-content\/uploads\/2023\/05\/Baumscheibe-1024x611.jpg\" alt=\"\" width=\"847\" height=\"505\" srcset=\"https:\/\/lossburg-schoemberg.de\/wp-content\/uploads\/2023\/05\/Baumscheibe-1024x611.jpg 1024w, https:\/\/lossburg-schoemberg.de\/wp-content\/uploads\/2023\/05\/Baumscheibe-300x179.jpg 300w, https:\/\/lossburg-schoemberg.de\/wp-content\/uploads\/2023\/05\/Baumscheibe-768x458.jpg 768w, https:\/\/lossburg-schoemberg.de\/wp-content\/uploads\/2023\/05\/Baumscheibe-1536x916.jpg 1536w, https:\/\/lossburg-schoemberg.de\/wp-content\/uploads\/2023\/05\/Baumscheibe-2048x1222.jpg 2048w, https:\/\/lossburg-schoemberg.de\/wp-content\/uploads\/2023\/05\/Baumscheibe-847x505.jpg 847w\" sizes=\"auto, (max-width: 847px) 100vw, 847px\" \/><\/a><\/p>\n<p><strong>Gro\u00dfe Beteiligung beim Girlanden binden<\/strong><strong>\u00a0<\/strong><\/p>\n<p>Ein besonderer Dank an alle Helfer und Helferinnen die dieses Jahr wieder eine sch\u00f6ne Girlande f\u00fcr den Maibaum gebunden haben. Diese hat eine stolze L\u00e4nge von 16 Metern. Was auch hier dieses Jahr sehr erfreulich war, war die gro\u00dfe Anzahl der flei\u00dfigen H\u00e4nde. Auch hier war es sch\u00f6n zusehen das sich neu Sch\u00f6mberger und Sch\u00f6mbergerinnen in das Dorfleben einbringen.<\/p>\n<p><a href=\"http:\/\/lossburg-schoemberg.de\/wp-content\/uploads\/2023\/05\/Girlande.jpg\"><img loading=\"lazy\" decoding=\"async\" class=\"aligncenter size-large wp-image-4973\" src=\"http:\/\/lossburg-schoemberg.de\/wp-content\/uploads\/2023\/05\/Girlande-1024x693.jpg\" alt=\"\" width=\"847\" height=\"573\" srcset=\"https:\/\/lossburg-schoemberg.de\/wp-content\/uploads\/2023\/05\/Girlande-1024x693.jpg 1024w, https:\/\/lossburg-schoemberg.de\/wp-content\/uploads\/2023\/05\/Girlande-300x203.jpg 300w, https:\/\/lossburg-schoemberg.de\/wp-content\/uploads\/2023\/05\/Girlande-768x520.jpg 768w, https:\/\/lossburg-schoemberg.de\/wp-content\/uploads\/2023\/05\/Girlande-847x573.jpg 847w, https:\/\/lossburg-schoemberg.de\/wp-content\/uploads\/2023\/05\/Girlande.jpg 1321w\" sizes=\"auto, (max-width: 847px) 100vw, 847px\" \/><\/a><\/p>\n<p>Eure Vorstandschaft<\/p>\n","protected":false},"excerpt":{"rendered":"<p>Sch\u00f6ne Maiwanderung der Dorfgemeinschaft\u00a0 Wir trafen uns dieses Jahr um 9:30 Uhr am Rathaus. Trotz des nicht so gut angesagten Wetters folgten viele Mitb\u00fcrger und Mitb\u00fcrgerinnen der Einladung der Dorfgemeinschaft. Das erfreuliche es kamen dieses Jahr auch Sch\u00f6mberger und Sch\u00f6mbergerinnen die in der Vergangenheit nicht mitgewandert sind, sowie auch neu zugezogene B\u00fcrger und B\u00fcrgerinnen. Dadurch &hellip; <\/p>\n<p><a class=\"more-link btn\" href=\"https:\/\/lossburg-schoemberg.de\/index.php\/rueckblick\/2023-2\/maiwanderung-der-dorfgemeinschaft\/\">Weiterlesen<\/a><\/p>\n","protected":false},"author":1,"featured_media":4972,"parent":5081,"menu_order":38,"comment_status":"closed","ping_status":"closed","template":"","meta":{"footnotes":""},"class_list":["post-4954","page","type-page","status-publish","has-post-thumbnail","hentry","nodate","item-wrap"],"_links":{"self":[{"href":"https:\/\/lossburg-schoemberg.de\/index.php\/wp-json\/wp\/v2\/pages\/4954","targetHints":{"allow":["GET"]}}],"collection":[{"href":"https:\/\/lossburg-schoemberg.de\/index.php\/wp-json\/wp\/v2\/pages"}],"about":[{"href":"https:\/\/lossburg-schoemberg.de\/index.php\/wp-json\/wp\/v2\/types\/page"}],"author":[{"embeddable":true,"href":"https:\/\/lossburg-schoemberg.de\/index.php\/wp-json\/wp\/v2\/users\/1"}],"replies":[{"embeddable":true,"href":"https:\/\/lossburg-schoemberg.de\/index.php\/wp-json\/wp\/v2\/comments?post=4954"}],"version-history":[{"count":6,"href":"https:\/\/lossburg-schoemberg.de\/index.php\/wp-json\/wp\/v2\/pages\/4954\/revisions"}],"predecessor-version":[{"id":4974,"href":"https:\/\/lossburg-schoemberg.de\/index.php\/wp-json\/wp\/v2\/pages\/4954\/revisions\/4974"}],"up":[{"embeddable":true,"href":"https:\/\/lossburg-schoemberg.de\/index.php\/wp-json\/wp\/v2\/pages\/5081"}],"wp:featuredmedia":[{"embeddable":true,"href":"https:\/\/lossburg-schoemberg.de\/index.php\/wp-json\/wp\/v2\/media\/4972"}],"wp:attachment":[{"href":"https:\/\/lossburg-schoemberg.de\/index.php\/wp-json\/wp\/v2\/media?parent=4954"}],"curies":[{"name":"wp","href":"https:\/\/api.w.org\/{rel}","templated":true}]}}