{"id":4943,"date":"2023-01-29T18:26:46","date_gmt":"2023-01-29T17:26:46","guid":{"rendered":"https:\/\/lossburg-schoemberg.de\/?page_id=4943"},"modified":"2026-02-24T16:38:20","modified_gmt":"2026-02-24T15:38:20","slug":"blockhuette-ist-in-2023-ausgebucht","status":"publish","type":"page","link":"https:\/\/lossburg-schoemberg.de\/index.php\/ort\/blockhuette\/blockhuette-ist-in-2023-ausgebucht\/","title":{"rendered":"Die Wochenenden sind f\u00fcr die Blockh\u00fctte in 2026 ausgebucht und in 2027 die Sommermonate"},"content":{"rendered":"<p>Die Blockh\u00fctte ist sehr stark nachgefragt, im Jahr 2026 gibt es kein freies Wochenende mehr, auch die Feiertage sind ausgebucht. Unter der Woche, Montag bis Donnerstag ist noch vieles frei.<br \/>\nIn 2027 sind alle Wochenenden zwischen Mai und Oktober auch fast alle belegt.<br \/>\nF\u00fcr 2028 werden noch keine Termine angenommen.<br \/>\nStand: Februar 2026, Karl Pfau<\/p>\n<p><a href=\"http:\/\/lossburg-schoemberg.de\/wp-content\/uploads\/2023\/01\/Innen-scaled.jpg\"><img loading=\"lazy\" decoding=\"async\" class=\"aligncenter size-large wp-image-4944\" src=\"http:\/\/lossburg-schoemberg.de\/wp-content\/uploads\/2023\/01\/Innen-1024x768.jpg\" alt=\"\" width=\"847\" height=\"635\" srcset=\"https:\/\/lossburg-schoemberg.de\/wp-content\/uploads\/2023\/01\/Innen-1024x768.jpg 1024w, https:\/\/lossburg-schoemberg.de\/wp-content\/uploads\/2023\/01\/Innen-300x225.jpg 300w, https:\/\/lossburg-schoemberg.de\/wp-content\/uploads\/2023\/01\/Innen-768x576.jpg 768w, https:\/\/lossburg-schoemberg.de\/wp-content\/uploads\/2023\/01\/Innen-1536x1152.jpg 1536w, https:\/\/lossburg-schoemberg.de\/wp-content\/uploads\/2023\/01\/Innen-2048x1536.jpg 2048w, https:\/\/lossburg-schoemberg.de\/wp-content\/uploads\/2023\/01\/Innen-847x635.jpg 847w\" sizes=\"auto, (max-width: 847px) 100vw, 847px\" \/><\/a><\/p>\n","protected":false},"excerpt":{"rendered":"<p>Die Blockh\u00fctte ist sehr stark nachgefragt, im Jahr 2026 gibt es kein freies Wochenende mehr, auch die Feiertage sind ausgebucht. Unter der Woche, Montag bis Donnerstag ist noch vieles frei. In 2027 sind alle Wochenenden zwischen Mai und Oktober auch fast alle belegt. F\u00fcr 2028 werden noch keine Termine angenommen. Stand: Februar 2026, Karl Pfau<\/p>\n","protected":false},"author":1,"featured_media":4945,"parent":3204,"menu_order":30,"comment_status":"closed","ping_status":"closed","template":"","meta":{"footnotes":""},"class_list":["post-4943","page","type-page","status-publish","has-post-thumbnail","hentry","nodate","item-wrap"],"_links":{"self":[{"href":"https:\/\/lossburg-schoemberg.de\/index.php\/wp-json\/wp\/v2\/pages\/4943","targetHints":{"allow":["GET"]}}],"collection":[{"href":"https:\/\/lossburg-schoemberg.de\/index.php\/wp-json\/wp\/v2\/pages"}],"about":[{"href":"https:\/\/lossburg-schoemberg.de\/index.php\/wp-json\/wp\/v2\/types\/page"}],"author":[{"embeddable":true,"href":"https:\/\/lossburg-schoemberg.de\/index.php\/wp-json\/wp\/v2\/users\/1"}],"replies":[{"embeddable":true,"href":"https:\/\/lossburg-schoemberg.de\/index.php\/wp-json\/wp\/v2\/comments?post=4943"}],"version-history":[{"count":9,"href":"https:\/\/lossburg-schoemberg.de\/index.php\/wp-json\/wp\/v2\/pages\/4943\/revisions"}],"predecessor-version":[{"id":5505,"href":"https:\/\/lossburg-schoemberg.de\/index.php\/wp-json\/wp\/v2\/pages\/4943\/revisions\/5505"}],"up":[{"embeddable":true,"href":"https:\/\/lossburg-schoemberg.de\/index.php\/wp-json\/wp\/v2\/pages\/3204"}],"wp:featuredmedia":[{"embeddable":true,"href":"https:\/\/lossburg-schoemberg.de\/index.php\/wp-json\/wp\/v2\/media\/4945"}],"wp:attachment":[{"href":"https:\/\/lossburg-schoemberg.de\/index.php\/wp-json\/wp\/v2\/media?parent=4943"}],"curies":[{"name":"wp","href":"https:\/\/api.w.org\/{rel}","templated":true}]}}