{"id":4937,"date":"2023-01-29T17:47:01","date_gmt":"2023-01-29T16:47:01","guid":{"rendered":"https:\/\/lossburg-schoemberg.de\/?page_id=4937"},"modified":"2023-12-30T21:24:40","modified_gmt":"2023-12-30T20:24:40","slug":"ortschaftsverwaltung-schoemberg","status":"publish","type":"page","link":"https:\/\/lossburg-schoemberg.de\/index.php\/rueckblick\/2023-2\/ortschaftsverwaltung-schoemberg\/","title":{"rendered":"Ortschaftsverwaltung Sch\u00f6mberg"},"content":{"rendered":"<p>Hier das Poster, das im Schaukasten an der T\u00fcr der Ortschaftsverwaltung h\u00e4ngt. Stand Januar 2023<\/p>\n<div id=\"attachment_4938\" style=\"width: 2560px\" class=\"wp-caption aligncenter\"><a href=\"http:\/\/lossburg-schoemberg.de\/wp-content\/uploads\/2023\/01\/Schaukasten23-scaled.jpg\"><img loading=\"lazy\" decoding=\"async\" aria-describedby=\"caption-attachment-4938\" class=\"size-full wp-image-4938\" src=\"http:\/\/lossburg-schoemberg.de\/wp-content\/uploads\/2023\/01\/Schaukasten23-scaled.jpg\" alt=\"\" width=\"2560\" height=\"1916\" srcset=\"https:\/\/lossburg-schoemberg.de\/wp-content\/uploads\/2023\/01\/Schaukasten23-scaled.jpg 2560w, https:\/\/lossburg-schoemberg.de\/wp-content\/uploads\/2023\/01\/Schaukasten23-300x225.jpg 300w, https:\/\/lossburg-schoemberg.de\/wp-content\/uploads\/2023\/01\/Schaukasten23-1024x766.jpg 1024w, https:\/\/lossburg-schoemberg.de\/wp-content\/uploads\/2023\/01\/Schaukasten23-768x575.jpg 768w, https:\/\/lossburg-schoemberg.de\/wp-content\/uploads\/2023\/01\/Schaukasten23-1536x1150.jpg 1536w, https:\/\/lossburg-schoemberg.de\/wp-content\/uploads\/2023\/01\/Schaukasten23-2048x1533.jpg 2048w, https:\/\/lossburg-schoemberg.de\/wp-content\/uploads\/2023\/01\/Schaukasten23-847x634.jpg 847w\" sizes=\"auto, (max-width: 2560px) 100vw, 2560px\" \/><\/a><p id=\"caption-attachment-4938\" class=\"wp-caption-text\">Created with GIMP<\/p><\/div>\n","protected":false},"excerpt":{"rendered":"<p>Hier das Poster, das im Schaukasten an der T\u00fcr der Ortschaftsverwaltung h\u00e4ngt. Stand Januar 2023<\/p>\n","protected":false},"author":1,"featured_media":0,"parent":5081,"menu_order":42,"comment_status":"closed","ping_status":"closed","template":"","meta":{"footnotes":""},"class_list":["post-4937","page","type-page","status-publish","hentry","nodate","item-wrap"],"_links":{"self":[{"href":"https:\/\/lossburg-schoemberg.de\/index.php\/wp-json\/wp\/v2\/pages\/4937","targetHints":{"allow":["GET"]}}],"collection":[{"href":"https:\/\/lossburg-schoemberg.de\/index.php\/wp-json\/wp\/v2\/pages"}],"about":[{"href":"https:\/\/lossburg-schoemberg.de\/index.php\/wp-json\/wp\/v2\/types\/page"}],"author":[{"embeddable":true,"href":"https:\/\/lossburg-schoemberg.de\/index.php\/wp-json\/wp\/v2\/users\/1"}],"replies":[{"embeddable":true,"href":"https:\/\/lossburg-schoemberg.de\/index.php\/wp-json\/wp\/v2\/comments?post=4937"}],"version-history":[{"count":3,"href":"https:\/\/lossburg-schoemberg.de\/index.php\/wp-json\/wp\/v2\/pages\/4937\/revisions"}],"predecessor-version":[{"id":4941,"href":"https:\/\/lossburg-schoemberg.de\/index.php\/wp-json\/wp\/v2\/pages\/4937\/revisions\/4941"}],"up":[{"embeddable":true,"href":"https:\/\/lossburg-schoemberg.de\/index.php\/wp-json\/wp\/v2\/pages\/5081"}],"wp:attachment":[{"href":"https:\/\/lossburg-schoemberg.de\/index.php\/wp-json\/wp\/v2\/media?parent=4937"}],"curies":[{"name":"wp","href":"https:\/\/api.w.org\/{rel}","templated":true}]}}