{"id":4920,"date":"2023-01-21T19:30:51","date_gmt":"2023-01-21T18:30:51","guid":{"rendered":"https:\/\/lossburg-schoemberg.de\/?page_id=4920"},"modified":"2023-12-30T21:20:12","modified_gmt":"2023-12-30T20:20:12","slug":"verabschiedung-von-ortsvorsteher-kurt-winter","status":"publish","type":"page","link":"https:\/\/lossburg-schoemberg.de\/index.php\/rueckblick\/2023-2\/verabschiedung-von-ortsvorsteher-kurt-winter\/","title":{"rendered":"Verabschiedung von Ortsvorsteher Kurt Winter"},"content":{"rendered":"<p>Unser bisheriger Ortsvorsteher Kurt Winter hat sein Amt 38 Jahre lang ausge\u00fcbt. Davor war er Ortschaftsrat. Nun hat er altershalber aufgeh\u00f6rt.<br \/>\nIn einer festlichen Veranstaltung wurde er am 20.01.2023 vom Ortschaftsrat Sch\u00f6mberg verabschiedet.<br \/>\nSehr viele Sch\u00f6mberger sind zu seiner Verabschiedungsfeier ins B\u00fcrgerhaus gekommen.<br \/>\nIn vielen Reden wurde seine Arbeit gew\u00fcrdigt. Auch bekam er einige interessante Geschenke.<\/p>\n<p><a href=\"http:\/\/lossburg-schoemberg.de\/wp-content\/uploads\/2023\/01\/DSC_4805-2-scaled.jpg\"><img loading=\"lazy\" decoding=\"async\" class=\"aligncenter size-large wp-image-4921\" src=\"http:\/\/lossburg-schoemberg.de\/wp-content\/uploads\/2023\/01\/DSC_4805-2-1024x678.jpg\" alt=\"\" width=\"847\" height=\"561\" srcset=\"https:\/\/lossburg-schoemberg.de\/wp-content\/uploads\/2023\/01\/DSC_4805-2-1024x678.jpg 1024w, https:\/\/lossburg-schoemberg.de\/wp-content\/uploads\/2023\/01\/DSC_4805-2-300x199.jpg 300w, https:\/\/lossburg-schoemberg.de\/wp-content\/uploads\/2023\/01\/DSC_4805-2-768x509.jpg 768w, https:\/\/lossburg-schoemberg.de\/wp-content\/uploads\/2023\/01\/DSC_4805-2-1536x1017.jpg 1536w, https:\/\/lossburg-schoemberg.de\/wp-content\/uploads\/2023\/01\/DSC_4805-2-2048x1356.jpg 2048w, https:\/\/lossburg-schoemberg.de\/wp-content\/uploads\/2023\/01\/DSC_4805-2-847x561.jpg 847w\" sizes=\"auto, (max-width: 847px) 100vw, 847px\" \/><\/a><a href=\"http:\/\/lossburg-schoemberg.de\/wp-content\/uploads\/2023\/01\/DSC_4813-2-scaled.jpg\"><img loading=\"lazy\" decoding=\"async\" class=\"aligncenter size-large wp-image-4922\" src=\"http:\/\/lossburg-schoemberg.de\/wp-content\/uploads\/2023\/01\/DSC_4813-2-1024x678.jpg\" alt=\"\" width=\"847\" height=\"561\" srcset=\"https:\/\/lossburg-schoemberg.de\/wp-content\/uploads\/2023\/01\/DSC_4813-2-1024x678.jpg 1024w, https:\/\/lossburg-schoemberg.de\/wp-content\/uploads\/2023\/01\/DSC_4813-2-300x199.jpg 300w, https:\/\/lossburg-schoemberg.de\/wp-content\/uploads\/2023\/01\/DSC_4813-2-768x509.jpg 768w, https:\/\/lossburg-schoemberg.de\/wp-content\/uploads\/2023\/01\/DSC_4813-2-1536x1017.jpg 1536w, https:\/\/lossburg-schoemberg.de\/wp-content\/uploads\/2023\/01\/DSC_4813-2-2048x1356.jpg 2048w, https:\/\/lossburg-schoemberg.de\/wp-content\/uploads\/2023\/01\/DSC_4813-2-847x561.jpg 847w\" sizes=\"auto, (max-width: 847px) 100vw, 847px\" \/><\/a><a href=\"http:\/\/lossburg-schoemberg.de\/wp-content\/uploads\/2023\/01\/DSC_4817-scaled.jpg\"><img loading=\"lazy\" decoding=\"async\" class=\"aligncenter size-large wp-image-4923\" src=\"http:\/\/lossburg-schoemberg.de\/wp-content\/uploads\/2023\/01\/DSC_4817-1024x678.jpg\" alt=\"\" width=\"847\" height=\"561\" srcset=\"https:\/\/lossburg-schoemberg.de\/wp-content\/uploads\/2023\/01\/DSC_4817-1024x678.jpg 1024w, https:\/\/lossburg-schoemberg.de\/wp-content\/uploads\/2023\/01\/DSC_4817-300x199.jpg 300w, https:\/\/lossburg-schoemberg.de\/wp-content\/uploads\/2023\/01\/DSC_4817-768x509.jpg 768w, https:\/\/lossburg-schoemberg.de\/wp-content\/uploads\/2023\/01\/DSC_4817-1536x1017.jpg 1536w, https:\/\/lossburg-schoemberg.de\/wp-content\/uploads\/2023\/01\/DSC_4817-2048x1356.jpg 2048w, https:\/\/lossburg-schoemberg.de\/wp-content\/uploads\/2023\/01\/DSC_4817-847x561.jpg 847w\" sizes=\"auto, (max-width: 847px) 100vw, 847px\" \/><\/a><a href=\"http:\/\/lossburg-schoemberg.de\/wp-content\/uploads\/2023\/01\/DSC_4829-scaled.jpg\"><img loading=\"lazy\" decoding=\"async\" class=\"aligncenter size-large wp-image-4924\" src=\"http:\/\/lossburg-schoemberg.de\/wp-content\/uploads\/2023\/01\/DSC_4829-1024x678.jpg\" alt=\"\" width=\"847\" height=\"561\" srcset=\"https:\/\/lossburg-schoemberg.de\/wp-content\/uploads\/2023\/01\/DSC_4829-1024x678.jpg 1024w, https:\/\/lossburg-schoemberg.de\/wp-content\/uploads\/2023\/01\/DSC_4829-300x199.jpg 300w, https:\/\/lossburg-schoemberg.de\/wp-content\/uploads\/2023\/01\/DSC_4829-768x509.jpg 768w, https:\/\/lossburg-schoemberg.de\/wp-content\/uploads\/2023\/01\/DSC_4829-1536x1017.jpg 1536w, https:\/\/lossburg-schoemberg.de\/wp-content\/uploads\/2023\/01\/DSC_4829-2048x1356.jpg 2048w, https:\/\/lossburg-schoemberg.de\/wp-content\/uploads\/2023\/01\/DSC_4829-847x561.jpg 847w\" sizes=\"auto, (max-width: 847px) 100vw, 847px\" \/><\/a><a href=\"http:\/\/lossburg-schoemberg.de\/wp-content\/uploads\/2023\/01\/DSC_4848-scaled.jpg\"><img loading=\"lazy\" decoding=\"async\" class=\"aligncenter size-large wp-image-4925\" src=\"http:\/\/lossburg-schoemberg.de\/wp-content\/uploads\/2023\/01\/DSC_4848-1024x678.jpg\" alt=\"\" width=\"847\" height=\"561\" srcset=\"https:\/\/lossburg-schoemberg.de\/wp-content\/uploads\/2023\/01\/DSC_4848-1024x678.jpg 1024w, https:\/\/lossburg-schoemberg.de\/wp-content\/uploads\/2023\/01\/DSC_4848-300x199.jpg 300w, https:\/\/lossburg-schoemberg.de\/wp-content\/uploads\/2023\/01\/DSC_4848-768x509.jpg 768w, https:\/\/lossburg-schoemberg.de\/wp-content\/uploads\/2023\/01\/DSC_4848-1536x1017.jpg 1536w, https:\/\/lossburg-schoemberg.de\/wp-content\/uploads\/2023\/01\/DSC_4848-2048x1356.jpg 2048w, https:\/\/lossburg-schoemberg.de\/wp-content\/uploads\/2023\/01\/DSC_4848-847x561.jpg 847w\" sizes=\"auto, (max-width: 847px) 100vw, 847px\" \/><\/a><a href=\"http:\/\/lossburg-schoemberg.de\/wp-content\/uploads\/2023\/01\/DSC_4854-scaled.jpg\"><img loading=\"lazy\" decoding=\"async\" class=\"aligncenter size-large wp-image-4926\" src=\"http:\/\/lossburg-schoemberg.de\/wp-content\/uploads\/2023\/01\/DSC_4854-1024x678.jpg\" alt=\"\" width=\"847\" height=\"561\" srcset=\"https:\/\/lossburg-schoemberg.de\/wp-content\/uploads\/2023\/01\/DSC_4854-1024x678.jpg 1024w, https:\/\/lossburg-schoemberg.de\/wp-content\/uploads\/2023\/01\/DSC_4854-300x199.jpg 300w, https:\/\/lossburg-schoemberg.de\/wp-content\/uploads\/2023\/01\/DSC_4854-768x509.jpg 768w, https:\/\/lossburg-schoemberg.de\/wp-content\/uploads\/2023\/01\/DSC_4854-1536x1017.jpg 1536w, https:\/\/lossburg-schoemberg.de\/wp-content\/uploads\/2023\/01\/DSC_4854-2048x1356.jpg 2048w, https:\/\/lossburg-schoemberg.de\/wp-content\/uploads\/2023\/01\/DSC_4854-847x561.jpg 847w\" sizes=\"auto, (max-width: 847px) 100vw, 847px\" \/><\/a><\/p>\n","protected":false},"excerpt":{"rendered":"<p>Unser bisheriger Ortsvorsteher Kurt Winter hat sein Amt 38 Jahre lang ausge\u00fcbt. Davor war er Ortschaftsrat. Nun hat er altershalber aufgeh\u00f6rt. In einer festlichen Veranstaltung wurde er am 20.01.2023 vom Ortschaftsrat Sch\u00f6mberg verabschiedet. Sehr viele Sch\u00f6mberger sind zu seiner Verabschiedungsfeier ins B\u00fcrgerhaus gekommen. In vielen Reden wurde seine Arbeit gew\u00fcrdigt. Auch bekam er einige interessante &hellip; <\/p>\n<p><a class=\"more-link btn\" href=\"https:\/\/lossburg-schoemberg.de\/index.php\/rueckblick\/2023-2\/verabschiedung-von-ortsvorsteher-kurt-winter\/\">Weiterlesen<\/a><\/p>\n","protected":false},"author":1,"featured_media":4926,"parent":5081,"menu_order":48,"comment_status":"closed","ping_status":"closed","template":"","meta":{"footnotes":""},"class_list":["post-4920","page","type-page","status-publish","has-post-thumbnail","hentry","nodate","item-wrap"],"_links":{"self":[{"href":"https:\/\/lossburg-schoemberg.de\/index.php\/wp-json\/wp\/v2\/pages\/4920","targetHints":{"allow":["GET"]}}],"collection":[{"href":"https:\/\/lossburg-schoemberg.de\/index.php\/wp-json\/wp\/v2\/pages"}],"about":[{"href":"https:\/\/lossburg-schoemberg.de\/index.php\/wp-json\/wp\/v2\/types\/page"}],"author":[{"embeddable":true,"href":"https:\/\/lossburg-schoemberg.de\/index.php\/wp-json\/wp\/v2\/users\/1"}],"replies":[{"embeddable":true,"href":"https:\/\/lossburg-schoemberg.de\/index.php\/wp-json\/wp\/v2\/comments?post=4920"}],"version-history":[{"count":1,"href":"https:\/\/lossburg-schoemberg.de\/index.php\/wp-json\/wp\/v2\/pages\/4920\/revisions"}],"predecessor-version":[{"id":4928,"href":"https:\/\/lossburg-schoemberg.de\/index.php\/wp-json\/wp\/v2\/pages\/4920\/revisions\/4928"}],"up":[{"embeddable":true,"href":"https:\/\/lossburg-schoemberg.de\/index.php\/wp-json\/wp\/v2\/pages\/5081"}],"wp:featuredmedia":[{"embeddable":true,"href":"https:\/\/lossburg-schoemberg.de\/index.php\/wp-json\/wp\/v2\/media\/4926"}],"wp:attachment":[{"href":"https:\/\/lossburg-schoemberg.de\/index.php\/wp-json\/wp\/v2\/media?parent=4920"}],"curies":[{"name":"wp","href":"https:\/\/api.w.org\/{rel}","templated":true}]}}