{"id":4914,"date":"2023-01-10T12:54:06","date_gmt":"2023-01-10T11:54:06","guid":{"rendered":"http:\/\/lossburg-schoemberg.de\/?page_id=4914"},"modified":"2023-12-30T21:18:50","modified_gmt":"2023-12-30T20:18:50","slug":"ortschaftsverwaltung-derzeit-nicht-besetzt","status":"publish","type":"page","link":"https:\/\/lossburg-schoemberg.de\/index.php\/rueckblick\/2023-2\/ortschaftsverwaltung-derzeit-nicht-besetzt\/","title":{"rendered":"Ortschaftsverwaltung derzeit nicht besetzt"},"content":{"rendered":"<p>Unser Ortsvorsteher Kurt Winter hat sein Amt nach 38 Jahren zum 31.12.2022 beendet.<\/p>\n<p>Wir bedanken uns sehr, sehr herzlich f\u00fcr seine jahrzehntelange T\u00e4tigkeit.<br \/>\nIn seiner Zeit wurden in Sch\u00f6mberg so viele tolle und wichtige Projekte umgesetzt.<\/p>\n<p>Am 20.01.23 wird ein neuer Ortsvorsteher gew\u00e4hlt.<br \/>\nBist dahin ist die Ortschaftsverwaltung nicht wie gewohnt besetzt.<br \/>\nBitte wenden Sie sich in dieser Zeit an die Gemeinde Lo\u00dfburg<\/p>\n","protected":false},"excerpt":{"rendered":"<p>Unser Ortsvorsteher Kurt Winter hat sein Amt nach 38 Jahren zum 31.12.2022 beendet. Wir bedanken uns sehr, sehr herzlich f\u00fcr seine jahrzehntelange T\u00e4tigkeit. In seiner Zeit wurden in Sch\u00f6mberg so viele tolle und wichtige Projekte umgesetzt. Am 20.01.23 wird ein neuer Ortsvorsteher gew\u00e4hlt. Bist dahin ist die Ortschaftsverwaltung nicht wie gewohnt besetzt. Bitte wenden Sie &hellip; <\/p>\n<p><a class=\"more-link btn\" href=\"https:\/\/lossburg-schoemberg.de\/index.php\/rueckblick\/2023-2\/ortschaftsverwaltung-derzeit-nicht-besetzt\/\">Weiterlesen<\/a><\/p>\n","protected":false},"author":1,"featured_media":2370,"parent":5081,"menu_order":50,"comment_status":"closed","ping_status":"closed","template":"","meta":{"footnotes":""},"class_list":["post-4914","page","type-page","status-publish","has-post-thumbnail","hentry","nodate","item-wrap"],"_links":{"self":[{"href":"https:\/\/lossburg-schoemberg.de\/index.php\/wp-json\/wp\/v2\/pages\/4914","targetHints":{"allow":["GET"]}}],"collection":[{"href":"https:\/\/lossburg-schoemberg.de\/index.php\/wp-json\/wp\/v2\/pages"}],"about":[{"href":"https:\/\/lossburg-schoemberg.de\/index.php\/wp-json\/wp\/v2\/types\/page"}],"author":[{"embeddable":true,"href":"https:\/\/lossburg-schoemberg.de\/index.php\/wp-json\/wp\/v2\/users\/1"}],"replies":[{"embeddable":true,"href":"https:\/\/lossburg-schoemberg.de\/index.php\/wp-json\/wp\/v2\/comments?post=4914"}],"version-history":[{"count":1,"href":"https:\/\/lossburg-schoemberg.de\/index.php\/wp-json\/wp\/v2\/pages\/4914\/revisions"}],"predecessor-version":[{"id":4915,"href":"https:\/\/lossburg-schoemberg.de\/index.php\/wp-json\/wp\/v2\/pages\/4914\/revisions\/4915"}],"up":[{"embeddable":true,"href":"https:\/\/lossburg-schoemberg.de\/index.php\/wp-json\/wp\/v2\/pages\/5081"}],"wp:featuredmedia":[{"embeddable":true,"href":"https:\/\/lossburg-schoemberg.de\/index.php\/wp-json\/wp\/v2\/media\/2370"}],"wp:attachment":[{"href":"https:\/\/lossburg-schoemberg.de\/index.php\/wp-json\/wp\/v2\/media?parent=4914"}],"curies":[{"name":"wp","href":"https:\/\/api.w.org\/{rel}","templated":true}]}}