{"id":4882,"date":"2022-12-07T14:18:37","date_gmt":"2022-12-07T13:18:37","guid":{"rendered":"http:\/\/lossburg-schoemberg.de\/?page_id=4882"},"modified":"2025-02-22T13:35:46","modified_gmt":"2025-02-22T12:35:46","slug":"abteilungsversammlung-2022","status":"publish","type":"page","link":"https:\/\/lossburg-schoemberg.de\/index.php\/rueckblick\/2022-2\/abteilungsversammlung-2022\/","title":{"rendered":"Abteilungsversammlung 2022"},"content":{"rendered":"<p>Feuerwehr Sch\u00f6mberg<\/p>\n<p>Abteilungsversammlung 2022<br \/>\n<strong>Bericht des Kommandanten Uli Armbruster<\/strong><\/p>\n<ul>\n<li>In 2021 gab es Coronabedingt keine Versammlung<\/li>\n<li>Trotz Corona Einschr\u00e4nkungen war die Feuerwehr immer Einsatzbereit<\/li>\n<li>Uli Armbruster bedankt sich bei allen Feuerwehrleuten f\u00fcr ihren Einsatz, besonders bei seinem Stellvertreter Christian Sawall der ihn ersklassig vertreten hat.<\/li>\n<li>Im Jahr 2021 gab es nur wenige \u00dcbungen, in 2022 konnten fast alle \u00dcbungen durchgef\u00fchrt werden<\/li>\n<li>Sehr aktiv hat sich die Feuerwehr bei der 800-Jahr Feier eingebracht. Einen gro\u00dfen Auftritt hatten wir beim Umzug mit Umzugwagen und den Handdruckspritzen. So manche Zuschauer bekamen eine kalte Dusche.<\/li>\n<li>Aktuell verrichten 19 Kameraden ihren Dienst. Ein junger kommt neu dazu: Luca Hofer. 4 verlassen die Feuerwehr, haupts\u00e4chlich wegen Wegzug<\/li>\n<li>Einz\u00e4tze 2020<br \/>\nWegr\u00e4umen von Umgefallenen B\u00e4umen beim Orkantief Sabine<br \/>\nBeseitigen einer \u00d6lspur im \u00d6denwald. Ein PKF fuhr gegen eine Steins\u00e4ule<\/li>\n<li>Eins\u00e4tze 2021<br \/>\nWegr\u00e4umen vom durch Sturm umgefallene B\u00e4ume von der Fahrbahn<br \/>\nBeseitigen einer \u00d6lspur im Vordersteinwald<br \/>\nUnfall in der Solhofkurve, zum Gl\u00fcck nur Blechschaden<br \/>\nBereitschft im Feuerwehrhaus weil die 112 ausgefallen war<\/li>\n<li>Eins\u00e4tze 2022<br \/>\nBeseitigen eines Lagerfeuers das Chaoten unter dem Dachvorsprung der Blockh\u00fctte angez\u00fcndet haben<br \/>\nPersonensuche im Mittelsteinwald<br \/>\nGro\u00dfer Arbeitseinsatz bei der 800 Jahr Feier<br \/>\n<strong>Die Feuerwehr -und auch die Sch\u00f6mberger B\u00fcrger freuen sich sehr, dass die problematische Hauptwasserleitung im Solhardt neu gemacht wurde. Wir hoffen, dass diese nun gen\u00fcgend Wasser bei einem Einsatz liefern kann <\/strong><\/li>\n<li>Uli Armbruster bedankt sich bei:<br \/>\nOrtsvorsteher Kurt Winter, er hat immer ein offenes Ohr f\u00fcr Feuerwehrbelange<br \/>\nKreisbarandmeister Frank Jahraus f\u00fcr die guten Informationen das Jahr \u00fcber<br \/>\nGesamtkommandant Jochen Link f\u00fcr die gute Zusammenarbeit<br \/>\nB\u00fcrgermeister Christoph Enderle f\u00fcr die Bereitstellung der notwendigen Mittel<br \/>\nAllen Sch\u00f6mberger Feuerwehrkameraden f\u00fcr ihre geleisteten Dienste<\/li>\n<\/ul>\n<p>&nbsp;<\/p>\n<p><strong>Wahlen: <\/strong>hier die \u00c4mter und Funktionen f\u00fcr die n\u00e4chsten 5 Jahre<\/p>\n<ul>\n<li>Kommandant: Uli Armbruster<\/li>\n<li>Stellvertreter: Christian Sawall<\/li>\n<li>Schriftf\u00fchrer: Philipp Dieterle<\/li>\n<li>Kassenwart: Tobias Z\u00f6ll<\/li>\n<li>Ger\u00e4tewart: Benny Braunschweiger<\/li>\n<\/ul>\n<p>&nbsp;<\/p>\n<div id=\"attachment_4892\" style=\"width: 587px\" class=\"wp-caption alignnone\"><a href=\"http:\/\/lossburg-schoemberg.de\/wp-content\/uploads\/2022\/12\/Uli-scaled.jpg\"><img loading=\"lazy\" decoding=\"async\" aria-describedby=\"caption-attachment-4892\" class=\"wp-image-4892 size-large\" src=\"http:\/\/lossburg-schoemberg.de\/wp-content\/uploads\/2022\/12\/Uli-587x1024.jpg\" alt=\"\" width=\"587\" height=\"1024\" srcset=\"https:\/\/lossburg-schoemberg.de\/wp-content\/uploads\/2022\/12\/Uli-587x1024.jpg 587w, https:\/\/lossburg-schoemberg.de\/wp-content\/uploads\/2022\/12\/Uli-172x300.jpg 172w, https:\/\/lossburg-schoemberg.de\/wp-content\/uploads\/2022\/12\/Uli-768x1340.jpg 768w, https:\/\/lossburg-schoemberg.de\/wp-content\/uploads\/2022\/12\/Uli-880x1536.jpg 880w, https:\/\/lossburg-schoemberg.de\/wp-content\/uploads\/2022\/12\/Uli-1174x2048.jpg 1174w, https:\/\/lossburg-schoemberg.de\/wp-content\/uploads\/2022\/12\/Uli-scaled.jpg 1467w\" sizes=\"auto, (max-width: 587px) 100vw, 587px\" \/><\/a><p id=\"caption-attachment-4892\" class=\"wp-caption-text\">Kommandant Uli Armbruster<\/p><\/div>\n<p>&nbsp;<\/p>\n<div id=\"attachment_4890\" style=\"width: 599px\" class=\"wp-caption alignnone\"><a href=\"http:\/\/lossburg-schoemberg.de\/wp-content\/uploads\/2022\/12\/Kurt-scaled.jpg\"><img loading=\"lazy\" decoding=\"async\" aria-describedby=\"caption-attachment-4890\" class=\"wp-image-4890 size-large\" src=\"http:\/\/lossburg-schoemberg.de\/wp-content\/uploads\/2022\/12\/Kurt-599x1024.jpg\" alt=\"\" width=\"599\" height=\"1024\" srcset=\"https:\/\/lossburg-schoemberg.de\/wp-content\/uploads\/2022\/12\/Kurt-599x1024.jpg 599w, https:\/\/lossburg-schoemberg.de\/wp-content\/uploads\/2022\/12\/Kurt-175x300.jpg 175w, https:\/\/lossburg-schoemberg.de\/wp-content\/uploads\/2022\/12\/Kurt-768x1314.jpg 768w, https:\/\/lossburg-schoemberg.de\/wp-content\/uploads\/2022\/12\/Kurt-898x1536.jpg 898w, https:\/\/lossburg-schoemberg.de\/wp-content\/uploads\/2022\/12\/Kurt-1197x2048.jpg 1197w, https:\/\/lossburg-schoemberg.de\/wp-content\/uploads\/2022\/12\/Kurt-scaled.jpg 1496w\" sizes=\"auto, (max-width: 599px) 100vw, 599px\" \/><\/a><p id=\"caption-attachment-4890\" class=\"wp-caption-text\">Ortsvorsteher Kurt Winter<\/p><\/div>\n<p>&nbsp;<\/p>\n<div id=\"attachment_4885\" style=\"width: 768px\" class=\"wp-caption alignnone\"><a href=\"http:\/\/lossburg-schoemberg.de\/wp-content\/uploads\/2022\/12\/BM-Enderle-scaled.jpg\"><img loading=\"lazy\" decoding=\"async\" aria-describedby=\"caption-attachment-4885\" class=\"wp-image-4885 size-large\" src=\"http:\/\/lossburg-schoemberg.de\/wp-content\/uploads\/2022\/12\/BM-Enderle-768x1024.jpg\" alt=\"\" width=\"768\" height=\"1024\" srcset=\"https:\/\/lossburg-schoemberg.de\/wp-content\/uploads\/2022\/12\/BM-Enderle-768x1024.jpg 768w, https:\/\/lossburg-schoemberg.de\/wp-content\/uploads\/2022\/12\/BM-Enderle-225x300.jpg 225w, https:\/\/lossburg-schoemberg.de\/wp-content\/uploads\/2022\/12\/BM-Enderle-1152x1536.jpg 1152w, https:\/\/lossburg-schoemberg.de\/wp-content\/uploads\/2022\/12\/BM-Enderle-1536x2048.jpg 1536w, https:\/\/lossburg-schoemberg.de\/wp-content\/uploads\/2022\/12\/BM-Enderle-scaled.jpg 1920w\" sizes=\"auto, (max-width: 768px) 100vw, 768px\" \/><\/a><p id=\"caption-attachment-4885\" class=\"wp-caption-text\">B\u00fcrgermeister Christoph Enderle. Er kam direkt von einer Windradbesichtigung. Wir sind froh, dass er uns trotz Termindruck noch besucht hat.<\/p><\/div>\n<p>&nbsp;<\/p>\n<div id=\"attachment_4888\" style=\"width: 625px\" class=\"wp-caption alignnone\"><a href=\"http:\/\/lossburg-schoemberg.de\/wp-content\/uploads\/2022\/12\/Jochen-Link-scaled.jpg\"><img loading=\"lazy\" decoding=\"async\" aria-describedby=\"caption-attachment-4888\" class=\"wp-image-4888 size-large\" src=\"http:\/\/lossburg-schoemberg.de\/wp-content\/uploads\/2022\/12\/Jochen-Link-625x1024.jpg\" alt=\"\" width=\"625\" height=\"1024\" srcset=\"https:\/\/lossburg-schoemberg.de\/wp-content\/uploads\/2022\/12\/Jochen-Link-625x1024.jpg 625w, https:\/\/lossburg-schoemberg.de\/wp-content\/uploads\/2022\/12\/Jochen-Link-183x300.jpg 183w, https:\/\/lossburg-schoemberg.de\/wp-content\/uploads\/2022\/12\/Jochen-Link-768x1258.jpg 768w, https:\/\/lossburg-schoemberg.de\/wp-content\/uploads\/2022\/12\/Jochen-Link-937x1536.jpg 937w, https:\/\/lossburg-schoemberg.de\/wp-content\/uploads\/2022\/12\/Jochen-Link-1250x2048.jpg 1250w, https:\/\/lossburg-schoemberg.de\/wp-content\/uploads\/2022\/12\/Jochen-Link-scaled.jpg 1562w\" sizes=\"auto, (max-width: 625px) 100vw, 625px\" \/><\/a><p id=\"caption-attachment-4888\" class=\"wp-caption-text\">Gesamtkommandant Jochen Link<\/p><\/div>\n<p>&nbsp;<\/p>\n<div id=\"attachment_4887\" style=\"width: 847px\" class=\"wp-caption alignnone\"><a href=\"http:\/\/lossburg-schoemberg.de\/wp-content\/uploads\/2022\/12\/Florian-scaled.jpg\"><img loading=\"lazy\" decoding=\"async\" aria-describedby=\"caption-attachment-4887\" class=\"wp-image-4887 size-large\" src=\"http:\/\/lossburg-schoemberg.de\/wp-content\/uploads\/2022\/12\/Florian-863x1024.jpg\" alt=\"\" width=\"847\" height=\"1005\" srcset=\"https:\/\/lossburg-schoemberg.de\/wp-content\/uploads\/2022\/12\/Florian-863x1024.jpg 863w, https:\/\/lossburg-schoemberg.de\/wp-content\/uploads\/2022\/12\/Florian-253x300.jpg 253w, https:\/\/lossburg-schoemberg.de\/wp-content\/uploads\/2022\/12\/Florian-768x912.jpg 768w, https:\/\/lossburg-schoemberg.de\/wp-content\/uploads\/2022\/12\/Florian-1294x1536.jpg 1294w, https:\/\/lossburg-schoemberg.de\/wp-content\/uploads\/2022\/12\/Florian-1726x2048.jpg 1726w\" sizes=\"auto, (max-width: 847px) 100vw, 847px\" \/><\/a><p id=\"caption-attachment-4887\" class=\"wp-caption-text\">Ehrenurkunde in Bronce des Landes Baden-W\u00fcrttemberg f\u00fcr 15 Jahre Dienst bei der Feuerwehr an Florian Bl\u00e4si<\/p><\/div>\n<div id=\"attachment_4886\" style=\"width: 818px\" class=\"wp-caption aligncenter\"><a href=\"http:\/\/lossburg-schoemberg.de\/wp-content\/uploads\/2022\/12\/Dennis-Koehn-scaled.jpg\"><img loading=\"lazy\" decoding=\"async\" aria-describedby=\"caption-attachment-4886\" class=\"size-large wp-image-4886\" src=\"http:\/\/lossburg-schoemberg.de\/wp-content\/uploads\/2022\/12\/Dennis-Koehn-818x1024.jpg\" alt=\"\" width=\"818\" height=\"1024\" srcset=\"https:\/\/lossburg-schoemberg.de\/wp-content\/uploads\/2022\/12\/Dennis-Koehn-818x1024.jpg 818w, https:\/\/lossburg-schoemberg.de\/wp-content\/uploads\/2022\/12\/Dennis-Koehn-240x300.jpg 240w, https:\/\/lossburg-schoemberg.de\/wp-content\/uploads\/2022\/12\/Dennis-Koehn-768x962.jpg 768w, https:\/\/lossburg-schoemberg.de\/wp-content\/uploads\/2022\/12\/Dennis-Koehn-1227x1536.jpg 1227w, https:\/\/lossburg-schoemberg.de\/wp-content\/uploads\/2022\/12\/Dennis-Koehn-1635x2048.jpg 1635w, https:\/\/lossburg-schoemberg.de\/wp-content\/uploads\/2022\/12\/Dennis-Koehn-scaled.jpg 2044w\" sizes=\"auto, (max-width: 818px) 100vw, 818px\" \/><\/a><p id=\"caption-attachment-4886\" class=\"wp-caption-text\">Verabschiedung Dennis K\u00f6hn wegen Wegzug<\/p><\/div>\n<p>&nbsp;<\/p>\n<div id=\"attachment_4889\" style=\"width: 847px\" class=\"wp-caption aligncenter\"><a href=\"http:\/\/lossburg-schoemberg.de\/wp-content\/uploads\/2022\/12\/Joerg-Wirth-scaled.jpg\"><img loading=\"lazy\" decoding=\"async\" aria-describedby=\"caption-attachment-4889\" class=\"wp-image-4889 size-large\" src=\"http:\/\/lossburg-schoemberg.de\/wp-content\/uploads\/2022\/12\/Joerg-Wirth-1024x972.jpg\" alt=\"\" width=\"847\" height=\"804\" srcset=\"https:\/\/lossburg-schoemberg.de\/wp-content\/uploads\/2022\/12\/Joerg-Wirth-1024x972.jpg 1024w, https:\/\/lossburg-schoemberg.de\/wp-content\/uploads\/2022\/12\/Joerg-Wirth-300x285.jpg 300w, https:\/\/lossburg-schoemberg.de\/wp-content\/uploads\/2022\/12\/Joerg-Wirth-768x729.jpg 768w, https:\/\/lossburg-schoemberg.de\/wp-content\/uploads\/2022\/12\/Joerg-Wirth-1536x1458.jpg 1536w, https:\/\/lossburg-schoemberg.de\/wp-content\/uploads\/2022\/12\/Joerg-Wirth-2048x1944.jpg 2048w\" sizes=\"auto, (max-width: 847px) 100vw, 847px\" \/><\/a><p id=\"caption-attachment-4889\" class=\"wp-caption-text\">Abschied J\u00f6rg Wirth nach 30 Jahren Dienst bei der Feuerwehr, davon 8 Jahre Abteilungskommandant<\/p><\/div>\n<p>&nbsp;<\/p>\n<div id=\"attachment_4891\" style=\"width: 847px\" class=\"wp-caption aligncenter\"><a href=\"http:\/\/lossburg-schoemberg.de\/wp-content\/uploads\/2022\/12\/Sebastian-Wirth-scaled.jpg\"><img loading=\"lazy\" decoding=\"async\" aria-describedby=\"caption-attachment-4891\" class=\"wp-image-4891 size-large\" src=\"http:\/\/lossburg-schoemberg.de\/wp-content\/uploads\/2022\/12\/Sebastian-Wirth-1024x992.jpg\" alt=\"\" width=\"847\" height=\"821\" srcset=\"https:\/\/lossburg-schoemberg.de\/wp-content\/uploads\/2022\/12\/Sebastian-Wirth-1024x992.jpg 1024w, https:\/\/lossburg-schoemberg.de\/wp-content\/uploads\/2022\/12\/Sebastian-Wirth-300x291.jpg 300w, https:\/\/lossburg-schoemberg.de\/wp-content\/uploads\/2022\/12\/Sebastian-Wirth-768x744.jpg 768w, https:\/\/lossburg-schoemberg.de\/wp-content\/uploads\/2022\/12\/Sebastian-Wirth-1536x1489.jpg 1536w, https:\/\/lossburg-schoemberg.de\/wp-content\/uploads\/2022\/12\/Sebastian-Wirth-2048x1985.jpg 2048w\" sizes=\"auto, (max-width: 847px) 100vw, 847px\" \/><\/a><p id=\"caption-attachment-4891\" class=\"wp-caption-text\">Abschied von Sebastian Wirth wegen Wegzug<\/p><\/div>\n<p>&nbsp;<\/p>\n<div id=\"attachment_4884\" style=\"width: 847px\" class=\"wp-caption alignnone\"><a href=\"http:\/\/lossburg-schoemberg.de\/wp-content\/uploads\/2022\/12\/Ausschuss-und-Funktionstraeger-scaled.jpg\"><img loading=\"lazy\" decoding=\"async\" aria-describedby=\"caption-attachment-4884\" class=\"wp-image-4884 size-large\" src=\"http:\/\/lossburg-schoemberg.de\/wp-content\/uploads\/2022\/12\/Ausschuss-und-Funktionstraeger-1024x611.jpg\" alt=\"\" width=\"847\" height=\"505\" srcset=\"https:\/\/lossburg-schoemberg.de\/wp-content\/uploads\/2022\/12\/Ausschuss-und-Funktionstraeger-1024x611.jpg 1024w, https:\/\/lossburg-schoemberg.de\/wp-content\/uploads\/2022\/12\/Ausschuss-und-Funktionstraeger-300x179.jpg 300w, https:\/\/lossburg-schoemberg.de\/wp-content\/uploads\/2022\/12\/Ausschuss-und-Funktionstraeger-768x458.jpg 768w, https:\/\/lossburg-schoemberg.de\/wp-content\/uploads\/2022\/12\/Ausschuss-und-Funktionstraeger-1536x917.jpg 1536w, https:\/\/lossburg-schoemberg.de\/wp-content\/uploads\/2022\/12\/Ausschuss-und-Funktionstraeger-2048x1222.jpg 2048w\" sizes=\"auto, (max-width: 847px) 100vw, 847px\" \/><\/a><p id=\"caption-attachment-4884\" class=\"wp-caption-text\">Ausschuss und Funktiontr\u00e4ger. Von links: B\u00fcrgermeiste Christoph Enderle, stellv. Kommandant Christian Sawall, Kassierer Tobias Z\u00f6ll, Ger\u00e4tewart Benny Braunschweiger, Matthias Wirth, Philipp Dieterle, Fabian Haist, Florian Bl\u00e4si, Gabriel Mehnert &#8211; es fehlt Kai Heinzelmann. Rechts Kommandant Uli Armbruster und Ortsvorsteher Kurt Winter.<\/p><\/div>\n<p>&nbsp;<\/p>\n<div id=\"attachment_4893\" style=\"width: 847px\" class=\"wp-caption aligncenter\"><a href=\"http:\/\/lossburg-schoemberg.de\/wp-content\/uploads\/2022\/12\/Verabschiedet-scaled.jpg\"><img loading=\"lazy\" decoding=\"async\" aria-describedby=\"caption-attachment-4893\" class=\"wp-image-4893 size-large\" src=\"http:\/\/lossburg-schoemberg.de\/wp-content\/uploads\/2022\/12\/Verabschiedet-1024x765.jpg\" alt=\"\" width=\"847\" height=\"633\" srcset=\"https:\/\/lossburg-schoemberg.de\/wp-content\/uploads\/2022\/12\/Verabschiedet-1024x765.jpg 1024w, https:\/\/lossburg-schoemberg.de\/wp-content\/uploads\/2022\/12\/Verabschiedet-300x224.jpg 300w, https:\/\/lossburg-schoemberg.de\/wp-content\/uploads\/2022\/12\/Verabschiedet-768x574.jpg 768w, https:\/\/lossburg-schoemberg.de\/wp-content\/uploads\/2022\/12\/Verabschiedet-1536x1147.jpg 1536w, https:\/\/lossburg-schoemberg.de\/wp-content\/uploads\/2022\/12\/Verabschiedet-2048x1530.jpg 2048w\" sizes=\"auto, (max-width: 847px) 100vw, 847px\" \/><\/a><p id=\"caption-attachment-4893\" class=\"wp-caption-text\">Von Links: Kreisbrandmeister Frank Jahraus, Florian Bl\u00e4si Ehrung vom Land BW f\u00fcr 15 Jahre Diest bei der Feuerwehr, Kommandant Uli Armbruster, J\u00f6rg Wirth Abschied nach 30 Jahren Dienst bei der Feuerwehr, Sebastian Wirth Verabschiedet wegen Wegzug, Gesamtkommandant Jochen Link, Ortsvorsteher Kurt Winter, B\u00fcrgermeister Christoph Enderle (er kam direkt von einer Windradbesichtigung)<\/p><\/div>\n","protected":false},"excerpt":{"rendered":"<p>Feuerwehr Sch\u00f6mberg Abteilungsversammlung 2022 Bericht des Kommandanten Uli Armbruster In 2021 gab es Coronabedingt keine Versammlung Trotz Corona Einschr\u00e4nkungen war die Feuerwehr immer Einsatzbereit Uli Armbruster bedankt sich bei allen Feuerwehrleuten f\u00fcr ihren Einsatz, besonders bei seinem Stellvertreter Christian Sawall der ihn ersklassig vertreten hat. Im Jahr 2021 gab es nur wenige \u00dcbungen, in 2022 &hellip; <\/p>\n<p><a class=\"more-link btn\" href=\"https:\/\/lossburg-schoemberg.de\/index.php\/rueckblick\/2022-2\/abteilungsversammlung-2022\/\">Weiterlesen<\/a><\/p>\n","protected":false},"author":1,"featured_media":0,"parent":4842,"menu_order":40,"comment_status":"closed","ping_status":"closed","template":"","meta":{"footnotes":""},"class_list":["post-4882","page","type-page","status-publish","hentry","nodate","item-wrap"],"_links":{"self":[{"href":"https:\/\/lossburg-schoemberg.de\/index.php\/wp-json\/wp\/v2\/pages\/4882","targetHints":{"allow":["GET"]}}],"collection":[{"href":"https:\/\/lossburg-schoemberg.de\/index.php\/wp-json\/wp\/v2\/pages"}],"about":[{"href":"https:\/\/lossburg-schoemberg.de\/index.php\/wp-json\/wp\/v2\/types\/page"}],"author":[{"embeddable":true,"href":"https:\/\/lossburg-schoemberg.de\/index.php\/wp-json\/wp\/v2\/users\/1"}],"replies":[{"embeddable":true,"href":"https:\/\/lossburg-schoemberg.de\/index.php\/wp-json\/wp\/v2\/comments?post=4882"}],"version-history":[{"count":15,"href":"https:\/\/lossburg-schoemberg.de\/index.php\/wp-json\/wp\/v2\/pages\/4882\/revisions"}],"predecessor-version":[{"id":4910,"href":"https:\/\/lossburg-schoemberg.de\/index.php\/wp-json\/wp\/v2\/pages\/4882\/revisions\/4910"}],"up":[{"embeddable":true,"href":"https:\/\/lossburg-schoemberg.de\/index.php\/wp-json\/wp\/v2\/pages\/4842"}],"wp:attachment":[{"href":"https:\/\/lossburg-schoemberg.de\/index.php\/wp-json\/wp\/v2\/media?parent=4882"}],"curies":[{"name":"wp","href":"https:\/\/api.w.org\/{rel}","templated":true}]}}