{"id":4821,"date":"2022-06-19T22:30:08","date_gmt":"2022-06-19T20:30:08","guid":{"rendered":"http:\/\/lossburg-schoemberg.de\/?page_id=4821"},"modified":"2022-09-19T21:51:10","modified_gmt":"2022-09-19T19:51:10","slug":"festumzug-zur-800-jahr-feier","status":"publish","type":"page","link":"https:\/\/lossburg-schoemberg.de\/index.php\/rueckblick\/2022-2\/festumzug-zur-800-jahr-feier\/","title":{"rendered":"Festumzug zur 800 Jahr Feier"},"content":{"rendered":"<p><strong>Umzug am Sonntag 10.07. um 14:00 Uhr\u00a0\u00a0\u00a0\u00a0\u00a0 <\/strong>Stand 13.06.2022 Karl Pfau<\/p>\n<p><strong>Reihenfolge der Teilnehmer am Umzug\u00a0\u00a0\u00a0\u00a0\u00a0\u00a0 \u00a0\u00a0\u00a0\u00a0\u00a0\u00a0\u00a0\u00a0\u00a0\u00a0\u00a0\u00a0\u00a0\u00a0\u00a0\u00a0\u00a0\u00a0\u00a0\u00a0\u00a0\u00a0\u00a0\u00a0\u00a0\u00a0\u00a0\u00a0\u00a0\u00a0\u00a0\u00a0\u00a0\u00a0\u00a0\u00a0\u00a0\u00a0\u00a0\u00a0\u00a0\u00a0\u00a0\u00a0\u00a0\u00a0\u00a0\u00a0\u00a0\u00a0\u00a0\u00a0\u00a0\u00a0\u00a0\u00a0\u00a0\u00a0\u00a0\u00a0\u00a0\u00a0\u00a0\u00a0\u00a0\u00a0\u00a0\u00a0\u00a0\u00a0\u00a0 <\/strong><\/p>\n<ol>\n<li>Kutsche mit Pferdegespann, Andreas Ziefle<\/li>\n<li>Dorfgemeinschaft Sch\u00f6mberg: <em>Getreideanbau in Sch\u00f6mberg, fr\u00fcher<\/em><\/li>\n<li>Kirchengemeinde: <em>Holzmodell der alten Kirche, Glocke, Kl\u00f6ppel, Orgelpfeife<\/em><\/li>\n<li>Jugendsportgruppe<\/li>\n<li>Jugendfeuerwehr<\/li>\n<li>Feuerwehr, Abteilung Sch\u00f6mberg<\/li>\n<li>Musikverein Betzweiler<\/li>\n<li>Trachtengruppe Lo\u00dfburg<\/li>\n<li>Rotes Kreuz, Lo\u00dfburg<\/li>\n<li>Gro\u00dffamilie Armbruster: <em>Benza Hans mit Traktor und Anh\u00e4nger<\/em><\/li>\n<li>Hofbauernhof: <em>Pferde<\/em><\/li>\n<li>Feuerwehr Wittendorf: <em>Handwagen, Uniform<\/em><\/li>\n<li>Heimat- und Museumsverein Wittendorf: <em>Festwagen mit Friederle<\/em><br \/>\n<em>Friederle von Wittendorf, ein Sch\u00f6mberger Urgestein<\/em><\/li>\n<li>Bauhof Lo\u00dfburg: <em>Winterdienst, M\u00e4hger\u00e4te, Kehrmaschine<\/em><\/li>\n<li>Riesteam Reinerzau: <em>mit Rieshorn und Langholzstamm<\/em><\/li>\n<li>Armbruster Hinterr\u00f6tenberg: <em>MAN Traktor mit Langholz Schlaifkarren<\/em><\/li>\n<li>Forstwirtschaft Sch\u00f6mberg. <em>Martin Schmalz:<\/em> <em>Historischer Lanz-Bulldog mit altem Holzfuhrwerk, dahinter Roland Armbruster mit modernem Langholz Fahrzeug<\/em><\/li>\n<li>Rasentraktorfreunde: <em>Kindertraktor, Rasentraktor, Renn-Rasentraktoren<\/em><\/li>\n<\/ol>\n","protected":false},"excerpt":{"rendered":"<p>Umzug am Sonntag 10.07. um 14:00 Uhr\u00a0\u00a0\u00a0\u00a0\u00a0 Stand 13.06.2022 Karl Pfau Reihenfolge der Teilnehmer am Umzug\u00a0\u00a0\u00a0\u00a0\u00a0\u00a0 \u00a0\u00a0\u00a0\u00a0\u00a0\u00a0\u00a0\u00a0\u00a0\u00a0\u00a0\u00a0\u00a0\u00a0\u00a0\u00a0\u00a0\u00a0\u00a0\u00a0\u00a0\u00a0\u00a0\u00a0\u00a0\u00a0\u00a0\u00a0\u00a0\u00a0\u00a0\u00a0\u00a0\u00a0\u00a0\u00a0\u00a0\u00a0\u00a0\u00a0\u00a0\u00a0\u00a0\u00a0\u00a0\u00a0\u00a0\u00a0\u00a0\u00a0\u00a0\u00a0\u00a0\u00a0\u00a0\u00a0\u00a0\u00a0\u00a0\u00a0\u00a0\u00a0\u00a0\u00a0\u00a0\u00a0\u00a0\u00a0\u00a0\u00a0\u00a0 Kutsche mit Pferdegespann, Andreas Ziefle Dorfgemeinschaft Sch\u00f6mberg: Getreideanbau in Sch\u00f6mberg, fr\u00fcher Kirchengemeinde: Holzmodell der alten Kirche, Glocke, Kl\u00f6ppel, Orgelpfeife Jugendsportgruppe Jugendfeuerwehr Feuerwehr, Abteilung Sch\u00f6mberg Musikverein Betzweiler Trachtengruppe Lo\u00dfburg Rotes Kreuz, Lo\u00dfburg Gro\u00dffamilie Armbruster: Benza Hans mit Traktor und &hellip; <\/p>\n<p><a class=\"more-link btn\" href=\"https:\/\/lossburg-schoemberg.de\/index.php\/rueckblick\/2022-2\/festumzug-zur-800-jahr-feier\/\">Weiterlesen<\/a><\/p>\n","protected":false},"author":1,"featured_media":0,"parent":4842,"menu_order":36,"comment_status":"closed","ping_status":"closed","template":"","meta":{"footnotes":""},"class_list":["post-4821","page","type-page","status-publish","hentry","nodate","item-wrap"],"_links":{"self":[{"href":"https:\/\/lossburg-schoemberg.de\/index.php\/wp-json\/wp\/v2\/pages\/4821","targetHints":{"allow":["GET"]}}],"collection":[{"href":"https:\/\/lossburg-schoemberg.de\/index.php\/wp-json\/wp\/v2\/pages"}],"about":[{"href":"https:\/\/lossburg-schoemberg.de\/index.php\/wp-json\/wp\/v2\/types\/page"}],"author":[{"embeddable":true,"href":"https:\/\/lossburg-schoemberg.de\/index.php\/wp-json\/wp\/v2\/users\/1"}],"replies":[{"embeddable":true,"href":"https:\/\/lossburg-schoemberg.de\/index.php\/wp-json\/wp\/v2\/comments?post=4821"}],"version-history":[{"count":2,"href":"https:\/\/lossburg-schoemberg.de\/index.php\/wp-json\/wp\/v2\/pages\/4821\/revisions"}],"predecessor-version":[{"id":4824,"href":"https:\/\/lossburg-schoemberg.de\/index.php\/wp-json\/wp\/v2\/pages\/4821\/revisions\/4824"}],"up":[{"embeddable":true,"href":"https:\/\/lossburg-schoemberg.de\/index.php\/wp-json\/wp\/v2\/pages\/4842"}],"wp:attachment":[{"href":"https:\/\/lossburg-schoemberg.de\/index.php\/wp-json\/wp\/v2\/media?parent=4821"}],"curies":[{"name":"wp","href":"https:\/\/api.w.org\/{rel}","templated":true}]}}