{"id":4818,"date":"2022-06-19T22:17:20","date_gmt":"2022-06-19T20:17:20","guid":{"rendered":"http:\/\/lossburg-schoemberg.de\/?page_id=4818"},"modified":"2022-09-19T21:50:10","modified_gmt":"2022-09-19T19:50:10","slug":"800-jahre-schoemberg-2","status":"publish","type":"page","link":"https:\/\/lossburg-schoemberg.de\/index.php\/rueckblick\/2022-2\/800-jahre-schoemberg-2\/","title":{"rendered":"800 Jahre Sch\u00f6mberg"},"content":{"rendered":"<p>Bald ist es soweit, am 09. und 10.07. feiert Sch\u00f6mberg 800 J\u00e4hriges Bestehen.<\/p>\n<p>Wir f\u00fchlen uns gut vorbereitet und freuen uns darauf.<\/p>\n<p><strong>Programm<\/strong>:<\/p>\n<ul>\n<li><strong>Samstag 09.07.2022\u00a0 Festzelt am Spielplatz<\/strong><br \/>\n14:00 Uhr Festvortrag: 800 Jahre Sch\u00f6mberg. Frau Dr. Karoline Adler<br \/>\nanschlie\u00dfend kurze Buchvorstellung Andreas \u00dcberschaer<br \/>\nBuch 1: &#8222;Die \u00dcberschaers in Sch\u00f6mberg&#8220;<br \/>\nBuch 2: &#8222;Namen in Sch\u00f6mberg&#8220;<br \/>\nBewirtung<\/li>\n<li>Kleines Dorfmuseum im Rathaus Sch\u00f6mberg ge\u00f6ffnet von 11 bis 18 Uhr<\/li>\n<li>19:00 Uhr Musik mit DJ Jannik Eberhardt<br \/>\nEintritt 3,- Euro<br \/>\ngro\u00dfes Lagerfeuer (nachgeholtes Sonnwendfeuer)<br \/>\nBewirtung<br \/>\nab 21 Uhr Barbetrieb<\/li>\n<li><strong>Sonntag 10.07.2022<br \/>\n<\/strong>10:00 Uhr Festgottesdienst in der Kirche mit dem fr\u00fcheren Pfarrer Gottfried A. B\u00fchrer<br \/>\nab 11:00 Uhr Bewirtung im Festzelt<\/li>\n<li>14:00 Uhr Fest Umzug<br \/>\nAufstellung in der Altenburgstra\u00dfe,<br \/>\nStrecke: Reinerzauer Stra\u00dfe, Kreisverkehr, Blumenhofstra\u00dfe zum Festplatz &#8222;oberer Wald&#8220;<br \/>\nAusklang im Festzelt<\/li>\n<li>Kleines Dorfmuseum im Rathaus Sch\u00f6mberg ge\u00f6ffnet von 11 bis 18 Uhr<\/li>\n<\/ul>\n","protected":false},"excerpt":{"rendered":"<p>Bald ist es soweit, am 09. und 10.07. feiert Sch\u00f6mberg 800 J\u00e4hriges Bestehen. Wir f\u00fchlen uns gut vorbereitet und freuen uns darauf. Programm: Samstag 09.07.2022\u00a0 Festzelt am Spielplatz 14:00 Uhr Festvortrag: 800 Jahre Sch\u00f6mberg. Frau Dr. Karoline Adler anschlie\u00dfend kurze Buchvorstellung Andreas \u00dcberschaer Buch 1: &#8222;Die \u00dcberschaers in Sch\u00f6mberg&#8220; Buch 2: &#8222;Namen in Sch\u00f6mberg&#8220; Bewirtung &hellip; <\/p>\n<p><a class=\"more-link btn\" href=\"https:\/\/lossburg-schoemberg.de\/index.php\/rueckblick\/2022-2\/800-jahre-schoemberg-2\/\">Weiterlesen<\/a><\/p>\n","protected":false},"author":1,"featured_media":4357,"parent":4842,"menu_order":38,"comment_status":"closed","ping_status":"closed","template":"","meta":{"footnotes":""},"class_list":["post-4818","page","type-page","status-publish","has-post-thumbnail","hentry","nodate","item-wrap"],"_links":{"self":[{"href":"https:\/\/lossburg-schoemberg.de\/index.php\/wp-json\/wp\/v2\/pages\/4818","targetHints":{"allow":["GET"]}}],"collection":[{"href":"https:\/\/lossburg-schoemberg.de\/index.php\/wp-json\/wp\/v2\/pages"}],"about":[{"href":"https:\/\/lossburg-schoemberg.de\/index.php\/wp-json\/wp\/v2\/types\/page"}],"author":[{"embeddable":true,"href":"https:\/\/lossburg-schoemberg.de\/index.php\/wp-json\/wp\/v2\/users\/1"}],"replies":[{"embeddable":true,"href":"https:\/\/lossburg-schoemberg.de\/index.php\/wp-json\/wp\/v2\/comments?post=4818"}],"version-history":[{"count":1,"href":"https:\/\/lossburg-schoemberg.de\/index.php\/wp-json\/wp\/v2\/pages\/4818\/revisions"}],"predecessor-version":[{"id":4819,"href":"https:\/\/lossburg-schoemberg.de\/index.php\/wp-json\/wp\/v2\/pages\/4818\/revisions\/4819"}],"up":[{"embeddable":true,"href":"https:\/\/lossburg-schoemberg.de\/index.php\/wp-json\/wp\/v2\/pages\/4842"}],"wp:featuredmedia":[{"embeddable":true,"href":"https:\/\/lossburg-schoemberg.de\/index.php\/wp-json\/wp\/v2\/media\/4357"}],"wp:attachment":[{"href":"https:\/\/lossburg-schoemberg.de\/index.php\/wp-json\/wp\/v2\/media?parent=4818"}],"curies":[{"name":"wp","href":"https:\/\/api.w.org\/{rel}","templated":true}]}}