{"id":481,"date":"2012-07-12T15:37:13","date_gmt":"2012-07-12T13:37:13","guid":{"rendered":"http:\/\/beta.lossburg-schoemberg.de\/?page_id=481"},"modified":"2013-04-29T22:04:51","modified_gmt":"2013-04-29T20:04:51","slug":"august-sommerfest-in-schoemberg","status":"publish","type":"page","link":"https:\/\/lossburg-schoemberg.de\/index.php\/rueckblick\/2012-2\/august-sommerfest-in-schoemberg\/","title":{"rendered":"August: Sommerfest in Sch\u00f6mberg"},"content":{"rendered":"<p><a href=\"http:\/\/beta.lossburg-schoemberg.de\/wp-content\/uploads\/2012\/07\/Logo_Dorfgem.jpg\"><img loading=\"lazy\" decoding=\"async\" class=\"alignright  wp-image-930\" title=\"Logo_Dorfgem\" alt=\"\" src=\"http:\/\/beta.lossburg-schoemberg.de\/wp-content\/uploads\/2012\/07\/Logo_Dorfgem.jpg\" width=\"198\" height=\"196\" \/><\/a><span style=\"font-size: medium;\"><strong>Sommerfest macht seinem Namen alle Ehre<\/strong><\/span><\/p>\n<p>Dorfgemeinschaft freut sich \u00fcber sehr gut besuchtes Fest Programm f\u00fcr Jung und Alt<\/p>\n<p>Auf ein sehr gelungenes Sommerfest zur\u00fcckblicken kann die Dorfgemeinschaft Sch\u00f6mberg.<\/p>\n<p>Bei strahlend blauem Himmel und angenehmen Sommertemperaturen begann das Fest mit einem Gottesdienst im Gr\u00fcnen. Pfarrer a.D. Hartmann hatte diesen zu seinem Abschied unter Mitwirkung einiger Sch\u00f6mberger und Sch\u00f6mbergerinnen in Schw\u00e4bischer Mundart gestaltet. Er selbst wurde im Anschluss von Ortsvorsteher Kurt Winter, Kirchengemeinde-ratsvorsitzendem Adolf Armbruster und dem Vorsitzenden der Dorfgemeinschaft Marco Eberhardt mit Worten des Dankes sowie mit Geschenken zur Erinnerung an sein Wirken in Sch\u00f6mberg verabschiedet.<br \/>\nDas anschlie\u00dfende Mittagessen wurde begleitet von Alleinunterhalter \u201ePhil Martin\u201c, mittlerweile vielen aus Rundfunk und Fernsehen bekannt.<br \/>\nEine reichhaltige Auswahl an kulinarischen Leckerbissen sorgte daf\u00fcr, dass garantiert niemand hungrig blieb.<\/p>\n<p>Das Nachmittagsprogramm stand unter dem Motto \u201eSpass uff d\u2019r Gass\u201c f\u00fcr Jung und Alt.<\/p>\n<p>So konnten sich die Festbesucher an der Torwand oder beim Dosenwerfen messen und dabei auch attraktive Preise gewinnen. F\u00fcr die Kinder war zudem noch die H\u00fcpfburg der Kreissparkasse Freudenstadt aufgebaut. Au\u00dferdem gab es noch Fahrten mit dem Feuerwehrauto.<\/p>\n<p>Bis weit in die lauen Abendstunden hinein lie\u00df man den sch\u00f6nen Sommertag ausklingen.<\/p>\n<p>Die Dorfgemeinschaft bedankt sich bei allen G\u00e4sten f\u00fcr den zahlreichen Besuch. Des Weiteren bei allen Helfern, die Ihren Teil zum Gelingen des Festes beigetragen haben, sowie bei den zahlreichen Kuchenspendern f\u00fcr eine gro\u00dfe Auswahl an leckeren Backkreationen.<br \/>\nEs hat sich wieder mal best\u00e4tigt: Der Geist der Dorfgemeinschaft lebt!<\/p>\n<p>&nbsp;<\/p>\n\n\t\t<style type=\"text\/css\">\n\t\t\t#gallery-1 {\n\t\t\t\tmargin: auto;\n\t\t\t}\n\t\t\t#gallery-1 .gallery-item {\n\t\t\t\tfloat: left;\n\t\t\t\tmargin-top: 10px;\n\t\t\t\ttext-align: center;\n\t\t\t\twidth: 50%;\n\t\t\t}\n\t\t\t#gallery-1 img {\n\t\t\t\tborder: 2px solid #cfcfcf;\n\t\t\t}\n\t\t\t#gallery-1 .gallery-caption {\n\t\t\t\tmargin-left: 0;\n\t\t\t}\n\t\t\t\/* see gallery_shortcode() in wp-includes\/media.php *\/\n\t\t<\/style>\n\t\t<div id='gallery-1' class='gallery galleryid-481 gallery-columns-2 gallery-size-medium'><dl class='gallery-item'>\n\t\t\t<dt class='gallery-icon landscape'>\n\t\t\t\t<a href='https:\/\/lossburg-schoemberg.de\/wp-content\/uploads\/2012\/07\/Sommerfest1.jpg'><img loading=\"lazy\" decoding=\"async\" width=\"300\" height=\"199\" src=\"https:\/\/lossburg-schoemberg.de\/wp-content\/uploads\/2012\/07\/Sommerfest1-300x199.jpg\" class=\"attachment-medium size-medium\" alt=\"\" srcset=\"https:\/\/lossburg-schoemberg.de\/wp-content\/uploads\/2012\/07\/Sommerfest1-300x199.jpg 300w, https:\/\/lossburg-schoemberg.de\/wp-content\/uploads\/2012\/07\/Sommerfest1.jpg 1024w\" sizes=\"auto, (max-width: 300px) 100vw, 300px\" \/><\/a>\n\t\t\t<\/dt><\/dl><dl class='gallery-item'>\n\t\t\t<dt class='gallery-icon landscape'>\n\t\t\t\t<a href='https:\/\/lossburg-schoemberg.de\/wp-content\/uploads\/2012\/07\/Sommerfest3.jpg'><img loading=\"lazy\" decoding=\"async\" width=\"300\" height=\"199\" src=\"https:\/\/lossburg-schoemberg.de\/wp-content\/uploads\/2012\/07\/Sommerfest3-300x199.jpg\" class=\"attachment-medium size-medium\" alt=\"\" srcset=\"https:\/\/lossburg-schoemberg.de\/wp-content\/uploads\/2012\/07\/Sommerfest3-300x199.jpg 300w, https:\/\/lossburg-schoemberg.de\/wp-content\/uploads\/2012\/07\/Sommerfest3.jpg 1024w\" sizes=\"auto, (max-width: 300px) 100vw, 300px\" \/><\/a>\n\t\t\t<\/dt><\/dl><br style=\"clear: both\" \/><dl class='gallery-item'>\n\t\t\t<dt class='gallery-icon landscape'>\n\t\t\t\t<a href='https:\/\/lossburg-schoemberg.de\/wp-content\/uploads\/2012\/07\/Sommerfest4.jpg'><img loading=\"lazy\" decoding=\"async\" width=\"300\" height=\"200\" src=\"https:\/\/lossburg-schoemberg.de\/wp-content\/uploads\/2012\/07\/Sommerfest4-300x200.jpg\" class=\"attachment-medium size-medium\" alt=\"\" srcset=\"https:\/\/lossburg-schoemberg.de\/wp-content\/uploads\/2012\/07\/Sommerfest4-300x200.jpg 300w, https:\/\/lossburg-schoemberg.de\/wp-content\/uploads\/2012\/07\/Sommerfest4.jpg 1024w\" sizes=\"auto, (max-width: 300px) 100vw, 300px\" \/><\/a>\n\t\t\t<\/dt><\/dl><dl class='gallery-item'>\n\t\t\t<dt class='gallery-icon landscape'>\n\t\t\t\t<a href='https:\/\/lossburg-schoemberg.de\/wp-content\/uploads\/2012\/07\/Sommerfest5.jpg'><img loading=\"lazy\" decoding=\"async\" width=\"300\" height=\"200\" src=\"https:\/\/lossburg-schoemberg.de\/wp-content\/uploads\/2012\/07\/Sommerfest5-300x200.jpg\" class=\"attachment-medium size-medium\" alt=\"\" srcset=\"https:\/\/lossburg-schoemberg.de\/wp-content\/uploads\/2012\/07\/Sommerfest5-300x200.jpg 300w, https:\/\/lossburg-schoemberg.de\/wp-content\/uploads\/2012\/07\/Sommerfest5.jpg 1024w\" sizes=\"auto, (max-width: 300px) 100vw, 300px\" \/><\/a>\n\t\t\t<\/dt><\/dl><br style=\"clear: both\" \/><dl class='gallery-item'>\n\t\t\t<dt class='gallery-icon landscape'>\n\t\t\t\t<a href='https:\/\/lossburg-schoemberg.de\/wp-content\/uploads\/2012\/07\/Sommerfest6.jpg'><img loading=\"lazy\" decoding=\"async\" width=\"300\" height=\"199\" src=\"https:\/\/lossburg-schoemberg.de\/wp-content\/uploads\/2012\/07\/Sommerfest6-300x199.jpg\" class=\"attachment-medium size-medium\" alt=\"\" srcset=\"https:\/\/lossburg-schoemberg.de\/wp-content\/uploads\/2012\/07\/Sommerfest6-300x199.jpg 300w, https:\/\/lossburg-schoemberg.de\/wp-content\/uploads\/2012\/07\/Sommerfest6.jpg 1024w\" sizes=\"auto, (max-width: 300px) 100vw, 300px\" \/><\/a>\n\t\t\t<\/dt><\/dl><dl class='gallery-item'>\n\t\t\t<dt class='gallery-icon landscape'>\n\t\t\t\t<a href='https:\/\/lossburg-schoemberg.de\/wp-content\/uploads\/2012\/07\/Sommerfest7.jpg'><img loading=\"lazy\" decoding=\"async\" width=\"300\" height=\"199\" src=\"https:\/\/lossburg-schoemberg.de\/wp-content\/uploads\/2012\/07\/Sommerfest7-300x199.jpg\" class=\"attachment-medium size-medium\" alt=\"\" srcset=\"https:\/\/lossburg-schoemberg.de\/wp-content\/uploads\/2012\/07\/Sommerfest7-300x199.jpg 300w, https:\/\/lossburg-schoemberg.de\/wp-content\/uploads\/2012\/07\/Sommerfest7.jpg 1024w\" sizes=\"auto, (max-width: 300px) 100vw, 300px\" \/><\/a>\n\t\t\t<\/dt><\/dl><br style=\"clear: both\" \/>\n\t\t<\/div>\n\n","protected":false},"excerpt":{"rendered":"<p>Sommerfest macht seinem Namen alle Ehre Dorfgemeinschaft freut sich \u00fcber sehr gut besuchtes Fest Programm f\u00fcr Jung und Alt Auf ein sehr gelungenes Sommerfest zur\u00fcckblicken kann die Dorfgemeinschaft Sch\u00f6mberg. Bei strahlend blauem Himmel und angenehmen Sommertemperaturen begann das Fest mit einem Gottesdienst im Gr\u00fcnen. Pfarrer a.D. Hartmann hatte diesen zu seinem Abschied unter Mitwirkung einiger &hellip; <\/p>\n<p><a class=\"more-link btn\" href=\"https:\/\/lossburg-schoemberg.de\/index.php\/rueckblick\/2012-2\/august-sommerfest-in-schoemberg\/\">Weiterlesen<\/a><\/p>\n","protected":false},"author":1,"featured_media":930,"parent":498,"menu_order":16,"comment_status":"open","ping_status":"closed","template":"","meta":{"footnotes":""},"class_list":["post-481","page","type-page","status-publish","has-post-thumbnail","hentry","nodate","item-wrap"],"_links":{"self":[{"href":"https:\/\/lossburg-schoemberg.de\/index.php\/wp-json\/wp\/v2\/pages\/481","targetHints":{"allow":["GET"]}}],"collection":[{"href":"https:\/\/lossburg-schoemberg.de\/index.php\/wp-json\/wp\/v2\/pages"}],"about":[{"href":"https:\/\/lossburg-schoemberg.de\/index.php\/wp-json\/wp\/v2\/types\/page"}],"author":[{"embeddable":true,"href":"https:\/\/lossburg-schoemberg.de\/index.php\/wp-json\/wp\/v2\/users\/1"}],"replies":[{"embeddable":true,"href":"https:\/\/lossburg-schoemberg.de\/index.php\/wp-json\/wp\/v2\/comments?post=481"}],"version-history":[{"count":15,"href":"https:\/\/lossburg-schoemberg.de\/index.php\/wp-json\/wp\/v2\/pages\/481\/revisions"}],"predecessor-version":[{"id":2095,"href":"https:\/\/lossburg-schoemberg.de\/index.php\/wp-json\/wp\/v2\/pages\/481\/revisions\/2095"}],"up":[{"embeddable":true,"href":"https:\/\/lossburg-schoemberg.de\/index.php\/wp-json\/wp\/v2\/pages\/498"}],"wp:featuredmedia":[{"embeddable":true,"href":"https:\/\/lossburg-schoemberg.de\/index.php\/wp-json\/wp\/v2\/media\/930"}],"wp:attachment":[{"href":"https:\/\/lossburg-schoemberg.de\/index.php\/wp-json\/wp\/v2\/media?parent=481"}],"curies":[{"name":"wp","href":"https:\/\/api.w.org\/{rel}","templated":true}]}}