{"id":4791,"date":"2022-02-23T12:51:34","date_gmt":"2022-02-23T11:51:34","guid":{"rendered":"http:\/\/lossburg-schoemberg.de\/?page_id=4791"},"modified":"2022-09-19T22:05:39","modified_gmt":"2022-09-19T20:05:39","slug":"buechervorstellung-andreas-ueberschaer","status":"publish","type":"page","link":"https:\/\/lossburg-schoemberg.de\/index.php\/rueckblick\/2022-2\/buechervorstellung-andreas-ueberschaer\/","title":{"rendered":"B\u00fcchervorstellung Andreas \u00dcberschaer"},"content":{"rendered":"<p>Im Vorfeld der 800 Jahr Feier wird der Sohn des fr\u00fcheren Sch\u00f6mberger Dorfschullehrers, Andreas \u00dcberschaer am <strong>Sa. 18.06.2022 um 15 Uhr <\/strong>seine zwei neu geschriebenen B\u00fccher vorstellen.<\/p>\n<p>Sie sind herzlich Eingeladen ins B\u00fcrgerhaus zu kommen.<\/p>\n<p><a href=\"http:\/\/lossburg-schoemberg.de\/wp-content\/uploads\/2022\/02\/Buechervorstellung.pdf\">Buechervorstellung<\/a><\/p>\n<p>&nbsp;<\/p>\n","protected":false},"excerpt":{"rendered":"<p>Im Vorfeld der 800 Jahr Feier wird der Sohn des fr\u00fcheren Sch\u00f6mberger Dorfschullehrers, Andreas \u00dcberschaer am Sa. 18.06.2022 um 15 Uhr seine zwei neu geschriebenen B\u00fccher vorstellen. Sie sind herzlich Eingeladen ins B\u00fcrgerhaus zu kommen. Buechervorstellung &nbsp;<\/p>\n","protected":false},"author":1,"featured_media":4750,"parent":4842,"menu_order":34,"comment_status":"closed","ping_status":"closed","template":"","meta":{"footnotes":""},"class_list":["post-4791","page","type-page","status-publish","has-post-thumbnail","hentry","nodate","item-wrap"],"_links":{"self":[{"href":"https:\/\/lossburg-schoemberg.de\/index.php\/wp-json\/wp\/v2\/pages\/4791","targetHints":{"allow":["GET"]}}],"collection":[{"href":"https:\/\/lossburg-schoemberg.de\/index.php\/wp-json\/wp\/v2\/pages"}],"about":[{"href":"https:\/\/lossburg-schoemberg.de\/index.php\/wp-json\/wp\/v2\/types\/page"}],"author":[{"embeddable":true,"href":"https:\/\/lossburg-schoemberg.de\/index.php\/wp-json\/wp\/v2\/users\/1"}],"replies":[{"embeddable":true,"href":"https:\/\/lossburg-schoemberg.de\/index.php\/wp-json\/wp\/v2\/comments?post=4791"}],"version-history":[{"count":3,"href":"https:\/\/lossburg-schoemberg.de\/index.php\/wp-json\/wp\/v2\/pages\/4791\/revisions"}],"predecessor-version":[{"id":4796,"href":"https:\/\/lossburg-schoemberg.de\/index.php\/wp-json\/wp\/v2\/pages\/4791\/revisions\/4796"}],"up":[{"embeddable":true,"href":"https:\/\/lossburg-schoemberg.de\/index.php\/wp-json\/wp\/v2\/pages\/4842"}],"wp:featuredmedia":[{"embeddable":true,"href":"https:\/\/lossburg-schoemberg.de\/index.php\/wp-json\/wp\/v2\/media\/4750"}],"wp:attachment":[{"href":"https:\/\/lossburg-schoemberg.de\/index.php\/wp-json\/wp\/v2\/media?parent=4791"}],"curies":[{"name":"wp","href":"https:\/\/api.w.org\/{rel}","templated":true}]}}