{"id":4704,"date":"2022-01-03T12:38:23","date_gmt":"2022-01-03T11:38:23","guid":{"rendered":"http:\/\/lossburg-schoemberg.de\/?page_id=4704"},"modified":"2022-01-21T18:03:57","modified_gmt":"2022-01-21T17:03:57","slug":"2-buecher-von-andreas-ueberschaer","status":"publish","type":"page","link":"https:\/\/lossburg-schoemberg.de\/index.php\/800-jahr-feier\/2-buecher-von-andreas-ueberschaer\/","title":{"rendered":"2 B\u00fccher von Andreas \u00dcberschaer"},"content":{"rendered":"<p>Der Sohn des\u00a0 ehemaligen Sch\u00f6mberger Dorfschullehrers, Andreas \u00dcberschaer hat 2 B\u00fccher geschrieben die derzeit in den Druck gehen. Sie werden zum Termin der Feier verf\u00fcgbar sein.<br \/>\nIm Zuge der Feier werden sie vom Autor vorgestellt und dort auch zum Kauf angeboten.<\/p>\n<p>Hier vorab die Titelseiten der 2 B\u00fccher.\u00a0 Wir Sch\u00f6mberger sind gespannt auf die Inhalte der B\u00fccher.<\/p>\n<p><a href=\"http:\/\/lossburg-schoemberg.de\/wp-content\/uploads\/2022\/01\/Die-Ueberschaers-in-Schoemberg_Umschlag_U1_Band-1-scaled.jpg\"><img loading=\"lazy\" decoding=\"async\" class=\"aligncenter size-large wp-image-4750\" src=\"http:\/\/lossburg-schoemberg.de\/wp-content\/uploads\/2022\/01\/Die-Ueberschaers-in-Schoemberg_Umschlag_U1_Band-1-721x1024.jpg\" alt=\"\" width=\"721\" height=\"1024\" srcset=\"https:\/\/lossburg-schoemberg.de\/wp-content\/uploads\/2022\/01\/Die-Ueberschaers-in-Schoemberg_Umschlag_U1_Band-1-721x1024.jpg 721w, https:\/\/lossburg-schoemberg.de\/wp-content\/uploads\/2022\/01\/Die-Ueberschaers-in-Schoemberg_Umschlag_U1_Band-1-211x300.jpg 211w, https:\/\/lossburg-schoemberg.de\/wp-content\/uploads\/2022\/01\/Die-Ueberschaers-in-Schoemberg_Umschlag_U1_Band-1-768x1091.jpg 768w, https:\/\/lossburg-schoemberg.de\/wp-content\/uploads\/2022\/01\/Die-Ueberschaers-in-Schoemberg_Umschlag_U1_Band-1-1081x1536.jpg 1081w, https:\/\/lossburg-schoemberg.de\/wp-content\/uploads\/2022\/01\/Die-Ueberschaers-in-Schoemberg_Umschlag_U1_Band-1-1442x2048.jpg 1442w, https:\/\/lossburg-schoemberg.de\/wp-content\/uploads\/2022\/01\/Die-Ueberschaers-in-Schoemberg_Umschlag_U1_Band-1-scaled.jpg 1802w\" sizes=\"auto, (max-width: 721px) 100vw, 721px\" \/><\/a> <a href=\"http:\/\/lossburg-schoemberg.de\/wp-content\/uploads\/2022\/01\/Die-Ueberschaers-in-Schoemberg_Umschlag_U1_Band-2-scaled.jpg\"><img loading=\"lazy\" decoding=\"async\" class=\"aligncenter size-large wp-image-4751\" src=\"http:\/\/lossburg-schoemberg.de\/wp-content\/uploads\/2022\/01\/Die-Ueberschaers-in-Schoemberg_Umschlag_U1_Band-2-724x1024.jpg\" alt=\"\" width=\"724\" height=\"1024\" srcset=\"https:\/\/lossburg-schoemberg.de\/wp-content\/uploads\/2022\/01\/Die-Ueberschaers-in-Schoemberg_Umschlag_U1_Band-2-724x1024.jpg 724w, https:\/\/lossburg-schoemberg.de\/wp-content\/uploads\/2022\/01\/Die-Ueberschaers-in-Schoemberg_Umschlag_U1_Band-2-212x300.jpg 212w, https:\/\/lossburg-schoemberg.de\/wp-content\/uploads\/2022\/01\/Die-Ueberschaers-in-Schoemberg_Umschlag_U1_Band-2-768x1086.jpg 768w, https:\/\/lossburg-schoemberg.de\/wp-content\/uploads\/2022\/01\/Die-Ueberschaers-in-Schoemberg_Umschlag_U1_Band-2-1086x1536.jpg 1086w, https:\/\/lossburg-schoemberg.de\/wp-content\/uploads\/2022\/01\/Die-Ueberschaers-in-Schoemberg_Umschlag_U1_Band-2-1448x2048.jpg 1448w, https:\/\/lossburg-schoemberg.de\/wp-content\/uploads\/2022\/01\/Die-Ueberschaers-in-Schoemberg_Umschlag_U1_Band-2-scaled.jpg 1810w\" sizes=\"auto, (max-width: 724px) 100vw, 724px\" \/><\/a><\/p>\n<p>Die Inhaltsverzeichnisse der beiden B\u00fccher, Stand 21.01.2022<\/p>\n<p><a href=\"http:\/\/lossburg-schoemberg.de\/wp-content\/uploads\/2022\/01\/Inhalt-Band-1.jpg\"><img loading=\"lazy\" decoding=\"async\" class=\"aligncenter size-full wp-image-4753\" src=\"http:\/\/lossburg-schoemberg.de\/wp-content\/uploads\/2022\/01\/Inhalt-Band-1.jpg\" alt=\"\" width=\"496\" height=\"613\" srcset=\"https:\/\/lossburg-schoemberg.de\/wp-content\/uploads\/2022\/01\/Inhalt-Band-1.jpg 496w, https:\/\/lossburg-schoemberg.de\/wp-content\/uploads\/2022\/01\/Inhalt-Band-1-243x300.jpg 243w\" sizes=\"auto, (max-width: 496px) 100vw, 496px\" \/><\/a> <a href=\"http:\/\/lossburg-schoemberg.de\/wp-content\/uploads\/2022\/01\/Inhalt-Band-2.jpg\"><img loading=\"lazy\" decoding=\"async\" class=\"aligncenter size-large wp-image-4754\" src=\"http:\/\/lossburg-schoemberg.de\/wp-content\/uploads\/2022\/01\/Inhalt-Band-2.jpg\" alt=\"\" width=\"494\" height=\"613\" srcset=\"https:\/\/lossburg-schoemberg.de\/wp-content\/uploads\/2022\/01\/Inhalt-Band-2.jpg 494w, https:\/\/lossburg-schoemberg.de\/wp-content\/uploads\/2022\/01\/Inhalt-Band-2-242x300.jpg 242w\" sizes=\"auto, (max-width: 494px) 100vw, 494px\" \/><\/a><\/p>\n","protected":false},"excerpt":{"rendered":"<p>Der Sohn des\u00a0 ehemaligen Sch\u00f6mberger Dorfschullehrers, Andreas \u00dcberschaer hat 2 B\u00fccher geschrieben die derzeit in den Druck gehen. Sie werden zum Termin der Feier verf\u00fcgbar sein. Im Zuge der Feier werden sie vom Autor vorgestellt und dort auch zum Kauf angeboten. Hier vorab die Titelseiten der 2 B\u00fccher.\u00a0 Wir Sch\u00f6mberger sind gespannt auf die Inhalte &hellip; <\/p>\n<p><a class=\"more-link btn\" href=\"https:\/\/lossburg-schoemberg.de\/index.php\/800-jahr-feier\/2-buecher-von-andreas-ueberschaer\/\">Weiterlesen<\/a><\/p>\n","protected":false},"author":1,"featured_media":0,"parent":4680,"menu_order":25,"comment_status":"closed","ping_status":"closed","template":"","meta":{"footnotes":""},"class_list":["post-4704","page","type-page","status-publish","hentry","nodate","item-wrap"],"_links":{"self":[{"href":"https:\/\/lossburg-schoemberg.de\/index.php\/wp-json\/wp\/v2\/pages\/4704","targetHints":{"allow":["GET"]}}],"collection":[{"href":"https:\/\/lossburg-schoemberg.de\/index.php\/wp-json\/wp\/v2\/pages"}],"about":[{"href":"https:\/\/lossburg-schoemberg.de\/index.php\/wp-json\/wp\/v2\/types\/page"}],"author":[{"embeddable":true,"href":"https:\/\/lossburg-schoemberg.de\/index.php\/wp-json\/wp\/v2\/users\/1"}],"replies":[{"embeddable":true,"href":"https:\/\/lossburg-schoemberg.de\/index.php\/wp-json\/wp\/v2\/comments?post=4704"}],"version-history":[{"count":5,"href":"https:\/\/lossburg-schoemberg.de\/index.php\/wp-json\/wp\/v2\/pages\/4704\/revisions"}],"predecessor-version":[{"id":4755,"href":"https:\/\/lossburg-schoemberg.de\/index.php\/wp-json\/wp\/v2\/pages\/4704\/revisions\/4755"}],"up":[{"embeddable":true,"href":"https:\/\/lossburg-schoemberg.de\/index.php\/wp-json\/wp\/v2\/pages\/4680"}],"wp:attachment":[{"href":"https:\/\/lossburg-schoemberg.de\/index.php\/wp-json\/wp\/v2\/media?parent=4704"}],"curies":[{"name":"wp","href":"https:\/\/api.w.org\/{rel}","templated":true}]}}