{"id":470,"date":"2012-07-12T14:45:56","date_gmt":"2012-07-12T12:45:56","guid":{"rendered":"http:\/\/beta.lossburg-schoemberg.de\/?page_id=470"},"modified":"2013-04-29T22:04:16","modified_gmt":"2013-04-29T20:04:16","slug":"august-kirche-in-schoemberg","status":"publish","type":"page","link":"https:\/\/lossburg-schoemberg.de\/index.php\/rueckblick\/2012-2\/august-kirche-in-schoemberg\/","title":{"rendered":"August: Kirche in Sch\u00f6mberg"},"content":{"rendered":"<p><a href=\"http:\/\/beta.lossburg-schoemberg.de\/wp-content\/uploads\/2012\/07\/Kirche.jpg\"><img loading=\"lazy\" decoding=\"async\" class=\"alignright size-full wp-image-479\" title=\"Kirche\" alt=\"\" src=\"http:\/\/beta.lossburg-schoemberg.de\/wp-content\/uploads\/2012\/07\/Kirche.jpg\" width=\"400\" height=\"233\" \/><\/a>Am So. 12.08. ist zusammen mit dem Sommerfest in Sch\u00f6mberg der Verabschiedungsgottesdienst von Pfarrer F. Hartmann.<br \/>\nHerr Pfarrer i.R. Frieder Hartmann wird hier in Sch\u00f6mberg zum Ende seines kurzen hier seins selbst den Gottesdienst gestalten.<\/p>\n<p>Wir bedanken uns jetzt schon f\u00fcr die sehr vielf\u00e4ltigen Aktionen, die er und seine Frau angesto\u00dfen haben.<\/p>\n","protected":false},"excerpt":{"rendered":"<p>Am So. 12.08. ist zusammen mit dem Sommerfest in Sch\u00f6mberg der Verabschiedungsgottesdienst von Pfarrer F. Hartmann. Herr Pfarrer i.R. Frieder Hartmann wird hier in Sch\u00f6mberg zum Ende seines kurzen hier seins selbst den Gottesdienst gestalten. Wir bedanken uns jetzt schon f\u00fcr die sehr vielf\u00e4ltigen Aktionen, die er und seine Frau angesto\u00dfen haben.<\/p>\n","protected":false},"author":1,"featured_media":479,"parent":498,"menu_order":14,"comment_status":"open","ping_status":"closed","template":"","meta":{"footnotes":""},"class_list":["post-470","page","type-page","status-publish","has-post-thumbnail","hentry","nodate","item-wrap"],"_links":{"self":[{"href":"https:\/\/lossburg-schoemberg.de\/index.php\/wp-json\/wp\/v2\/pages\/470","targetHints":{"allow":["GET"]}}],"collection":[{"href":"https:\/\/lossburg-schoemberg.de\/index.php\/wp-json\/wp\/v2\/pages"}],"about":[{"href":"https:\/\/lossburg-schoemberg.de\/index.php\/wp-json\/wp\/v2\/types\/page"}],"author":[{"embeddable":true,"href":"https:\/\/lossburg-schoemberg.de\/index.php\/wp-json\/wp\/v2\/users\/1"}],"replies":[{"embeddable":true,"href":"https:\/\/lossburg-schoemberg.de\/index.php\/wp-json\/wp\/v2\/comments?post=470"}],"version-history":[{"count":9,"href":"https:\/\/lossburg-schoemberg.de\/index.php\/wp-json\/wp\/v2\/pages\/470\/revisions"}],"predecessor-version":[{"id":2094,"href":"https:\/\/lossburg-schoemberg.de\/index.php\/wp-json\/wp\/v2\/pages\/470\/revisions\/2094"}],"up":[{"embeddable":true,"href":"https:\/\/lossburg-schoemberg.de\/index.php\/wp-json\/wp\/v2\/pages\/498"}],"wp:featuredmedia":[{"embeddable":true,"href":"https:\/\/lossburg-schoemberg.de\/index.php\/wp-json\/wp\/v2\/media\/479"}],"wp:attachment":[{"href":"https:\/\/lossburg-schoemberg.de\/index.php\/wp-json\/wp\/v2\/media?parent=470"}],"curies":[{"name":"wp","href":"https:\/\/api.w.org\/{rel}","templated":true}]}}