{"id":4686,"date":"2022-01-03T11:07:11","date_gmt":"2022-01-03T10:07:11","guid":{"rendered":"http:\/\/lossburg-schoemberg.de\/?page_id=4686"},"modified":"2022-01-04T19:19:48","modified_gmt":"2022-01-04T18:19:48","slug":"start-der-planungsgruppe-im-februar-2018","status":"publish","type":"page","link":"https:\/\/lossburg-schoemberg.de\/index.php\/800-jahr-feier\/start-der-planungsgruppe-im-februar-2018\/","title":{"rendered":"Start der Planungsgruppe im Februar 2018"},"content":{"rendered":"<p>Fr\u00fchzeitiger Planungsbeginn<\/p>\n<p>Um m\u00f6glichst wenig Kollisionen mit bereits festgelegten Terminen zu haben, war eine der ersten Aufgaben einen passenden Termin festzulegen.\u00a0 Wir wollen die eigentliche Feier auf ein Wochenende beschr\u00e4nken.<\/p>\n<p><strong>Termin 800 Jahr Feier: Fr. 08.07. bis Sonntag 10.07.2022<\/strong><\/p>\n<p>Hier ein Bild der ersten Sitzung der Planungsgruppe. Im Fortgang sind weitere Teilnehmer dazu gekommen.<\/p>\n<p><img decoding=\"async\" class=\"highslide-image\" title=\"Klick um das Bild zu schlie\u00dfen, Klick und Ziehen um es zu verschieben. Benutze Pfeiltasten f\u00fcr Vor und Zur\u00fcck.\" src=\"http:\/\/lossburg-schoemberg.de\/wp-content\/uploads\/2019\/05\/Planungsgruppe800Jahr.jpg\" \/><\/p>\n<p>&nbsp;<\/p>\n<p>Stand Januar 2022 arbeiten folgende Personen an der Vorbereitung der Feier:<\/p>\n<table>\n<tbody>\n<tr>\n<td>Kurt Winter<\/td>\n<td>Ortsvorsteher, Gesamtverantwortung<\/td>\n<\/tr>\n<tr>\n<td>Karl Pfau<\/td>\n<td>Projektleiter<\/td>\n<\/tr>\n<tr>\n<td>Jochen Ge\u00dfler<\/td>\n<td>Bauamtsleiter der Gemeinde Lo\u00dfburg<\/td>\n<\/tr>\n<tr>\n<td>Annette Weidenbach<\/td>\n<td>Vertreterin der Kirchengemeinde<\/td>\n<\/tr>\n<tr>\n<td>Madita Armbruster<\/td>\n<td>Schriftf\u00fchrerin<\/td>\n<\/tr>\n<tr>\n<td>Uli Armbruster<\/td>\n<td>Feuerwehrkommandant<\/td>\n<\/tr>\n<tr>\n<td>Ute Sawall<\/td>\n<td>Vertreterin der Dorfgemeinschaft<\/td>\n<\/tr>\n<tr>\n<td>Hartmut Eberhardt<\/td>\n<td>Gemeinderat<\/td>\n<\/tr>\n<tr>\n<td>Karin Armbruster<\/td>\n<td>Lo\u00dfburg Information<\/td>\n<\/tr>\n<tr>\n<td>D\u00f6rte K\u00fcbler<\/td>\n<td>Ortschaftsr\u00e4tin<\/td>\n<\/tr>\n<tr>\n<td>Marco Eberhardt<\/td>\n<td>Ortschaftsrat<\/td>\n<\/tr>\n<tr>\n<td>Stefan Liebrecht<\/td>\n<td>Ortschaftsrat<\/td>\n<\/tr>\n<tr>\n<td>Claudia Gr\u00e4tsch<\/td>\n<td>Grafik \/ Logo<\/td>\n<\/tr>\n<tr>\n<td><\/td>\n<td><\/td>\n<\/tr>\n<\/tbody>\n<\/table>\n<p>&nbsp;<\/p>\n<p>&nbsp;<\/p>\n<p>&nbsp;<\/p>\n<p>&nbsp;<\/p>\n<p>&nbsp;<\/p>\n<p>&nbsp;<\/p>\n<p>&nbsp;<\/p>\n<p>&nbsp;<\/p>\n<p>&nbsp;<\/p>\n","protected":false},"excerpt":{"rendered":"<p>Fr\u00fchzeitiger Planungsbeginn Um m\u00f6glichst wenig Kollisionen mit bereits festgelegten Terminen zu haben, war eine der ersten Aufgaben einen passenden Termin festzulegen.\u00a0 Wir wollen die eigentliche Feier auf ein Wochenende beschr\u00e4nken. Termin 800 Jahr Feier: Fr. 08.07. bis Sonntag 10.07.2022 Hier ein Bild der ersten Sitzung der Planungsgruppe. Im Fortgang sind weitere Teilnehmer dazu gekommen. &nbsp; &hellip; <\/p>\n<p><a class=\"more-link btn\" href=\"https:\/\/lossburg-schoemberg.de\/index.php\/800-jahr-feier\/start-der-planungsgruppe-im-februar-2018\/\">Weiterlesen<\/a><\/p>\n","protected":false},"author":1,"featured_media":0,"parent":4680,"menu_order":10,"comment_status":"closed","ping_status":"closed","template":"","meta":{"footnotes":""},"class_list":["post-4686","page","type-page","status-publish","hentry","nodate","item-wrap"],"_links":{"self":[{"href":"https:\/\/lossburg-schoemberg.de\/index.php\/wp-json\/wp\/v2\/pages\/4686","targetHints":{"allow":["GET"]}}],"collection":[{"href":"https:\/\/lossburg-schoemberg.de\/index.php\/wp-json\/wp\/v2\/pages"}],"about":[{"href":"https:\/\/lossburg-schoemberg.de\/index.php\/wp-json\/wp\/v2\/types\/page"}],"author":[{"embeddable":true,"href":"https:\/\/lossburg-schoemberg.de\/index.php\/wp-json\/wp\/v2\/users\/1"}],"replies":[{"embeddable":true,"href":"https:\/\/lossburg-schoemberg.de\/index.php\/wp-json\/wp\/v2\/comments?post=4686"}],"version-history":[{"count":6,"href":"https:\/\/lossburg-schoemberg.de\/index.php\/wp-json\/wp\/v2\/pages\/4686\/revisions"}],"predecessor-version":[{"id":4715,"href":"https:\/\/lossburg-schoemberg.de\/index.php\/wp-json\/wp\/v2\/pages\/4686\/revisions\/4715"}],"up":[{"embeddable":true,"href":"https:\/\/lossburg-schoemberg.de\/index.php\/wp-json\/wp\/v2\/pages\/4680"}],"wp:attachment":[{"href":"https:\/\/lossburg-schoemberg.de\/index.php\/wp-json\/wp\/v2\/media?parent=4686"}],"curies":[{"name":"wp","href":"https:\/\/api.w.org\/{rel}","templated":true}]}}