{"id":4660,"date":"2021-12-13T21:15:16","date_gmt":"2021-12-13T20:15:16","guid":{"rendered":"http:\/\/lossburg-schoemberg.de\/?page_id=4660"},"modified":"2022-11-27T21:08:19","modified_gmt":"2022-11-27T20:08:19","slug":"schdieble","status":"publish","type":"page","link":"https:\/\/lossburg-schoemberg.de\/index.php\/gastronomie\/schdieble\/","title":{"rendered":"Schdieble"},"content":{"rendered":"<p><span style=\"font-size: 18pt;\"><strong>Schdieble Sch\u00f6mberg, Darts Lokal<\/strong><\/span>.\u00a0 Inhaber: Thomas Fink<\/p>\n<p>DC Schdieble Dartmannschaft, <em>Stand: November 2021<\/em><br \/>\nVerantwortlich: Timo Leiske, Thomas Fink<\/p>\n<p>Spielort: Schdieble Sch\u00f6mberg, Ortsstra\u00dfe 26, Sch\u00f6mberg, 72290 Lo\u00dfburg<br \/>\n6 Spieler<\/p>\n<p>Zuschauer \/ G\u00e4ste willkommen<\/p>\n<p>Nach Corona: Spiel jeden 2. Samstag im Monat<\/p>\n<div id=\"attachment_4666\" style=\"width: 847px\" class=\"wp-caption aligncenter\"><a href=\"http:\/\/lossburg-schoemberg.de\/wp-content\/uploads\/2021\/12\/DSC_8683-scaled.jpg\"><img loading=\"lazy\" decoding=\"async\" aria-describedby=\"caption-attachment-4666\" class=\"size-large wp-image-4666\" src=\"http:\/\/lossburg-schoemberg.de\/wp-content\/uploads\/2021\/12\/DSC_8683-1024x680.jpg\" alt=\"\" width=\"847\" height=\"562\" srcset=\"https:\/\/lossburg-schoemberg.de\/wp-content\/uploads\/2021\/12\/DSC_8683-1024x680.jpg 1024w, https:\/\/lossburg-schoemberg.de\/wp-content\/uploads\/2021\/12\/DSC_8683-300x199.jpg 300w, https:\/\/lossburg-schoemberg.de\/wp-content\/uploads\/2021\/12\/DSC_8683-768x510.jpg 768w, https:\/\/lossburg-schoemberg.de\/wp-content\/uploads\/2021\/12\/DSC_8683-1536x1020.jpg 1536w, https:\/\/lossburg-schoemberg.de\/wp-content\/uploads\/2021\/12\/DSC_8683-2048x1360.jpg 2048w\" sizes=\"auto, (max-width: 847px) 100vw, 847px\" \/><\/a><p id=\"caption-attachment-4666\" class=\"wp-caption-text\">Darts Mannschaft 2021<\/p><\/div>\n<p><a href=\"http:\/\/lossburg-schoemberg.de\/wp-content\/uploads\/2021\/12\/Schild-Schdieble.jpg\"><img loading=\"lazy\" decoding=\"async\" class=\"alignleft wp-image-4661 size-medium\" src=\"http:\/\/lossburg-schoemberg.de\/wp-content\/uploads\/2021\/12\/Schild-Schdieble-300x244.jpg\" alt=\"\" width=\"300\" height=\"244\" srcset=\"https:\/\/lossburg-schoemberg.de\/wp-content\/uploads\/2021\/12\/Schild-Schdieble-300x244.jpg 300w, https:\/\/lossburg-schoemberg.de\/wp-content\/uploads\/2021\/12\/Schild-Schdieble-768x624.jpg 768w, https:\/\/lossburg-schoemberg.de\/wp-content\/uploads\/2021\/12\/Schild-Schdieble.jpg 858w\" sizes=\"auto, (max-width: 300px) 100vw, 300px\" \/><\/a><\/p>\n","protected":false},"excerpt":{"rendered":"<p>Schdieble Sch\u00f6mberg, Darts Lokal.\u00a0 Inhaber: Thomas Fink DC Schdieble Dartmannschaft, Stand: November 2021 Verantwortlich: Timo Leiske, Thomas Fink Spielort: Schdieble Sch\u00f6mberg, Ortsstra\u00dfe 26, Sch\u00f6mberg, 72290 Lo\u00dfburg 6 Spieler Zuschauer \/ G\u00e4ste willkommen Nach Corona: Spiel jeden 2. Samstag im Monat<\/p>\n","protected":false},"author":1,"featured_media":4661,"parent":16,"menu_order":4,"comment_status":"closed","ping_status":"closed","template":"","meta":{"footnotes":""},"class_list":["post-4660","page","type-page","status-publish","has-post-thumbnail","hentry","nodate","item-wrap"],"_links":{"self":[{"href":"https:\/\/lossburg-schoemberg.de\/index.php\/wp-json\/wp\/v2\/pages\/4660","targetHints":{"allow":["GET"]}}],"collection":[{"href":"https:\/\/lossburg-schoemberg.de\/index.php\/wp-json\/wp\/v2\/pages"}],"about":[{"href":"https:\/\/lossburg-schoemberg.de\/index.php\/wp-json\/wp\/v2\/types\/page"}],"author":[{"embeddable":true,"href":"https:\/\/lossburg-schoemberg.de\/index.php\/wp-json\/wp\/v2\/users\/1"}],"replies":[{"embeddable":true,"href":"https:\/\/lossburg-schoemberg.de\/index.php\/wp-json\/wp\/v2\/comments?post=4660"}],"version-history":[{"count":6,"href":"https:\/\/lossburg-schoemberg.de\/index.php\/wp-json\/wp\/v2\/pages\/4660\/revisions"}],"predecessor-version":[{"id":4880,"href":"https:\/\/lossburg-schoemberg.de\/index.php\/wp-json\/wp\/v2\/pages\/4660\/revisions\/4880"}],"up":[{"embeddable":true,"href":"https:\/\/lossburg-schoemberg.de\/index.php\/wp-json\/wp\/v2\/pages\/16"}],"wp:featuredmedia":[{"embeddable":true,"href":"https:\/\/lossburg-schoemberg.de\/index.php\/wp-json\/wp\/v2\/media\/4661"}],"wp:attachment":[{"href":"https:\/\/lossburg-schoemberg.de\/index.php\/wp-json\/wp\/v2\/media?parent=4660"}],"curies":[{"name":"wp","href":"https:\/\/api.w.org\/{rel}","templated":true}]}}