{"id":464,"date":"2012-07-12T14:14:46","date_gmt":"2012-07-12T12:14:46","guid":{"rendered":"http:\/\/beta.lossburg-schoemberg.de\/?page_id=464"},"modified":"2013-04-29T22:03:41","modified_gmt":"2013-04-29T20:03:41","slug":"juli-besuch-der-partnergemeinde-harta","status":"publish","type":"page","link":"https:\/\/lossburg-schoemberg.de\/index.php\/rueckblick\/2012-2\/juli-besuch-der-partnergemeinde-harta\/","title":{"rendered":"Juli: Besuch der Partnergemeinde Harta"},"content":{"rendered":"<p>Am Fr. 20.07. werden die G\u00e4ste aus Harta, der Partnergemeinde von Lo\u00dfburg bei einem Besuch in Sch\u00f6mberg sehen, wie unter anderem im Wald ein Baum gef\u00e4llt wird.<br \/>\nIm Anschluss gibt es ein Mittagessen im B\u00fcrger- und G\u00e4stehaus in Sch\u00f6mberg.<\/p>\n<p><a href=\"http:\/\/beta.lossburg-schoemberg.de\/wp-content\/uploads\/2012\/07\/holz.jpg\"><img loading=\"lazy\" decoding=\"async\" class=\"aligncenter size-medium wp-image-491\" title=\"holz\" alt=\"\" src=\"http:\/\/beta.lossburg-schoemberg.de\/wp-content\/uploads\/2012\/07\/holz-640x300.jpg\" width=\"640\" height=\"300\" srcset=\"https:\/\/lossburg-schoemberg.de\/wp-content\/uploads\/2012\/07\/holz-640x300.jpg 640w, https:\/\/lossburg-schoemberg.de\/wp-content\/uploads\/2012\/07\/holz.jpg 1024w\" sizes=\"auto, (max-width: 640px) 100vw, 640px\" \/><\/a><\/p>\n","protected":false},"excerpt":{"rendered":"<p>Am Fr. 20.07. werden die G\u00e4ste aus Harta, der Partnergemeinde von Lo\u00dfburg bei einem Besuch in Sch\u00f6mberg sehen, wie unter anderem im Wald ein Baum gef\u00e4llt wird. Im Anschluss gibt es ein Mittagessen im B\u00fcrger- und G\u00e4stehaus in Sch\u00f6mberg.<\/p>\n","protected":false},"author":1,"featured_media":491,"parent":498,"menu_order":12,"comment_status":"open","ping_status":"closed","template":"","meta":{"footnotes":""},"class_list":["post-464","page","type-page","status-publish","has-post-thumbnail","hentry","nodate","item-wrap"],"_links":{"self":[{"href":"https:\/\/lossburg-schoemberg.de\/index.php\/wp-json\/wp\/v2\/pages\/464","targetHints":{"allow":["GET"]}}],"collection":[{"href":"https:\/\/lossburg-schoemberg.de\/index.php\/wp-json\/wp\/v2\/pages"}],"about":[{"href":"https:\/\/lossburg-schoemberg.de\/index.php\/wp-json\/wp\/v2\/types\/page"}],"author":[{"embeddable":true,"href":"https:\/\/lossburg-schoemberg.de\/index.php\/wp-json\/wp\/v2\/users\/1"}],"replies":[{"embeddable":true,"href":"https:\/\/lossburg-schoemberg.de\/index.php\/wp-json\/wp\/v2\/comments?post=464"}],"version-history":[{"count":5,"href":"https:\/\/lossburg-schoemberg.de\/index.php\/wp-json\/wp\/v2\/pages\/464\/revisions"}],"predecessor-version":[{"id":2093,"href":"https:\/\/lossburg-schoemberg.de\/index.php\/wp-json\/wp\/v2\/pages\/464\/revisions\/2093"}],"up":[{"embeddable":true,"href":"https:\/\/lossburg-schoemberg.de\/index.php\/wp-json\/wp\/v2\/pages\/498"}],"wp:featuredmedia":[{"embeddable":true,"href":"https:\/\/lossburg-schoemberg.de\/index.php\/wp-json\/wp\/v2\/media\/491"}],"wp:attachment":[{"href":"https:\/\/lossburg-schoemberg.de\/index.php\/wp-json\/wp\/v2\/media?parent=464"}],"curies":[{"name":"wp","href":"https:\/\/api.w.org\/{rel}","templated":true}]}}