{"id":4607,"date":"2021-05-23T23:02:31","date_gmt":"2021-05-23T21:02:31","guid":{"rendered":"http:\/\/lossburg-schoemberg.de\/?page_id=4607"},"modified":"2022-01-03T22:20:45","modified_gmt":"2022-01-03T21:20:45","slug":"verabschiedungen-in-der-kirche","status":"publish","type":"page","link":"https:\/\/lossburg-schoemberg.de\/index.php\/rueckblick\/2021-2\/verabschiedungen-in-der-kirche\/","title":{"rendered":"Verabschiedungen in der Kirche"},"content":{"rendered":"<p><strong>Bereits am 01.12.2019 mit Beginn des Kirchenjahres wurde die Kirchengemeinde Sch\u00f6mberg zusammengef\u00fchrt mit der Kirchengemeinde Lo\u00dfburg.<\/strong><\/p>\n<p>Am Pfingstsonntag 2021 hat unser Pfarrer Martin Frank seinen letzten planm\u00e4\u00dfigen Gottesdienst gehalten.<br \/>\nEr geht in Ruhestand.<br \/>\nWir sind dankbar f\u00fcr die Zeit in der er hier war.<br \/>\nEs hat sich sehr viel bewegt in dieser Zeit, das gr\u00f6\u00dfte Projekt war die Sanierung der Kirche das sehr gut gelungen ist. Ein weiterer Gewinn sind die aufw\u00e4ndig recherchierten Tafeln mit der Geschichte der Sch\u00f6mberger Kirche als dauerhafte Erinnerung an die Zeit Martin Frank\u00b4s.<\/p>\n<p>Auch der Sch\u00f6mberger Kirchenchor, den es seit ca. 1920 gab, hatte seinen letzten Auftritt. In besten Zeiten bestand der Chor aus 18 S\u00e4ngerinnen und S\u00e4ngern. In den letzten Jahren sind einige gestorben oder weggezogen. Jetzt zum Ende waren es noch ca. 10 S\u00e4nger. (unten im Bild sind es 8)<\/p>\n<p>Die Leiterin des Kirchenchores, Frau Renate Pusich-Ke\u00dfelhuth wurde nach 30-j\u00e4hriger T\u00e4tigkeit als Chorleiterin und Organistin ebenfalls verabschiedet. Sie wohnt in Schopfloch, ist f\u00fcr viele kirchliche Anl\u00e4sse, sei es Gottesdienste, Hochzeiten, Beerdigungen usw. nach Sch\u00f6mberg gekommen.<br \/>\nIhr auch herzlichen Dank f\u00fcr die vielen von ihr geleiteten Chorproben, die vielen Auftritte in der Kirche sei es als Organistin, Chorleitung oder auch am Keyboard.<\/p>\n<p>&nbsp;<\/p>\n<div id=\"attachment_4608\" style=\"width: 847px\" class=\"wp-caption aligncenter\"><a href=\"http:\/\/lossburg-schoemberg.de\/wp-content\/uploads\/2021\/05\/Pfingsgottesdienst-1-scaled.jpg\"><img loading=\"lazy\" decoding=\"async\" aria-describedby=\"caption-attachment-4608\" class=\"wp-image-4608 size-large\" src=\"http:\/\/lossburg-schoemberg.de\/wp-content\/uploads\/2021\/05\/Pfingsgottesdienst-1-1024x598.jpg\" alt=\"\" width=\"847\" height=\"495\" srcset=\"https:\/\/lossburg-schoemberg.de\/wp-content\/uploads\/2021\/05\/Pfingsgottesdienst-1-1024x598.jpg 1024w, https:\/\/lossburg-schoemberg.de\/wp-content\/uploads\/2021\/05\/Pfingsgottesdienst-1-300x175.jpg 300w, https:\/\/lossburg-schoemberg.de\/wp-content\/uploads\/2021\/05\/Pfingsgottesdienst-1-768x449.jpg 768w, https:\/\/lossburg-schoemberg.de\/wp-content\/uploads\/2021\/05\/Pfingsgottesdienst-1-1536x897.jpg 1536w, https:\/\/lossburg-schoemberg.de\/wp-content\/uploads\/2021\/05\/Pfingsgottesdienst-1-2048x1196.jpg 2048w\" sizes=\"auto, (max-width: 847px) 100vw, 847px\" \/><\/a><p id=\"caption-attachment-4608\" class=\"wp-caption-text\">Im Bild von links: Renate Pusich-Ke\u00dfelhuth, Erika B\u00fchler, Pfarrer Martin Frank, Monika und Johanna Ziegler, Adolf Armbruster, Waltraud Eberhardt, Margit Mehnert<\/p><\/div>\n<p>&nbsp;<\/p>\n","protected":false},"excerpt":{"rendered":"<p>Bereits am 01.12.2019 mit Beginn des Kirchenjahres wurde die Kirchengemeinde Sch\u00f6mberg zusammengef\u00fchrt mit der Kirchengemeinde Lo\u00dfburg. Am Pfingstsonntag 2021 hat unser Pfarrer Martin Frank seinen letzten planm\u00e4\u00dfigen Gottesdienst gehalten. Er geht in Ruhestand. Wir sind dankbar f\u00fcr die Zeit in der er hier war. Es hat sich sehr viel bewegt in dieser Zeit, das gr\u00f6\u00dfte &hellip; <\/p>\n<p><a class=\"more-link btn\" href=\"https:\/\/lossburg-schoemberg.de\/index.php\/rueckblick\/2021-2\/verabschiedungen-in-der-kirche\/\">Weiterlesen<\/a><\/p>\n","protected":false},"author":1,"featured_media":4610,"parent":4707,"menu_order":20,"comment_status":"closed","ping_status":"closed","template":"","meta":{"footnotes":""},"class_list":["post-4607","page","type-page","status-publish","has-post-thumbnail","hentry","nodate","item-wrap"],"_links":{"self":[{"href":"https:\/\/lossburg-schoemberg.de\/index.php\/wp-json\/wp\/v2\/pages\/4607","targetHints":{"allow":["GET"]}}],"collection":[{"href":"https:\/\/lossburg-schoemberg.de\/index.php\/wp-json\/wp\/v2\/pages"}],"about":[{"href":"https:\/\/lossburg-schoemberg.de\/index.php\/wp-json\/wp\/v2\/types\/page"}],"author":[{"embeddable":true,"href":"https:\/\/lossburg-schoemberg.de\/index.php\/wp-json\/wp\/v2\/users\/1"}],"replies":[{"embeddable":true,"href":"https:\/\/lossburg-schoemberg.de\/index.php\/wp-json\/wp\/v2\/comments?post=4607"}],"version-history":[{"count":4,"href":"https:\/\/lossburg-schoemberg.de\/index.php\/wp-json\/wp\/v2\/pages\/4607\/revisions"}],"predecessor-version":[{"id":4621,"href":"https:\/\/lossburg-schoemberg.de\/index.php\/wp-json\/wp\/v2\/pages\/4607\/revisions\/4621"}],"up":[{"embeddable":true,"href":"https:\/\/lossburg-schoemberg.de\/index.php\/wp-json\/wp\/v2\/pages\/4707"}],"wp:featuredmedia":[{"embeddable":true,"href":"https:\/\/lossburg-schoemberg.de\/index.php\/wp-json\/wp\/v2\/media\/4610"}],"wp:attachment":[{"href":"https:\/\/lossburg-schoemberg.de\/index.php\/wp-json\/wp\/v2\/media?parent=4607"}],"curies":[{"name":"wp","href":"https:\/\/api.w.org\/{rel}","templated":true}]}}