{"id":4597,"date":"2021-05-11T22:24:58","date_gmt":"2021-05-11T20:24:58","guid":{"rendered":"http:\/\/lossburg-schoemberg.de\/?page_id=4597"},"modified":"2022-09-19T21:39:58","modified_gmt":"2022-09-19T19:39:58","slug":"bedruckte-produkte","status":"publish","type":"page","link":"https:\/\/lossburg-schoemberg.de\/index.php\/rueckblick\/2022-2\/bedruckte-produkte\/","title":{"rendered":"Bedruckte Produkte"},"content":{"rendered":"<p>Liebe Sch\u00f6mberger und Freunde vom Sch\u00f6mberg,<\/p>\n<p>in K\u00fcrze gibt es sch\u00f6ne gro\u00dfe Tassen und wahlweise T-Shirts oder Polo Shirts mit dem Logo der 800 Jahr Feier in 2022.<\/p>\n<p>Sobald ich mehr Informationen habe, werde ich hier die Auswahl der Gr\u00f6\u00dfen und die Bezugsm\u00f6glichkeiten ver\u00f6ffentlichen.<br \/>\nHier ein kleiner Vorgeschmack, ein T-Shirt sogar wie es angezogen aussieht.<\/p>\n<p><a href=\"http:\/\/lossburg-schoemberg.de\/wp-content\/uploads\/2021\/05\/Tasse-scaled.jpg\"><img loading=\"lazy\" decoding=\"async\" class=\"aligncenter size-large wp-image-4599\" src=\"http:\/\/lossburg-schoemberg.de\/wp-content\/uploads\/2021\/05\/Tasse-775x1024.jpg\" alt=\"\" width=\"775\" height=\"1024\" srcset=\"https:\/\/lossburg-schoemberg.de\/wp-content\/uploads\/2021\/05\/Tasse-775x1024.jpg 775w, https:\/\/lossburg-schoemberg.de\/wp-content\/uploads\/2021\/05\/Tasse-227x300.jpg 227w, https:\/\/lossburg-schoemberg.de\/wp-content\/uploads\/2021\/05\/Tasse-768x1015.jpg 768w, https:\/\/lossburg-schoemberg.de\/wp-content\/uploads\/2021\/05\/Tasse-1162x1536.jpg 1162w, https:\/\/lossburg-schoemberg.de\/wp-content\/uploads\/2021\/05\/Tasse-1549x2048.jpg 1549w, https:\/\/lossburg-schoemberg.de\/wp-content\/uploads\/2021\/05\/Tasse-scaled.jpg 1937w\" sizes=\"auto, (max-width: 775px) 100vw, 775px\" \/><\/a> <a href=\"http:\/\/lossburg-schoemberg.de\/wp-content\/uploads\/2021\/05\/T-Shirt-bedruckt-scaled.jpg\"><img loading=\"lazy\" decoding=\"async\" class=\"aligncenter size-large wp-image-4600\" src=\"http:\/\/lossburg-schoemberg.de\/wp-content\/uploads\/2021\/05\/T-Shirt-bedruckt-1011x1024.jpg\" alt=\"\" width=\"847\" height=\"858\" srcset=\"https:\/\/lossburg-schoemberg.de\/wp-content\/uploads\/2021\/05\/T-Shirt-bedruckt-1011x1024.jpg 1011w, https:\/\/lossburg-schoemberg.de\/wp-content\/uploads\/2021\/05\/T-Shirt-bedruckt-296x300.jpg 296w, https:\/\/lossburg-schoemberg.de\/wp-content\/uploads\/2021\/05\/T-Shirt-bedruckt-768x778.jpg 768w, https:\/\/lossburg-schoemberg.de\/wp-content\/uploads\/2021\/05\/T-Shirt-bedruckt-1516x1536.jpg 1516w, https:\/\/lossburg-schoemberg.de\/wp-content\/uploads\/2021\/05\/T-Shirt-bedruckt-2021x2048.jpg 2021w\" sizes=\"auto, (max-width: 847px) 100vw, 847px\" \/><\/a> <a href=\"http:\/\/lossburg-schoemberg.de\/wp-content\/uploads\/2021\/05\/T-Shirt-scaled.jpg\"><img loading=\"lazy\" decoding=\"async\" class=\"aligncenter size-large wp-image-4601\" src=\"http:\/\/lossburg-schoemberg.de\/wp-content\/uploads\/2021\/05\/T-Shirt-768x1024.jpg\" alt=\"\" width=\"768\" height=\"1024\" srcset=\"https:\/\/lossburg-schoemberg.de\/wp-content\/uploads\/2021\/05\/T-Shirt-768x1024.jpg 768w, https:\/\/lossburg-schoemberg.de\/wp-content\/uploads\/2021\/05\/T-Shirt-225x300.jpg 225w, https:\/\/lossburg-schoemberg.de\/wp-content\/uploads\/2021\/05\/T-Shirt-1152x1536.jpg 1152w, https:\/\/lossburg-schoemberg.de\/wp-content\/uploads\/2021\/05\/T-Shirt-1536x2048.jpg 1536w, https:\/\/lossburg-schoemberg.de\/wp-content\/uploads\/2021\/05\/T-Shirt-scaled.jpg 1920w\" sizes=\"auto, (max-width: 768px) 100vw, 768px\" \/><\/a><a href=\"http:\/\/lossburg-schoemberg.de\/wp-content\/uploads\/2021\/05\/Polo-Shirt-scaled.jpg\"><img loading=\"lazy\" decoding=\"async\" class=\"aligncenter size-large wp-image-4598\" src=\"http:\/\/lossburg-schoemberg.de\/wp-content\/uploads\/2021\/05\/Polo-Shirt-965x1024.jpg\" alt=\"\" width=\"847\" height=\"899\" srcset=\"https:\/\/lossburg-schoemberg.de\/wp-content\/uploads\/2021\/05\/Polo-Shirt-965x1024.jpg 965w, https:\/\/lossburg-schoemberg.de\/wp-content\/uploads\/2021\/05\/Polo-Shirt-283x300.jpg 283w, https:\/\/lossburg-schoemberg.de\/wp-content\/uploads\/2021\/05\/Polo-Shirt-768x815.jpg 768w, https:\/\/lossburg-schoemberg.de\/wp-content\/uploads\/2021\/05\/Polo-Shirt-1447x1536.jpg 1447w, https:\/\/lossburg-schoemberg.de\/wp-content\/uploads\/2021\/05\/Polo-Shirt-1929x2048.jpg 1929w\" sizes=\"auto, (max-width: 847px) 100vw, 847px\" \/><\/a><\/p>\n","protected":false},"excerpt":{"rendered":"<p>Liebe Sch\u00f6mberger und Freunde vom Sch\u00f6mberg, in K\u00fcrze gibt es sch\u00f6ne gro\u00dfe Tassen und wahlweise T-Shirts oder Polo Shirts mit dem Logo der 800 Jahr Feier in 2022. Sobald ich mehr Informationen habe, werde ich hier die Auswahl der Gr\u00f6\u00dfen und die Bezugsm\u00f6glichkeiten ver\u00f6ffentlichen. Hier ein kleiner Vorgeschmack, ein T-Shirt sogar wie es angezogen aussieht.<\/p>\n","protected":false},"author":1,"featured_media":4599,"parent":4842,"menu_order":48,"comment_status":"closed","ping_status":"closed","template":"","meta":{"footnotes":""},"class_list":["post-4597","page","type-page","status-publish","has-post-thumbnail","hentry","nodate","item-wrap"],"_links":{"self":[{"href":"https:\/\/lossburg-schoemberg.de\/index.php\/wp-json\/wp\/v2\/pages\/4597","targetHints":{"allow":["GET"]}}],"collection":[{"href":"https:\/\/lossburg-schoemberg.de\/index.php\/wp-json\/wp\/v2\/pages"}],"about":[{"href":"https:\/\/lossburg-schoemberg.de\/index.php\/wp-json\/wp\/v2\/types\/page"}],"author":[{"embeddable":true,"href":"https:\/\/lossburg-schoemberg.de\/index.php\/wp-json\/wp\/v2\/users\/1"}],"replies":[{"embeddable":true,"href":"https:\/\/lossburg-schoemberg.de\/index.php\/wp-json\/wp\/v2\/comments?post=4597"}],"version-history":[{"count":3,"href":"https:\/\/lossburg-schoemberg.de\/index.php\/wp-json\/wp\/v2\/pages\/4597\/revisions"}],"predecessor-version":[{"id":4604,"href":"https:\/\/lossburg-schoemberg.de\/index.php\/wp-json\/wp\/v2\/pages\/4597\/revisions\/4604"}],"up":[{"embeddable":true,"href":"https:\/\/lossburg-schoemberg.de\/index.php\/wp-json\/wp\/v2\/pages\/4842"}],"wp:featuredmedia":[{"embeddable":true,"href":"https:\/\/lossburg-schoemberg.de\/index.php\/wp-json\/wp\/v2\/media\/4599"}],"wp:attachment":[{"href":"https:\/\/lossburg-schoemberg.de\/index.php\/wp-json\/wp\/v2\/media?parent=4597"}],"curies":[{"name":"wp","href":"https:\/\/api.w.org\/{rel}","templated":true}]}}