{"id":4526,"date":"2021-01-18T21:29:53","date_gmt":"2021-01-18T20:29:53","guid":{"rendered":"http:\/\/lossburg-schoemberg.de\/?page_id=4526"},"modified":"2025-10-23T14:02:27","modified_gmt":"2025-10-23T12:02:27","slug":"2010-2019","status":"publish","type":"page","link":"https:\/\/lossburg-schoemberg.de\/index.php\/ort\/geschichte\/2010-2019\/","title":{"rendered":"2010 &#8211; 2019"},"content":{"rendered":"<table border=\"0\">\n<tbody>\n<tr>\n<td valign=\"top\"><strong>\u00a02010<\/strong><\/td>\n<td>\n<ul>\n<li>Das Jahr beginnt mit einem tollen Winter. Stabile Schneelage von Januar bis Ende M\u00e4rz.<\/li>\n<li>F\u00fcr den digitalen Sprechfunk der Rettungsdienste im Baden-W\u00fcrttemberg wird in Sch\u00f6mberg ein Sendemast aufgestellt.<\/li>\n<\/ul>\n<\/td>\n<\/tr>\n<tr>\n<td valign=\"top\"><strong>\u00a02011<\/strong><\/td>\n<td>\n<ul>\n<li>Ein Buch: Sch\u00f6mberg &#8222;Die sch\u00f6ne am Berg&#8220; wird vorgestellt. Darin sind Beitr\u00e4ge zur Sch\u00f6mberger Heimatgeschichte und zur Reformationsgeschichte des Klosters Alpirsbach.<br \/>\nIm Bild: Ortsvorsteher Kurt Winter, Werner Joppek vom Heimat- und Museumsverein Lo\u00dfburg, B\u00fcrgermeister Thilo Schreiber<\/li>\n<\/ul>\n<p><a href=\"http:\/\/beta.lossburg-schoemberg.de\/wp-content\/uploads\/2012\/08\/Buchuebergabe.jpg\"><img loading=\"lazy\" decoding=\"async\" class=\"alignnone wp-image-1162\" title=\"Buchuebergabe\" src=\"http:\/\/beta.lossburg-schoemberg.de\/wp-content\/uploads\/2012\/08\/Buchuebergabe.jpg\" alt=\"\" width=\"351\" height=\"295\" srcset=\"https:\/\/lossburg-schoemberg.de\/wp-content\/uploads\/2012\/08\/Buchuebergabe.jpg 1814w, https:\/\/lossburg-schoemberg.de\/wp-content\/uploads\/2012\/08\/Buchuebergabe-300x251.jpg 300w, https:\/\/lossburg-schoemberg.de\/wp-content\/uploads\/2012\/08\/Buchuebergabe-1024x859.jpg 1024w\" sizes=\"auto, (max-width: 351px) 100vw, 351px\" \/><\/a><\/p>\n<ul>\n<li>Pfarrer Frieder Hartmann zieht f\u00fcr knapp 2 Jahre ins Pfarrhaus ein und \u00fcbernimmt als Pension\u00e4r die wichtigsten kirchlichen Dienste<\/li>\n<\/ul>\n<\/td>\n<\/tr>\n<tr>\n<td valign=\"top\"><strong>\u00a02012<\/strong><\/td>\n<td>\n<ul>\n<li>Der Friedhof in Sch\u00f6mberg wird neu \u00fcberplant.<br \/>\nF\u00fcr Unrengr\u00e4ber wird mehr Platz geschaffen, einige Wege werden umgestaltet<\/li>\n<li>Pfarrer Martin Frank zieht ins Pfarrhaus ein als regul\u00e4rer Pfarrer f\u00fcr die Kichengemeinden Sch\u00f6mberg, Reinerzau und Oberehlenbogen.<\/li>\n<\/ul>\n<\/td>\n<\/tr>\n<tr>\n<td valign=\"top\">\u00a0<strong>2013<\/strong><\/td>\n<td>\n<ul>\n<li>\u00a0Sch\u00f6mberg hat die M\u00f6glichkeit, f\u00fcr eine neue Freizeiteinrichtung Leader-Plus-F\u00f6rderung zu beantragen. Der Ortschaftsrat nimmt diese F\u00f6rderm\u00f6glichkeit an und plant, den Spielplatz oberer Wald, deutlich aufzuwerten.<\/li>\n<\/ul>\n<\/td>\n<\/tr>\n<tr>\n<td valign=\"top\">\u00a0<strong>2014<\/strong><\/td>\n<td>\n<ul>\n<li>\u00a0Beim Spielplatz oberer Wald wird die \u00fcber 40 Jahre alte Holzh\u00fctte abgebrochen, um eine gr\u00f6\u00dfere, neue Schutzh\u00fctte zu bauen, die Wasser, Abwasser und Stromanschluss haben wird. Dadurch sind auch WC\u00b4s am Spielplatz m\u00f6glich.<\/li>\n<\/ul>\n<\/td>\n<\/tr>\n<tr>\n<td valign=\"top\">\u00a0\u00a0<strong>2015<\/strong><\/td>\n<td>\n<ul>\n<li>\u00a0Der Neubau der Schutzh\u00fctte geht voran. Viele Sch\u00f6mberger verrichten Handwerksarbeiten beim Bau der Schutzh\u00fctte, sie werden von vielen weiteren Sch\u00f6mbergern unterst\u00fctzt.<\/li>\n<li>&#8222;Sch\u00f6ne D\u00f6rfer im S\u00fcdwesten&#8220; F\u00fcr diese Sendereihe des SWR wurde in Sch\u00f6mberg ein Fernsehbeitrag gedreht und im Mai ausgestrahlt. Sch\u00f6mberg war unter den 15 sch\u00f6nsten D\u00f6rfern dabei.<\/li>\n<li>Sch\u00f6mberg wird \u00fcberrascht von der Nachricht, dass hier gro\u00dfe Windr\u00e4der gebaut werden sollen. Viele sind entsetzt, wie r\u00fccksichtslos mit unserer sch\u00f6nen Landschaft umgegangen wird. Auch in unseren gesunden, gut im Wuchs sehenden Plenterwald darf niemals eingegriffen werden.<\/li>\n<\/ul>\n<\/td>\n<\/tr>\n<tr>\n<td valign=\"top\">\u00a0\u00a0<strong>2016<\/strong><\/td>\n<td>\n<ul>\n<li>\u00a0Gleich zu Beginn des Jahres ist die Schutzh\u00fctte -ein echtes Juwel- soweit fertiggestellt, dass sie benutzt werden kann. Sie war schon nach kurzer Zeit f\u00fcr fast alle Wochenenden des Jahres ausgebucht.<br \/>\nDie Besucher sind begeistert von diesem sch\u00f6nen Blockhaus.<\/li>\n<\/ul>\n<p><a href=\"http:\/\/lossburg-schoemberg.de\/wp-content\/uploads\/2021\/01\/Blockhaus2Sept17-scaled.jpg\"><img loading=\"lazy\" decoding=\"async\" class=\"aligncenter size-large wp-image-4533\" src=\"http:\/\/lossburg-schoemberg.de\/wp-content\/uploads\/2021\/01\/Blockhaus2Sept17-1024x576.jpg\" alt=\"\" width=\"847\" height=\"476\" srcset=\"https:\/\/lossburg-schoemberg.de\/wp-content\/uploads\/2021\/01\/Blockhaus2Sept17-1024x576.jpg 1024w, https:\/\/lossburg-schoemberg.de\/wp-content\/uploads\/2021\/01\/Blockhaus2Sept17-300x169.jpg 300w, https:\/\/lossburg-schoemberg.de\/wp-content\/uploads\/2021\/01\/Blockhaus2Sept17-768x432.jpg 768w, https:\/\/lossburg-schoemberg.de\/wp-content\/uploads\/2021\/01\/Blockhaus2Sept17-2048x1153.jpg 2048w\" sizes=\"auto, (max-width: 847px) 100vw, 847px\" \/><\/a> <a href=\"http:\/\/lossburg-schoemberg.de\/wp-content\/uploads\/2021\/01\/IMG-1644-scaled.jpg\"><img loading=\"lazy\" decoding=\"async\" class=\"aligncenter size-large wp-image-4534\" src=\"http:\/\/lossburg-schoemberg.de\/wp-content\/uploads\/2021\/01\/IMG-1644-1024x768.jpg\" alt=\"\" width=\"847\" height=\"635\" srcset=\"https:\/\/lossburg-schoemberg.de\/wp-content\/uploads\/2021\/01\/IMG-1644-1024x768.jpg 1024w, https:\/\/lossburg-schoemberg.de\/wp-content\/uploads\/2021\/01\/IMG-1644-300x225.jpg 300w, https:\/\/lossburg-schoemberg.de\/wp-content\/uploads\/2021\/01\/IMG-1644-768x576.jpg 768w, https:\/\/lossburg-schoemberg.de\/wp-content\/uploads\/2021\/01\/IMG-1644-1536x1152.jpg 1536w, https:\/\/lossburg-schoemberg.de\/wp-content\/uploads\/2021\/01\/IMG-1644-2048x1536.jpg 2048w\" sizes=\"auto, (max-width: 847px) 100vw, 847px\" \/><\/a><\/p>\n<p>&nbsp;<\/p>\n<ul>\n<li>Die Renovierung der Kirche beginnt. Unter anderem soll die Kirche an die Wasserversorgung angeschlossen werden.<\/li>\n<\/ul>\n<\/td>\n<\/tr>\n<tr>\n<td valign=\"top\">2017<\/td>\n<td>\n<ul>\n<li><span style=\"font-size: 12pt;\">Festgottesdienst in der neu renovierten Kirche<br \/>\n<\/span><span style=\"font-size: 12pt;\">Am Sonntag, 14. Mai 2017 wurde die neu renovierte Kiche wieder er\u00f6ffnet.<br \/>\n<\/span>Die Renovierung ist sehr gut gelungen, das Ergebnis kann sich sehen lassen, die Arbeiten sind auch planm\u00e4\u00dfig fertig geworden.<\/li>\n<\/ul>\n<p><a href=\"http:\/\/lossburg-schoemberg.de\/wp-content\/uploads\/2021\/01\/DSC01580-scaled.jpg\"><img loading=\"lazy\" decoding=\"async\" class=\"aligncenter size-large wp-image-4535\" src=\"http:\/\/lossburg-schoemberg.de\/wp-content\/uploads\/2021\/01\/DSC01580-1024x768.jpg\" alt=\"\" width=\"847\" height=\"635\" srcset=\"https:\/\/lossburg-schoemberg.de\/wp-content\/uploads\/2021\/01\/DSC01580-1024x768.jpg 1024w, https:\/\/lossburg-schoemberg.de\/wp-content\/uploads\/2021\/01\/DSC01580-300x225.jpg 300w, https:\/\/lossburg-schoemberg.de\/wp-content\/uploads\/2021\/01\/DSC01580-768x576.jpg 768w, https:\/\/lossburg-schoemberg.de\/wp-content\/uploads\/2021\/01\/DSC01580-2048x1536.jpg 2048w\" sizes=\"auto, (max-width: 847px) 100vw, 847px\" \/><\/a><a href=\"http:\/\/lossburg-schoemberg.de\/wp-content\/uploads\/2021\/01\/DSC_0373-scaled.jpg\"><img loading=\"lazy\" decoding=\"async\" class=\"aligncenter size-large wp-image-4536\" src=\"http:\/\/lossburg-schoemberg.de\/wp-content\/uploads\/2021\/01\/DSC_0373-1024x678.jpg\" alt=\"\" width=\"847\" height=\"561\" srcset=\"https:\/\/lossburg-schoemberg.de\/wp-content\/uploads\/2021\/01\/DSC_0373-1024x678.jpg 1024w, https:\/\/lossburg-schoemberg.de\/wp-content\/uploads\/2021\/01\/DSC_0373-300x199.jpg 300w, https:\/\/lossburg-schoemberg.de\/wp-content\/uploads\/2021\/01\/DSC_0373-768x509.jpg 768w, https:\/\/lossburg-schoemberg.de\/wp-content\/uploads\/2021\/01\/DSC_0373-2048x1356.jpg 2048w\" sizes=\"auto, (max-width: 847px) 100vw, 847px\" \/><\/a><\/p>\n<ul>\n<li>Der Ausbau der Stra\u00dfe nach Lo\u00dfburg beginnt. Die K4777 von \u00d6denwald nach Lo\u00dfburg wird saniert, begradigt, ein Radweg dazugebaut. Wir Sch\u00f6mberger haben lange darauf gewartet. Um nach Lo\u00dfburg zu kommen, m\u00fcssen wir \u00fcber Freudenstadt fahren.<br \/>\n<a href=\"http:\/\/lossburg-schoemberg.de\/wp-content\/uploads\/2018\/06\/K4777b.jpg\"><img loading=\"lazy\" decoding=\"async\" class=\"aligncenter size-large wp-image-3875\" src=\"http:\/\/lossburg-schoemberg.de\/wp-content\/uploads\/2018\/06\/K4777b-1024x576.jpg\" alt=\"\" width=\"847\" height=\"476\" srcset=\"https:\/\/lossburg-schoemberg.de\/wp-content\/uploads\/2018\/06\/K4777b-1024x576.jpg 1024w, https:\/\/lossburg-schoemberg.de\/wp-content\/uploads\/2018\/06\/K4777b-300x169.jpg 300w, https:\/\/lossburg-schoemberg.de\/wp-content\/uploads\/2018\/06\/K4777b-768x432.jpg 768w, https:\/\/lossburg-schoemberg.de\/wp-content\/uploads\/2018\/06\/K4777b.jpg 1600w\" sizes=\"auto, (max-width: 847px) 100vw, 847px\" \/><\/a><\/li>\n<\/ul>\n<\/td>\n<\/tr>\n<tr>\n<td valign=\"top\">2018<\/td>\n<td>\n<ul>\n<li>K4777 \u00d6denwald-Lo\u00dfburg seit August 2018 fertig, sogar einige Wochen fr\u00fcher als geplant.\u00a0 Gro\u00dfes Lob an die Stra\u00dfenbauer, die die Stra\u00dfe trotz Problemen mit der Tragf\u00e4higkeit des Untergrundes p\u00fcnklich fertigstellen konnten.<\/li>\n<li>Vorbereitung 800 Jahr Feier in Sch\u00f6mberg<br \/>\nEin Festausschuss wird ins Leben gerufen der die Feier im Jahr Jubil\u00e4umsjahr 2022 planen und vorbereiten wird. Schon jetzt wird das Datum der Feier festgelegt, es wird das Wochenende 08. bis 10.07.2022 sein.<\/li>\n<\/ul>\n<\/td>\n<\/tr>\n<tr>\n<td valign=\"top\">2019<\/td>\n<td>\n<ul>\n<li>Die Dorfgemeinschaft Sch\u00f6mberg feiert ihr 40-j\u00e4hriges Bestehen.<br \/>\nSeit Februar 1979 besteht die Dorfgemeinschaft Sch\u00f6mberg. Dieser \u201crunde Geburtstag\u201d galt es zu feiern denn die Dorfgemeinschaft ist sehr stabil mit vielerlei Aktionen das Jahr hindurch.<br \/>\nZu den regelm\u00e4\u00dfigen Aktivit\u00e4ten geh\u00f6ren:<br \/>\n&#8211; Bewirtung Dorfnachmittag<br \/>\n&#8211; Maiwanderung<br \/>\n&#8211; Ausrichtung der Sonnwendfeier im Wechsel mit der Feuerwehr<br \/>\n&#8211; Backhausfest<br \/>\n&#8211; Herbstwanderung<br \/>\n&#8211; Nikolausfeier<br \/>\n<a href=\"http:\/\/lossburg-schoemberg.de\/wp-content\/uploads\/2022\/01\/40-Jahre-Dorfgemeinschaft-scaled.jpg\"><img loading=\"lazy\" decoding=\"async\" class=\"aligncenter size-large wp-image-4760\" src=\"http:\/\/lossburg-schoemberg.de\/wp-content\/uploads\/2022\/01\/40-Jahre-Dorfgemeinschaft-1024x775.jpg\" alt=\"\" width=\"847\" height=\"641\" srcset=\"https:\/\/lossburg-schoemberg.de\/wp-content\/uploads\/2022\/01\/40-Jahre-Dorfgemeinschaft-1024x775.jpg 1024w, https:\/\/lossburg-schoemberg.de\/wp-content\/uploads\/2022\/01\/40-Jahre-Dorfgemeinschaft-300x227.jpg 300w, https:\/\/lossburg-schoemberg.de\/wp-content\/uploads\/2022\/01\/40-Jahre-Dorfgemeinschaft-768x581.jpg 768w, https:\/\/lossburg-schoemberg.de\/wp-content\/uploads\/2022\/01\/40-Jahre-Dorfgemeinschaft-1536x1162.jpg 1536w, https:\/\/lossburg-schoemberg.de\/wp-content\/uploads\/2022\/01\/40-Jahre-Dorfgemeinschaft-2048x1549.jpg 2048w\" sizes=\"auto, (max-width: 847px) 100vw, 847px\" \/><\/a><\/li>\n<li>Der Festausschuss zur Vorbereitung der800 Jahr Feier kann weitere Mitglieder dazu gewinnen, es wird:<br \/>\n&#8211; ein Logo gestaltet<br \/>\n&#8211; ein Programm f\u00fcr die Festtage entworfen<br \/>\n&#8211; mit dem Aufbau eines kleinen Dorfmuseums\/Dorfst\u00fcble begonnen.<br \/>\n<a href=\"http:\/\/lossburg-schoemberg.de\/wp-content\/uploads\/2020\/11\/Schoemberg-800J-Logo_Page_1.png\"><img loading=\"lazy\" decoding=\"async\" class=\"wp-image-4349 size-medium alignleft\" src=\"http:\/\/lossburg-schoemberg.de\/wp-content\/uploads\/2020\/11\/Schoemberg-800J-Logo_Page_1-300x300.png\" alt=\"\" width=\"300\" height=\"300\" srcset=\"https:\/\/lossburg-schoemberg.de\/wp-content\/uploads\/2020\/11\/Schoemberg-800J-Logo_Page_1-300x300.png 300w, https:\/\/lossburg-schoemberg.de\/wp-content\/uploads\/2020\/11\/Schoemberg-800J-Logo_Page_1-1024x1024.png 1024w, https:\/\/lossburg-schoemberg.de\/wp-content\/uploads\/2020\/11\/Schoemberg-800J-Logo_Page_1-125x125.png 125w, https:\/\/lossburg-schoemberg.de\/wp-content\/uploads\/2020\/11\/Schoemberg-800J-Logo_Page_1-768x768.png 768w, https:\/\/lossburg-schoemberg.de\/wp-content\/uploads\/2020\/11\/Schoemberg-800J-Logo_Page_1-1536x1536.png 1536w, https:\/\/lossburg-schoemberg.de\/wp-content\/uploads\/2020\/11\/Schoemberg-800J-Logo_Page_1-2048x2048.png 2048w\" sizes=\"auto, (max-width: 300px) 100vw, 300px\" \/><\/a><\/li>\n<\/ul>\n<\/td>\n<\/tr>\n<\/tbody>\n<\/table>\n","protected":false},"excerpt":{"rendered":"<p>\u00a02010 Das Jahr beginnt mit einem tollen Winter. Stabile Schneelage von Januar bis Ende M\u00e4rz. F\u00fcr den digitalen Sprechfunk der Rettungsdienste im Baden-W\u00fcrttemberg wird in Sch\u00f6mberg ein Sendemast aufgestellt. \u00a02011 Ein Buch: Sch\u00f6mberg &#8222;Die sch\u00f6ne am Berg&#8220; wird vorgestellt. Darin sind Beitr\u00e4ge zur Sch\u00f6mberger Heimatgeschichte und zur Reformationsgeschichte des Klosters Alpirsbach. Im Bild: Ortsvorsteher Kurt &hellip; <\/p>\n<p><a class=\"more-link btn\" href=\"https:\/\/lossburg-schoemberg.de\/index.php\/ort\/geschichte\/2010-2019\/\">Weiterlesen<\/a><\/p>\n","protected":false},"author":1,"featured_media":4531,"parent":23,"menu_order":4,"comment_status":"closed","ping_status":"closed","template":"","meta":{"footnotes":""},"class_list":["post-4526","page","type-page","status-publish","has-post-thumbnail","hentry","nodate","item-wrap"],"_links":{"self":[{"href":"https:\/\/lossburg-schoemberg.de\/index.php\/wp-json\/wp\/v2\/pages\/4526","targetHints":{"allow":["GET"]}}],"collection":[{"href":"https:\/\/lossburg-schoemberg.de\/index.php\/wp-json\/wp\/v2\/pages"}],"about":[{"href":"https:\/\/lossburg-schoemberg.de\/index.php\/wp-json\/wp\/v2\/types\/page"}],"author":[{"embeddable":true,"href":"https:\/\/lossburg-schoemberg.de\/index.php\/wp-json\/wp\/v2\/users\/1"}],"replies":[{"embeddable":true,"href":"https:\/\/lossburg-schoemberg.de\/index.php\/wp-json\/wp\/v2\/comments?post=4526"}],"version-history":[{"count":7,"href":"https:\/\/lossburg-schoemberg.de\/index.php\/wp-json\/wp\/v2\/pages\/4526\/revisions"}],"predecessor-version":[{"id":4761,"href":"https:\/\/lossburg-schoemberg.de\/index.php\/wp-json\/wp\/v2\/pages\/4526\/revisions\/4761"}],"up":[{"embeddable":true,"href":"https:\/\/lossburg-schoemberg.de\/index.php\/wp-json\/wp\/v2\/pages\/23"}],"wp:featuredmedia":[{"embeddable":true,"href":"https:\/\/lossburg-schoemberg.de\/index.php\/wp-json\/wp\/v2\/media\/4531"}],"wp:attachment":[{"href":"https:\/\/lossburg-schoemberg.de\/index.php\/wp-json\/wp\/v2\/media?parent=4526"}],"curies":[{"name":"wp","href":"https:\/\/api.w.org\/{rel}","templated":true}]}}