{"id":432,"date":"2012-07-11T20:45:47","date_gmt":"2012-07-11T18:45:47","guid":{"rendered":"http:\/\/beta.lossburg-schoemberg.de\/?page_id=432"},"modified":"2016-11-26T21:59:11","modified_gmt":"2016-11-26T20:59:11","slug":"gasthof-vordersteinwald","status":"publish","type":"page","link":"https:\/\/lossburg-schoemberg.de\/index.php\/gastronomie\/gasthof-vordersteinwald\/","title":{"rendered":"Gasthof Vordersteinwald"},"content":{"rendered":"<h3>Schwarzwald-Gasthof-Pension &#8222;Zum Steinwald&#8220;<\/h3>\n<p><img loading=\"lazy\" decoding=\"async\" class=\"alignleft size-full wp-image-2327\" src=\"http:\/\/beta.lossburg-schoemberg.de\/wp-content\/uploads\/2012\/07\/hauslogo.jpg\" alt=\"Zum Steinwald\" width=\"200\" height=\"124\" \/><\/p>\n<p style=\"text-align: center;\">Schwarzwald-Gasthof-Pension &#8222;Zum Steinwald&#8220;<img loading=\"lazy\" decoding=\"async\" class=\"alignright size-full wp-image-2328\" src=\"http:\/\/beta.lossburg-schoemberg.de\/wp-content\/uploads\/2012\/07\/familien-ferien.jpg\" alt=\"familien-ferien\" width=\"180\" height=\"128\" \/> Gasthof Steinwald<br \/>\nFamilie Eberhardt<br \/>\n72290 Vordersteinwald bei Freudenstadt<\/p>\n<p style=\"text-align: center;\">Tel. 07441 7870<br \/>\nFax 07441 3181<\/p>\n<p style=\"text-align: center;\"><a href=\"http:\/\/www.gasthof-steinwald.de\/\" target=\"_blank\">Offizieller Internetauftritt<\/a><\/p>\n<p>Die Schwarzwald-Gasthof-Pension &#8222;Zum Steinwald&#8220; bietet Ihnen:<\/p>\n<div id=\"attachment_2346\" style=\"width: 250px\" class=\"wp-caption alignright\"><a href=\"http:\/\/beta.lossburg-schoemberg.de\/wp-content\/uploads\/2012\/07\/kegelbahn.jpg\"><img loading=\"lazy\" decoding=\"async\" aria-describedby=\"caption-attachment-2346\" class=\"size-full wp-image-2346\" src=\"http:\/\/beta.lossburg-schoemberg.de\/wp-content\/uploads\/2012\/07\/kegelbahn.jpg\" alt=\"Kegelbahn\" width=\"250\" height=\"167\" \/><\/a><p id=\"caption-attachment-2346\" class=\"wp-caption-text\">Kegelbahn<\/p><\/div>\n<ul>\n<li>Idyllische Lage von Wald und Wiesen umgeben<\/li>\n<li>Am Rande eines Landschaftsschutzgebietes<\/li>\n<li>Alle Zimmer neu, mit Dusche und WC, Sat-TV auf Wunsch<\/li>\n<li>Reichhaltige, gutb\u00fcrgerliche K\u00fcche, mit hausgemachten Spezialit\u00e4ten<\/li>\n<li>Gute Busverbindungen nach Freudenstadt<\/li>\n<li>Kegelbahn (im Anbau), ideal f\u00fcr Kegelclubs und Vereinsausfl\u00fcge<\/li>\n<\/ul>\n<p>&nbsp;<\/p>\n<p><strong><em>Montags ist im Gasthof Ruhetag<\/em><\/strong><\/p>\n<p>&nbsp;<\/p>\n<p>Folgende R\u00e4umlichkeiten stehen Ihnen f\u00fcr \u00dcbernachtungen zur Verf\u00fcgung:<\/p>\n<ul>\n<li>9 Doppelzimmer<\/li>\n<li>2 Einzelzimmer<\/li>\n<li>3 Mehrbettzimmer<\/li>\n<li>2 Ferienwohnungen<\/li>\n<\/ul>\n<div id=\"attachment_2332\" style=\"width: 300px\" class=\"wp-caption alignleft\"><a href=\"http:\/\/beta.lossburg-schoemberg.de\/wp-content\/uploads\/2012\/07\/zimmer1.jpg\"><img loading=\"lazy\" decoding=\"async\" aria-describedby=\"caption-attachment-2332\" class=\"size-medium wp-image-2332 \" src=\"http:\/\/beta.lossburg-schoemberg.de\/wp-content\/uploads\/2012\/07\/zimmer1-300x200.jpg\" alt=\"Doppelzimmer 1\" width=\"300\" height=\"200\" srcset=\"https:\/\/lossburg-schoemberg.de\/wp-content\/uploads\/2012\/07\/zimmer1-300x200.jpg 300w, https:\/\/lossburg-schoemberg.de\/wp-content\/uploads\/2012\/07\/zimmer1.jpg 653w\" sizes=\"auto, (max-width: 300px) 100vw, 300px\" \/><\/a><p id=\"caption-attachment-2332\" class=\"wp-caption-text\">Doppelzimmer 1<\/p><\/div>\n<div id=\"attachment_2333\" style=\"width: 300px\" class=\"wp-caption alignright\"><a href=\"http:\/\/beta.lossburg-schoemberg.de\/wp-content\/uploads\/2012\/07\/zimmer2.jpg\"><img loading=\"lazy\" decoding=\"async\" aria-describedby=\"caption-attachment-2333\" class=\"size-medium wp-image-2333\" src=\"http:\/\/beta.lossburg-schoemberg.de\/wp-content\/uploads\/2012\/07\/zimmer2-300x200.jpg\" alt=\"Doppelzimmer 2\" width=\"300\" height=\"200\" srcset=\"https:\/\/lossburg-schoemberg.de\/wp-content\/uploads\/2012\/07\/zimmer2-300x200.jpg 300w, https:\/\/lossburg-schoemberg.de\/wp-content\/uploads\/2012\/07\/zimmer2.jpg 652w\" sizes=\"auto, (max-width: 300px) 100vw, 300px\" \/><\/a><p id=\"caption-attachment-2333\" class=\"wp-caption-text\">Doppelzimmer<\/p><\/div>\n<p>&nbsp;<\/p>\n<p>&nbsp;<\/p>\n<p>&nbsp;<\/p>\n<p>&nbsp;<\/p>\n<p>&nbsp;<\/p>\n<p>&nbsp;<\/p>\n<p>&nbsp;<\/p>\n<p>&nbsp;<\/p>\n<p>&nbsp;<\/p>\n<div id=\"attachment_2335\" style=\"width: 300px\" class=\"wp-caption alignleft\"><a href=\"http:\/\/beta.lossburg-schoemberg.de\/wp-content\/uploads\/2012\/07\/ferienwohnung1.jpg\"><img loading=\"lazy\" decoding=\"async\" aria-describedby=\"caption-attachment-2335\" class=\"size-medium wp-image-2335 \" src=\"http:\/\/beta.lossburg-schoemberg.de\/wp-content\/uploads\/2012\/07\/ferienwohnung1-300x200.jpg\" alt=\"Ferienwohnung Vergi\u00dfmeinnicht\" width=\"300\" height=\"200\" srcset=\"https:\/\/lossburg-schoemberg.de\/wp-content\/uploads\/2012\/07\/ferienwohnung1-300x200.jpg 300w, https:\/\/lossburg-schoemberg.de\/wp-content\/uploads\/2012\/07\/ferienwohnung1.jpg 803w\" sizes=\"auto, (max-width: 300px) 100vw, 300px\" \/><\/a><p id=\"caption-attachment-2335\" class=\"wp-caption-text\">Ferienwohnung\u00a0&#8222;Vergi\u00dfmeinnicht&#8220;&amp; &#8222;Schneegl\u00f6ckchen&#8220;<\/p><\/div>\n<div id=\"attachment_2334\" style=\"width: 300px\" class=\"wp-caption alignright\"><a href=\"http:\/\/beta.lossburg-schoemberg.de\/wp-content\/uploads\/2012\/07\/ferienwohnung.jpg\"><img loading=\"lazy\" decoding=\"async\" aria-describedby=\"caption-attachment-2334\" class=\"size-medium wp-image-2334 \" src=\"http:\/\/beta.lossburg-schoemberg.de\/wp-content\/uploads\/2012\/07\/ferienwohnung-300x200.jpg\" alt=\"Ferienwohnung Seeblick\" width=\"300\" height=\"200\" srcset=\"https:\/\/lossburg-schoemberg.de\/wp-content\/uploads\/2012\/07\/ferienwohnung-300x200.jpg 300w, https:\/\/lossburg-schoemberg.de\/wp-content\/uploads\/2012\/07\/ferienwohnung.jpg 803w\" sizes=\"auto, (max-width: 300px) 100vw, 300px\" \/><\/a><p id=\"caption-attachment-2334\" class=\"wp-caption-text\">Ferienwohnung &#8222;Seeblick&#8220;<\/p><\/div>\n<p>&nbsp;<\/p>\n<p>&nbsp;<\/p>\n<p>&nbsp;<\/p>\n<p>&nbsp;<\/p>\n<p>&nbsp;<\/p>\n<p>&nbsp;<\/p>\n<p>&nbsp;<\/p>\n<p>&nbsp;<\/p>\n<div id=\"attachment_2337\" style=\"width: 300px\" class=\"wp-caption alignright\"><a href=\"http:\/\/beta.lossburg-schoemberg.de\/wp-content\/uploads\/2012\/07\/bad2.jpg\"><img loading=\"lazy\" decoding=\"async\" aria-describedby=\"caption-attachment-2337\" class=\"size-medium wp-image-2337\" src=\"http:\/\/beta.lossburg-schoemberg.de\/wp-content\/uploads\/2012\/07\/bad2-300x201.jpg\" alt=\"Bad Ferienwohung &quot;Seeblick&quot;\" width=\"300\" height=\"201\" srcset=\"https:\/\/lossburg-schoemberg.de\/wp-content\/uploads\/2012\/07\/bad2-300x201.jpg 300w, https:\/\/lossburg-schoemberg.de\/wp-content\/uploads\/2012\/07\/bad2.jpg 802w\" sizes=\"auto, (max-width: 300px) 100vw, 300px\" \/><\/a><p id=\"caption-attachment-2337\" class=\"wp-caption-text\">Bad Ferienwohung &#8222;Seeblick&#8220;<\/p><\/div>\n<div id=\"attachment_2336\" style=\"width: 300px\" class=\"wp-caption alignleft\"><a href=\"http:\/\/beta.lossburg-schoemberg.de\/wp-content\/uploads\/2012\/07\/bad.jpg\"><img loading=\"lazy\" decoding=\"async\" aria-describedby=\"caption-attachment-2336\" class=\"size-medium wp-image-2336 \" src=\"http:\/\/beta.lossburg-schoemberg.de\/wp-content\/uploads\/2012\/07\/bad-300x201.jpg\" alt=\"Bad Ferienwohnung Vergi\u00dfmeinnicht\" width=\"300\" height=\"201\" srcset=\"https:\/\/lossburg-schoemberg.de\/wp-content\/uploads\/2012\/07\/bad-300x201.jpg 300w, https:\/\/lossburg-schoemberg.de\/wp-content\/uploads\/2012\/07\/bad.jpg 801w\" sizes=\"auto, (max-width: 300px) 100vw, 300px\" \/><\/a><p id=\"caption-attachment-2336\" class=\"wp-caption-text\">Bad Ferienwohnung\u00a0&#8222;Vergi\u00dfmeinnicht&#8220; &amp; &#8222;Schneegl\u00f6ckchen&#8220;<\/p><\/div>\n<p>&nbsp;<\/p>\n<p>&nbsp;<\/p>\n<p>&nbsp;<\/p>\n<p>&nbsp;<\/p>\n<p>&nbsp;<\/p>\n<p>&nbsp;<\/p>\n<p>&nbsp;<\/p>\n<p>&nbsp;<\/p>\n<p>&nbsp;<\/p>\n<p>&nbsp;<\/p>\n<div id=\"attachment_2340\" style=\"width: 300px\" class=\"wp-caption alignright\"><a href=\"http:\/\/beta.lossburg-schoemberg.de\/wp-content\/uploads\/2012\/07\/kueche2.jpg\"><img loading=\"lazy\" decoding=\"async\" aria-describedby=\"caption-attachment-2340\" class=\"size-medium wp-image-2340\" src=\"http:\/\/beta.lossburg-schoemberg.de\/wp-content\/uploads\/2012\/07\/kueche2-300x201.jpg\" alt=\"K\u00fcche Ferienwohnung &quot;Seeblick&quot;\" width=\"300\" height=\"201\" srcset=\"https:\/\/lossburg-schoemberg.de\/wp-content\/uploads\/2012\/07\/kueche2-300x201.jpg 300w, https:\/\/lossburg-schoemberg.de\/wp-content\/uploads\/2012\/07\/kueche2.jpg 802w\" sizes=\"auto, (max-width: 300px) 100vw, 300px\" \/><\/a><p id=\"caption-attachment-2340\" class=\"wp-caption-text\">K\u00fcche Ferienwohnung &#8222;Seeblick&#8220;<\/p><\/div>\n<div id=\"attachment_2339\" style=\"width: 300px\" class=\"wp-caption alignleft\"><a href=\"http:\/\/beta.lossburg-schoemberg.de\/wp-content\/uploads\/2012\/07\/kueche.jpg\"><img loading=\"lazy\" decoding=\"async\" aria-describedby=\"caption-attachment-2339\" class=\"size-medium wp-image-2339 \" src=\"http:\/\/beta.lossburg-schoemberg.de\/wp-content\/uploads\/2012\/07\/kueche-300x200.jpg\" alt=\"K\u00fcche Ferienwohnung &quot;Vergi\u00dfmeinnicht&quot;\" width=\"300\" height=\"200\" srcset=\"https:\/\/lossburg-schoemberg.de\/wp-content\/uploads\/2012\/07\/kueche-300x200.jpg 300w, https:\/\/lossburg-schoemberg.de\/wp-content\/uploads\/2012\/07\/kueche.jpg 804w\" sizes=\"auto, (max-width: 300px) 100vw, 300px\" \/><\/a><p id=\"caption-attachment-2339\" class=\"wp-caption-text\">K\u00fcche Ferienwohnung &#8222;Vergi\u00dfmeinnicht&#8220; &amp; &#8222;Schneegl\u00f6ckchen&#8220;<\/p><\/div>\n<p>&nbsp;<\/p>\n<p>&nbsp;<\/p>\n<p>&nbsp;<\/p>\n<p>&nbsp;<\/p>\n<p>&nbsp;<\/p>\n<p>&nbsp;<\/p>\n<p>&nbsp;<\/p>\n<p>&nbsp;<\/p>\n<p>&nbsp;<\/p>\n<p>&nbsp;<\/p>\n<div id=\"attachment_2344\" style=\"width: 300px\" class=\"wp-caption aligncenter\"><a href=\"http:\/\/beta.lossburg-schoemberg.de\/wp-content\/uploads\/2012\/07\/see_steinwald.jpg\"><img loading=\"lazy\" decoding=\"async\" aria-describedby=\"caption-attachment-2344\" class=\"size-medium wp-image-2344 \" src=\"http:\/\/beta.lossburg-schoemberg.de\/wp-content\/uploads\/2012\/07\/see_steinwald-300x240.jpg\" alt=\"See Steinwald\" width=\"300\" height=\"240\" srcset=\"https:\/\/lossburg-schoemberg.de\/wp-content\/uploads\/2012\/07\/see_steinwald-300x240.jpg 300w, https:\/\/lossburg-schoemberg.de\/wp-content\/uploads\/2012\/07\/see_steinwald.jpg 370w\" sizes=\"auto, (max-width: 300px) 100vw, 300px\" \/><\/a><p id=\"caption-attachment-2344\" class=\"wp-caption-text\">See Steinwald<\/p><\/div>\n<p>&nbsp;<\/p>\n<p style=\"text-align: center;\"><iframe loading=\"lazy\" src=\"https:\/\/maps.google.de\/maps?f=q&amp;source=s_q&amp;hl=de&amp;geocode=&amp;q=Vordersteinwald+2&amp;aq=&amp;sll=48.426097,8.40144&amp;sspn=0.006806,0.018797&amp;t=h&amp;ie=UTF8&amp;hq=&amp;hnear=Vordersteinwald+2,+72290+Lo%C3%9Fburg,+Karlsruhe,+Baden-W%C3%BCrttemberg&amp;ll=48.426346,8.401612&amp;spn=0.003417,0.006856&amp;z=17&amp;iwloc=A&amp;output=embed\" width=\"640\" height=\"480\" frameborder=\"0\" marginwidth=\"0\" marginheight=\"0\" scrolling=\"no\"><\/iframe><br \/>\n<small><a style=\"color: #0000ff; text-align: left;\" href=\"https:\/\/maps.google.de\/maps?f=q&amp;source=embed&amp;hl=de&amp;geocode=&amp;q=Vordersteinwald+2&amp;aq=&amp;sll=48.426097,8.40144&amp;sspn=0.006806,0.018797&amp;t=h&amp;ie=UTF8&amp;hq=&amp;hnear=Vordersteinwald+2,+72290+Lo%C3%9Fburg,+Karlsruhe,+Baden-W%C3%BCrttemberg&amp;ll=48.426346,8.401612&amp;spn=0.003417,0.006856&amp;z=17&amp;iwloc=A\">Gr\u00f6\u00dfere Kartenansicht<\/a><\/small><\/p>\n","protected":false},"excerpt":{"rendered":"<p>Schwarzwald-Gasthof-Pension &#8222;Zum Steinwald&#8220; Schwarzwald-Gasthof-Pension &#8222;Zum Steinwald&#8220; Gasthof Steinwald Familie Eberhardt 72290 Vordersteinwald bei Freudenstadt Tel. 07441 7870 Fax 07441 3181 Offizieller Internetauftritt Die Schwarzwald-Gasthof-Pension &#8222;Zum Steinwald&#8220; bietet Ihnen: Idyllische Lage von Wald und Wiesen umgeben Am Rande eines Landschaftsschutzgebietes Alle Zimmer neu, mit Dusche und WC, Sat-TV auf Wunsch Reichhaltige, gutb\u00fcrgerliche K\u00fcche, mit hausgemachten Spezialit\u00e4ten &hellip; <\/p>\n<p><a class=\"more-link btn\" href=\"https:\/\/lossburg-schoemberg.de\/index.php\/gastronomie\/gasthof-vordersteinwald\/\">Weiterlesen<\/a><\/p>\n","protected":false},"author":1,"featured_media":2327,"parent":16,"menu_order":5,"comment_status":"open","ping_status":"closed","template":"","meta":{"footnotes":""},"class_list":["post-432","page","type-page","status-publish","has-post-thumbnail","hentry","nodate","item-wrap"],"_links":{"self":[{"href":"https:\/\/lossburg-schoemberg.de\/index.php\/wp-json\/wp\/v2\/pages\/432","targetHints":{"allow":["GET"]}}],"collection":[{"href":"https:\/\/lossburg-schoemberg.de\/index.php\/wp-json\/wp\/v2\/pages"}],"about":[{"href":"https:\/\/lossburg-schoemberg.de\/index.php\/wp-json\/wp\/v2\/types\/page"}],"author":[{"embeddable":true,"href":"https:\/\/lossburg-schoemberg.de\/index.php\/wp-json\/wp\/v2\/users\/1"}],"replies":[{"embeddable":true,"href":"https:\/\/lossburg-schoemberg.de\/index.php\/wp-json\/wp\/v2\/comments?post=432"}],"version-history":[{"count":8,"href":"https:\/\/lossburg-schoemberg.de\/index.php\/wp-json\/wp\/v2\/pages\/432\/revisions"}],"predecessor-version":[{"id":3381,"href":"https:\/\/lossburg-schoemberg.de\/index.php\/wp-json\/wp\/v2\/pages\/432\/revisions\/3381"}],"up":[{"embeddable":true,"href":"https:\/\/lossburg-schoemberg.de\/index.php\/wp-json\/wp\/v2\/pages\/16"}],"wp:featuredmedia":[{"embeddable":true,"href":"https:\/\/lossburg-schoemberg.de\/index.php\/wp-json\/wp\/v2\/media\/2327"}],"wp:attachment":[{"href":"https:\/\/lossburg-schoemberg.de\/index.php\/wp-json\/wp\/v2\/media?parent=432"}],"curies":[{"name":"wp","href":"https:\/\/api.w.org\/{rel}","templated":true}]}}