{"id":4276,"date":"2020-07-16T22:53:12","date_gmt":"2020-07-16T20:53:12","guid":{"rendered":"http:\/\/lossburg-schoemberg.de\/?page_id=4276"},"modified":"2021-01-11T21:45:12","modified_gmt":"2021-01-11T20:45:12","slug":"buergernachmittag-2020","status":"publish","type":"page","link":"https:\/\/lossburg-schoemberg.de\/index.php\/rueckblick\/2020-2\/buergernachmittag-2020\/","title":{"rendered":"B\u00fcrgernachmittag 2020"},"content":{"rendered":"\n<p><span style=\"color: #ff0000;\">B\u00fcrgernachmittag ist wegen Corona abgesagt.<br>Wir hoffen, dass in naher Zukunft solche Zusammenk\u00fcnfte wieder stattfinden k\u00f6nnen.&nbsp; Stand: Oktober 2020.<\/span><\/p>\n\n\n\n<p>Die letzten Jahre war dieser B\u00fcrgernachmittag im Februar \/ M\u00e4rz.<br>Das war in diesem Jahr leider nicht m\u00f6glich.<\/p>\n<p>Geplant ist nun der Samstag 05.12.2020 in der Blockh\u00fctte Sch\u00f6mberg.<br>Eingeladen sind Sch\u00f6mberger und B\u00fcrger der Weiler die zur Ortschaft Sch\u00f6mberg geh\u00f6ren, also Hinterr\u00f6tenberg, Vorder- und Mittelsteinwald.<\/p>\n<p>Der Nachmittag wird komplett von der Stiftung Sch\u00f6mberg finanziert.<\/p>\n<p>Beginnen werden wir mit einem Nachmittagskaffee, Gru\u00dfworte des Ortsvorstehers, einen Beitrag zur Unterhaltung, Abends Essen und gem\u00fctliches zusammensitzen.<\/p>\n","protected":false},"excerpt":{"rendered":"<p>B\u00fcrgernachmittag ist wegen Corona abgesagt.Wir hoffen, dass in naher Zukunft solche Zusammenk\u00fcnfte wieder stattfinden k\u00f6nnen.&nbsp; Stand: Oktober 2020. Die letzten Jahre war dieser B\u00fcrgernachmittag im Februar \/ M\u00e4rz.Das war in diesem Jahr leider nicht m\u00f6glich. Geplant ist nun der Samstag 05.12.2020 in der Blockh\u00fctte Sch\u00f6mberg.Eingeladen sind Sch\u00f6mberger und B\u00fcrger der Weiler die zur Ortschaft Sch\u00f6mberg &hellip; <\/p>\n<p><a class=\"more-link btn\" href=\"https:\/\/lossburg-schoemberg.de\/index.php\/rueckblick\/2020-2\/buergernachmittag-2020\/\">Weiterlesen<\/a><\/p>\n","protected":false},"author":1,"featured_media":3278,"parent":4429,"menu_order":38,"comment_status":"closed","ping_status":"closed","template":"","meta":{"footnotes":""},"class_list":["post-4276","page","type-page","status-publish","has-post-thumbnail","hentry","nodate","item-wrap"],"_links":{"self":[{"href":"https:\/\/lossburg-schoemberg.de\/index.php\/wp-json\/wp\/v2\/pages\/4276","targetHints":{"allow":["GET"]}}],"collection":[{"href":"https:\/\/lossburg-schoemberg.de\/index.php\/wp-json\/wp\/v2\/pages"}],"about":[{"href":"https:\/\/lossburg-schoemberg.de\/index.php\/wp-json\/wp\/v2\/types\/page"}],"author":[{"embeddable":true,"href":"https:\/\/lossburg-schoemberg.de\/index.php\/wp-json\/wp\/v2\/users\/1"}],"replies":[{"embeddable":true,"href":"https:\/\/lossburg-schoemberg.de\/index.php\/wp-json\/wp\/v2\/comments?post=4276"}],"version-history":[{"count":4,"href":"https:\/\/lossburg-schoemberg.de\/index.php\/wp-json\/wp\/v2\/pages\/4276\/revisions"}],"predecessor-version":[{"id":4466,"href":"https:\/\/lossburg-schoemberg.de\/index.php\/wp-json\/wp\/v2\/pages\/4276\/revisions\/4466"}],"up":[{"embeddable":true,"href":"https:\/\/lossburg-schoemberg.de\/index.php\/wp-json\/wp\/v2\/pages\/4429"}],"wp:featuredmedia":[{"embeddable":true,"href":"https:\/\/lossburg-schoemberg.de\/index.php\/wp-json\/wp\/v2\/media\/3278"}],"wp:attachment":[{"href":"https:\/\/lossburg-schoemberg.de\/index.php\/wp-json\/wp\/v2\/media?parent=4276"}],"curies":[{"name":"wp","href":"https:\/\/api.w.org\/{rel}","templated":true}]}}