{"id":4263,"date":"2020-03-19T21:27:20","date_gmt":"2020-03-19T20:27:20","guid":{"rendered":"http:\/\/lossburg-schoemberg.de\/?page_id=4263"},"modified":"2021-01-11T21:47:11","modified_gmt":"2021-01-11T20:47:11","slug":"alle-gesellschaftlichen-treffen-abgesagt","status":"publish","type":"page","link":"https:\/\/lossburg-schoemberg.de\/index.php\/rueckblick\/2020-2\/alle-gesellschaftlichen-treffen-abgesagt\/","title":{"rendered":"Alle gesellschaftlichen Treffen abgesagt"},"content":{"rendered":"\n<p>Alle Veranstaltungen, z.B. im B\u00fcrgerhaus, Kirche, in der Blockh\u00fctte, Grillplatz usw. sind abgesagt um die Verbreitung des hoch ansteckenden Corona Virus einzud\u00e4mmen.<\/p>\n<p>Stand 18.03.2020<\/p>\n","protected":false},"excerpt":{"rendered":"<p>Alle Veranstaltungen, z.B. im B\u00fcrgerhaus, Kirche, in der Blockh\u00fctte, Grillplatz usw. sind abgesagt um die Verbreitung des hoch ansteckenden Corona Virus einzud\u00e4mmen. Stand 18.03.2020<\/p>\n","protected":false},"author":1,"featured_media":0,"parent":4429,"menu_order":34,"comment_status":"closed","ping_status":"closed","template":"","meta":{"footnotes":""},"class_list":["post-4263","page","type-page","status-publish","hentry","nodate","item-wrap"],"_links":{"self":[{"href":"https:\/\/lossburg-schoemberg.de\/index.php\/wp-json\/wp\/v2\/pages\/4263","targetHints":{"allow":["GET"]}}],"collection":[{"href":"https:\/\/lossburg-schoemberg.de\/index.php\/wp-json\/wp\/v2\/pages"}],"about":[{"href":"https:\/\/lossburg-schoemberg.de\/index.php\/wp-json\/wp\/v2\/types\/page"}],"author":[{"embeddable":true,"href":"https:\/\/lossburg-schoemberg.de\/index.php\/wp-json\/wp\/v2\/users\/1"}],"replies":[{"embeddable":true,"href":"https:\/\/lossburg-schoemberg.de\/index.php\/wp-json\/wp\/v2\/comments?post=4263"}],"version-history":[{"count":2,"href":"https:\/\/lossburg-schoemberg.de\/index.php\/wp-json\/wp\/v2\/pages\/4263\/revisions"}],"predecessor-version":[{"id":4265,"href":"https:\/\/lossburg-schoemberg.de\/index.php\/wp-json\/wp\/v2\/pages\/4263\/revisions\/4265"}],"up":[{"embeddable":true,"href":"https:\/\/lossburg-schoemberg.de\/index.php\/wp-json\/wp\/v2\/pages\/4429"}],"wp:attachment":[{"href":"https:\/\/lossburg-schoemberg.de\/index.php\/wp-json\/wp\/v2\/media?parent=4263"}],"curies":[{"name":"wp","href":"https:\/\/api.w.org\/{rel}","templated":true}]}}