{"id":4221,"date":"2019-08-08T20:29:03","date_gmt":"2019-08-08T18:29:03","guid":{"rendered":"http:\/\/lossburg-schoemberg.de\/?page_id=4221"},"modified":"2021-01-11T21:21:38","modified_gmt":"2021-01-11T20:21:38","slug":"road-trip-afrika","status":"publish","type":"page","link":"https:\/\/lossburg-schoemberg.de\/index.php\/rueckblick\/2019-2\/road-trip-afrika\/","title":{"rendered":"Road Trip Afrika"},"content":{"rendered":"\n<p>Tolle Bilder in erstklassischer Qualit\u00e4t bei der Blockh\u00fctte in Sch\u00f6mberg<\/p>\n\n\n\n<figure class=\"wp-block-image\"><img loading=\"lazy\" decoding=\"async\" width=\"968\" height=\"1024\" src=\"http:\/\/lossburg-schoemberg.de\/wp-content\/uploads\/2019\/08\/Road-Trip-Afrika-968x1024.jpg\" alt=\"\" class=\"wp-image-4222\" srcset=\"https:\/\/lossburg-schoemberg.de\/wp-content\/uploads\/2019\/08\/Road-Trip-Afrika-968x1024.jpg 968w, https:\/\/lossburg-schoemberg.de\/wp-content\/uploads\/2019\/08\/Road-Trip-Afrika-283x300.jpg 283w, https:\/\/lossburg-schoemberg.de\/wp-content\/uploads\/2019\/08\/Road-Trip-Afrika-768x813.jpg 768w\" sizes=\"auto, (max-width: 968px) 100vw, 968px\" \/><\/figure>\n","protected":false},"excerpt":{"rendered":"<p>Tolle Bilder in erstklassischer Qualit\u00e4t bei der Blockh\u00fctte in Sch\u00f6mberg<\/p>\n","protected":false},"author":1,"featured_media":0,"parent":4156,"menu_order":26,"comment_status":"closed","ping_status":"closed","template":"","meta":{"footnotes":""},"class_list":["post-4221","page","type-page","status-publish","hentry","nodate","item-wrap"],"_links":{"self":[{"href":"https:\/\/lossburg-schoemberg.de\/index.php\/wp-json\/wp\/v2\/pages\/4221","targetHints":{"allow":["GET"]}}],"collection":[{"href":"https:\/\/lossburg-schoemberg.de\/index.php\/wp-json\/wp\/v2\/pages"}],"about":[{"href":"https:\/\/lossburg-schoemberg.de\/index.php\/wp-json\/wp\/v2\/types\/page"}],"author":[{"embeddable":true,"href":"https:\/\/lossburg-schoemberg.de\/index.php\/wp-json\/wp\/v2\/users\/1"}],"replies":[{"embeddable":true,"href":"https:\/\/lossburg-schoemberg.de\/index.php\/wp-json\/wp\/v2\/comments?post=4221"}],"version-history":[{"count":1,"href":"https:\/\/lossburg-schoemberg.de\/index.php\/wp-json\/wp\/v2\/pages\/4221\/revisions"}],"predecessor-version":[{"id":4223,"href":"https:\/\/lossburg-schoemberg.de\/index.php\/wp-json\/wp\/v2\/pages\/4221\/revisions\/4223"}],"up":[{"embeddable":true,"href":"https:\/\/lossburg-schoemberg.de\/index.php\/wp-json\/wp\/v2\/pages\/4156"}],"wp:attachment":[{"href":"https:\/\/lossburg-schoemberg.de\/index.php\/wp-json\/wp\/v2\/media?parent=4221"}],"curies":[{"name":"wp","href":"https:\/\/api.w.org\/{rel}","templated":true}]}}