{"id":4149,"date":"2019-04-08T13:56:58","date_gmt":"2019-04-08T11:56:58","guid":{"rendered":"http:\/\/lossburg-schoemberg.de\/?page_id=4149"},"modified":"2021-01-11T20:52:25","modified_gmt":"2021-01-11T19:52:25","slug":"sonnwendfeier-2019","status":"publish","type":"page","link":"https:\/\/lossburg-schoemberg.de\/index.php\/rueckblick\/2019-2\/sonnwendfeier-2019\/","title":{"rendered":"Sonnwendfeier 2019"},"content":{"rendered":"\n<p>Am Wochenende um den Tag der Sommersonnenwende ist in Sch\u00f6mberg die Sommwendfeier.<\/p>\n\n\n\n<p><strong>Die Sonnwendfeier ist am Sa. 22.06.2019<\/strong><\/p>\n\n\n\n<p>Ausgerichtet wurde die Sonnwendfeier diesmal von der Dorfgemeinschaft Sch\u00f6mberg.<br>Sie ist, wie immer am &#8222;Spielplatz oberer Wald&#8220; Blockh\u00fctte.<br>Es ist ein Sommerfest f\u00fcr alle, nach Einbruch der Dunkelheit wird ein gro\u00dfer Scheiterhaufen Holz abgebrannt.<\/p>\n\n\n\n<figure class=\"wp-block-image\"><img loading=\"lazy\" decoding=\"async\" width=\"1024\" height=\"724\" src=\"http:\/\/lossburg-schoemberg.de\/wp-content\/uploads\/2019\/05\/Sonnwendfeier-1024x724.jpg\" alt=\"\" class=\"wp-image-4193\" srcset=\"https:\/\/lossburg-schoemberg.de\/wp-content\/uploads\/2019\/05\/Sonnwendfeier-1024x724.jpg 1024w, https:\/\/lossburg-schoemberg.de\/wp-content\/uploads\/2019\/05\/Sonnwendfeier-300x212.jpg 300w, https:\/\/lossburg-schoemberg.de\/wp-content\/uploads\/2019\/05\/Sonnwendfeier-768x543.jpg 768w, https:\/\/lossburg-schoemberg.de\/wp-content\/uploads\/2019\/05\/Sonnwendfeier.jpg 1172w\" sizes=\"auto, (max-width: 1024px) 100vw, 1024px\" \/><\/figure>\n","protected":false},"excerpt":{"rendered":"<p>Am Wochenende um den Tag der Sommersonnenwende ist in Sch\u00f6mberg die Sommwendfeier. Die Sonnwendfeier ist am Sa. 22.06.2019 Ausgerichtet wurde die Sonnwendfeier diesmal von der Dorfgemeinschaft Sch\u00f6mberg.Sie ist, wie immer am &#8222;Spielplatz oberer Wald&#8220; Blockh\u00fctte.Es ist ein Sommerfest f\u00fcr alle, nach Einbruch der Dunkelheit wird ein gro\u00dfer Scheiterhaufen Holz abgebrannt.<\/p>\n","protected":false},"author":1,"featured_media":3729,"parent":4156,"menu_order":32,"comment_status":"closed","ping_status":"closed","template":"","meta":{"footnotes":""},"class_list":["post-4149","page","type-page","status-publish","has-post-thumbnail","hentry","nodate","item-wrap"],"_links":{"self":[{"href":"https:\/\/lossburg-schoemberg.de\/index.php\/wp-json\/wp\/v2\/pages\/4149","targetHints":{"allow":["GET"]}}],"collection":[{"href":"https:\/\/lossburg-schoemberg.de\/index.php\/wp-json\/wp\/v2\/pages"}],"about":[{"href":"https:\/\/lossburg-schoemberg.de\/index.php\/wp-json\/wp\/v2\/types\/page"}],"author":[{"embeddable":true,"href":"https:\/\/lossburg-schoemberg.de\/index.php\/wp-json\/wp\/v2\/users\/1"}],"replies":[{"embeddable":true,"href":"https:\/\/lossburg-schoemberg.de\/index.php\/wp-json\/wp\/v2\/comments?post=4149"}],"version-history":[{"count":2,"href":"https:\/\/lossburg-schoemberg.de\/index.php\/wp-json\/wp\/v2\/pages\/4149\/revisions"}],"predecessor-version":[{"id":4194,"href":"https:\/\/lossburg-schoemberg.de\/index.php\/wp-json\/wp\/v2\/pages\/4149\/revisions\/4194"}],"up":[{"embeddable":true,"href":"https:\/\/lossburg-schoemberg.de\/index.php\/wp-json\/wp\/v2\/pages\/4156"}],"wp:featuredmedia":[{"embeddable":true,"href":"https:\/\/lossburg-schoemberg.de\/index.php\/wp-json\/wp\/v2\/media\/3729"}],"wp:attachment":[{"href":"https:\/\/lossburg-schoemberg.de\/index.php\/wp-json\/wp\/v2\/media?parent=4149"}],"curies":[{"name":"wp","href":"https:\/\/api.w.org\/{rel}","templated":true}]}}