{"id":4084,"date":"2019-03-31T22:11:23","date_gmt":"2019-03-31T20:11:23","guid":{"rendered":"http:\/\/lossburg-schoemberg.de\/?page_id=4084"},"modified":"2021-04-11T11:20:03","modified_gmt":"2021-04-11T09:20:03","slug":"fewo-schelling","status":"publish","type":"page","link":"https:\/\/lossburg-schoemberg.de\/index.php\/gastgeber\/fewo-schelling\/","title":{"rendered":"Ferien Wohnung Schelling"},"content":{"rendered":"\r\n<p><strong>Moderne Ferienwohnung auf dem Sch\u00f6mberg<\/strong><\/p>\r\n\r\n\r\n\r\n<p>Die Ferienwohnung befindet sich in Sch\u00f6mberg, einem Ortsteil von Lo\u00dfburg im Landkreis Freudenstadt in Baden W\u00fcrttemberg. Der Ort liegt in 744 m.\u00fc.NN als landschaftliches Schmuckk\u00e4stchen mit malerischen Reizen. Beispielweise das f\u00fcr Herz und Nerven gesunde Mittelgebirgsklima, die ausgedehnten Tannenwaldungen, das gut markierte Wanderwegenetz (ca. 200 km) mit Plenterwald-Naturlehrpfad, Schutzh\u00fctte und Rundwanderwegen. Man kann\u00a0 joggen, radfahren und im Winter auf der gespurten Loipe langlaufen.<\/p>\r\n\r\n\r\n\r\n<p><strong>Der Wohnraum<\/strong><\/p>\r\n\r\n\r\n\r\n<p>Es handelt sich um eine abgeschlossene Wohnung (ca 50 qm) mit eigenem Zugang. 4 Personen\u00a0 k\u00f6nnen sich ein hochwertiges Boxspringbett im Schlafzimmer und eine Bettcouch im Wohnbereich\u00a0 teilen. Das Badezimmer ist mit einer ebenerdigen Dusche und einem Dusch-WC ausgestattet.\u00a0 In der K\u00fcche befinden sich u.a. ein Sodastream und eine Nespressomaschine. Waschmaschine und Trockner stehen bei Bedarf zur Verf\u00fcgung. Nach Bedarf und Absprache kann auch Fr\u00fchst\u00fcck gestellt werden.<\/p>\r\n\r\n\r\n\r\n<p><strong>Interaktion mit G\u00e4sten<\/strong><\/p>\r\n\r\n\r\n\r\n<p>Bei Fragen stehen wir gerne jederzeit unseren G\u00e4sten zur Verf\u00fcgung.<\/p>\r\n\r\n\r\n\r\n<p>Lo\u00dfburg erhebt eine Kurtaxe in H\u00f6he von 1,50 Euro pro Person und Nacht, die vor Ort bar zu entrichten ist. Ausgenommen sind Kinder und Jugendliche bis zum vollendeten 18. Lebensjahr.<\/p>\r\n\r\n\r\n\r\n<p><strong>Die Nachbarschaft<\/strong><\/p>\r\n\r\n\r\n\r\n<p>In Sch\u00f6mberg gibt es einen Demeter Hof mit Hofladen und gut gef\u00fchrte Gastst\u00e4tten. Alle Einkaufsm\u00f6glichkeiten oder kulturelle Veranstaltungen gibt es sowohl im 6 km entfernten Lo\u00dfburg als auch im 7 km entfernten Freudenstadt.<\/p>\r\n\r\n\r\n\r\n<p><strong>Verkehrsmittel<\/strong><\/p>\r\n\r\n\r\n\r\n<p>Die Konus-Karte erm\u00f6glicht kostenfreie Nutzung der \u00d6ffentlichen Verkehrsmittel (Haltstelle direkt vor der T\u00fcre), freien Eintritt in das Panoramabad in Freudenstadt oder erm\u00e4ssigten Eintritt bei kulturellen Veranstaltungen und Museen.<\/p>\r\n\r\n\r\n\r\n<p><strong>Kontakt<\/strong><\/p>\r\n\r\n\r\n\r\n<p>Christel und Walter Schelling<br \/>Sch\u00f6mberg<br \/>Ortsstra\u00dfe 8<br \/>72290 Lo\u00dfburg<\/p>\r\n\r\n\r\n\r\n<p>Telefon: +49 7446 9543905 Mobil: +49 151 14324658 <br \/>E-Mail: <a href=\"mailto:christel.schelling@gmx.net\">christel.schelling@gmx.net<\/a><\/p>\r\n\r\n\r\n\r\n<p><a href=\"https:\/\/www.lossburg.de\/de\/ferienland\/unterkuenfte\/ferienwohnung-schelling-id_1388\/\" target=\"_blank\" rel=\"noreferrer noopener\" aria-label=\"Zur Seite der Lo\u00dfburg Information (\u00f6ffnet in neuem Tab)\">Zur Seite der Lo\u00dfburg Information<\/a><\/p>\r\n\r\n\r\n\r\n<figure class=\"wp-block-image\"><img loading=\"lazy\" decoding=\"async\" width=\"1024\" height=\"768\" class=\"wp-image-4097\" src=\"http:\/\/lossburg-schoemberg.de\/wp-content\/uploads\/2019\/03\/IMG_20190324_094732-1-1024x768.jpg\" alt=\"\" srcset=\"https:\/\/lossburg-schoemberg.de\/wp-content\/uploads\/2019\/03\/IMG_20190324_094732-1-1024x768.jpg 1024w, https:\/\/lossburg-schoemberg.de\/wp-content\/uploads\/2019\/03\/IMG_20190324_094732-1-300x225.jpg 300w, https:\/\/lossburg-schoemberg.de\/wp-content\/uploads\/2019\/03\/IMG_20190324_094732-1-768x576.jpg 768w\" sizes=\"auto, (max-width: 1024px) 100vw, 1024px\" \/>\r\n<figcaption>hdrpl<\/figcaption>\r\n<\/figure>\r\n\r\n\r\n\r\n<figure class=\"wp-block-image\"><img loading=\"lazy\" decoding=\"async\" width=\"1024\" height=\"768\" class=\"wp-image-4098\" src=\"http:\/\/lossburg-schoemberg.de\/wp-content\/uploads\/2019\/03\/IMG_20190324_094933-1-1024x768.jpg\" alt=\"\" srcset=\"https:\/\/lossburg-schoemberg.de\/wp-content\/uploads\/2019\/03\/IMG_20190324_094933-1-1024x768.jpg 1024w, https:\/\/lossburg-schoemberg.de\/wp-content\/uploads\/2019\/03\/IMG_20190324_094933-1-300x225.jpg 300w, https:\/\/lossburg-schoemberg.de\/wp-content\/uploads\/2019\/03\/IMG_20190324_094933-1-768x576.jpg 768w\" sizes=\"auto, (max-width: 1024px) 100vw, 1024px\" \/>\r\n<figcaption>hdrpl<\/figcaption>\r\n<\/figure>\r\n\r\n\r\n\r\n<figure class=\"wp-block-image\"><img loading=\"lazy\" decoding=\"async\" width=\"1024\" height=\"768\" class=\"wp-image-4099\" src=\"http:\/\/lossburg-schoemberg.de\/wp-content\/uploads\/2019\/03\/IMG_20190324_095000-1-1024x768.jpg\" alt=\"\" srcset=\"https:\/\/lossburg-schoemberg.de\/wp-content\/uploads\/2019\/03\/IMG_20190324_095000-1-1024x768.jpg 1024w, https:\/\/lossburg-schoemberg.de\/wp-content\/uploads\/2019\/03\/IMG_20190324_095000-1-300x225.jpg 300w, https:\/\/lossburg-schoemberg.de\/wp-content\/uploads\/2019\/03\/IMG_20190324_095000-1-768x576.jpg 768w\" sizes=\"auto, (max-width: 1024px) 100vw, 1024px\" \/>\r\n<figcaption>hdrpl<\/figcaption>\r\n<\/figure>\r\n\r\n\r\n\r\n<figure class=\"wp-block-image\"><img loading=\"lazy\" decoding=\"async\" width=\"1024\" height=\"768\" class=\"wp-image-4100\" src=\"http:\/\/lossburg-schoemberg.de\/wp-content\/uploads\/2019\/03\/IMG_20190324_095022-1-1024x768.jpg\" alt=\"\" srcset=\"https:\/\/lossburg-schoemberg.de\/wp-content\/uploads\/2019\/03\/IMG_20190324_095022-1-1024x768.jpg 1024w, https:\/\/lossburg-schoemberg.de\/wp-content\/uploads\/2019\/03\/IMG_20190324_095022-1-300x225.jpg 300w, https:\/\/lossburg-schoemberg.de\/wp-content\/uploads\/2019\/03\/IMG_20190324_095022-1-768x576.jpg 768w\" sizes=\"auto, (max-width: 1024px) 100vw, 1024px\" \/>\r\n<figcaption>hdrpl<\/figcaption>\r\n<\/figure>\r\n\r\n\r\n\r\n<figure class=\"wp-block-image\"><img loading=\"lazy\" decoding=\"async\" width=\"1024\" height=\"768\" class=\"wp-image-4101\" src=\"http:\/\/lossburg-schoemberg.de\/wp-content\/uploads\/2019\/03\/IMG_20190324_095032-1-1024x768.jpg\" alt=\"\" srcset=\"https:\/\/lossburg-schoemberg.de\/wp-content\/uploads\/2019\/03\/IMG_20190324_095032-1-1024x768.jpg 1024w, https:\/\/lossburg-schoemberg.de\/wp-content\/uploads\/2019\/03\/IMG_20190324_095032-1-300x225.jpg 300w, https:\/\/lossburg-schoemberg.de\/wp-content\/uploads\/2019\/03\/IMG_20190324_095032-1-768x576.jpg 768w\" sizes=\"auto, (max-width: 1024px) 100vw, 1024px\" \/>\r\n<figcaption>hdrpl<\/figcaption>\r\n<\/figure>\r\n\r\n\r\n\r\n<figure class=\"wp-block-image\"><img loading=\"lazy\" decoding=\"async\" width=\"1024\" height=\"768\" class=\"wp-image-4102\" src=\"http:\/\/lossburg-schoemberg.de\/wp-content\/uploads\/2019\/03\/IMG_20190324_094818-1-1024x768.jpg\" alt=\"\" srcset=\"https:\/\/lossburg-schoemberg.de\/wp-content\/uploads\/2019\/03\/IMG_20190324_094818-1-1024x768.jpg 1024w, https:\/\/lossburg-schoemberg.de\/wp-content\/uploads\/2019\/03\/IMG_20190324_094818-1-300x225.jpg 300w, https:\/\/lossburg-schoemberg.de\/wp-content\/uploads\/2019\/03\/IMG_20190324_094818-1-768x576.jpg 768w\" sizes=\"auto, (max-width: 1024px) 100vw, 1024px\" \/>\r\n<figcaption>rhdr<\/figcaption>\r\n<\/figure>\r\n\r\n\r\n\r\n<figure class=\"wp-block-image\"><img loading=\"lazy\" decoding=\"async\" width=\"903\" height=\"1024\" class=\"wp-image-4113\" src=\"http:\/\/lossburg-schoemberg.de\/wp-content\/uploads\/2019\/04\/Dusche-903x1024.jpg\" alt=\"\" srcset=\"https:\/\/lossburg-schoemberg.de\/wp-content\/uploads\/2019\/04\/Dusche-903x1024.jpg 903w, https:\/\/lossburg-schoemberg.de\/wp-content\/uploads\/2019\/04\/Dusche-264x300.jpg 264w, https:\/\/lossburg-schoemberg.de\/wp-content\/uploads\/2019\/04\/Dusche-768x871.jpg 768w\" sizes=\"auto, (max-width: 903px) 100vw, 903px\" \/>\r\n<figcaption>hdrpl<\/figcaption>\r\n<\/figure>\r\n\r\n\r\n\r\n<figure class=\"wp-block-image\"><img loading=\"lazy\" decoding=\"async\" width=\"1024\" height=\"768\" class=\"wp-image-4115\" src=\"http:\/\/lossburg-schoemberg.de\/wp-content\/uploads\/2019\/04\/Schelling-1024x768.jpg\" alt=\"\" srcset=\"https:\/\/lossburg-schoemberg.de\/wp-content\/uploads\/2019\/04\/Schelling-1024x768.jpg 1024w, https:\/\/lossburg-schoemberg.de\/wp-content\/uploads\/2019\/04\/Schelling-300x225.jpg 300w, https:\/\/lossburg-schoemberg.de\/wp-content\/uploads\/2019\/04\/Schelling-768x576.jpg 768w, https:\/\/lossburg-schoemberg.de\/wp-content\/uploads\/2019\/04\/Schelling.jpg 1280w\" sizes=\"auto, (max-width: 1024px) 100vw, 1024px\" \/>\r\n<figcaption>Das Haus von au\u00dfen. Es liegt markant in der Ortsmitte<\/figcaption>\r\n<\/figure>\r\n\r\n\r\n\r\n<figure class=\"wp-block-image\"><img loading=\"lazy\" decoding=\"async\" width=\"1024\" height=\"768\" class=\"wp-image-4104\" src=\"http:\/\/lossburg-schoemberg.de\/wp-content\/uploads\/2019\/03\/IMG_2448-1-1024x768.jpg\" alt=\"\" srcset=\"https:\/\/lossburg-schoemberg.de\/wp-content\/uploads\/2019\/03\/IMG_2448-1-1024x768.jpg 1024w, https:\/\/lossburg-schoemberg.de\/wp-content\/uploads\/2019\/03\/IMG_2448-1-300x225.jpg 300w, https:\/\/lossburg-schoemberg.de\/wp-content\/uploads\/2019\/03\/IMG_2448-1-768x576.jpg 768w, https:\/\/lossburg-schoemberg.de\/wp-content\/uploads\/2019\/03\/IMG_2448-1.jpg 1600w\" sizes=\"auto, (max-width: 1024px) 100vw, 1024px\" \/><\/figure>\r\n","protected":false},"excerpt":{"rendered":"<p>Moderne Ferienwohnung auf dem Sch\u00f6mberg Die Ferienwohnung befindet sich in Sch\u00f6mberg, einem Ortsteil von Lo\u00dfburg im Landkreis Freudenstadt in Baden W\u00fcrttemberg. Der Ort liegt in 744 m.\u00fc.NN als landschaftliches Schmuckk\u00e4stchen mit malerischen Reizen. Beispielweise das f\u00fcr Herz und Nerven gesunde Mittelgebirgsklima, die ausgedehnten Tannenwaldungen, das gut markierte Wanderwegenetz (ca. 200 km) mit Plenterwald-Naturlehrpfad, Schutzh\u00fctte und &hellip; <\/p>\n<p><a class=\"more-link btn\" href=\"https:\/\/lossburg-schoemberg.de\/index.php\/gastgeber\/fewo-schelling\/\">Weiterlesen<\/a><\/p>\n","protected":false},"author":1,"featured_media":4086,"parent":14,"menu_order":0,"comment_status":"closed","ping_status":"closed","template":"","meta":{"footnotes":""},"class_list":["post-4084","page","type-page","status-publish","has-post-thumbnail","hentry","nodate","item-wrap"],"_links":{"self":[{"href":"https:\/\/lossburg-schoemberg.de\/index.php\/wp-json\/wp\/v2\/pages\/4084","targetHints":{"allow":["GET"]}}],"collection":[{"href":"https:\/\/lossburg-schoemberg.de\/index.php\/wp-json\/wp\/v2\/pages"}],"about":[{"href":"https:\/\/lossburg-schoemberg.de\/index.php\/wp-json\/wp\/v2\/types\/page"}],"author":[{"embeddable":true,"href":"https:\/\/lossburg-schoemberg.de\/index.php\/wp-json\/wp\/v2\/users\/1"}],"replies":[{"embeddable":true,"href":"https:\/\/lossburg-schoemberg.de\/index.php\/wp-json\/wp\/v2\/comments?post=4084"}],"version-history":[{"count":10,"href":"https:\/\/lossburg-schoemberg.de\/index.php\/wp-json\/wp\/v2\/pages\/4084\/revisions"}],"predecessor-version":[{"id":4591,"href":"https:\/\/lossburg-schoemberg.de\/index.php\/wp-json\/wp\/v2\/pages\/4084\/revisions\/4591"}],"up":[{"embeddable":true,"href":"https:\/\/lossburg-schoemberg.de\/index.php\/wp-json\/wp\/v2\/pages\/14"}],"wp:featuredmedia":[{"embeddable":true,"href":"https:\/\/lossburg-schoemberg.de\/index.php\/wp-json\/wp\/v2\/media\/4086"}],"wp:attachment":[{"href":"https:\/\/lossburg-schoemberg.de\/index.php\/wp-json\/wp\/v2\/media?parent=4084"}],"curies":[{"name":"wp","href":"https:\/\/api.w.org\/{rel}","templated":true}]}}