{"id":4073,"date":"2019-03-11T23:19:46","date_gmt":"2019-03-11T22:19:46","guid":{"rendered":"http:\/\/lossburg-schoemberg.de\/?page_id=4073"},"modified":"2021-01-11T21:00:09","modified_gmt":"2021-01-11T20:00:09","slug":"maiwanderung-2019","status":"publish","type":"page","link":"https:\/\/lossburg-schoemberg.de\/index.php\/rueckblick\/2019-2\/maiwanderung-2019\/","title":{"rendered":"Maiwanderung 2019"},"content":{"rendered":"\n<h4 class=\"wp-block-heading\">Wandern mit der Dorfgemeinschaft am 01. Mai<\/h4>\n\n\n\n<p>Diesmal wandern wir in Musbach <\/p>\n\n\n\n<p>Die Ortschaft Musbach veranstaltet am 1. Mai ein Fr\u00fchlingsfest mit mehreren Wanderstrecken an denen es an diesem Tag auch Verpflegungsstationen gibt.<\/p>\n\n\n\n<p>Geplanter Ablauf: Treffen am 01.05. um 09:00 am Rathaus Sch\u00f6mberg<\/p>\n\n\n\n<ul class=\"wp-block-list\"><li>Abfahrt mit eigenen PKW&#8217;s in Fahrgemeinschaften nach Musbach. Abfahrt um 09:45 Uhr.<\/li><li>um 10:00 Uhr zuschauen beim Maibaumstellen durch die Feuerwehr Musbach.<\/li><li>danach gehts auf die Wanderstrecke rund um Musbach, Strecke Gr\u00f6\u00dfe M, L\u00e4nge ca. 9 km. Auf der Strecke gibt es mehrere Verpflegungsstationen.<\/li><li>Nach ca 3\/4 der Strecke kommt man am Segelflugplatz vorbei. Dort bietet die Fliegergruppe Freudenstadt bei sch\u00f6nem Wetter kleine Mitflugm\u00f6glichkeiten an.<\/li><li>In Sichtweite des Flugplazes ist der Luise Maier Platz, die h\u00f6chstgelegene Stelle in Musbach. Von dort hat man eine gute Aussicht, bei idealem Wetter bis zu den Alpen. Dort ist auch eine Verpflegungsstation<\/li><li>Das letzte St\u00fcck f\u00fchrt uns zur\u00fcck zum B\u00fcrgerhaus Musbach. Dort spielt ab 15:00 Uhr Axel L<\/li><li>Im B\u00fcrgerhaus bekommen Mitglieder der &#8222;Alpirsbacher Spezialisten&#8220; gegen Vorlage ihrer Mitgliedskarte 2 Freibier<\/li><li>Heinfahrt auf den Sch\u00f6mberg <\/li><li>Abschluss im Solhof Sch\u00f6mberg.<\/li><\/ul>\n\n\n\n<p>Ausgearbeitet wurde die Wanderung von Mario K\u00f6hn und Karl Pfau<\/p>\n","protected":false},"excerpt":{"rendered":"<p>Wandern mit der Dorfgemeinschaft am 01. Mai Diesmal wandern wir in Musbach Die Ortschaft Musbach veranstaltet am 1. Mai ein Fr\u00fchlingsfest mit mehreren Wanderstrecken an denen es an diesem Tag auch Verpflegungsstationen gibt. Geplanter Ablauf: Treffen am 01.05. um 09:00 am Rathaus Sch\u00f6mberg Abfahrt mit eigenen PKW&#8217;s in Fahrgemeinschaften nach Musbach. Abfahrt um 09:45 Uhr. &hellip; <\/p>\n<p><a class=\"more-link btn\" href=\"https:\/\/lossburg-schoemberg.de\/index.php\/rueckblick\/2019-2\/maiwanderung-2019\/\">Weiterlesen<\/a><\/p>\n","protected":false},"author":1,"featured_media":4075,"parent":4156,"menu_order":30,"comment_status":"closed","ping_status":"closed","template":"","meta":{"footnotes":""},"class_list":["post-4073","page","type-page","status-publish","has-post-thumbnail","hentry","nodate","item-wrap"],"_links":{"self":[{"href":"https:\/\/lossburg-schoemberg.de\/index.php\/wp-json\/wp\/v2\/pages\/4073","targetHints":{"allow":["GET"]}}],"collection":[{"href":"https:\/\/lossburg-schoemberg.de\/index.php\/wp-json\/wp\/v2\/pages"}],"about":[{"href":"https:\/\/lossburg-schoemberg.de\/index.php\/wp-json\/wp\/v2\/types\/page"}],"author":[{"embeddable":true,"href":"https:\/\/lossburg-schoemberg.de\/index.php\/wp-json\/wp\/v2\/users\/1"}],"replies":[{"embeddable":true,"href":"https:\/\/lossburg-schoemberg.de\/index.php\/wp-json\/wp\/v2\/comments?post=4073"}],"version-history":[{"count":4,"href":"https:\/\/lossburg-schoemberg.de\/index.php\/wp-json\/wp\/v2\/pages\/4073\/revisions"}],"predecessor-version":[{"id":4081,"href":"https:\/\/lossburg-schoemberg.de\/index.php\/wp-json\/wp\/v2\/pages\/4073\/revisions\/4081"}],"up":[{"embeddable":true,"href":"https:\/\/lossburg-schoemberg.de\/index.php\/wp-json\/wp\/v2\/pages\/4156"}],"wp:featuredmedia":[{"embeddable":true,"href":"https:\/\/lossburg-schoemberg.de\/index.php\/wp-json\/wp\/v2\/media\/4075"}],"wp:attachment":[{"href":"https:\/\/lossburg-schoemberg.de\/index.php\/wp-json\/wp\/v2\/media?parent=4073"}],"curies":[{"name":"wp","href":"https:\/\/api.w.org\/{rel}","templated":true}]}}