{"id":407,"date":"2012-07-11T20:28:50","date_gmt":"2012-07-11T18:28:50","guid":{"rendered":"http:\/\/beta.lossburg-schoemberg.de\/?page_id=407"},"modified":"2018-02-18T22:49:33","modified_gmt":"2018-02-18T21:49:33","slug":"walterhof","status":"publish","type":"page","link":"https:\/\/lossburg-schoemberg.de\/index.php\/gastgeber\/walterhof\/","title":{"rendered":"Walterhof"},"content":{"rendered":"<h3 style=\"text-align: center;\"><b>Walterhof Hinterr\u00f6tenberg<\/b><\/h3>\n<p style=\"text-align: left;\">Der Walterhof ist der j\u00fcngere der beiden H\u00f6fe in Hinterr\u00f6tenberg. Er ist seit vielen Generationen im Besitz der Familie Walter.<\/p>\n<p>Der Hof wurde 1985 vom damaligen Bundeskanzler Dr. Helmut Kohl mit Delegation besucht.<\/p>\n<p>Herr Dr. Kohl und ein Jahr sp\u00e4ter Johannes Rau folgten einer Einladung, um sich vom Waldsterben im Schwarzwald ein Bild zu machen.<\/p>\n<p>&nbsp;<\/p>\n<div id=\"attachment_2246\" style=\"width: 300px\" class=\"wp-caption alignright\"><a href=\"http:\/\/beta.lossburg-schoemberg.de\/wp-content\/uploads\/2012\/07\/Walterhof20081.jpg\"><img loading=\"lazy\" decoding=\"async\" aria-describedby=\"caption-attachment-2246\" class=\"size-medium wp-image-2246\" src=\"http:\/\/beta.lossburg-schoemberg.de\/wp-content\/uploads\/2012\/07\/Walterhof20081-300x231.jpg\" alt=\"Walterhof\" width=\"300\" height=\"231\" srcset=\"https:\/\/lossburg-schoemberg.de\/wp-content\/uploads\/2012\/07\/Walterhof20081-300x231.jpg 300w, https:\/\/lossburg-schoemberg.de\/wp-content\/uploads\/2012\/07\/Walterhof20081.jpg 370w\" sizes=\"auto, (max-width: 300px) 100vw, 300px\" \/><\/a><p id=\"caption-attachment-2246\" class=\"wp-caption-text\">Der Walterhof auf dem Hinterr\u00f6tenberg<\/p><\/div>\n<p>Der Walterhof bietet eine gro\u00dfe Vielfalt an Aktivit\u00e4ten, z.B.:<\/p>\n<ul>\n<li>Moderner Forstbetrieb<\/li>\n<li>Eigene Jagd<\/li>\n<li>moderne Pferde-Offenstallhaltung<\/li>\n<li>Landwirtschaft<\/li>\n<li>Ferien auf dem Bauernhof mit vielen<\/li>\n<li>Qualit\u00e4tsauszeichnungen<\/li>\n<li>Ferienwohnung mit 5-Sternen<\/li>\n<li>Schnapsbrennerei mit echten Spezialit\u00e4ten<\/li>\n<li>Sammlung alter Forstwerkzeuge und Forstger\u00e4te<\/li>\n<li>Ausgangspunkt f\u00fcr\u00a0<a href=\"http:\/\/www.abenteuer-schwarzwald.de\/\" target=\"_blank\" rel=\"noopener\">\u201eSchwarzwald-Guide\u201c<\/a>-F\u00fchrungen.<\/li>\n<li>Viel mehr Infos und Urlaubs-ABC unter\u00a0<a href=\"http:\/\/www.walterhof.de\/\" target=\"_blank\" rel=\"noopener\">Walterhof.de<\/a><\/li>\n<\/ul>\n<p>&nbsp;<\/p>\n<p style=\"text-align: center;\"><strong>WALTERHOF<\/strong><\/p>\n<p style=\"text-align: center;\"><a href=\"http:\/\/www.walterhof.de\/\">Offizieller Internetauftritt<\/a><\/p>\n<p style=\"text-align: center;\">Hinterr\u00f6tenberg 3<br \/>\n72290 Lossburg-Sch\u00f6mberg<\/p>\n<p style=\"text-align: center;\">\u00a0Telefon: +49\u00a0(0)7446\u00a01241<br \/>\nE-Mail:\u00a0info@walterhof.de<br \/>\nFax: +49 (0)7446 916230<\/p>\n<p style=\"text-align: center;\"><iframe loading=\"lazy\" src=\"https:\/\/maps.google.de\/maps?f=q&amp;source=s_q&amp;hl=de&amp;geocode=&amp;q=72290+Sch%C3%B6mberg+Hinterr%C3%B6tenberg+3&amp;aq=&amp;sll=48.396528,8.408318&amp;sspn=0.012167,0.033023&amp;t=h&amp;ie=UTF8&amp;hq=&amp;hnear=Hinterr%C3%B6tenberg+3,+Hinterr%C3%B6tenberg+72290+Lo%C3%9Fburg,+Karlsruhe,+Baden-W%C3%BCrttemberg&amp;ll=48.397098,8.37656&amp;spn=0.013677,0.027423&amp;z=15&amp;iwloc=A&amp;output=embed\" width=\"640\" height=\"480\" frameborder=\"0\" marginwidth=\"0\" marginheight=\"0\" scrolling=\"no\"><\/iframe><br \/>\n<small><a style=\"color: #0000ff; text-align: left;\" href=\"https:\/\/maps.google.de\/maps?f=q&amp;source=embed&amp;hl=de&amp;geocode=&amp;q=72290+Sch%C3%B6mberg+Hinterr%C3%B6tenberg+3&amp;aq=&amp;sll=48.396528,8.408318&amp;sspn=0.012167,0.033023&amp;t=h&amp;ie=UTF8&amp;hq=&amp;hnear=Hinterr%C3%B6tenberg+3,+Hinterr%C3%B6tenberg+72290+Lo%C3%9Fburg,+Karlsruhe,+Baden-W%C3%BCrttemberg&amp;ll=48.397098,8.37656&amp;spn=0.013677,0.027423&amp;z=15&amp;iwloc=A\">Gr\u00f6\u00dfere Kartenansicht<\/a><\/small><\/p>\n","protected":false},"excerpt":{"rendered":"<p>Walterhof Hinterr\u00f6tenberg Der Walterhof ist der j\u00fcngere der beiden H\u00f6fe in Hinterr\u00f6tenberg. Er ist seit vielen Generationen im Besitz der Familie Walter. Der Hof wurde 1985 vom damaligen Bundeskanzler Dr. Helmut Kohl mit Delegation besucht. Herr Dr. Kohl und ein Jahr sp\u00e4ter Johannes Rau folgten einer Einladung, um sich vom Waldsterben im Schwarzwald ein Bild &hellip; <\/p>\n<p><a class=\"more-link btn\" href=\"https:\/\/lossburg-schoemberg.de\/index.php\/gastgeber\/walterhof\/\">Weiterlesen<\/a><\/p>\n","protected":false},"author":1,"featured_media":0,"parent":14,"menu_order":4,"comment_status":"open","ping_status":"closed","template":"","meta":{"footnotes":""},"class_list":["post-407","page","type-page","status-publish","hentry","nodate","item-wrap"],"_links":{"self":[{"href":"https:\/\/lossburg-schoemberg.de\/index.php\/wp-json\/wp\/v2\/pages\/407","targetHints":{"allow":["GET"]}}],"collection":[{"href":"https:\/\/lossburg-schoemberg.de\/index.php\/wp-json\/wp\/v2\/pages"}],"about":[{"href":"https:\/\/lossburg-schoemberg.de\/index.php\/wp-json\/wp\/v2\/types\/page"}],"author":[{"embeddable":true,"href":"https:\/\/lossburg-schoemberg.de\/index.php\/wp-json\/wp\/v2\/users\/1"}],"replies":[{"embeddable":true,"href":"https:\/\/lossburg-schoemberg.de\/index.php\/wp-json\/wp\/v2\/comments?post=407"}],"version-history":[{"count":15,"href":"https:\/\/lossburg-schoemberg.de\/index.php\/wp-json\/wp\/v2\/pages\/407\/revisions"}],"predecessor-version":[{"id":3746,"href":"https:\/\/lossburg-schoemberg.de\/index.php\/wp-json\/wp\/v2\/pages\/407\/revisions\/3746"}],"up":[{"embeddable":true,"href":"https:\/\/lossburg-schoemberg.de\/index.php\/wp-json\/wp\/v2\/pages\/14"}],"wp:attachment":[{"href":"https:\/\/lossburg-schoemberg.de\/index.php\/wp-json\/wp\/v2\/media?parent=407"}],"curies":[{"name":"wp","href":"https:\/\/api.w.org\/{rel}","templated":true}]}}