{"id":4057,"date":"2019-03-05T14:33:44","date_gmt":"2019-03-05T13:33:44","guid":{"rendered":"http:\/\/lossburg-schoemberg.de\/?page_id=4057"},"modified":"2025-02-22T12:57:12","modified_gmt":"2025-02-22T11:57:12","slug":"training-maerz-2019","status":"publish","type":"page","link":"https:\/\/lossburg-schoemberg.de\/index.php\/einrichtungen\/feuerwehr\/training-maerz-2019\/","title":{"rendered":"Training Maerz 2019"},"content":{"rendered":"\r\n<p>An einem abzubrechendem Geb\u00e4ude hat die Feuerwehr ge\u00fcbt bei sehr schlechtem Wetter. Es war dunkel und hat stark geregnet. Die zur \u00dcbung verrauchten Innenr\u00e4ume wurden mit Atemschutzausr\u00fcstung durchsucht, gleichzeitig wurde das Geb\u00e4ude von au\u00dfen mit Wasser und Schaum gel\u00f6scht.<\/p>\r\n\r\n\r\n\r\n<ul class=\"wp-block-gallery columns-2 is-cropped wp-block-gallery-1 is-layout-flex wp-block-gallery-is-layout-flex\">\r\n<li class=\"blocks-gallery-item\">\r\n<figure><img loading=\"lazy\" decoding=\"async\" width=\"1024\" height=\"836\" class=\"wp-image-4058\" src=\"http:\/\/lossburg-schoemberg.de\/wp-content\/uploads\/2019\/03\/Feuerwehr-19-b-2-1024x836.jpg\" alt=\"\" data-id=\"4058\" data-link=\"http:\/\/lossburg-schoemberg.de\/?attachment_id=4058\" srcset=\"https:\/\/lossburg-schoemberg.de\/wp-content\/uploads\/2019\/03\/Feuerwehr-19-b-2-1024x836.jpg 1024w, https:\/\/lossburg-schoemberg.de\/wp-content\/uploads\/2019\/03\/Feuerwehr-19-b-2-300x245.jpg 300w, https:\/\/lossburg-schoemberg.de\/wp-content\/uploads\/2019\/03\/Feuerwehr-19-b-2-768x627.jpg 768w, https:\/\/lossburg-schoemberg.de\/wp-content\/uploads\/2019\/03\/Feuerwehr-19-b-2.jpg 1826w\" sizes=\"auto, (max-width: 1024px) 100vw, 1024px\" \/><\/figure>\r\n<\/li>\r\n<li class=\"blocks-gallery-item\">\r\n<figure><img loading=\"lazy\" decoding=\"async\" width=\"1024\" height=\"768\" class=\"wp-image-4059\" src=\"http:\/\/lossburg-schoemberg.de\/wp-content\/uploads\/2019\/03\/Feuerwehr-19-c-2-1024x768.jpg\" alt=\"\" data-id=\"4059\" data-link=\"http:\/\/lossburg-schoemberg.de\/?attachment_id=4059\" srcset=\"https:\/\/lossburg-schoemberg.de\/wp-content\/uploads\/2019\/03\/Feuerwehr-19-c-2-1024x768.jpg 1024w, https:\/\/lossburg-schoemberg.de\/wp-content\/uploads\/2019\/03\/Feuerwehr-19-c-2-300x225.jpg 300w, https:\/\/lossburg-schoemberg.de\/wp-content\/uploads\/2019\/03\/Feuerwehr-19-c-2-768x576.jpg 768w, https:\/\/lossburg-schoemberg.de\/wp-content\/uploads\/2019\/03\/Feuerwehr-19-c-2.jpg 2048w\" sizes=\"auto, (max-width: 1024px) 100vw, 1024px\" \/><\/figure>\r\n<\/li>\r\n<li class=\"blocks-gallery-item\">\r\n<figure><img loading=\"lazy\" decoding=\"async\" width=\"1024\" height=\"768\" class=\"wp-image-4060\" src=\"http:\/\/lossburg-schoemberg.de\/wp-content\/uploads\/2019\/03\/Feuerwehr-19-d-2-1024x768.jpg\" alt=\"\" data-id=\"4060\" data-link=\"http:\/\/lossburg-schoemberg.de\/?attachment_id=4060\" srcset=\"https:\/\/lossburg-schoemberg.de\/wp-content\/uploads\/2019\/03\/Feuerwehr-19-d-2-1024x768.jpg 1024w, https:\/\/lossburg-schoemberg.de\/wp-content\/uploads\/2019\/03\/Feuerwehr-19-d-2-300x225.jpg 300w, https:\/\/lossburg-schoemberg.de\/wp-content\/uploads\/2019\/03\/Feuerwehr-19-d-2-768x576.jpg 768w, https:\/\/lossburg-schoemberg.de\/wp-content\/uploads\/2019\/03\/Feuerwehr-19-d-2.jpg 2048w\" sizes=\"auto, (max-width: 1024px) 100vw, 1024px\" \/><\/figure>\r\n<\/li>\r\n<li class=\"blocks-gallery-item\">\r\n<figure><img loading=\"lazy\" decoding=\"async\" width=\"1024\" height=\"768\" class=\"wp-image-4061\" src=\"http:\/\/lossburg-schoemberg.de\/wp-content\/uploads\/2019\/03\/Feuerwehr-19-e-2-1024x768.jpg\" alt=\"\" data-id=\"4061\" data-link=\"http:\/\/lossburg-schoemberg.de\/?attachment_id=4061\" srcset=\"https:\/\/lossburg-schoemberg.de\/wp-content\/uploads\/2019\/03\/Feuerwehr-19-e-2-1024x768.jpg 1024w, https:\/\/lossburg-schoemberg.de\/wp-content\/uploads\/2019\/03\/Feuerwehr-19-e-2-300x225.jpg 300w, https:\/\/lossburg-schoemberg.de\/wp-content\/uploads\/2019\/03\/Feuerwehr-19-e-2-768x576.jpg 768w, https:\/\/lossburg-schoemberg.de\/wp-content\/uploads\/2019\/03\/Feuerwehr-19-e-2.jpg 2048w\" sizes=\"auto, (max-width: 1024px) 100vw, 1024px\" \/><\/figure>\r\n<\/li>\r\n<li class=\"blocks-gallery-item\">\r\n<figure><img loading=\"lazy\" decoding=\"async\" width=\"1024\" height=\"768\" class=\"wp-image-4062\" src=\"http:\/\/lossburg-schoemberg.de\/wp-content\/uploads\/2019\/03\/Feuerwehr-19-f-2-1024x768.jpg\" alt=\"\" data-id=\"4062\" data-link=\"http:\/\/lossburg-schoemberg.de\/?attachment_id=4062\" srcset=\"https:\/\/lossburg-schoemberg.de\/wp-content\/uploads\/2019\/03\/Feuerwehr-19-f-2-1024x768.jpg 1024w, https:\/\/lossburg-schoemberg.de\/wp-content\/uploads\/2019\/03\/Feuerwehr-19-f-2-300x225.jpg 300w, https:\/\/lossburg-schoemberg.de\/wp-content\/uploads\/2019\/03\/Feuerwehr-19-f-2-768x576.jpg 768w, https:\/\/lossburg-schoemberg.de\/wp-content\/uploads\/2019\/03\/Feuerwehr-19-f-2.jpg 2048w\" sizes=\"auto, (max-width: 1024px) 100vw, 1024px\" \/><\/figure>\r\n<\/li>\r\n<li class=\"blocks-gallery-item\">\r\n<figure><img loading=\"lazy\" decoding=\"async\" width=\"1024\" height=\"760\" class=\"wp-image-4063\" src=\"http:\/\/lossburg-schoemberg.de\/wp-content\/uploads\/2019\/03\/Feuerwehr-19-g-2-1024x760.jpg\" alt=\"\" data-id=\"4063\" data-link=\"http:\/\/lossburg-schoemberg.de\/?attachment_id=4063\" srcset=\"https:\/\/lossburg-schoemberg.de\/wp-content\/uploads\/2019\/03\/Feuerwehr-19-g-2-1024x760.jpg 1024w, https:\/\/lossburg-schoemberg.de\/wp-content\/uploads\/2019\/03\/Feuerwehr-19-g-2-300x223.jpg 300w, https:\/\/lossburg-schoemberg.de\/wp-content\/uploads\/2019\/03\/Feuerwehr-19-g-2-768x570.jpg 768w, https:\/\/lossburg-schoemberg.de\/wp-content\/uploads\/2019\/03\/Feuerwehr-19-g-2.jpg 1628w\" sizes=\"auto, (max-width: 1024px) 100vw, 1024px\" \/><\/figure>\r\n<\/li>\r\n<\/ul>\r\n","protected":false},"excerpt":{"rendered":"<p>An einem abzubrechendem Geb\u00e4ude hat die Feuerwehr ge\u00fcbt bei sehr schlechtem Wetter. Es war dunkel und hat stark geregnet. Die zur \u00dcbung verrauchten Innenr\u00e4ume wurden mit Atemschutzausr\u00fcstung durchsucht, gleichzeitig wurde das Geb\u00e4ude von au\u00dfen mit Wasser und Schaum gel\u00f6scht.<\/p>\n","protected":false},"author":1,"featured_media":4041,"parent":350,"menu_order":44,"comment_status":"closed","ping_status":"closed","template":"","meta":{"footnotes":""},"class_list":["post-4057","page","type-page","status-publish","has-post-thumbnail","hentry","nodate","item-wrap"],"_links":{"self":[{"href":"https:\/\/lossburg-schoemberg.de\/index.php\/wp-json\/wp\/v2\/pages\/4057","targetHints":{"allow":["GET"]}}],"collection":[{"href":"https:\/\/lossburg-schoemberg.de\/index.php\/wp-json\/wp\/v2\/pages"}],"about":[{"href":"https:\/\/lossburg-schoemberg.de\/index.php\/wp-json\/wp\/v2\/types\/page"}],"author":[{"embeddable":true,"href":"https:\/\/lossburg-schoemberg.de\/index.php\/wp-json\/wp\/v2\/users\/1"}],"replies":[{"embeddable":true,"href":"https:\/\/lossburg-schoemberg.de\/index.php\/wp-json\/wp\/v2\/comments?post=4057"}],"version-history":[{"count":2,"href":"https:\/\/lossburg-schoemberg.de\/index.php\/wp-json\/wp\/v2\/pages\/4057\/revisions"}],"predecessor-version":[{"id":5279,"href":"https:\/\/lossburg-schoemberg.de\/index.php\/wp-json\/wp\/v2\/pages\/4057\/revisions\/5279"}],"up":[{"embeddable":true,"href":"https:\/\/lossburg-schoemberg.de\/index.php\/wp-json\/wp\/v2\/pages\/350"}],"wp:featuredmedia":[{"embeddable":true,"href":"https:\/\/lossburg-schoemberg.de\/index.php\/wp-json\/wp\/v2\/media\/4041"}],"wp:attachment":[{"href":"https:\/\/lossburg-schoemberg.de\/index.php\/wp-json\/wp\/v2\/media?parent=4057"}],"curies":[{"name":"wp","href":"https:\/\/api.w.org\/{rel}","templated":true}]}}