{"id":401,"date":"2012-07-11T20:04:23","date_gmt":"2012-07-11T18:04:23","guid":{"rendered":"http:\/\/beta.lossburg-schoemberg.de\/?page_id=401"},"modified":"2022-11-07T22:26:36","modified_gmt":"2022-11-07T21:26:36","slug":"eberhardt","status":"publish","type":"page","link":"https:\/\/lossburg-schoemberg.de\/index.php\/gastgeber\/eberhardt\/","title":{"rendered":"Ferien Wohnungen Eberhardt"},"content":{"rendered":"<h3 class=\"mceTemp mceIEcenter\" style=\"text-align: center;\">\u00a0<strong>Herzlich willkommen im Haus Eberhardt, in Sch\u00f6mberg im sch\u00f6nen Schwarzwald<\/strong><\/h3>\n<table>\n<tbody>\n<tr>\n<td style=\"text-align: center; width: 50%;\">\n<h3 style=\"text-align: left;\">Ferienwohnungen zum Wohlf\u00fchlen<\/h3>\n<p style=\"text-align: left;\">In der Ortsmitte von Sch\u00f6mberg liegt das Haus von Arnulf und Waltraud Eberhardt.<\/p>\n<p style=\"text-align: left;\">Hier befinden sich 2 komfortabel eingerichtete Ferienwohnungen auf einer Etage. Die gem\u00fctlichen Ferienwohnungen bestehen aus: Wohnraum mit Sat-TV, Wohnk\u00fcche, 1 bis 2 Doppelschlafzimmern und Dusche\/WC.<\/p>\n<p style=\"text-align: left;\">Tagespreis bei 1 bis 2 Personen, Wohnung 1:<br \/>\nbei 4 \u00dcbernachtungen 55,- \u20ac<br \/>\nab 5 \u00dcbernachtungen 50,- \u20ac<\/p>\n<p style=\"text-align: left;\">Tagespreis bei 1 bis 2 Personen, Wohnung 2:<br \/>\nbei 4 \u00dcbernachtungen 52,- \u20ac<br \/>\nab 5 \u00dcbernachtungen 47,- \u20ac<\/p>\n<p style=\"text-align: left;\">jeder weitere Erwachsene t\u00e4glich 10,- \u20ac<\/p>\n<p style=\"text-align: left;\">Kurtaxe pro erwachsene Person t\u00e4glich 1,50 \u20ac<\/p>\n<p style=\"text-align: left;\">Kindererm\u00e4\u00dfigung auf Anfrage.<\/p>\n<p style=\"text-align: left;\">W LAN verf\u00fcgbar<\/p>\n<p style=\"text-align: left;\">Unsere Preise beinhalten alle Nebenkosten.<\/p>\n<p style=\"text-align: left;\">Keine Haustiere.<\/p>\n<address>In den kommenden Monaten sind noch Termine frei !<\/address>\n<\/td>\n<td style=\"text-align: center; width: 50%;\">\n<div id=\"attachment_1665\" style=\"width: 258px\" class=\"wp-caption aligncenter\"><a href=\"http:\/\/beta.lossburg-schoemberg.de\/wp-content\/uploads\/2012\/07\/Eberhardt1.jpg\"><img loading=\"lazy\" decoding=\"async\" aria-describedby=\"caption-attachment-1665\" class=\"size-medium wp-image-1665\" src=\"http:\/\/beta.lossburg-schoemberg.de\/wp-content\/uploads\/2012\/07\/Eberhardt1-258x300.jpg\" alt=\"Spielwiese Haus Eberhardt\" width=\"258\" height=\"300\" srcset=\"https:\/\/lossburg-schoemberg.de\/wp-content\/uploads\/2012\/07\/Eberhardt1-258x300.jpg 258w, https:\/\/lossburg-schoemberg.de\/wp-content\/uploads\/2012\/07\/Eberhardt1.jpg 480w\" sizes=\"auto, (max-width: 258px) 100vw, 258px\" \/><\/a><p id=\"caption-attachment-1665\" class=\"wp-caption-text\">Spielwiese Haus Eberhardt<\/p><\/div>\n<address>Familien und Senioren werden sich bei uns sehr wohl f\u00fchlen<\/address>\n<\/td>\n<\/tr>\n<tr>\n<td>\n<p><div id=\"attachment_1670\" style=\"width: 300px\" class=\"wp-caption aligncenter\"><a href=\"http:\/\/beta.lossburg-schoemberg.de\/wp-content\/uploads\/2012\/07\/Eberhardt3.jpg\"><img loading=\"lazy\" decoding=\"async\" aria-describedby=\"caption-attachment-1670\" class=\"size-medium wp-image-1670 \" src=\"http:\/\/beta.lossburg-schoemberg.de\/wp-content\/uploads\/2012\/07\/Eberhardt3-300x215.jpg\" alt=\"Haus Eberhardt von vorne\" width=\"300\" height=\"215\" srcset=\"https:\/\/lossburg-schoemberg.de\/wp-content\/uploads\/2012\/07\/Eberhardt3-300x215.jpg 300w, https:\/\/lossburg-schoemberg.de\/wp-content\/uploads\/2012\/07\/Eberhardt3.jpg 1024w\" sizes=\"auto, (max-width: 300px) 100vw, 300px\" \/><\/a><p id=\"caption-attachment-1670\" class=\"wp-caption-text\">Haus Eberhardt von vorne<\/p><\/div><\/td>\n<td>\n<p><div id=\"attachment_2269\" style=\"width: 300px\" class=\"wp-caption aligncenter\"><a href=\"http:\/\/beta.lossburg-schoemberg.de\/wp-content\/uploads\/2012\/07\/Eberhardt2013b.jpg\"><img loading=\"lazy\" decoding=\"async\" aria-describedby=\"caption-attachment-2269\" class=\"size-medium wp-image-2269 \" src=\"http:\/\/beta.lossburg-schoemberg.de\/wp-content\/uploads\/2012\/07\/Eberhardt2013b-300x225.jpg\" alt=\"Eberhardt2013b\" width=\"300\" height=\"225\" srcset=\"https:\/\/lossburg-schoemberg.de\/wp-content\/uploads\/2012\/07\/Eberhardt2013b-300x225.jpg 300w, https:\/\/lossburg-schoemberg.de\/wp-content\/uploads\/2012\/07\/Eberhardt2013b.jpg 1024w\" sizes=\"auto, (max-width: 300px) 100vw, 300px\" \/><\/a><p id=\"caption-attachment-2269\" class=\"wp-caption-text\">Platz und Spielwiese hinter dem Haus. Unsere kleinen G\u00e4ste k\u00f6nnen sich am Spielplatz mit Schaukel, Rutsche und Sandkasten vergn\u00fcgen<\/p><\/div><\/td>\n<\/tr>\n<tr>\n<td>\n<div id=\"attachment_2271\" style=\"width: 300px\" class=\"wp-caption aligncenter\"><a href=\"http:\/\/beta.lossburg-schoemberg.de\/wp-content\/uploads\/2012\/07\/EberhardtWinter2013a.jpg\"><img loading=\"lazy\" decoding=\"async\" aria-describedby=\"caption-attachment-2271\" class=\"size-medium wp-image-2271 \" src=\"http:\/\/beta.lossburg-schoemberg.de\/wp-content\/uploads\/2012\/07\/EberhardtWinter2013a-300x225.jpg\" alt=\"EberhardtWinter2013a\" width=\"300\" height=\"225\" srcset=\"https:\/\/lossburg-schoemberg.de\/wp-content\/uploads\/2012\/07\/EberhardtWinter2013a-300x225.jpg 300w, https:\/\/lossburg-schoemberg.de\/wp-content\/uploads\/2012\/07\/EberhardtWinter2013a.jpg 1024w\" sizes=\"auto, (max-width: 300px) 100vw, 300px\" \/><\/a><p id=\"caption-attachment-2271\" class=\"wp-caption-text\">Winter in Sch\u00f6mberg<\/p><\/div>\n<p style=\"text-align: center;\">\n<\/td>\n<td>\n<p><div id=\"attachment_2272\" style=\"width: 340px\" class=\"wp-caption aligncenter\"><a href=\"http:\/\/beta.lossburg-schoemberg.de\/wp-content\/uploads\/2012\/07\/EberhardtWinter2013b.jpg\"><img loading=\"lazy\" decoding=\"async\" aria-describedby=\"caption-attachment-2272\" class=\" wp-image-2272 \" src=\"http:\/\/beta.lossburg-schoemberg.de\/wp-content\/uploads\/2012\/07\/EberhardtWinter2013b-1024x500.jpg\" alt=\"EberhardtWinter2013b\" width=\"340\" height=\"167\" srcset=\"https:\/\/lossburg-schoemberg.de\/wp-content\/uploads\/2012\/07\/EberhardtWinter2013b-1024x500.jpg 1024w, https:\/\/lossburg-schoemberg.de\/wp-content\/uploads\/2012\/07\/EberhardtWinter2013b-300x146.jpg 300w, https:\/\/lossburg-schoemberg.de\/wp-content\/uploads\/2012\/07\/EberhardtWinter2013b.jpg 1280w\" sizes=\"auto, (max-width: 340px) 100vw, 340px\" \/><\/a><p id=\"caption-attachment-2272\" class=\"wp-caption-text\">Die Zufahrt ist auch im Winter gut zu bew\u00e4ltigen<\/p><\/div><\/td>\n<\/tr>\n<tr>\n<td>\n<h3 class=\"mceTemp\">Bilder der Ferienwohnung 1<\/h3>\n<\/td>\n<td><\/td>\n<\/tr>\n<tr>\n<td>\n<p><div id=\"attachment_3040\" style=\"width: 300px\" class=\"wp-caption alignleft\"><a href=\"http:\/\/lossburg-schoemberg.de\/wp-content\/uploads\/2012\/07\/DSC00206.jpg\"><img loading=\"lazy\" decoding=\"async\" aria-describedby=\"caption-attachment-3040\" class=\"wp-image-3040\" src=\"http:\/\/lossburg-schoemberg.de\/wp-content\/uploads\/2012\/07\/DSC00206.jpg\" alt=\"Wohnzimmer\" width=\"300\" height=\"225\" srcset=\"https:\/\/lossburg-schoemberg.de\/wp-content\/uploads\/2012\/07\/DSC00206.jpg 1024w, https:\/\/lossburg-schoemberg.de\/wp-content\/uploads\/2012\/07\/DSC00206-300x225.jpg 300w\" sizes=\"auto, (max-width: 300px) 100vw, 300px\" \/><\/a><p id=\"caption-attachment-3040\" class=\"wp-caption-text\">Wohnzimmer, jetzt mit Flachbildschirm<\/p><\/div><\/td>\n<td>\n<p><div id=\"attachment_3041\" style=\"width: 307px\" class=\"wp-caption alignleft\"><a href=\"http:\/\/lossburg-schoemberg.de\/wp-content\/uploads\/2012\/07\/DSC00207.jpg\"><img loading=\"lazy\" decoding=\"async\" aria-describedby=\"caption-attachment-3041\" class=\"wp-image-3041\" src=\"http:\/\/lossburg-schoemberg.de\/wp-content\/uploads\/2012\/07\/DSC00207.jpg\" alt=\"Wohnzimmer\" width=\"307\" height=\"230\" srcset=\"https:\/\/lossburg-schoemberg.de\/wp-content\/uploads\/2012\/07\/DSC00207.jpg 1024w, https:\/\/lossburg-schoemberg.de\/wp-content\/uploads\/2012\/07\/DSC00207-300x225.jpg 300w\" sizes=\"auto, (max-width: 307px) 100vw, 307px\" \/><\/a><p id=\"caption-attachment-3041\" class=\"wp-caption-text\">Wohnzimmer mit Blick zum Wald und Loipe<\/p><\/div><\/td>\n<\/tr>\n<tr>\n<td>\n<p><div id=\"attachment_3048\" style=\"width: 300px\" class=\"wp-caption alignleft\"><a href=\"http:\/\/lossburg-schoemberg.de\/wp-content\/uploads\/2012\/07\/SANY0020.jpg\"><img loading=\"lazy\" decoding=\"async\" aria-describedby=\"caption-attachment-3048\" class=\"wp-image-3048\" src=\"http:\/\/lossburg-schoemberg.de\/wp-content\/uploads\/2012\/07\/SANY0020.jpg\" alt=\"Wohnk\u00fcche Die K\u00fcchen sind komplett mit K\u00fcchenger\u00e4ten ausgestattet\" width=\"300\" height=\"225\" srcset=\"https:\/\/lossburg-schoemberg.de\/wp-content\/uploads\/2012\/07\/SANY0020.jpg 1024w, https:\/\/lossburg-schoemberg.de\/wp-content\/uploads\/2012\/07\/SANY0020-300x225.jpg 300w\" sizes=\"auto, (max-width: 300px) 100vw, 300px\" \/><\/a><p id=\"caption-attachment-3048\" class=\"wp-caption-text\">Wohnk\u00fcche. Die K\u00fcchen sind komplett mit K\u00fcchenger\u00e4ten ausgestattet<\/p><\/div><\/td>\n<td>\n<p><div id=\"attachment_3049\" style=\"width: 300px\" class=\"wp-caption alignleft\"><a href=\"http:\/\/lossburg-schoemberg.de\/wp-content\/uploads\/2012\/07\/SANY0026.jpg\"><img loading=\"lazy\" decoding=\"async\" aria-describedby=\"caption-attachment-3049\" class=\"wp-image-3049\" src=\"http:\/\/lossburg-schoemberg.de\/wp-content\/uploads\/2012\/07\/SANY0026.jpg\" alt=\"Dusche Zum Service geh\u00e4ren auch Dusch- und Handt\u00fccher\" width=\"300\" height=\"225\" srcset=\"https:\/\/lossburg-schoemberg.de\/wp-content\/uploads\/2012\/07\/SANY0026.jpg 1024w, https:\/\/lossburg-schoemberg.de\/wp-content\/uploads\/2012\/07\/SANY0026-300x225.jpg 300w\" sizes=\"auto, (max-width: 300px) 100vw, 300px\" \/><\/a><p id=\"caption-attachment-3049\" class=\"wp-caption-text\">Dusche.\u00a0 Zum Service geh\u00f6ren auch Dusch- und Handt\u00fccher<\/p><\/div><\/td>\n<\/tr>\n<tr>\n<td>\n<p><div id=\"attachment_3042\" style=\"width: 300px\" class=\"wp-caption alignleft\"><a href=\"http:\/\/lossburg-schoemberg.de\/wp-content\/uploads\/2012\/07\/DSC00208.jpg\"><img loading=\"lazy\" decoding=\"async\" aria-describedby=\"caption-attachment-3042\" class=\"wp-image-3042\" src=\"http:\/\/lossburg-schoemberg.de\/wp-content\/uploads\/2012\/07\/DSC00208.jpg\" alt=\"Schlafzimmer F\u00fcr die Kinder gibt es ein Kinderbett\" width=\"300\" height=\"225\" srcset=\"https:\/\/lossburg-schoemberg.de\/wp-content\/uploads\/2012\/07\/DSC00208.jpg 1024w, https:\/\/lossburg-schoemberg.de\/wp-content\/uploads\/2012\/07\/DSC00208-300x225.jpg 300w\" sizes=\"auto, (max-width: 300px) 100vw, 300px\" \/><\/a><p id=\"caption-attachment-3042\" class=\"wp-caption-text\">Schlafzimmer. F\u00fcr die Kinder gibt es ein Kinderbett<\/p><\/div><\/td>\n<td>\n<p><div id=\"attachment_3043\" style=\"width: 300px\" class=\"wp-caption alignleft\"><a href=\"http:\/\/lossburg-schoemberg.de\/wp-content\/uploads\/2012\/07\/DSC00209.jpg\"><img loading=\"lazy\" decoding=\"async\" aria-describedby=\"caption-attachment-3043\" class=\"wp-image-3043\" src=\"http:\/\/lossburg-schoemberg.de\/wp-content\/uploads\/2012\/07\/DSC00209.jpg\" alt=\"Schlafzimmer\" width=\"300\" height=\"225\" srcset=\"https:\/\/lossburg-schoemberg.de\/wp-content\/uploads\/2012\/07\/DSC00209.jpg 1024w, https:\/\/lossburg-schoemberg.de\/wp-content\/uploads\/2012\/07\/DSC00209-300x225.jpg 300w\" sizes=\"auto, (max-width: 300px) 100vw, 300px\" \/><\/a><p id=\"caption-attachment-3043\" class=\"wp-caption-text\">Schlafzimmer. F\u00fcr die Kinder gibt es f\u00fcr den Tisch einen Hochstuhl.<\/p><\/div><\/td>\n<\/tr>\n<tr>\n<td>\n<h3>Bilder der Ferienwohnung 2<\/h3>\n<\/td>\n<td><\/td>\n<\/tr>\n<tr>\n<td>\n<p><div id=\"attachment_3046\" style=\"width: 300px\" class=\"wp-caption alignleft\"><a href=\"http:\/\/lossburg-schoemberg.de\/wp-content\/uploads\/2012\/07\/SANY0004.jpg\"><img loading=\"lazy\" decoding=\"async\" aria-describedby=\"caption-attachment-3046\" class=\"wp-image-3046\" src=\"http:\/\/lossburg-schoemberg.de\/wp-content\/uploads\/2012\/07\/SANY0004.jpg\" alt=\"Wohnzimmer\" width=\"300\" height=\"225\" srcset=\"https:\/\/lossburg-schoemberg.de\/wp-content\/uploads\/2012\/07\/SANY0004.jpg 1024w, https:\/\/lossburg-schoemberg.de\/wp-content\/uploads\/2012\/07\/SANY0004-300x225.jpg 300w\" sizes=\"auto, (max-width: 300px) 100vw, 300px\" \/><\/a><p id=\"caption-attachment-3046\" class=\"wp-caption-text\">Wohnzimmer ladet zum Verweilen ein<\/p><\/div><\/td>\n<td>\n<p><div id=\"attachment_3047\" style=\"width: 300px\" class=\"wp-caption alignleft\"><a href=\"http:\/\/lossburg-schoemberg.de\/wp-content\/uploads\/2012\/07\/SANY0005.jpg\"><img loading=\"lazy\" decoding=\"async\" aria-describedby=\"caption-attachment-3047\" class=\"wp-image-3047\" src=\"http:\/\/lossburg-schoemberg.de\/wp-content\/uploads\/2012\/07\/SANY0005.jpg\" alt=\"Wohnzimmer\" width=\"300\" height=\"225\" srcset=\"https:\/\/lossburg-schoemberg.de\/wp-content\/uploads\/2012\/07\/SANY0005.jpg 1024w, https:\/\/lossburg-schoemberg.de\/wp-content\/uploads\/2012\/07\/SANY0005-300x225.jpg 300w\" sizes=\"auto, (max-width: 300px) 100vw, 300px\" \/><\/a><p id=\"caption-attachment-3047\" class=\"wp-caption-text\">Wohnzimmer<\/p><\/div><\/td>\n<\/tr>\n<tr>\n<td>\n<p><div id=\"attachment_3045\" style=\"width: 300px\" class=\"wp-caption alignleft\"><a href=\"http:\/\/lossburg-schoemberg.de\/wp-content\/uploads\/2012\/07\/DSC00213.jpg\"><img loading=\"lazy\" decoding=\"async\" aria-describedby=\"caption-attachment-3045\" class=\"wp-image-3045\" src=\"http:\/\/lossburg-schoemberg.de\/wp-content\/uploads\/2012\/07\/DSC00213.jpg\" alt=\"K\u00fcche\" width=\"300\" height=\"225\" srcset=\"https:\/\/lossburg-schoemberg.de\/wp-content\/uploads\/2012\/07\/DSC00213.jpg 1024w, https:\/\/lossburg-schoemberg.de\/wp-content\/uploads\/2012\/07\/DSC00213-300x225.jpg 300w\" sizes=\"auto, (max-width: 300px) 100vw, 300px\" \/><\/a><p id=\"caption-attachment-3045\" class=\"wp-caption-text\">K\u00fcche<\/p><\/div><\/td>\n<td>\n<p><div id=\"attachment_3044\" style=\"width: 300px\" class=\"wp-caption alignleft\"><a href=\"http:\/\/lossburg-schoemberg.de\/wp-content\/uploads\/2012\/07\/DSC00212.jpg\"><img loading=\"lazy\" decoding=\"async\" aria-describedby=\"caption-attachment-3044\" class=\"wp-image-3044\" src=\"http:\/\/lossburg-schoemberg.de\/wp-content\/uploads\/2012\/07\/DSC00212.jpg\" alt=\"DSC00212\" width=\"300\" height=\"225\" srcset=\"https:\/\/lossburg-schoemberg.de\/wp-content\/uploads\/2012\/07\/DSC00212.jpg 1024w, https:\/\/lossburg-schoemberg.de\/wp-content\/uploads\/2012\/07\/DSC00212-300x225.jpg 300w\" sizes=\"auto, (max-width: 300px) 100vw, 300px\" \/><\/a><p id=\"caption-attachment-3044\" class=\"wp-caption-text\">Essen<\/p><\/div><\/td>\n<\/tr>\n<tr>\n<td><\/td>\n<td><\/td>\n<\/tr>\n<tr>\n<td>\n<p><div id=\"attachment_3075\" style=\"width: 300px\" class=\"wp-caption alignleft\"><a href=\"http:\/\/lossburg-schoemberg.de\/wp-content\/uploads\/2012\/07\/DSC00214.jpg\"><img loading=\"lazy\" decoding=\"async\" aria-describedby=\"caption-attachment-3075\" class=\"wp-image-3075\" src=\"http:\/\/lossburg-schoemberg.de\/wp-content\/uploads\/2012\/07\/DSC00214.jpg\" alt=\"DSC00214\" width=\"300\" height=\"225\" srcset=\"https:\/\/lossburg-schoemberg.de\/wp-content\/uploads\/2012\/07\/DSC00214.jpg 1024w, https:\/\/lossburg-schoemberg.de\/wp-content\/uploads\/2012\/07\/DSC00214-300x225.jpg 300w\" sizes=\"auto, (max-width: 300px) 100vw, 300px\" \/><\/a><p id=\"caption-attachment-3075\" class=\"wp-caption-text\">Schlafzimmer mit Kinderbett<\/p><\/div><\/td>\n<td>\n<p><div id=\"attachment_3049\" style=\"width: 300px\" class=\"wp-caption alignleft\"><a href=\"http:\/\/lossburg-schoemberg.de\/wp-content\/uploads\/2012\/07\/SANY0026.jpg\"><img loading=\"lazy\" decoding=\"async\" aria-describedby=\"caption-attachment-3049\" class=\"wp-image-3049\" src=\"http:\/\/lossburg-schoemberg.de\/wp-content\/uploads\/2012\/07\/SANY0026.jpg\" alt=\"Dusche Zum Service geh\u00f6ren auch Dusch- und Handt\u00fccher\" width=\"300\" height=\"225\" srcset=\"https:\/\/lossburg-schoemberg.de\/wp-content\/uploads\/2012\/07\/SANY0026.jpg 1024w, https:\/\/lossburg-schoemberg.de\/wp-content\/uploads\/2012\/07\/SANY0026-300x225.jpg 300w\" sizes=\"auto, (max-width: 300px) 100vw, 300px\" \/><\/a><p id=\"caption-attachment-3049\" class=\"wp-caption-text\">Dusche. Zum Service geh\u00f6ren auch Dusch- und Handt\u00fccher<\/p><\/div><\/td>\n<\/tr>\n<tr>\n<td>\n<p><div id=\"attachment_2564\" style=\"width: 300px\" class=\"wp-caption alignleft\"><a href=\"http:\/\/lossburg-schoemberg.de\/wp-content\/uploads\/2014\/05\/Mai2014d.jpg\"><img loading=\"lazy\" decoding=\"async\" aria-describedby=\"caption-attachment-2564\" class=\"wp-image-2564\" src=\"http:\/\/lossburg-schoemberg.de\/wp-content\/uploads\/2014\/05\/Mai2014d.jpg\" alt=\"Mai2014d\" width=\"300\" height=\"144\" srcset=\"https:\/\/lossburg-schoemberg.de\/wp-content\/uploads\/2014\/05\/Mai2014d.jpg 2792w, https:\/\/lossburg-schoemberg.de\/wp-content\/uploads\/2014\/05\/Mai2014d-300x143.jpg 300w, https:\/\/lossburg-schoemberg.de\/wp-content\/uploads\/2014\/05\/Mai2014d-1024x490.jpg 1024w\" sizes=\"auto, (max-width: 300px) 100vw, 300px\" \/><\/a><p id=\"caption-attachment-2564\" class=\"wp-caption-text\">Sch\u00f6mberg, von Wald umgeben<\/p><\/div><\/td>\n<td>\n<p><div id=\"attachment_2058\" style=\"width: 300px\" class=\"wp-caption alignnone\"><a href=\"http:\/\/beta.lossburg-schoemberg.de\/wp-content\/uploads\/2012\/07\/Luftbild_Eberhardt.jpg\"><img loading=\"lazy\" decoding=\"async\" aria-describedby=\"caption-attachment-2058\" class=\"wp-image-2058 size-medium\" src=\"http:\/\/beta.lossburg-schoemberg.de\/wp-content\/uploads\/2012\/07\/Luftbild_Eberhardt-300x225.jpg\" alt=\"Vom Haus sind es zu Fu\u00df 2 Minuten zur Bushaltestelle und im Winter 2 Minuten zur Loipe\" width=\"300\" height=\"225\" srcset=\"https:\/\/lossburg-schoemberg.de\/wp-content\/uploads\/2012\/07\/Luftbild_Eberhardt-300x225.jpg 300w, https:\/\/lossburg-schoemberg.de\/wp-content\/uploads\/2012\/07\/Luftbild_Eberhardt.jpg 640w\" sizes=\"auto, (max-width: 300px) 100vw, 300px\" \/><\/a><p id=\"caption-attachment-2058\" class=\"wp-caption-text\">Vom Haus sind es zu Fu\u00df 2 Minuten zur Bushaltestelle und im Winter 2 Minuten zur Loipe<\/p><\/div><\/td>\n<\/tr>\n<tr>\n<td><\/td>\n<td><\/td>\n<\/tr>\n<tr>\n<td>\n<h3 style=\"text-align: center;\">Wir freuen uns auf Ihren Besuch<\/h3>\n<p style=\"text-align: center;\">Familie Eberhardt<br \/>\nSch\u00f6mberg<br \/>\nOrtsstra\u00dfe 19<br \/>\n72290 Lo\u00dfburg<\/p>\n<p style=\"text-align: center;\">Tel.: 07446 1578<\/p>\n<p style=\"text-align: center;\"><a href=\"mailto:haus-eberhardt@freenet.de\" target=\"_blank\" rel=\"noopener noreferrer\">haus-eberhardt@freenet.de<\/a><\/p>\n<\/td>\n<td>\n<p><div id=\"attachment_2054\" style=\"width: 300px\" class=\"wp-caption aligncenter\"><a href=\"http:\/\/beta.lossburg-schoemberg.de\/wp-content\/uploads\/2012\/07\/FeWo_Eberhardt.jpg\"><img loading=\"lazy\" decoding=\"async\" aria-describedby=\"caption-attachment-2054\" class=\"size-medium wp-image-2054 \" src=\"http:\/\/beta.lossburg-schoemberg.de\/wp-content\/uploads\/2012\/07\/FeWo_Eberhardt-300x132.jpg\" alt=\"Herzlich willkommen\" width=\"300\" height=\"132\" srcset=\"https:\/\/lossburg-schoemberg.de\/wp-content\/uploads\/2012\/07\/FeWo_Eberhardt-300x132.jpg 300w, https:\/\/lossburg-schoemberg.de\/wp-content\/uploads\/2012\/07\/FeWo_Eberhardt.jpg 400w\" sizes=\"auto, (max-width: 300px) 100vw, 300px\" \/><\/a><p id=\"caption-attachment-2054\" class=\"wp-caption-text\">Herzlich willkommen<\/p><\/div><\/td>\n<\/tr>\n<\/tbody>\n<\/table>\n","protected":false},"excerpt":{"rendered":"<p>\u00a0Herzlich willkommen im Haus Eberhardt, in Sch\u00f6mberg im sch\u00f6nen Schwarzwald Ferienwohnungen zum Wohlf\u00fchlen In der Ortsmitte von Sch\u00f6mberg liegt das Haus von Arnulf und Waltraud Eberhardt. Hier befinden sich 2 komfortabel eingerichtete Ferienwohnungen auf einer Etage. Die gem\u00fctlichen Ferienwohnungen bestehen aus: Wohnraum mit Sat-TV, Wohnk\u00fcche, 1 bis 2 Doppelschlafzimmern und Dusche\/WC. Tagespreis bei 1 bis &hellip; <\/p>\n<p><a class=\"more-link btn\" href=\"https:\/\/lossburg-schoemberg.de\/index.php\/gastgeber\/eberhardt\/\">Weiterlesen<\/a><\/p>\n","protected":false},"author":1,"featured_media":1669,"parent":14,"menu_order":0,"comment_status":"open","ping_status":"open","template":"","meta":{"footnotes":""},"class_list":["post-401","page","type-page","status-publish","has-post-thumbnail","hentry","nodate","item-wrap"],"_links":{"self":[{"href":"https:\/\/lossburg-schoemberg.de\/index.php\/wp-json\/wp\/v2\/pages\/401","targetHints":{"allow":["GET"]}}],"collection":[{"href":"https:\/\/lossburg-schoemberg.de\/index.php\/wp-json\/wp\/v2\/pages"}],"about":[{"href":"https:\/\/lossburg-schoemberg.de\/index.php\/wp-json\/wp\/v2\/types\/page"}],"author":[{"embeddable":true,"href":"https:\/\/lossburg-schoemberg.de\/index.php\/wp-json\/wp\/v2\/users\/1"}],"replies":[{"embeddable":true,"href":"https:\/\/lossburg-schoemberg.de\/index.php\/wp-json\/wp\/v2\/comments?post=401"}],"version-history":[{"count":50,"href":"https:\/\/lossburg-schoemberg.de\/index.php\/wp-json\/wp\/v2\/pages\/401\/revisions"}],"predecessor-version":[{"id":4869,"href":"https:\/\/lossburg-schoemberg.de\/index.php\/wp-json\/wp\/v2\/pages\/401\/revisions\/4869"}],"up":[{"embeddable":true,"href":"https:\/\/lossburg-schoemberg.de\/index.php\/wp-json\/wp\/v2\/pages\/14"}],"wp:featuredmedia":[{"embeddable":true,"href":"https:\/\/lossburg-schoemberg.de\/index.php\/wp-json\/wp\/v2\/media\/1669"}],"wp:attachment":[{"href":"https:\/\/lossburg-schoemberg.de\/index.php\/wp-json\/wp\/v2\/media?parent=401"}],"curies":[{"name":"wp","href":"https:\/\/api.w.org\/{rel}","templated":true}]}}