{"id":3949,"date":"2018-11-24T23:00:06","date_gmt":"2018-11-24T22:00:06","guid":{"rendered":"http:\/\/lossburg-schoemberg.de\/?page_id=3949"},"modified":"2021-04-11T11:02:10","modified_gmt":"2021-04-11T09:02:10","slug":"plenterwaldpfad","status":"publish","type":"page","link":"https:\/\/lossburg-schoemberg.de\/index.php\/rueckblick\/2020-2\/plenterwaldpfad\/","title":{"rendered":"Plenterwaldpfad"},"content":{"rendered":"<h4><span style=\"color: #000000;\"><strong>Der Plenterwaldpfad ist ein interessanter Waldlehrpfad der den Wald in unserer Gegend \u00fcber einen Zeitraum von fast 300 Jahren beschreibt.<\/strong><\/span><\/h4>\n<p><span style=\"color: #000000;\">Im November 2018 wurde der etwa 2 km lange Pfad durch Herrn B\u00fcrgermeister Enderle, unserem F\u00f6rster, Herrn Martin Schmalz den Stiftungsr\u00e4ten der Stiftung Sch\u00f6mberg und der Kirchspielteilstiftung B\u00fcchenberg-\u00d6denwald er\u00f6ffnet.<\/span><\/p>\n<p><span style=\"color: #000000;\">Die Initiatoren waren die Gemeinde Lo\u00dfburg, die Lo\u00dfburg Information, und Ortschaft Sch\u00f6mberg. Die Wegf\u00fchrung, die Standorte und der Inhalt der Infotafeln stammen vom F\u00f6rster Martin Schmalz. Die Tafeln und der Weg wurden von den Holzhauern der Stiftung Sch\u00f6mberg mit Unterst\u00fctzung des Bauhofes aufgebaut.<\/span><\/p>\n<p><span style=\"color: #000000;\">Der Lehrpfad beginnt an der Blockh\u00fctte oberer Wald mit einer ersten Tafel direkt am dortigen Spielplatz. Der Weg f\u00fchrt \u00fcber 9 Stationen, ist gut begehbar, auch mit Kinderwagen und endet direkt in der Ortsmitte in Sch\u00f6mberg.<\/span><\/p>\n<p><span style=\"color: #000000;\">Hier die Themen<\/span><\/p>\n<ul>\n<li><span style=\"color: #000000;\">\u00dcbersichtstafel\u00a0 &#8222;Sch\u00f6mberg im Schwarzwald&#8220;\u00a0 mit Karte<\/span><\/li>\n<li><span style=\"color: #000000;\">Station 1\u00a0 &#8222;Alterklassenwald&#8220;\u00a0 Direkt an dieser Station findet sich diese Waldart<\/span><\/li>\n<li><span style=\"color: #000000;\">Station 2\u00a0 &#8222;Die Weisstanne&#8220;\u00a0 diese Tanne liefert sehr sch\u00f6nes harzfreies Holz,<\/span><br \/>\n<span style=\"color: #000000;\">auch die Blockh\u00fctte ist mit Weisstannenholz gebaut<\/span><\/li>\n<li><span style=\"color: #000000;\">Station 3\u00a0 &#8222;Naturverj\u00fcngung&#8220;\u00a0 ganz nat\u00fcrlich w\u00e4chst der Baumbestand nach<\/span><\/li>\n<li><span style=\"color: #000000;\">Station 4\u00a0 &#8222;Dauerwald&#8220;\u00a0 \u00fcber die ganze Fl\u00e4che werden nur wenige Alth\u00f6lzer entnommen, nie mehr Holzmenge als nachw\u00e4chst, so dass der Wald \u00fcber Generationen hinweg immer gleich aussiet<\/span><\/li>\n<li><span style=\"color: #000000;\">Station 5\u00a0 &#8222;Plenterwald&#8220;\u00a0 Die traditionelle Wirtschaftsform des Bauernwaldes. Im Plenterwald sind alle Altersklassen und alle Dimensionen stets vorhanden<\/span><\/li>\n<li><span style=\"color: #000000;\">Station 6\u00a0 &#8222;Imkerei in Sch\u00f6mberg&#8220;\u00a0 Die Bienenv\u00f6lker produzieren wertvollen Weisstannenhonig<\/span><\/li>\n<li><span style=\"color: #000000;\">Station 7\u00a0 &#8222;Plenterwald &#8211; ein Mehrgenerationenwald&#8220; \u00fcber die gesamte Waldfl\u00e4che fast gleichm\u00e4\u00dfig verteilt findet man B\u00e4ume jeder Alters von ganz jungen- bis zu mehrern hundert Jahren alten B\u00e4umen<\/span><\/li>\n<li><span style=\"color: #000000;\">Station 8\u00a0 &#8222;Die Stiftung Sch\u00f6mberg&#8220;\u00a0 Sch\u00f6mberg ist im Besitz einer Stiftung mit einer Waldfl\u00e4che von ca. 250 Hektar. In Sch\u00f6mberg wurde schon vieles geschaffen durch den Erl\u00f6s des Stiftungswaldes<\/span><\/li>\n<li><span style=\"color: #000000;\">Station 9\u00a0 &#8222;Sch\u00f6mberg&#8220;\u00a0 kurze Beschreibung der knapp 800 Jahre bestehenden Ortschaft die in Dorfwettbewerben schon viele Preise gewonnen hat.<\/span><\/li>\n<\/ul>\n<p>&nbsp;<\/p>\n<table style=\"border-collapse: collapse; width: 100%;\" border=\"1\">\n<tbody>\n<tr>\n<td style=\"width: 50%;\">\n<p><div id=\"attachment_3953\" style=\"width: 325px\" class=\"wp-caption alignleft\"><a href=\"http:\/\/lossburg-schoemberg.de\/wp-content\/uploads\/2018\/11\/Plenterwald-Tafel-1.jpg\"><img loading=\"lazy\" decoding=\"async\" aria-describedby=\"caption-attachment-3953\" class=\"wp-image-3953 \" src=\"http:\/\/lossburg-schoemberg.de\/wp-content\/uploads\/2018\/11\/Plenterwald-Tafel-1-770x1024.jpg\" alt=\"\" width=\"325\" height=\"432\" srcset=\"https:\/\/lossburg-schoemberg.de\/wp-content\/uploads\/2018\/11\/Plenterwald-Tafel-1-770x1024.jpg 770w, https:\/\/lossburg-schoemberg.de\/wp-content\/uploads\/2018\/11\/Plenterwald-Tafel-1-226x300.jpg 226w, https:\/\/lossburg-schoemberg.de\/wp-content\/uploads\/2018\/11\/Plenterwald-Tafel-1-768x1021.jpg 768w, https:\/\/lossburg-schoemberg.de\/wp-content\/uploads\/2018\/11\/Plenterwald-Tafel-1.jpg 1505w\" sizes=\"auto, (max-width: 325px) 100vw, 325px\" \/><\/a><p id=\"caption-attachment-3953\" class=\"wp-caption-text\">Start an der Blockh\u00fctte<\/p><\/div><\/td>\n<td style=\"width: 50%;\">\n<p><div id=\"attachment_3950\" style=\"width: 358px\" class=\"wp-caption alignleft\"><a href=\"http:\/\/lossburg-schoemberg.de\/wp-content\/uploads\/2018\/11\/Plenterwald-Station-1.jpg\"><img loading=\"lazy\" decoding=\"async\" aria-describedby=\"caption-attachment-3950\" class=\" wp-image-3950\" src=\"http:\/\/lossburg-schoemberg.de\/wp-content\/uploads\/2018\/11\/Plenterwald-Station-1-246x300.jpg\" alt=\"\" width=\"358\" height=\"437\" srcset=\"https:\/\/lossburg-schoemberg.de\/wp-content\/uploads\/2018\/11\/Plenterwald-Station-1-246x300.jpg 246w, https:\/\/lossburg-schoemberg.de\/wp-content\/uploads\/2018\/11\/Plenterwald-Station-1-768x936.jpg 768w, https:\/\/lossburg-schoemberg.de\/wp-content\/uploads\/2018\/11\/Plenterwald-Station-1-840x1024.jpg 840w, https:\/\/lossburg-schoemberg.de\/wp-content\/uploads\/2018\/11\/Plenterwald-Station-1.jpg 1382w\" sizes=\"auto, (max-width: 358px) 100vw, 358px\" \/><\/a><p id=\"caption-attachment-3950\" class=\"wp-caption-text\">Station 1 Altersklassenwald<\/p><\/div><\/td>\n<\/tr>\n<tr>\n<td style=\"width: 50%;\">\n<p><div id=\"attachment_3951\" style=\"width: 339px\" class=\"wp-caption alignleft\"><a href=\"http:\/\/lossburg-schoemberg.de\/wp-content\/uploads\/2018\/11\/Plenterwald-Station-2.jpg\"><img loading=\"lazy\" decoding=\"async\" aria-describedby=\"caption-attachment-3951\" class=\" wp-image-3951\" src=\"http:\/\/lossburg-schoemberg.de\/wp-content\/uploads\/2018\/11\/Plenterwald-Station-2-255x300.jpg\" alt=\"\" width=\"339\" height=\"399\" srcset=\"https:\/\/lossburg-schoemberg.de\/wp-content\/uploads\/2018\/11\/Plenterwald-Station-2-255x300.jpg 255w, https:\/\/lossburg-schoemberg.de\/wp-content\/uploads\/2018\/11\/Plenterwald-Station-2-768x904.jpg 768w, https:\/\/lossburg-schoemberg.de\/wp-content\/uploads\/2018\/11\/Plenterwald-Station-2-870x1024.jpg 870w, https:\/\/lossburg-schoemberg.de\/wp-content\/uploads\/2018\/11\/Plenterwald-Station-2.jpg 1303w\" sizes=\"auto, (max-width: 339px) 100vw, 339px\" \/><\/a><p id=\"caption-attachment-3951\" class=\"wp-caption-text\">Station 2, die Weisstanne<\/p><\/div><\/td>\n<td style=\"width: 50%;\">\n<p><div id=\"attachment_3952\" style=\"width: 327px\" class=\"wp-caption alignleft\"><a href=\"http:\/\/lossburg-schoemberg.de\/wp-content\/uploads\/2018\/11\/Plenterwald-Station-8.jpg\"><img loading=\"lazy\" decoding=\"async\" aria-describedby=\"caption-attachment-3952\" class=\" wp-image-3952\" src=\"http:\/\/lossburg-schoemberg.de\/wp-content\/uploads\/2018\/11\/Plenterwald-Station-8-247x300.jpg\" alt=\"\" width=\"327\" height=\"397\" srcset=\"https:\/\/lossburg-schoemberg.de\/wp-content\/uploads\/2018\/11\/Plenterwald-Station-8-247x300.jpg 247w, https:\/\/lossburg-schoemberg.de\/wp-content\/uploads\/2018\/11\/Plenterwald-Station-8-768x932.jpg 768w, https:\/\/lossburg-schoemberg.de\/wp-content\/uploads\/2018\/11\/Plenterwald-Station-8-844x1024.jpg 844w, https:\/\/lossburg-schoemberg.de\/wp-content\/uploads\/2018\/11\/Plenterwald-Station-8.jpg 1435w\" sizes=\"auto, (max-width: 327px) 100vw, 327px\" \/><\/a><p id=\"caption-attachment-3952\" class=\"wp-caption-text\">Station 8, Stiftung Sch\u00f6mberg<\/p><\/div><\/td>\n<\/tr>\n<tr>\n<td style=\"width: 50%;\">\n<p><div id=\"attachment_3954\" style=\"width: 339px\" class=\"wp-caption alignleft\"><a href=\"http:\/\/lossburg-schoemberg.de\/wp-content\/uploads\/2018\/11\/Stiftungsrat1.jpg\"><img loading=\"lazy\" decoding=\"async\" aria-describedby=\"caption-attachment-3954\" class=\" wp-image-3954\" src=\"http:\/\/lossburg-schoemberg.de\/wp-content\/uploads\/2018\/11\/Stiftungsrat1-300x229.jpg\" alt=\"\" width=\"339\" height=\"259\" srcset=\"https:\/\/lossburg-schoemberg.de\/wp-content\/uploads\/2018\/11\/Stiftungsrat1-300x229.jpg 300w, https:\/\/lossburg-schoemberg.de\/wp-content\/uploads\/2018\/11\/Stiftungsrat1-768x585.jpg 768w, https:\/\/lossburg-schoemberg.de\/wp-content\/uploads\/2018\/11\/Stiftungsrat1-1024x781.jpg 1024w, https:\/\/lossburg-schoemberg.de\/wp-content\/uploads\/2018\/11\/Stiftungsrat1.jpg 1872w\" sizes=\"auto, (max-width: 339px) 100vw, 339px\" \/><\/a><p id=\"caption-attachment-3954\" class=\"wp-caption-text\">&#8222;der Erste Begang&#8220;<\/p><\/div><\/td>\n<td style=\"width: 50%;\">\n<p><div id=\"attachment_3955\" style=\"width: 279px\" class=\"wp-caption alignleft\"><a href=\"http:\/\/lossburg-schoemberg.de\/wp-content\/uploads\/2018\/11\/Stiftungsrat2.jpg\"><img loading=\"lazy\" decoding=\"async\" aria-describedby=\"caption-attachment-3955\" class=\" wp-image-3955\" src=\"http:\/\/lossburg-schoemberg.de\/wp-content\/uploads\/2018\/11\/Stiftungsrat2-300x276.jpg\" alt=\"\" width=\"279\" height=\"257\" srcset=\"https:\/\/lossburg-schoemberg.de\/wp-content\/uploads\/2018\/11\/Stiftungsrat2-300x276.jpg 300w, https:\/\/lossburg-schoemberg.de\/wp-content\/uploads\/2018\/11\/Stiftungsrat2-768x706.jpg 768w, https:\/\/lossburg-schoemberg.de\/wp-content\/uploads\/2018\/11\/Stiftungsrat2-1024x942.jpg 1024w, https:\/\/lossburg-schoemberg.de\/wp-content\/uploads\/2018\/11\/Stiftungsrat2.jpg 1665w\" sizes=\"auto, (max-width: 279px) 100vw, 279px\" \/><\/a><p id=\"caption-attachment-3955\" class=\"wp-caption-text\">Die &#8222;Stiftungsr\u00e4te&#8220; auf der Strecke<\/p><\/div><\/td>\n<\/tr>\n<tr>\n<td style=\"width: 50%;\" colspan=\"2\">\n<div id=\"attachment_3961\" style=\"width: 659px\" class=\"wp-caption alignleft\"><a href=\"http:\/\/lossburg-schoemberg.de\/wp-content\/uploads\/2018\/11\/Plan.jpg\"><img loading=\"lazy\" decoding=\"async\" aria-describedby=\"caption-attachment-3961\" class=\" wp-image-3961\" src=\"http:\/\/lossburg-schoemberg.de\/wp-content\/uploads\/2018\/11\/Plan-300x274.jpg\" alt=\"\" width=\"659\" height=\"602\" srcset=\"https:\/\/lossburg-schoemberg.de\/wp-content\/uploads\/2018\/11\/Plan-300x274.jpg 300w, https:\/\/lossburg-schoemberg.de\/wp-content\/uploads\/2018\/11\/Plan-768x702.jpg 768w, https:\/\/lossburg-schoemberg.de\/wp-content\/uploads\/2018\/11\/Plan-1024x936.jpg 1024w, https:\/\/lossburg-schoemberg.de\/wp-content\/uploads\/2018\/11\/Plan.jpg 1319w\" sizes=\"auto, (max-width: 659px) 100vw, 659px\" \/><\/a><p id=\"caption-attachment-3961\" class=\"wp-caption-text\">Der neue Plenterwaldpfad<\/p><\/div>\n<p>&nbsp;<\/p>\n<p>&nbsp;<\/p>\n<p>&nbsp;<\/p>\n<p>&nbsp;<\/td>\n<\/tr>\n<\/tbody>\n<\/table>\n","protected":false},"excerpt":{"rendered":"<p>Der Plenterwaldpfad ist ein interessanter Waldlehrpfad der den Wald in unserer Gegend \u00fcber einen Zeitraum von fast 300 Jahren beschreibt. Im November 2018 wurde der etwa 2 km lange Pfad durch Herrn B\u00fcrgermeister Enderle, unserem F\u00f6rster, Herrn Martin Schmalz den Stiftungsr\u00e4ten der Stiftung Sch\u00f6mberg und der Kirchspielteilstiftung B\u00fcchenberg-\u00d6denwald er\u00f6ffnet. Die Initiatoren waren die Gemeinde Lo\u00dfburg, &hellip; <\/p>\n<p><a class=\"more-link btn\" href=\"https:\/\/lossburg-schoemberg.de\/index.php\/rueckblick\/2020-2\/plenterwaldpfad\/\">Weiterlesen<\/a><\/p>\n","protected":false},"author":1,"featured_media":3956,"parent":4429,"menu_order":50,"comment_status":"closed","ping_status":"closed","template":"","meta":{"footnotes":""},"class_list":["post-3949","page","type-page","status-publish","has-post-thumbnail","hentry","nodate","item-wrap"],"_links":{"self":[{"href":"https:\/\/lossburg-schoemberg.de\/index.php\/wp-json\/wp\/v2\/pages\/3949","targetHints":{"allow":["GET"]}}],"collection":[{"href":"https:\/\/lossburg-schoemberg.de\/index.php\/wp-json\/wp\/v2\/pages"}],"about":[{"href":"https:\/\/lossburg-schoemberg.de\/index.php\/wp-json\/wp\/v2\/types\/page"}],"author":[{"embeddable":true,"href":"https:\/\/lossburg-schoemberg.de\/index.php\/wp-json\/wp\/v2\/users\/1"}],"replies":[{"embeddable":true,"href":"https:\/\/lossburg-schoemberg.de\/index.php\/wp-json\/wp\/v2\/comments?post=3949"}],"version-history":[{"count":12,"href":"https:\/\/lossburg-schoemberg.de\/index.php\/wp-json\/wp\/v2\/pages\/3949\/revisions"}],"predecessor-version":[{"id":4588,"href":"https:\/\/lossburg-schoemberg.de\/index.php\/wp-json\/wp\/v2\/pages\/3949\/revisions\/4588"}],"up":[{"embeddable":true,"href":"https:\/\/lossburg-schoemberg.de\/index.php\/wp-json\/wp\/v2\/pages\/4429"}],"wp:featuredmedia":[{"embeddable":true,"href":"https:\/\/lossburg-schoemberg.de\/index.php\/wp-json\/wp\/v2\/media\/3956"}],"wp:attachment":[{"href":"https:\/\/lossburg-schoemberg.de\/index.php\/wp-json\/wp\/v2\/media?parent=3949"}],"curies":[{"name":"wp","href":"https:\/\/api.w.org\/{rel}","templated":true}]}}