{"id":3943,"date":"2018-11-14T22:06:41","date_gmt":"2018-11-14T21:06:41","guid":{"rendered":"http:\/\/lossburg-schoemberg.de\/?page_id=3943"},"modified":"2018-12-15T18:28:43","modified_gmt":"2018-12-15T17:28:43","slug":"der-nikolaus-kommt-in-die-blockhuette","status":"publish","type":"page","link":"https:\/\/lossburg-schoemberg.de\/index.php\/rueckblick\/2018-2\/der-nikolaus-kommt-in-die-blockhuette\/","title":{"rendered":"Der Nikolaus kam in die Blockh\u00fctte"},"content":{"rendered":"<p>P\u00fcnktlich zum Nikolaustag hat der Nikolaus mit seinem Gehilfen, Knecht Ruprecht einen Besuch in der Blockh\u00fctte gemacht, um den Sch\u00f6mberger Kindern kleine Geschenke zu verteilen.<\/p>\n<p>Mit einem Weihnachtslied, gesungen von Kindern, Eltern und Helfern wurde er herzlich empfangen.<br \/>\nViele Kinder hatten einen auswendig gelernten kleinen Vers dabei f\u00fcr den Nikolaus.<\/p>\n<p>Die Dorfgemeinschaft hat den Nikolausabend organisiert und die kleinen und gro\u00dfen G\u00e4ste mit Getr\u00e4nke und Essen versorgt.<\/p>\n<p>Auch verabschiedet wurde der Nikolaus mit einem Lied.<\/p>\n<p>Wir freuen uns schon auf den Nikolausbesuch im n\u00e4chsten Jahr.<a href=\"http:\/\/lossburg-schoemberg.de\/wp-content\/uploads\/2018\/12\/Nikolaus18_2.jpg\"><img loading=\"lazy\" decoding=\"async\" class=\"alignleft wp-image-3973 \" src=\"http:\/\/lossburg-schoemberg.de\/wp-content\/uploads\/2018\/12\/Nikolaus18_2-1024x576.jpg\" alt=\"\" width=\"713\" height=\"401\" srcset=\"https:\/\/lossburg-schoemberg.de\/wp-content\/uploads\/2018\/12\/Nikolaus18_2-1024x576.jpg 1024w, https:\/\/lossburg-schoemberg.de\/wp-content\/uploads\/2018\/12\/Nikolaus18_2-300x169.jpg 300w, https:\/\/lossburg-schoemberg.de\/wp-content\/uploads\/2018\/12\/Nikolaus18_2-768x432.jpg 768w, https:\/\/lossburg-schoemberg.de\/wp-content\/uploads\/2018\/12\/Nikolaus18_2.jpg 1280w\" sizes=\"auto, (max-width: 713px) 100vw, 713px\" \/><\/a><\/p>\n","protected":false},"excerpt":{"rendered":"<p>P\u00fcnktlich zum Nikolaustag hat der Nikolaus mit seinem Gehilfen, Knecht Ruprecht einen Besuch in der Blockh\u00fctte gemacht, um den Sch\u00f6mberger Kindern kleine Geschenke zu verteilen. Mit einem Weihnachtslied, gesungen von Kindern, Eltern und Helfern wurde er herzlich empfangen. Viele Kinder hatten einen auswendig gelernten kleinen Vers dabei f\u00fcr den Nikolaus. Die Dorfgemeinschaft hat den Nikolausabend &hellip; <\/p>\n<p><a class=\"more-link btn\" href=\"https:\/\/lossburg-schoemberg.de\/index.php\/rueckblick\/2018-2\/der-nikolaus-kommt-in-die-blockhuette\/\">Weiterlesen<\/a><\/p>\n","protected":false},"author":1,"featured_media":3972,"parent":3808,"menu_order":5,"comment_status":"closed","ping_status":"closed","template":"","meta":{"footnotes":""},"class_list":["post-3943","page","type-page","status-publish","has-post-thumbnail","hentry","nodate","item-wrap"],"_links":{"self":[{"href":"https:\/\/lossburg-schoemberg.de\/index.php\/wp-json\/wp\/v2\/pages\/3943","targetHints":{"allow":["GET"]}}],"collection":[{"href":"https:\/\/lossburg-schoemberg.de\/index.php\/wp-json\/wp\/v2\/pages"}],"about":[{"href":"https:\/\/lossburg-schoemberg.de\/index.php\/wp-json\/wp\/v2\/types\/page"}],"author":[{"embeddable":true,"href":"https:\/\/lossburg-schoemberg.de\/index.php\/wp-json\/wp\/v2\/users\/1"}],"replies":[{"embeddable":true,"href":"https:\/\/lossburg-schoemberg.de\/index.php\/wp-json\/wp\/v2\/comments?post=3943"}],"version-history":[{"count":3,"href":"https:\/\/lossburg-schoemberg.de\/index.php\/wp-json\/wp\/v2\/pages\/3943\/revisions"}],"predecessor-version":[{"id":3974,"href":"https:\/\/lossburg-schoemberg.de\/index.php\/wp-json\/wp\/v2\/pages\/3943\/revisions\/3974"}],"up":[{"embeddable":true,"href":"https:\/\/lossburg-schoemberg.de\/index.php\/wp-json\/wp\/v2\/pages\/3808"}],"wp:featuredmedia":[{"embeddable":true,"href":"https:\/\/lossburg-schoemberg.de\/index.php\/wp-json\/wp\/v2\/media\/3972"}],"wp:attachment":[{"href":"https:\/\/lossburg-schoemberg.de\/index.php\/wp-json\/wp\/v2\/media?parent=3943"}],"curies":[{"name":"wp","href":"https:\/\/api.w.org\/{rel}","templated":true}]}}