{"id":3900,"date":"2018-07-29T18:26:38","date_gmt":"2018-07-29T16:26:38","guid":{"rendered":"http:\/\/lossburg-schoemberg.de\/?page_id=3900"},"modified":"2018-10-05T23:25:34","modified_gmt":"2018-10-05T21:25:34","slug":"herbstausflug-der-dorfgemeinschaft","status":"publish","type":"page","link":"https:\/\/lossburg-schoemberg.de\/index.php\/rueckblick\/2018-2\/herbstausflug-der-dorfgemeinschaft\/","title":{"rendered":"Herbstausflug der Dorfgemeinschaft"},"content":{"rendered":"<h3 class=\"m_2602753837949922002western\" align=\"JUSTIFY\">Gelungener Herbstausflug der Dorfgemeinschaft<\/h3>\n<p align=\"JUSTIFY\"><strong>Dieses Jahr ging es am 03. Oktober zum Schluchsee und zur Rothaus Brauerei.<\/strong><\/p>\n<p>Um 8:30 Uhr startet wir gut gelaunt mit dem Bus in Richtung Schluchsee. Als wird dort ankamen war das Wetter leider nicht ganz so gut. Es nieselte ein wenig. Dies konnte uns allerdings nicht abhalten unser traditionelles Sektfr\u00fchst\u00fcck zu beginnen.<\/p>\n<p>Mit unserer guten Laune beim Sektfr\u00fchst\u00fcck haben wir wohl den Himmel angesteckt, es h\u00f6rte auf zu regnen und der Himmel klarte langsam auf.<\/p>\n<p>Nach der St\u00e4rkung machten wir uns auf zum Bootsanleger Schluchsee Strandbad. Von dort stachen wir in See zu einer ca. einst\u00fcndige Schiffahrt auf dem Schluchsee. Im Anschluss an dieses Erlebnis ging es zu Fu\u00df am See entlang in Richtung Rohthaus. Am Ende der kleinen Wanderung wartete unser Bus. Mit dem Bus fuhren wir zur Badischen Staatsbrauerei Rothaus.<\/p>\n<p>In der Brauerei bekamen wir eine F\u00fchrung und erfuhren interessante Informationen \u00fcber die Brauerei sowie die Bierherstellung. Nach so vieler Theorie \u00fcber die Bierherstellung ging es dann zum praktischen Teil in die Brauerei Gastst\u00e4tte. Dort genossen wir das leckere Gebr\u00e4u zusammen mit gutem Essen.<\/p>\n<p>Vor der R\u00fcckfahrt in die Heimat gab es noch die Gelegenheit im Brauereishop sich mit verschieden Andenken oder Biersorten einzudecken.<\/p>\n<p>Auch dieses Jahr war es ein sehr sch\u00f6ner Ausflug mit Hand und Fu\u00df. Ein Dank an unseren Busfahrer und ganz besonders an Mario K\u00f6hn. Er hat diesen Ausflug wieder super organisiert und wir konnten es alle geniesen.<\/p>\n<table style=\"width: 100%; border-collapse: collapse;\" border=\"1\">\n<tbody>\n<tr>\n<td style=\"width: 50%;\">\n<p><div id=\"attachment_3928\" style=\"width: 328px\" class=\"wp-caption alignleft\"><a href=\"http:\/\/lossburg-schoemberg.de\/wp-content\/uploads\/2018\/10\/Schluchsee1-1.jpg\"><img loading=\"lazy\" decoding=\"async\" aria-describedby=\"caption-attachment-3928\" class=\" wp-image-3928\" src=\"http:\/\/lossburg-schoemberg.de\/wp-content\/uploads\/2018\/10\/Schluchsee1-1-300x207.jpg\" alt=\"\" width=\"328\" height=\"227\" srcset=\"https:\/\/lossburg-schoemberg.de\/wp-content\/uploads\/2018\/10\/Schluchsee1-1-300x207.jpg 300w, https:\/\/lossburg-schoemberg.de\/wp-content\/uploads\/2018\/10\/Schluchsee1-1-768x530.jpg 768w, https:\/\/lossburg-schoemberg.de\/wp-content\/uploads\/2018\/10\/Schluchsee1-1-1024x706.jpg 1024w, https:\/\/lossburg-schoemberg.de\/wp-content\/uploads\/2018\/10\/Schluchsee1-1.jpg 1920w\" sizes=\"auto, (max-width: 328px) 100vw, 328px\" \/><\/a><p id=\"caption-attachment-3928\" class=\"wp-caption-text\">Am Schluchsee<\/p><\/div><\/td>\n<td style=\"width: 50%;\">\n<p><div id=\"attachment_3927\" style=\"width: 363px\" class=\"wp-caption alignleft\"><a href=\"http:\/\/lossburg-schoemberg.de\/wp-content\/uploads\/2018\/10\/Rothaus1.jpg\"><img loading=\"lazy\" decoding=\"async\" aria-describedby=\"caption-attachment-3927\" class=\" wp-image-3927\" src=\"http:\/\/lossburg-schoemberg.de\/wp-content\/uploads\/2018\/10\/Rothaus1-300x186.jpg\" alt=\"\" width=\"363\" height=\"225\" srcset=\"https:\/\/lossburg-schoemberg.de\/wp-content\/uploads\/2018\/10\/Rothaus1-300x186.jpg 300w, https:\/\/lossburg-schoemberg.de\/wp-content\/uploads\/2018\/10\/Rothaus1-768x477.jpg 768w, https:\/\/lossburg-schoemberg.de\/wp-content\/uploads\/2018\/10\/Rothaus1-1024x636.jpg 1024w, https:\/\/lossburg-schoemberg.de\/wp-content\/uploads\/2018\/10\/Rothaus1.jpg 1920w\" sizes=\"auto, (max-width: 363px) 100vw, 363px\" \/><\/a><p id=\"caption-attachment-3927\" class=\"wp-caption-text\">Bei Rothaus<\/p><\/div><\/td>\n<\/tr>\n<tr>\n<td style=\"width: 50%;\"><a href=\"http:\/\/lossburg-schoemberg.de\/wp-content\/uploads\/2018\/10\/Schluchsee1.jpg\"><img loading=\"lazy\" decoding=\"async\" class=\"alignleft wp-image-3924\" src=\"http:\/\/lossburg-schoemberg.de\/wp-content\/uploads\/2018\/10\/Schluchsee1-300x225.jpg\" alt=\"\" width=\"331\" height=\"248\" srcset=\"https:\/\/lossburg-schoemberg.de\/wp-content\/uploads\/2018\/10\/Schluchsee1-300x225.jpg 300w, https:\/\/lossburg-schoemberg.de\/wp-content\/uploads\/2018\/10\/Schluchsee1-768x576.jpg 768w, https:\/\/lossburg-schoemberg.de\/wp-content\/uploads\/2018\/10\/Schluchsee1-1024x768.jpg 1024w, https:\/\/lossburg-schoemberg.de\/wp-content\/uploads\/2018\/10\/Schluchsee1.jpg 1920w\" sizes=\"auto, (max-width: 331px) 100vw, 331px\" \/><\/a><\/td>\n<td style=\"width: 50%;\"><a href=\"http:\/\/lossburg-schoemberg.de\/wp-content\/uploads\/2018\/10\/Schluchsee2.jpg\"><img loading=\"lazy\" decoding=\"async\" class=\"alignleft wp-image-3925\" src=\"http:\/\/lossburg-schoemberg.de\/wp-content\/uploads\/2018\/10\/Schluchsee2-300x225.jpg\" alt=\"\" width=\"330\" height=\"248\" srcset=\"https:\/\/lossburg-schoemberg.de\/wp-content\/uploads\/2018\/10\/Schluchsee2-300x225.jpg 300w, https:\/\/lossburg-schoemberg.de\/wp-content\/uploads\/2018\/10\/Schluchsee2-768x576.jpg 768w, https:\/\/lossburg-schoemberg.de\/wp-content\/uploads\/2018\/10\/Schluchsee2-1024x768.jpg 1024w, https:\/\/lossburg-schoemberg.de\/wp-content\/uploads\/2018\/10\/Schluchsee2.jpg 1920w\" sizes=\"auto, (max-width: 330px) 100vw, 330px\" \/><\/a><\/td>\n<\/tr>\n<tr>\n<td style=\"width: 50%;\"><a href=\"http:\/\/lossburg-schoemberg.de\/wp-content\/uploads\/2018\/10\/Rothaus3.jpg\"><img loading=\"lazy\" decoding=\"async\" class=\"alignleft wp-image-3922\" src=\"http:\/\/lossburg-schoemberg.de\/wp-content\/uploads\/2018\/10\/Rothaus3-300x215.jpg\" alt=\"\" width=\"325\" height=\"233\" srcset=\"https:\/\/lossburg-schoemberg.de\/wp-content\/uploads\/2018\/10\/Rothaus3-300x215.jpg 300w, https:\/\/lossburg-schoemberg.de\/wp-content\/uploads\/2018\/10\/Rothaus3-768x550.jpg 768w, https:\/\/lossburg-schoemberg.de\/wp-content\/uploads\/2018\/10\/Rothaus3-1024x733.jpg 1024w, https:\/\/lossburg-schoemberg.de\/wp-content\/uploads\/2018\/10\/Rothaus3.jpg 1920w\" sizes=\"auto, (max-width: 325px) 100vw, 325px\" \/><\/a><\/td>\n<td style=\"width: 50%;\"><a href=\"http:\/\/lossburg-schoemberg.de\/wp-content\/uploads\/2018\/10\/Rothaus4.jpg\"><img loading=\"lazy\" decoding=\"async\" class=\"alignleft wp-image-3923\" src=\"http:\/\/lossburg-schoemberg.de\/wp-content\/uploads\/2018\/10\/Rothaus4-300x172.jpg\" alt=\"\" width=\"386\" height=\"221\" srcset=\"https:\/\/lossburg-schoemberg.de\/wp-content\/uploads\/2018\/10\/Rothaus4-300x172.jpg 300w, https:\/\/lossburg-schoemberg.de\/wp-content\/uploads\/2018\/10\/Rothaus4-768x441.jpg 768w, https:\/\/lossburg-schoemberg.de\/wp-content\/uploads\/2018\/10\/Rothaus4-1024x588.jpg 1024w, https:\/\/lossburg-schoemberg.de\/wp-content\/uploads\/2018\/10\/Rothaus4.jpg 1920w\" sizes=\"auto, (max-width: 386px) 100vw, 386px\" \/><\/a><\/td>\n<\/tr>\n<\/tbody>\n<\/table>\n","protected":false},"excerpt":{"rendered":"<p>Gelungener Herbstausflug der Dorfgemeinschaft Dieses Jahr ging es am 03. Oktober zum Schluchsee und zur Rothaus Brauerei. Um 8:30 Uhr startet wir gut gelaunt mit dem Bus in Richtung Schluchsee. Als wird dort ankamen war das Wetter leider nicht ganz so gut. Es nieselte ein wenig. Dies konnte uns allerdings nicht abhalten unser traditionelles Sektfr\u00fchst\u00fcck &hellip; <\/p>\n<p><a class=\"more-link btn\" href=\"https:\/\/lossburg-schoemberg.de\/index.php\/rueckblick\/2018-2\/herbstausflug-der-dorfgemeinschaft\/\">Weiterlesen<\/a><\/p>\n","protected":false},"author":1,"featured_media":3902,"parent":3808,"menu_order":7,"comment_status":"closed","ping_status":"closed","template":"","meta":{"footnotes":""},"class_list":["post-3900","page","type-page","status-publish","has-post-thumbnail","hentry","nodate","item-wrap"],"_links":{"self":[{"href":"https:\/\/lossburg-schoemberg.de\/index.php\/wp-json\/wp\/v2\/pages\/3900","targetHints":{"allow":["GET"]}}],"collection":[{"href":"https:\/\/lossburg-schoemberg.de\/index.php\/wp-json\/wp\/v2\/pages"}],"about":[{"href":"https:\/\/lossburg-schoemberg.de\/index.php\/wp-json\/wp\/v2\/types\/page"}],"author":[{"embeddable":true,"href":"https:\/\/lossburg-schoemberg.de\/index.php\/wp-json\/wp\/v2\/users\/1"}],"replies":[{"embeddable":true,"href":"https:\/\/lossburg-schoemberg.de\/index.php\/wp-json\/wp\/v2\/comments?post=3900"}],"version-history":[{"count":4,"href":"https:\/\/lossburg-schoemberg.de\/index.php\/wp-json\/wp\/v2\/pages\/3900\/revisions"}],"predecessor-version":[{"id":3930,"href":"https:\/\/lossburg-schoemberg.de\/index.php\/wp-json\/wp\/v2\/pages\/3900\/revisions\/3930"}],"up":[{"embeddable":true,"href":"https:\/\/lossburg-schoemberg.de\/index.php\/wp-json\/wp\/v2\/pages\/3808"}],"wp:featuredmedia":[{"embeddable":true,"href":"https:\/\/lossburg-schoemberg.de\/index.php\/wp-json\/wp\/v2\/media\/3902"}],"wp:attachment":[{"href":"https:\/\/lossburg-schoemberg.de\/index.php\/wp-json\/wp\/v2\/media?parent=3900"}],"curies":[{"name":"wp","href":"https:\/\/api.w.org\/{rel}","templated":true}]}}