{"id":3825,"date":"2018-05-13T22:16:35","date_gmt":"2018-05-13T20:16:35","guid":{"rendered":"http:\/\/lossburg-schoemberg.de\/?page_id=3825"},"modified":"2021-01-10T21:40:50","modified_gmt":"2021-01-10T20:40:50","slug":"l-4777-oedenwald-lossburg","status":"publish","type":"page","link":"https:\/\/lossburg-schoemberg.de\/index.php\/rueckblick\/2018-2\/l-4777-oedenwald-lossburg\/","title":{"rendered":"K 4777 \u00d6denwald-Lo\u00dfburg"},"content":{"rendered":"<h4><strong>Seit Heute, 07.08.2018 ist die Stra\u00dfe befahrbar.<br \/>\n<\/strong><\/h4>\n<p>Wir Sch\u00f6mberger freuen uns, wieder nach Lo\u00dfburg fahren zu k\u00f6nnen.<br \/>\nObwohl die Sanierung gef\u00fchlt sehr lange gedauert hat, ist die Stra\u00dfe nun sogar fr\u00fcher als damals geplant, befahrbar.<\/p>\n<h4><strong>Sanierung der Landstra\u00dfe K 4777 von Sch\u00f6mberg nach Lo\u00dfburg.<\/strong><\/h4>\n<p>Nach langem Warten auf den schon seit 2014 vorgesenen Ausbau der Stra\u00dfe ist es nun doch soweit, dass diese erneuert wird.\u00a0 Zum einen sind wir Sch\u00f6mberger sehr froh, dass die l\u00e4ngst f\u00e4llige Sanierung gemacht wird, zum anderen gibt es w\u00e4hrend der Bauzeit eben Umwege.<br \/>\nDie Stra\u00dfe wird ab 14.05.2018 bis voraussichtlich 31.08.2019 gesperrt sein.<\/p>\n<p>Bitte auch die leicht ge\u00e4nderten Bus Fahrzeiten beachten.\u00a0 Die Busse nach Lo\u00dfburg fahren \u00fcber Freudenstadt.<\/p>\n<p>Hier ein paar Bilder vom Fortschritt. Es wird intensiv gebaut.<br \/>\nDanke an Uli f\u00fcr die Bilder<\/p>\n<table style=\"border-collapse: collapse; width: 100%;\" border=\"1\">\n<tbody>\n<tr style=\"height: 250px;\">\n<td style=\"width: 50%; height: 250px;\"><a href=\"http:\/\/lossburg-schoemberg.de\/wp-content\/uploads\/2018\/06\/K4777f.jpg\"><img loading=\"lazy\" decoding=\"async\" class=\"alignleft size-large wp-image-3879\" src=\"http:\/\/lossburg-schoemberg.de\/wp-content\/uploads\/2018\/06\/K4777f-1024x576.jpg\" alt=\"\" width=\"847\" height=\"476\" srcset=\"https:\/\/lossburg-schoemberg.de\/wp-content\/uploads\/2018\/06\/K4777f-1024x576.jpg 1024w, https:\/\/lossburg-schoemberg.de\/wp-content\/uploads\/2018\/06\/K4777f-300x169.jpg 300w, https:\/\/lossburg-schoemberg.de\/wp-content\/uploads\/2018\/06\/K4777f-768x432.jpg 768w, https:\/\/lossburg-schoemberg.de\/wp-content\/uploads\/2018\/06\/K4777f.jpg 1600w\" sizes=\"auto, (max-width: 847px) 100vw, 847px\" \/><\/a><\/td>\n<td style=\"width: 50%; height: 250px;\"><a href=\"http:\/\/lossburg-schoemberg.de\/wp-content\/uploads\/2018\/06\/K4777i.jpg\"><img loading=\"lazy\" decoding=\"async\" class=\"alignleft size-large wp-image-3882\" src=\"http:\/\/lossburg-schoemberg.de\/wp-content\/uploads\/2018\/06\/K4777i-1024x576.jpg\" alt=\"\" width=\"847\" height=\"476\" srcset=\"https:\/\/lossburg-schoemberg.de\/wp-content\/uploads\/2018\/06\/K4777i-1024x576.jpg 1024w, https:\/\/lossburg-schoemberg.de\/wp-content\/uploads\/2018\/06\/K4777i-300x169.jpg 300w, https:\/\/lossburg-schoemberg.de\/wp-content\/uploads\/2018\/06\/K4777i-768x432.jpg 768w, https:\/\/lossburg-schoemberg.de\/wp-content\/uploads\/2018\/06\/K4777i.jpg 1600w\" sizes=\"auto, (max-width: 847px) 100vw, 847px\" \/><\/a><\/td>\n<\/tr>\n<tr style=\"height: 250px;\">\n<td style=\"width: 50%; height: 250px;\"><a href=\"http:\/\/lossburg-schoemberg.de\/wp-content\/uploads\/2018\/06\/K4777b.jpg\"><img loading=\"lazy\" decoding=\"async\" class=\"alignleft size-large wp-image-3875\" src=\"http:\/\/lossburg-schoemberg.de\/wp-content\/uploads\/2018\/06\/K4777b-1024x576.jpg\" alt=\"\" width=\"847\" height=\"476\" srcset=\"https:\/\/lossburg-schoemberg.de\/wp-content\/uploads\/2018\/06\/K4777b-1024x576.jpg 1024w, https:\/\/lossburg-schoemberg.de\/wp-content\/uploads\/2018\/06\/K4777b-300x169.jpg 300w, https:\/\/lossburg-schoemberg.de\/wp-content\/uploads\/2018\/06\/K4777b-768x432.jpg 768w, https:\/\/lossburg-schoemberg.de\/wp-content\/uploads\/2018\/06\/K4777b.jpg 1600w\" sizes=\"auto, (max-width: 847px) 100vw, 847px\" \/><\/a><\/td>\n<td style=\"width: 50%; height: 250px;\"><a href=\"http:\/\/lossburg-schoemberg.de\/wp-content\/uploads\/2018\/06\/K4777g.jpg\"><img loading=\"lazy\" decoding=\"async\" class=\"alignleft size-large wp-image-3880\" src=\"http:\/\/lossburg-schoemberg.de\/wp-content\/uploads\/2018\/06\/K4777g-1024x576.jpg\" alt=\"\" width=\"847\" height=\"476\" srcset=\"https:\/\/lossburg-schoemberg.de\/wp-content\/uploads\/2018\/06\/K4777g-1024x576.jpg 1024w, https:\/\/lossburg-schoemberg.de\/wp-content\/uploads\/2018\/06\/K4777g-300x169.jpg 300w, https:\/\/lossburg-schoemberg.de\/wp-content\/uploads\/2018\/06\/K4777g-768x432.jpg 768w, https:\/\/lossburg-schoemberg.de\/wp-content\/uploads\/2018\/06\/K4777g.jpg 1600w\" sizes=\"auto, (max-width: 847px) 100vw, 847px\" \/><\/a><\/td>\n<\/tr>\n<tr style=\"height: 39px;\">\n<td style=\"width: 50%; height: 39px;\"><a href=\"http:\/\/lossburg-schoemberg.de\/wp-content\/uploads\/2018\/06\/K4777h.jpg\"><img loading=\"lazy\" decoding=\"async\" class=\"alignleft size-large wp-image-3881\" src=\"http:\/\/lossburg-schoemberg.de\/wp-content\/uploads\/2018\/06\/K4777h-576x1024.jpg\" alt=\"\" width=\"576\" height=\"1024\" srcset=\"https:\/\/lossburg-schoemberg.de\/wp-content\/uploads\/2018\/06\/K4777h-576x1024.jpg 576w, https:\/\/lossburg-schoemberg.de\/wp-content\/uploads\/2018\/06\/K4777h-169x300.jpg 169w, https:\/\/lossburg-schoemberg.de\/wp-content\/uploads\/2018\/06\/K4777h-768x1365.jpg 768w, https:\/\/lossburg-schoemberg.de\/wp-content\/uploads\/2018\/06\/K4777h.jpg 900w\" sizes=\"auto, (max-width: 576px) 100vw, 576px\" \/><\/a><\/td>\n<td style=\"width: 50%; height: 39px;\"><a href=\"http:\/\/lossburg-schoemberg.de\/wp-content\/uploads\/2018\/06\/K4777d.jpg\"><img loading=\"lazy\" decoding=\"async\" class=\"alignleft size-large wp-image-3877\" src=\"http:\/\/lossburg-schoemberg.de\/wp-content\/uploads\/2018\/06\/K4777d-576x1024.jpg\" alt=\"\" width=\"576\" height=\"1024\" srcset=\"https:\/\/lossburg-schoemberg.de\/wp-content\/uploads\/2018\/06\/K4777d-576x1024.jpg 576w, https:\/\/lossburg-schoemberg.de\/wp-content\/uploads\/2018\/06\/K4777d-169x300.jpg 169w, https:\/\/lossburg-schoemberg.de\/wp-content\/uploads\/2018\/06\/K4777d-768x1365.jpg 768w, https:\/\/lossburg-schoemberg.de\/wp-content\/uploads\/2018\/06\/K4777d.jpg 900w\" sizes=\"auto, (max-width: 576px) 100vw, 576px\" \/><\/a><\/td>\n<\/tr>\n<tr style=\"height: 28px;\">\n<td style=\"width: 50%; height: 28px;\"><\/td>\n<td style=\"width: 50%; height: 28px;\"><\/td>\n<\/tr>\n<\/tbody>\n<\/table>\n","protected":false},"excerpt":{"rendered":"<p>Seit Heute, 07.08.2018 ist die Stra\u00dfe befahrbar. Wir Sch\u00f6mberger freuen uns, wieder nach Lo\u00dfburg fahren zu k\u00f6nnen. Obwohl die Sanierung gef\u00fchlt sehr lange gedauert hat, ist die Stra\u00dfe nun sogar fr\u00fcher als damals geplant, befahrbar. Sanierung der Landstra\u00dfe K 4777 von Sch\u00f6mberg nach Lo\u00dfburg. Nach langem Warten auf den schon seit 2014 vorgesenen Ausbau der &hellip; <\/p>\n<p><a class=\"more-link btn\" href=\"https:\/\/lossburg-schoemberg.de\/index.php\/rueckblick\/2018-2\/l-4777-oedenwald-lossburg\/\">Weiterlesen<\/a><\/p>\n","protected":false},"author":1,"featured_media":3826,"parent":3808,"menu_order":20,"comment_status":"closed","ping_status":"closed","template":"","meta":{"footnotes":""},"class_list":["post-3825","page","type-page","status-publish","has-post-thumbnail","hentry","nodate","item-wrap"],"_links":{"self":[{"href":"https:\/\/lossburg-schoemberg.de\/index.php\/wp-json\/wp\/v2\/pages\/3825","targetHints":{"allow":["GET"]}}],"collection":[{"href":"https:\/\/lossburg-schoemberg.de\/index.php\/wp-json\/wp\/v2\/pages"}],"about":[{"href":"https:\/\/lossburg-schoemberg.de\/index.php\/wp-json\/wp\/v2\/types\/page"}],"author":[{"embeddable":true,"href":"https:\/\/lossburg-schoemberg.de\/index.php\/wp-json\/wp\/v2\/users\/1"}],"replies":[{"embeddable":true,"href":"https:\/\/lossburg-schoemberg.de\/index.php\/wp-json\/wp\/v2\/comments?post=3825"}],"version-history":[{"count":6,"href":"https:\/\/lossburg-schoemberg.de\/index.php\/wp-json\/wp\/v2\/pages\/3825\/revisions"}],"predecessor-version":[{"id":4220,"href":"https:\/\/lossburg-schoemberg.de\/index.php\/wp-json\/wp\/v2\/pages\/3825\/revisions\/4220"}],"up":[{"embeddable":true,"href":"https:\/\/lossburg-schoemberg.de\/index.php\/wp-json\/wp\/v2\/pages\/3808"}],"wp:featuredmedia":[{"embeddable":true,"href":"https:\/\/lossburg-schoemberg.de\/index.php\/wp-json\/wp\/v2\/media\/3826"}],"wp:attachment":[{"href":"https:\/\/lossburg-schoemberg.de\/index.php\/wp-json\/wp\/v2\/media?parent=3825"}],"curies":[{"name":"wp","href":"https:\/\/api.w.org\/{rel}","templated":true}]}}