{"id":3772,"date":"2018-03-08T23:48:09","date_gmt":"2018-03-08T22:48:09","guid":{"rendered":"http:\/\/lossburg-schoemberg.de\/?page_id=3772"},"modified":"2021-01-10T21:57:14","modified_gmt":"2021-01-10T20:57:14","slug":"herbstausflug","status":"publish","type":"page","link":"https:\/\/lossburg-schoemberg.de\/index.php\/rueckblick\/2019-2\/herbstausflug\/","title":{"rendered":"Herbstausflug 2019"},"content":{"rendered":"<h4>Besuch der Bundesgartenschau Heilbronn<\/h4>\n<p>Die Dorfgemeinschaft Sch\u00f6mberg war auf einem zweit\u00e4gigen Ausflug nach Heilbronn.<\/p>\n<p>Termin 04.10. bis 05.10.2019<\/p>\n<ul style=\"list-style-type: circle;\">\n<li>Fahrt mit dem Bus ab Sch\u00f6mberg Rathaus am Freitag Nachmittag. Abfahrtszeit 16:00 Uhr<\/li>\n<li>Ankunft im Hotel Busch am Bahnhof in Bretzfeld. Einchecken und beziehen der Zimmer<\/li>\n<li>Vesper und Weinprobe im Bahnhof Busch<\/li>\n<li>Samstag, gemeinsames Fr\u00fchst\u00fcck im Hotel Busch ab 08:00 Uhr<\/li>\n<li>Abfahrt nach Heilbronn um 10:00 Uhr<\/li>\n<li>Besuch der Bundesgartenschau, F\u00fchrung ab 11:00 Uhr in der BuGa, ca. 1,5 Stunden,<br \/>\nRest des Tages zur freien Verf\u00fcgung<\/li>\n<li>Heimfahrt\u00a0 16:00 Uhr<\/li>\n<li>Abschluss im Solhof Sch\u00f6mberg<\/li>\n<\/ul>\n<p>Der Ausflug wurde geplant und organisiert von Mario K\u00f6hn, Sch\u00f6mberg<\/p>\n<p>Ein sch\u00f6ner Ausflug, Gl\u00fcck gehabt mit dem Wetter. Abwechlungsreich, Interessant, gut organisiert. Danke an Mario K\u00f6hn<\/p>\n<p><a href=\"http:\/\/lossburg-schoemberg.de\/wp-content\/uploads\/2021\/01\/BuGa1.jpg\"><img loading=\"lazy\" decoding=\"async\" class=\"aligncenter size-large wp-image-4457\" src=\"http:\/\/lossburg-schoemberg.de\/wp-content\/uploads\/2021\/01\/BuGa1-1024x732.jpg\" alt=\"\" width=\"847\" height=\"605\" srcset=\"https:\/\/lossburg-schoemberg.de\/wp-content\/uploads\/2021\/01\/BuGa1-1024x732.jpg 1024w, https:\/\/lossburg-schoemberg.de\/wp-content\/uploads\/2021\/01\/BuGa1-300x215.jpg 300w, https:\/\/lossburg-schoemberg.de\/wp-content\/uploads\/2021\/01\/BuGa1-768x549.jpg 768w, https:\/\/lossburg-schoemberg.de\/wp-content\/uploads\/2021\/01\/BuGa1-1536x1099.jpg 1536w, https:\/\/lossburg-schoemberg.de\/wp-content\/uploads\/2021\/01\/BuGa1.jpg 1854w\" sizes=\"auto, (max-width: 847px) 100vw, 847px\" \/><\/a><\/p>\n","protected":false},"excerpt":{"rendered":"<p>Besuch der Bundesgartenschau Heilbronn Die Dorfgemeinschaft Sch\u00f6mberg war auf einem zweit\u00e4gigen Ausflug nach Heilbronn. Termin 04.10. bis 05.10.2019 Fahrt mit dem Bus ab Sch\u00f6mberg Rathaus am Freitag Nachmittag. Abfahrtszeit 16:00 Uhr Ankunft im Hotel Busch am Bahnhof in Bretzfeld. Einchecken und beziehen der Zimmer Vesper und Weinprobe im Bahnhof Busch Samstag, gemeinsames Fr\u00fchst\u00fcck im Hotel &hellip; <\/p>\n<p><a class=\"more-link btn\" href=\"https:\/\/lossburg-schoemberg.de\/index.php\/rueckblick\/2019-2\/herbstausflug\/\">Weiterlesen<\/a><\/p>\n","protected":false},"author":1,"featured_media":4137,"parent":4156,"menu_order":50,"comment_status":"closed","ping_status":"closed","template":"","meta":{"footnotes":""},"class_list":["post-3772","page","type-page","status-publish","has-post-thumbnail","hentry","nodate","item-wrap"],"_links":{"self":[{"href":"https:\/\/lossburg-schoemberg.de\/index.php\/wp-json\/wp\/v2\/pages\/3772","targetHints":{"allow":["GET"]}}],"collection":[{"href":"https:\/\/lossburg-schoemberg.de\/index.php\/wp-json\/wp\/v2\/pages"}],"about":[{"href":"https:\/\/lossburg-schoemberg.de\/index.php\/wp-json\/wp\/v2\/types\/page"}],"author":[{"embeddable":true,"href":"https:\/\/lossburg-schoemberg.de\/index.php\/wp-json\/wp\/v2\/users\/1"}],"replies":[{"embeddable":true,"href":"https:\/\/lossburg-schoemberg.de\/index.php\/wp-json\/wp\/v2\/comments?post=3772"}],"version-history":[{"count":8,"href":"https:\/\/lossburg-schoemberg.de\/index.php\/wp-json\/wp\/v2\/pages\/3772\/revisions"}],"predecessor-version":[{"id":4460,"href":"https:\/\/lossburg-schoemberg.de\/index.php\/wp-json\/wp\/v2\/pages\/3772\/revisions\/4460"}],"up":[{"embeddable":true,"href":"https:\/\/lossburg-schoemberg.de\/index.php\/wp-json\/wp\/v2\/pages\/4156"}],"wp:featuredmedia":[{"embeddable":true,"href":"https:\/\/lossburg-schoemberg.de\/index.php\/wp-json\/wp\/v2\/media\/4137"}],"wp:attachment":[{"href":"https:\/\/lossburg-schoemberg.de\/index.php\/wp-json\/wp\/v2\/media?parent=3772"}],"curies":[{"name":"wp","href":"https:\/\/api.w.org\/{rel}","templated":true}]}}