{"id":3766,"date":"2018-03-08T23:17:40","date_gmt":"2018-03-08T22:17:40","guid":{"rendered":"http:\/\/lossburg-schoemberg.de\/?page_id=3766"},"modified":"2018-08-28T21:29:28","modified_gmt":"2018-08-28T19:29:28","slug":"backhausfest","status":"publish","type":"page","link":"https:\/\/lossburg-schoemberg.de\/index.php\/rueckblick\/2018-2\/backhausfest\/","title":{"rendered":"Backhausfest"},"content":{"rendered":"<h4><strong>Gelungenes Backhausfest auf dem Sch\u00f6mberg<\/strong><\/h4>\n<p>Der Einladung der Dorfgemeinschaft folgten viele Besucher<\/p>\n<p>Am Samstag, 11. August wurde f\u00fcr die Sch\u00f6mberger der Holzofen im alten Backh\u00e4usle in der Reinerzauer Stra\u00dfe angefeuert.<\/p>\n<p>Am Nachmittag war der Ofen zum Backen vorbereitet. Flei\u00dfige Helfer waren daf\u00fcr zust\u00e4ndig, die Hitze zu halten und gegebenenfalls Holz nachzulegen, sodass die Besucher frisch gebackenen Flammkuchen in vegetarischer und herzhafter Form genie\u00dfen konnten.<\/p>\n<p>Das Fest begann am Sp\u00e4tnachmittag. Bei knusprig Gebackenem, Bauernbratw\u00fcrsten und Bowle lie\u00dfen es sich die Festbesucher an diesem sch\u00f6nen Sommertag bis sp\u00e4t in die Nacht gut gehen.<\/p>\n<p>Ein herzlicher Dank an alle, die in irgendeiner Form zum Gelingen des Backhausfestes beigetragen haben!<\/p>\n<div id=\"attachment_3914\" style=\"width: 847px\" class=\"wp-caption alignleft\"><a href=\"http:\/\/lossburg-schoemberg.de\/wp-content\/uploads\/2018\/08\/BF_2018.jpg\"><img loading=\"lazy\" decoding=\"async\" aria-describedby=\"caption-attachment-3914\" class=\"size-large wp-image-3914\" src=\"http:\/\/lossburg-schoemberg.de\/wp-content\/uploads\/2018\/08\/BF_2018-1024x801.jpg\" alt=\"\" width=\"847\" height=\"663\" srcset=\"https:\/\/lossburg-schoemberg.de\/wp-content\/uploads\/2018\/08\/BF_2018-1024x801.jpg 1024w, https:\/\/lossburg-schoemberg.de\/wp-content\/uploads\/2018\/08\/BF_2018-300x235.jpg 300w, https:\/\/lossburg-schoemberg.de\/wp-content\/uploads\/2018\/08\/BF_2018-768x600.jpg 768w, https:\/\/lossburg-schoemberg.de\/wp-content\/uploads\/2018\/08\/BF_2018.jpg 1920w\" sizes=\"auto, (max-width: 847px) 100vw, 847px\" \/><\/a><p id=\"caption-attachment-3914\" class=\"wp-caption-text\">Der Schornstein vom Backh\u00e4usle raucht!<\/p><\/div>\n","protected":false},"excerpt":{"rendered":"<p>Gelungenes Backhausfest auf dem Sch\u00f6mberg Der Einladung der Dorfgemeinschaft folgten viele Besucher Am Samstag, 11. August wurde f\u00fcr die Sch\u00f6mberger der Holzofen im alten Backh\u00e4usle in der Reinerzauer Stra\u00dfe angefeuert. Am Nachmittag war der Ofen zum Backen vorbereitet. Flei\u00dfige Helfer waren daf\u00fcr zust\u00e4ndig, die Hitze zu halten und gegebenenfalls Holz nachzulegen, sodass die Besucher frisch &hellip; <\/p>\n<p><a class=\"more-link btn\" href=\"https:\/\/lossburg-schoemberg.de\/index.php\/rueckblick\/2018-2\/backhausfest\/\">Weiterlesen<\/a><\/p>\n","protected":false},"author":1,"featured_media":1996,"parent":3808,"menu_order":10,"comment_status":"closed","ping_status":"closed","template":"","meta":{"footnotes":""},"class_list":["post-3766","page","type-page","status-publish","has-post-thumbnail","hentry","nodate","item-wrap"],"_links":{"self":[{"href":"https:\/\/lossburg-schoemberg.de\/index.php\/wp-json\/wp\/v2\/pages\/3766","targetHints":{"allow":["GET"]}}],"collection":[{"href":"https:\/\/lossburg-schoemberg.de\/index.php\/wp-json\/wp\/v2\/pages"}],"about":[{"href":"https:\/\/lossburg-schoemberg.de\/index.php\/wp-json\/wp\/v2\/types\/page"}],"author":[{"embeddable":true,"href":"https:\/\/lossburg-schoemberg.de\/index.php\/wp-json\/wp\/v2\/users\/1"}],"replies":[{"embeddable":true,"href":"https:\/\/lossburg-schoemberg.de\/index.php\/wp-json\/wp\/v2\/comments?post=3766"}],"version-history":[{"count":2,"href":"https:\/\/lossburg-schoemberg.de\/index.php\/wp-json\/wp\/v2\/pages\/3766\/revisions"}],"predecessor-version":[{"id":3915,"href":"https:\/\/lossburg-schoemberg.de\/index.php\/wp-json\/wp\/v2\/pages\/3766\/revisions\/3915"}],"up":[{"embeddable":true,"href":"https:\/\/lossburg-schoemberg.de\/index.php\/wp-json\/wp\/v2\/pages\/3808"}],"wp:featuredmedia":[{"embeddable":true,"href":"https:\/\/lossburg-schoemberg.de\/index.php\/wp-json\/wp\/v2\/media\/1996"}],"wp:attachment":[{"href":"https:\/\/lossburg-schoemberg.de\/index.php\/wp-json\/wp\/v2\/media?parent=3766"}],"curies":[{"name":"wp","href":"https:\/\/api.w.org\/{rel}","templated":true}]}}