{"id":3761,"date":"2018-03-08T23:04:50","date_gmt":"2018-03-08T22:04:50","guid":{"rendered":"http:\/\/lossburg-schoemberg.de\/?page_id=3761"},"modified":"2019-04-13T20:33:36","modified_gmt":"2019-04-13T18:33:36","slug":"aktion-saubere-landschaft","status":"publish","type":"page","link":"https:\/\/lossburg-schoemberg.de\/index.php\/rueckblick\/2019-2\/aktion-saubere-landschaft\/","title":{"rendered":"Aktion saubere Landschaft"},"content":{"rendered":"<h4>Auch in 2019 kamen viele Helfer trotz schlecht angesagtem Wetter um gemeinsam M\u00fcll und Unrat von Wegen und Waldr\u00e4ndern wegzur\u00e4umen.<\/h4>\n<p>Diesmal war der wild in der Landschft liegende M\u00fcll ungleich verteilt, innerhalb des Ortes war sehr wenig zu finden, entlang der Stra\u00dfe nach Freudenstadt war sehr viel M\u00fcll. <br \/>Bitte werfen sie w\u00e4hrend der Fahrt nichts aus dem Auto auf die Stra\u00dfe.<\/p>\n<p>Nach der Sammelaktion wurde f\u00fcr alle kleinen und gro\u00dfen Helfer an der Blockh\u00fctte gegrillt.<\/p>\n<p>\u00a0<\/p>\n\n\n<figure class=\"wp-block-image\"><img loading=\"lazy\" decoding=\"async\" width=\"1024\" height=\"553\" src=\"http:\/\/lossburg-schoemberg.de\/wp-content\/uploads\/2019\/04\/Dorfputz1-1-1024x553.jpg\" alt=\"\" class=\"wp-image-4162\" srcset=\"https:\/\/lossburg-schoemberg.de\/wp-content\/uploads\/2019\/04\/Dorfputz1-1-1024x553.jpg 1024w, https:\/\/lossburg-schoemberg.de\/wp-content\/uploads\/2019\/04\/Dorfputz1-1-300x162.jpg 300w, https:\/\/lossburg-schoemberg.de\/wp-content\/uploads\/2019\/04\/Dorfputz1-1-768x415.jpg 768w\" sizes=\"auto, (max-width: 1024px) 100vw, 1024px\" \/><figcaption>Vielen Dank an alle Helfer an der Dorf- und Waldputzaktion 2019<\/figcaption><\/figure>\n","protected":false},"excerpt":{"rendered":"<p>Auch in 2019 kamen viele Helfer trotz schlecht angesagtem Wetter um gemeinsam M\u00fcll und Unrat von Wegen und Waldr\u00e4ndern wegzur\u00e4umen. Diesmal war der wild in der Landschft liegende M\u00fcll ungleich verteilt, innerhalb des Ortes war sehr wenig zu finden, entlang der Stra\u00dfe nach Freudenstadt war sehr viel M\u00fcll. Bitte werfen sie w\u00e4hrend der Fahrt nichts &hellip; <\/p>\n<p><a class=\"more-link btn\" href=\"https:\/\/lossburg-schoemberg.de\/index.php\/rueckblick\/2019-2\/aktion-saubere-landschaft\/\">Weiterlesen<\/a><\/p>\n","protected":false},"author":1,"featured_media":4161,"parent":4156,"menu_order":20,"comment_status":"closed","ping_status":"closed","template":"","meta":{"footnotes":""},"class_list":["post-3761","page","type-page","status-publish","has-post-thumbnail","hentry","nodate","item-wrap"],"_links":{"self":[{"href":"https:\/\/lossburg-schoemberg.de\/index.php\/wp-json\/wp\/v2\/pages\/3761","targetHints":{"allow":["GET"]}}],"collection":[{"href":"https:\/\/lossburg-schoemberg.de\/index.php\/wp-json\/wp\/v2\/pages"}],"about":[{"href":"https:\/\/lossburg-schoemberg.de\/index.php\/wp-json\/wp\/v2\/types\/page"}],"author":[{"embeddable":true,"href":"https:\/\/lossburg-schoemberg.de\/index.php\/wp-json\/wp\/v2\/users\/1"}],"replies":[{"embeddable":true,"href":"https:\/\/lossburg-schoemberg.de\/index.php\/wp-json\/wp\/v2\/comments?post=3761"}],"version-history":[{"count":4,"href":"https:\/\/lossburg-schoemberg.de\/index.php\/wp-json\/wp\/v2\/pages\/3761\/revisions"}],"predecessor-version":[{"id":4163,"href":"https:\/\/lossburg-schoemberg.de\/index.php\/wp-json\/wp\/v2\/pages\/3761\/revisions\/4163"}],"up":[{"embeddable":true,"href":"https:\/\/lossburg-schoemberg.de\/index.php\/wp-json\/wp\/v2\/pages\/4156"}],"wp:featuredmedia":[{"embeddable":true,"href":"https:\/\/lossburg-schoemberg.de\/index.php\/wp-json\/wp\/v2\/media\/4161"}],"wp:attachment":[{"href":"https:\/\/lossburg-schoemberg.de\/index.php\/wp-json\/wp\/v2\/media?parent=3761"}],"curies":[{"name":"wp","href":"https:\/\/api.w.org\/{rel}","templated":true}]}}