{"id":3638,"date":"2017-05-24T12:38:39","date_gmt":"2017-05-24T10:38:39","guid":{"rendered":"http:\/\/lossburg-schoemberg.de\/?page_id=3638"},"modified":"2018-02-18T19:47:24","modified_gmt":"2018-02-18T18:47:24","slug":"hofbauernhof-aktionstag-pferd","status":"publish","type":"page","link":"https:\/\/lossburg-schoemberg.de\/index.php\/rueckblick\/2017-2\/hofbauernhof-aktionstag-pferd\/","title":{"rendered":"Hofbauernhof, Aktionstag Pferd"},"content":{"rendered":"<h5>Der Hofbauernhof bewirtschaftet einen Teil seiner Ackerfelder mit Arbeitspferden.<\/h5>\n<h5>Im Mai wurde, ganze Familie, ein Tag rund um das Pferd angeboten<\/h5>\n<ul>\n<li>Reiten f\u00fcr gro\u00df und klein<\/li>\n<li>Kutschfahrten<\/li>\n<li>Arbeitspferde Vorf\u00fchrung<\/li>\n<\/ul>\n","protected":false},"excerpt":{"rendered":"<p>Der Hofbauernhof bewirtschaftet einen Teil seiner Ackerfelder mit Arbeitspferden. Im Mai wurde, ganze Familie, ein Tag rund um das Pferd angeboten Reiten f\u00fcr gro\u00df und klein Kutschfahrten Arbeitspferde Vorf\u00fchrung<\/p>\n","protected":false},"author":1,"featured_media":3643,"parent":3612,"menu_order":20,"comment_status":"closed","ping_status":"closed","template":"","meta":{"footnotes":""},"class_list":["post-3638","page","type-page","status-publish","has-post-thumbnail","hentry","nodate","item-wrap"],"_links":{"self":[{"href":"https:\/\/lossburg-schoemberg.de\/index.php\/wp-json\/wp\/v2\/pages\/3638","targetHints":{"allow":["GET"]}}],"collection":[{"href":"https:\/\/lossburg-schoemberg.de\/index.php\/wp-json\/wp\/v2\/pages"}],"about":[{"href":"https:\/\/lossburg-schoemberg.de\/index.php\/wp-json\/wp\/v2\/types\/page"}],"author":[{"embeddable":true,"href":"https:\/\/lossburg-schoemberg.de\/index.php\/wp-json\/wp\/v2\/users\/1"}],"replies":[{"embeddable":true,"href":"https:\/\/lossburg-schoemberg.de\/index.php\/wp-json\/wp\/v2\/comments?post=3638"}],"version-history":[{"count":5,"href":"https:\/\/lossburg-schoemberg.de\/index.php\/wp-json\/wp\/v2\/pages\/3638\/revisions"}],"predecessor-version":[{"id":3726,"href":"https:\/\/lossburg-schoemberg.de\/index.php\/wp-json\/wp\/v2\/pages\/3638\/revisions\/3726"}],"up":[{"embeddable":true,"href":"https:\/\/lossburg-schoemberg.de\/index.php\/wp-json\/wp\/v2\/pages\/3612"}],"wp:featuredmedia":[{"embeddable":true,"href":"https:\/\/lossburg-schoemberg.de\/index.php\/wp-json\/wp\/v2\/media\/3643"}],"wp:attachment":[{"href":"https:\/\/lossburg-schoemberg.de\/index.php\/wp-json\/wp\/v2\/media?parent=3638"}],"curies":[{"name":"wp","href":"https:\/\/api.w.org\/{rel}","templated":true}]}}