{"id":3626,"date":"2017-05-04T22:24:52","date_gmt":"2017-05-04T20:24:52","guid":{"rendered":"http:\/\/lossburg-schoemberg.de\/?page_id=3626"},"modified":"2018-02-18T19:33:31","modified_gmt":"2018-02-18T18:33:31","slug":"wiedereroeffnung-der-kirche","status":"publish","type":"page","link":"https:\/\/lossburg-schoemberg.de\/index.php\/rueckblick\/2017-2\/wiedereroeffnung-der-kirche\/","title":{"rendered":"Wiederer\u00f6ffnung der Kirche"},"content":{"rendered":"<h3><strong>Festgottesdienst in der neu renovierten Kirche<\/strong><\/h3>\n<h4>Am Sonntag, 14. Mai 2017 wurde die neu renovierte Kiche wieder er\u00f6ffnet.<\/h4>\n<p>Die Renovierung ist sehr gut gelungen, das Ergebnis kann sich sehen lassen, die Arbeiten sind auch planm\u00e4\u00dfig fertig geworden.<\/p>\n<p>Unter anderem wurde:<\/p>\n<ul>\n<li>die Kirche an Wasser und Abwasser angeschlossen<\/li>\n<li>ein WC eingebaut<\/li>\n<li>die Elektroinstallation komplett erneuert<\/li>\n<li>der Fu\u00dfbodenaufbau neu gemacht<\/li>\n<li>alle B\u00e4nke neu aufgearbeitet<\/li>\n<li>der gesamte innenraum neu gestrichen<\/li>\n<\/ul>\n<p><strong>Wir sind nun stolz auf unsere neu renovierte, aufgewertete Kirche<\/strong><\/p>\n<p>Hier ein paar Bilder des vom Inneren der Kirche, die nun in neuem Glanz erstrahlt.<\/p>\n<p>Fotos: Karl Pfau<\/p>\n<table style=\"width: 646px;\">\n<tbody>\n<tr>\n<td style=\"width: 268.683px;\"><a href=\"http:\/\/lossburg-schoemberg.de\/wp-content\/uploads\/2017\/05\/DSC01569.jpg\"><img loading=\"lazy\" decoding=\"async\" class=\"aligncenter size-medium wp-image-3627\" src=\"http:\/\/lossburg-schoemberg.de\/wp-content\/uploads\/2017\/05\/DSC01569-300x225.jpg\" alt=\"\" width=\"300\" height=\"225\" srcset=\"https:\/\/lossburg-schoemberg.de\/wp-content\/uploads\/2017\/05\/DSC01569-300x225.jpg 300w, https:\/\/lossburg-schoemberg.de\/wp-content\/uploads\/2017\/05\/DSC01569-768x576.jpg 768w, https:\/\/lossburg-schoemberg.de\/wp-content\/uploads\/2017\/05\/DSC01569.jpg 973w\" sizes=\"auto, (max-width: 300px) 100vw, 300px\" \/><\/a><\/td>\n<td style=\"width: 374.317px;\"><a href=\"http:\/\/lossburg-schoemberg.de\/wp-content\/uploads\/2017\/05\/DSC01571.jpg\"><img loading=\"lazy\" decoding=\"async\" class=\"aligncenter size-medium wp-image-3628\" src=\"http:\/\/lossburg-schoemberg.de\/wp-content\/uploads\/2017\/05\/DSC01571-300x225.jpg\" alt=\"\" width=\"300\" height=\"225\" srcset=\"https:\/\/lossburg-schoemberg.de\/wp-content\/uploads\/2017\/05\/DSC01571-300x225.jpg 300w, https:\/\/lossburg-schoemberg.de\/wp-content\/uploads\/2017\/05\/DSC01571-768x576.jpg 768w, https:\/\/lossburg-schoemberg.de\/wp-content\/uploads\/2017\/05\/DSC01571.jpg 973w\" sizes=\"auto, (max-width: 300px) 100vw, 300px\" \/><\/a><\/td>\n<\/tr>\n<tr>\n<td style=\"width: 268.683px;\"><a href=\"http:\/\/lossburg-schoemberg.de\/wp-content\/uploads\/2017\/05\/DSC01573.jpg\"><img loading=\"lazy\" decoding=\"async\" class=\"aligncenter size-medium wp-image-3629\" src=\"http:\/\/lossburg-schoemberg.de\/wp-content\/uploads\/2017\/05\/DSC01573-300x225.jpg\" alt=\"\" width=\"300\" height=\"225\" srcset=\"https:\/\/lossburg-schoemberg.de\/wp-content\/uploads\/2017\/05\/DSC01573-300x225.jpg 300w, https:\/\/lossburg-schoemberg.de\/wp-content\/uploads\/2017\/05\/DSC01573-768x576.jpg 768w, https:\/\/lossburg-schoemberg.de\/wp-content\/uploads\/2017\/05\/DSC01573.jpg 973w\" sizes=\"auto, (max-width: 300px) 100vw, 300px\" \/><\/a><\/td>\n<td style=\"width: 374.317px;\"><a href=\"http:\/\/lossburg-schoemberg.de\/wp-content\/uploads\/2017\/05\/DSC01575.jpg\"><img loading=\"lazy\" decoding=\"async\" class=\"aligncenter size-medium wp-image-3630\" src=\"http:\/\/lossburg-schoemberg.de\/wp-content\/uploads\/2017\/05\/DSC01575-300x225.jpg\" alt=\"\" width=\"300\" height=\"225\" srcset=\"https:\/\/lossburg-schoemberg.de\/wp-content\/uploads\/2017\/05\/DSC01575-300x225.jpg 300w, https:\/\/lossburg-schoemberg.de\/wp-content\/uploads\/2017\/05\/DSC01575-768x576.jpg 768w, https:\/\/lossburg-schoemberg.de\/wp-content\/uploads\/2017\/05\/DSC01575.jpg 973w\" sizes=\"auto, (max-width: 300px) 100vw, 300px\" \/><\/a><\/td>\n<\/tr>\n<tr>\n<td style=\"width: 268.683px;\"><a href=\"http:\/\/lossburg-schoemberg.de\/wp-content\/uploads\/2017\/05\/DSC01576.jpg\"><img loading=\"lazy\" decoding=\"async\" class=\"aligncenter size-medium wp-image-3631\" src=\"http:\/\/lossburg-schoemberg.de\/wp-content\/uploads\/2017\/05\/DSC01576-300x225.jpg\" alt=\"\" width=\"300\" height=\"225\" srcset=\"https:\/\/lossburg-schoemberg.de\/wp-content\/uploads\/2017\/05\/DSC01576-300x225.jpg 300w, https:\/\/lossburg-schoemberg.de\/wp-content\/uploads\/2017\/05\/DSC01576-768x576.jpg 768w, https:\/\/lossburg-schoemberg.de\/wp-content\/uploads\/2017\/05\/DSC01576.jpg 973w\" sizes=\"auto, (max-width: 300px) 100vw, 300px\" \/><\/a><\/td>\n<td style=\"width: 374.317px;\"><a href=\"http:\/\/lossburg-schoemberg.de\/wp-content\/uploads\/2017\/05\/DSC01577.jpg\"><img loading=\"lazy\" decoding=\"async\" class=\"aligncenter size-medium wp-image-3632\" src=\"http:\/\/lossburg-schoemberg.de\/wp-content\/uploads\/2017\/05\/DSC01577-300x225.jpg\" alt=\"\" width=\"300\" height=\"225\" srcset=\"https:\/\/lossburg-schoemberg.de\/wp-content\/uploads\/2017\/05\/DSC01577-300x225.jpg 300w, https:\/\/lossburg-schoemberg.de\/wp-content\/uploads\/2017\/05\/DSC01577-768x576.jpg 768w, https:\/\/lossburg-schoemberg.de\/wp-content\/uploads\/2017\/05\/DSC01577.jpg 973w\" sizes=\"auto, (max-width: 300px) 100vw, 300px\" \/><\/a><\/td>\n<\/tr>\n<tr>\n<td style=\"width: 268.683px;\"><a href=\"http:\/\/lossburg-schoemberg.de\/wp-content\/uploads\/2017\/05\/DSC01584.jpg\"><img loading=\"lazy\" decoding=\"async\" class=\"aligncenter size-medium wp-image-3633\" src=\"http:\/\/lossburg-schoemberg.de\/wp-content\/uploads\/2017\/05\/DSC01584-300x225.jpg\" alt=\"\" width=\"300\" height=\"225\" srcset=\"https:\/\/lossburg-schoemberg.de\/wp-content\/uploads\/2017\/05\/DSC01584-300x225.jpg 300w, https:\/\/lossburg-schoemberg.de\/wp-content\/uploads\/2017\/05\/DSC01584-768x576.jpg 768w, https:\/\/lossburg-schoemberg.de\/wp-content\/uploads\/2017\/05\/DSC01584.jpg 973w\" sizes=\"auto, (max-width: 300px) 100vw, 300px\" \/><\/a><\/td>\n<td style=\"width: 374.317px;\"><a href=\"http:\/\/lossburg-schoemberg.de\/wp-content\/uploads\/2017\/05\/DSC01586.jpg\"><img loading=\"lazy\" decoding=\"async\" class=\"aligncenter size-medium wp-image-3634\" src=\"http:\/\/lossburg-schoemberg.de\/wp-content\/uploads\/2017\/05\/DSC01586-300x225.jpg\" alt=\"\" width=\"300\" height=\"225\" srcset=\"https:\/\/lossburg-schoemberg.de\/wp-content\/uploads\/2017\/05\/DSC01586-300x225.jpg 300w, https:\/\/lossburg-schoemberg.de\/wp-content\/uploads\/2017\/05\/DSC01586-768x576.jpg 768w, https:\/\/lossburg-schoemberg.de\/wp-content\/uploads\/2017\/05\/DSC01586.jpg 973w\" sizes=\"auto, (max-width: 300px) 100vw, 300px\" \/><\/a><\/td>\n<\/tr>\n<\/tbody>\n<\/table>\n","protected":false},"excerpt":{"rendered":"<p>Festgottesdienst in der neu renovierten Kirche Am Sonntag, 14. Mai 2017 wurde die neu renovierte Kiche wieder er\u00f6ffnet. Die Renovierung ist sehr gut gelungen, das Ergebnis kann sich sehen lassen, die Arbeiten sind auch planm\u00e4\u00dfig fertig geworden. Unter anderem wurde: die Kirche an Wasser und Abwasser angeschlossen ein WC eingebaut die Elektroinstallation komplett erneuert der &hellip; <\/p>\n<p><a class=\"more-link btn\" href=\"https:\/\/lossburg-schoemberg.de\/index.php\/rueckblick\/2017-2\/wiedereroeffnung-der-kirche\/\">Weiterlesen<\/a><\/p>\n","protected":false},"author":1,"featured_media":1502,"parent":3612,"menu_order":15,"comment_status":"closed","ping_status":"closed","template":"","meta":{"footnotes":""},"class_list":["post-3626","page","type-page","status-publish","has-post-thumbnail","hentry","nodate","item-wrap"],"_links":{"self":[{"href":"https:\/\/lossburg-schoemberg.de\/index.php\/wp-json\/wp\/v2\/pages\/3626","targetHints":{"allow":["GET"]}}],"collection":[{"href":"https:\/\/lossburg-schoemberg.de\/index.php\/wp-json\/wp\/v2\/pages"}],"about":[{"href":"https:\/\/lossburg-schoemberg.de\/index.php\/wp-json\/wp\/v2\/types\/page"}],"author":[{"embeddable":true,"href":"https:\/\/lossburg-schoemberg.de\/index.php\/wp-json\/wp\/v2\/users\/1"}],"replies":[{"embeddable":true,"href":"https:\/\/lossburg-schoemberg.de\/index.php\/wp-json\/wp\/v2\/comments?post=3626"}],"version-history":[{"count":3,"href":"https:\/\/lossburg-schoemberg.de\/index.php\/wp-json\/wp\/v2\/pages\/3626\/revisions"}],"predecessor-version":[{"id":3725,"href":"https:\/\/lossburg-schoemberg.de\/index.php\/wp-json\/wp\/v2\/pages\/3626\/revisions\/3725"}],"up":[{"embeddable":true,"href":"https:\/\/lossburg-schoemberg.de\/index.php\/wp-json\/wp\/v2\/pages\/3612"}],"wp:featuredmedia":[{"embeddable":true,"href":"https:\/\/lossburg-schoemberg.de\/index.php\/wp-json\/wp\/v2\/media\/1502"}],"wp:attachment":[{"href":"https:\/\/lossburg-schoemberg.de\/index.php\/wp-json\/wp\/v2\/media?parent=3626"}],"curies":[{"name":"wp","href":"https:\/\/api.w.org\/{rel}","templated":true}]}}