{"id":3597,"date":"2017-03-01T00:14:24","date_gmt":"2017-02-28T23:14:24","guid":{"rendered":"http:\/\/lossburg-schoemberg.de\/?page_id=3597"},"modified":"2017-10-08T13:42:40","modified_gmt":"2017-10-08T11:42:40","slug":"herbstausflug-2017","status":"publish","type":"page","link":"https:\/\/lossburg-schoemberg.de\/index.php\/rueckblick\/2017-2\/herbstausflug-2017\/","title":{"rendered":"Herbstausflug 2017"},"content":{"rendered":"<h3>Ausflug der Dorfgemeinschaft am Tag der Deutschen Einheit<\/h3>\n<p>Ob Sonne oder Regen \u2013 das ist ganz egal<br \/>\ndie Dorfgemeinschaft ging auf Tour \u2013 zum ungez\u00e4hlten Mal.<\/p>\n<p>Am Feiertagmorgen fr\u00fch um halb acht<br \/>\nhat sich eine fr\u00f6hliche Truppe aufgemacht.<br \/>\nStuttgart war das Ziel;<br \/>\nDer Bus fuhr fast \ud83d\ude09 p\u00fcnktlich ab.<br \/>\nDer Regen stetig fiel<br \/>\ndoch das Sektfr\u00fchst\u00fcck mit Brezel<br \/>\nfand trotzdem am Sch\u00f6nbuch statt.<\/p>\n<p>So gest\u00e4rkt kamen die Sch\u00f6mberger dann<br \/>\nbei \u2013unglaublich!- gutem Wetter am Porsche-Museum an.<br \/>\nZeit genug zu schauen und bestaunen die gro\u00dfe Pracht<br \/>\nder gl\u00e4nzenden Porsche von gestern und heute,<br \/>\nbeim Probesitzen wurde die Sehnsucht angefacht.<\/p>\n<p>Dann ging\u2018s auf den Wasen &#8211; mit Hunger und gro\u00dfem Durst!<br \/>\nKulinarisch war viel geboten vom Hendl bis zur Wurst.<br \/>\nDas Bier schmeckte besonders gut im gro\u00dfen Party-Zelt<br \/>\nund ruck-zuck waren die zig Ma\u00df bestellt.<br \/>\nAuch drau\u00dfen war es sch\u00f6n, die Sonne schien ganz fein<br \/>\nda stieg der eine und andere in ein \u201eKotzk\u00e4rrele\u201c ein.<br \/>\nOb Riesenrad oder Geisterbahn, ob kopf\u00fcber oder quer<br \/>\n&#8211; ja nicht nur die Kinder genossen die Fahrten sehr.<br \/>\nZum Abschluss noch gebrannte Mandeln und ein Lebkuchenherz dazu<br \/>\nund schon ging es heimw\u00e4rts \u2013 die Zeit verging im Nu!<\/p>\n<p>Auf dem Sch\u00f6mberg angekommen war es schon tiefe Nacht.<\/p>\n<p>Als Fazit kann man sagen: Der Ausflug hat allen Spa\u00df gemacht!<\/p>\n<h6>Gedicht: Diana Armbruster<\/h6>\n<p>&nbsp;<\/p>\n<p>&nbsp;<\/p>\n<table style=\"width: 510px;\">\n<tbody>\n<tr>\n<td style=\"width: 473px;\" colspan=\"3\"><a href=\"http:\/\/lossburg-schoemberg.de\/wp-content\/uploads\/2017\/03\/GruppeDG.jpg\"><img loading=\"lazy\" decoding=\"async\" class=\"alignleft wp-image-3696\" src=\"http:\/\/lossburg-schoemberg.de\/wp-content\/uploads\/2017\/03\/GruppeDG-300x142.jpg\" alt=\"\" width=\"491\" height=\"233\" srcset=\"https:\/\/lossburg-schoemberg.de\/wp-content\/uploads\/2017\/03\/GruppeDG-300x142.jpg 300w, https:\/\/lossburg-schoemberg.de\/wp-content\/uploads\/2017\/03\/GruppeDG-768x364.jpg 768w, https:\/\/lossburg-schoemberg.de\/wp-content\/uploads\/2017\/03\/GruppeDG-1024x485.jpg 1024w\" sizes=\"auto, (max-width: 491px) 100vw, 491px\" \/><\/a><\/td>\n<\/tr>\n<tr>\n<td style=\"width: 156px;\"><a href=\"http:\/\/lossburg-schoemberg.de\/wp-content\/uploads\/2017\/03\/Porsche3.jpg\"><img loading=\"lazy\" decoding=\"async\" class=\"alignleft size-medium wp-image-3695\" src=\"http:\/\/lossburg-schoemberg.de\/wp-content\/uploads\/2017\/03\/Porsche3-300x225.jpg\" alt=\"\" width=\"300\" height=\"225\" srcset=\"https:\/\/lossburg-schoemberg.de\/wp-content\/uploads\/2017\/03\/Porsche3-300x225.jpg 300w, https:\/\/lossburg-schoemberg.de\/wp-content\/uploads\/2017\/03\/Porsche3-768x576.jpg 768w, https:\/\/lossburg-schoemberg.de\/wp-content\/uploads\/2017\/03\/Porsche3-1024x768.jpg 1024w, https:\/\/lossburg-schoemberg.de\/wp-content\/uploads\/2017\/03\/Porsche3.jpg 1280w\" sizes=\"auto, (max-width: 300px) 100vw, 300px\" \/><\/a><\/td>\n<td style=\"width: 158.317px;\"><a href=\"http:\/\/lossburg-schoemberg.de\/wp-content\/uploads\/2017\/03\/Porsche2.jpg\"><img loading=\"lazy\" decoding=\"async\" class=\"alignleft size-medium wp-image-3694\" src=\"http:\/\/lossburg-schoemberg.de\/wp-content\/uploads\/2017\/03\/Porsche2-296x300.jpg\" alt=\"\" width=\"296\" height=\"300\" srcset=\"https:\/\/lossburg-schoemberg.de\/wp-content\/uploads\/2017\/03\/Porsche2-296x300.jpg 296w, https:\/\/lossburg-schoemberg.de\/wp-content\/uploads\/2017\/03\/Porsche2-768x778.jpg 768w, https:\/\/lossburg-schoemberg.de\/wp-content\/uploads\/2017\/03\/Porsche2-1010x1024.jpg 1010w\" sizes=\"auto, (max-width: 296px) 100vw, 296px\" \/><\/a><\/td>\n<td style=\"width: 158.683px;\"><a href=\"http:\/\/lossburg-schoemberg.de\/wp-content\/uploads\/2017\/03\/Porsche1.jpg\"><img loading=\"lazy\" decoding=\"async\" class=\"alignleft size-medium wp-image-3693\" src=\"http:\/\/lossburg-schoemberg.de\/wp-content\/uploads\/2017\/03\/Porsche1-300x275.jpg\" alt=\"\" width=\"300\" height=\"275\" srcset=\"https:\/\/lossburg-schoemberg.de\/wp-content\/uploads\/2017\/03\/Porsche1-300x275.jpg 300w, https:\/\/lossburg-schoemberg.de\/wp-content\/uploads\/2017\/03\/Porsche1-768x704.jpg 768w, https:\/\/lossburg-schoemberg.de\/wp-content\/uploads\/2017\/03\/Porsche1-1024x939.jpg 1024w\" sizes=\"auto, (max-width: 300px) 100vw, 300px\" \/><\/a><\/td>\n<\/tr>\n<\/tbody>\n<\/table>\n<p>&nbsp;<\/p>\n","protected":false},"excerpt":{"rendered":"<p>Ausflug der Dorfgemeinschaft am Tag der Deutschen Einheit Ob Sonne oder Regen \u2013 das ist ganz egal die Dorfgemeinschaft ging auf Tour \u2013 zum ungez\u00e4hlten Mal. Am Feiertagmorgen fr\u00fch um halb acht hat sich eine fr\u00f6hliche Truppe aufgemacht. Stuttgart war das Ziel; Der Bus fuhr fast \ud83d\ude09 p\u00fcnktlich ab. Der Regen stetig fiel doch das &hellip; <\/p>\n<p><a class=\"more-link btn\" href=\"https:\/\/lossburg-schoemberg.de\/index.php\/rueckblick\/2017-2\/herbstausflug-2017\/\">Weiterlesen<\/a><\/p>\n","protected":false},"author":1,"featured_media":3689,"parent":3612,"menu_order":30,"comment_status":"closed","ping_status":"closed","template":"","meta":{"footnotes":""},"class_list":["post-3597","page","type-page","status-publish","has-post-thumbnail","hentry","nodate","item-wrap"],"_links":{"self":[{"href":"https:\/\/lossburg-schoemberg.de\/index.php\/wp-json\/wp\/v2\/pages\/3597","targetHints":{"allow":["GET"]}}],"collection":[{"href":"https:\/\/lossburg-schoemberg.de\/index.php\/wp-json\/wp\/v2\/pages"}],"about":[{"href":"https:\/\/lossburg-schoemberg.de\/index.php\/wp-json\/wp\/v2\/types\/page"}],"author":[{"embeddable":true,"href":"https:\/\/lossburg-schoemberg.de\/index.php\/wp-json\/wp\/v2\/users\/1"}],"replies":[{"embeddable":true,"href":"https:\/\/lossburg-schoemberg.de\/index.php\/wp-json\/wp\/v2\/comments?post=3597"}],"version-history":[{"count":9,"href":"https:\/\/lossburg-schoemberg.de\/index.php\/wp-json\/wp\/v2\/pages\/3597\/revisions"}],"predecessor-version":[{"id":3699,"href":"https:\/\/lossburg-schoemberg.de\/index.php\/wp-json\/wp\/v2\/pages\/3597\/revisions\/3699"}],"up":[{"embeddable":true,"href":"https:\/\/lossburg-schoemberg.de\/index.php\/wp-json\/wp\/v2\/pages\/3612"}],"wp:featuredmedia":[{"embeddable":true,"href":"https:\/\/lossburg-schoemberg.de\/index.php\/wp-json\/wp\/v2\/media\/3689"}],"wp:attachment":[{"href":"https:\/\/lossburg-schoemberg.de\/index.php\/wp-json\/wp\/v2\/media?parent=3597"}],"curies":[{"name":"wp","href":"https:\/\/api.w.org\/{rel}","templated":true}]}}