{"id":3595,"date":"2017-02-28T23:53:16","date_gmt":"2017-02-28T22:53:16","guid":{"rendered":"http:\/\/lossburg-schoemberg.de\/?page_id=3595"},"modified":"2018-02-18T21:26:43","modified_gmt":"2018-02-18T20:26:43","slug":"nikolausfeier-2017","status":"publish","type":"page","link":"https:\/\/lossburg-schoemberg.de\/index.php\/rueckblick\/2017-2\/nikolausfeier-2017\/","title":{"rendered":"Nikolausfeier 2017"},"content":{"rendered":"<p>Auch in diesen Jahr kam genau am Nikolaustag der Nikolaus mit seinem Knecht Ruprecht in die Blockh\u00fctte.<\/p>\n<p>F\u00fcr viele Sch\u00f6mberger Kinder hatten sie kleine Geschenke mitgebracht<\/p>\n<table>\n<tbody>\n<tr>\n<td><a href=\"http:\/\/lossburg-schoemberg.de\/wp-content\/uploads\/2017\/02\/Nikolaus1.jpg\"><img loading=\"lazy\" decoding=\"async\" class=\"alignleft size-medium wp-image-3733\" src=\"http:\/\/lossburg-schoemberg.de\/wp-content\/uploads\/2017\/02\/Nikolaus1-240x300.jpg\" alt=\"\" width=\"240\" height=\"300\" srcset=\"https:\/\/lossburg-schoemberg.de\/wp-content\/uploads\/2017\/02\/Nikolaus1-240x300.jpg 240w, https:\/\/lossburg-schoemberg.de\/wp-content\/uploads\/2017\/02\/Nikolaus1-768x961.jpg 768w, https:\/\/lossburg-schoemberg.de\/wp-content\/uploads\/2017\/02\/Nikolaus1-819x1024.jpg 819w, https:\/\/lossburg-schoemberg.de\/wp-content\/uploads\/2017\/02\/Nikolaus1.jpg 1883w\" sizes=\"auto, (max-width: 240px) 100vw, 240px\" \/><\/a><\/td>\n<td><a href=\"http:\/\/lossburg-schoemberg.de\/wp-content\/uploads\/2017\/02\/Nikolaus2.jpg\"><img loading=\"lazy\" decoding=\"async\" class=\"alignleft size-medium wp-image-3734\" src=\"http:\/\/lossburg-schoemberg.de\/wp-content\/uploads\/2017\/02\/Nikolaus2-217x300.jpg\" alt=\"\" width=\"217\" height=\"300\" srcset=\"https:\/\/lossburg-schoemberg.de\/wp-content\/uploads\/2017\/02\/Nikolaus2-217x300.jpg 217w, https:\/\/lossburg-schoemberg.de\/wp-content\/uploads\/2017\/02\/Nikolaus2-768x1060.jpg 768w, https:\/\/lossburg-schoemberg.de\/wp-content\/uploads\/2017\/02\/Nikolaus2-742x1024.jpg 742w, https:\/\/lossburg-schoemberg.de\/wp-content\/uploads\/2017\/02\/Nikolaus2.jpg 1804w\" sizes=\"auto, (max-width: 217px) 100vw, 217px\" \/><\/a><\/td>\n<\/tr>\n<\/tbody>\n<\/table>\n<p>&nbsp;<\/p>\n","protected":false},"excerpt":{"rendered":"<p>Auch in diesen Jahr kam genau am Nikolaustag der Nikolaus mit seinem Knecht Ruprecht in die Blockh\u00fctte. F\u00fcr viele Sch\u00f6mberger Kinder hatten sie kleine Geschenke mitgebracht &nbsp;<\/p>\n","protected":false},"author":1,"featured_media":3405,"parent":3612,"menu_order":35,"comment_status":"closed","ping_status":"closed","template":"","meta":{"footnotes":""},"class_list":["post-3595","page","type-page","status-publish","has-post-thumbnail","hentry","nodate","item-wrap"],"_links":{"self":[{"href":"https:\/\/lossburg-schoemberg.de\/index.php\/wp-json\/wp\/v2\/pages\/3595","targetHints":{"allow":["GET"]}}],"collection":[{"href":"https:\/\/lossburg-schoemberg.de\/index.php\/wp-json\/wp\/v2\/pages"}],"about":[{"href":"https:\/\/lossburg-schoemberg.de\/index.php\/wp-json\/wp\/v2\/types\/page"}],"author":[{"embeddable":true,"href":"https:\/\/lossburg-schoemberg.de\/index.php\/wp-json\/wp\/v2\/users\/1"}],"replies":[{"embeddable":true,"href":"https:\/\/lossburg-schoemberg.de\/index.php\/wp-json\/wp\/v2\/comments?post=3595"}],"version-history":[{"count":3,"href":"https:\/\/lossburg-schoemberg.de\/index.php\/wp-json\/wp\/v2\/pages\/3595\/revisions"}],"predecessor-version":[{"id":3735,"href":"https:\/\/lossburg-schoemberg.de\/index.php\/wp-json\/wp\/v2\/pages\/3595\/revisions\/3735"}],"up":[{"embeddable":true,"href":"https:\/\/lossburg-schoemberg.de\/index.php\/wp-json\/wp\/v2\/pages\/3612"}],"wp:featuredmedia":[{"embeddable":true,"href":"https:\/\/lossburg-schoemberg.de\/index.php\/wp-json\/wp\/v2\/media\/3405"}],"wp:attachment":[{"href":"https:\/\/lossburg-schoemberg.de\/index.php\/wp-json\/wp\/v2\/media?parent=3595"}],"curies":[{"name":"wp","href":"https:\/\/api.w.org\/{rel}","templated":true}]}}