{"id":352,"date":"2012-07-11T18:47:56","date_gmt":"2012-07-11T16:47:56","guid":{"rendered":"http:\/\/beta.lossburg-schoemberg.de\/?page_id=352"},"modified":"2014-04-01T18:32:33","modified_gmt":"2014-04-01T16:32:33","slug":"dorfgemeinschaft","status":"publish","type":"page","link":"https:\/\/lossburg-schoemberg.de\/index.php\/einrichtungen\/dorfgemeinschaft\/","title":{"rendered":"Dorfgemeinschaft"},"content":{"rendered":"<table>\n<tbody>\n<tr>\n<td style=\"width: 50%;\" rowspan=\"2\">\n<h3 style=\"text-align: center;\"><span style=\"font-size: medium;\" data-mce-mark=\"1\"><strong>Sch\u00f6mberg hat seit vielen Jahren eine gut funktionierende, aktive Dorfgemeinschaft<\/strong><\/span><\/h3>\n<p>Im Verlauf des Jahres wird regelm\u00e4\u00dfig\u00a0 folgendes unternommen.\u00a0(Teilweise im Wechsel mit der Feuerwehr)<\/p>\n<ul>\n<li><strong>Maiwanderung<\/strong>\n<ul>\n<li>geeignet f\u00fcr die ganze Familie, auch mit Kinderwagen<\/li>\n<\/ul>\n<\/li>\n<li><strong>Sonnwendfeier<\/strong>\n<ul>\n<li>mit gro\u00dfem Sonnwendfeuer<\/li>\n<\/ul>\n<\/li>\n<li><strong>Sommerfest<\/strong>\n<ul>\n<li>mit Spielen und Unterhaltung f\u00fcr Jung und Alt<\/li>\n<\/ul>\n<\/li>\n<li><strong>Herbstausflug<\/strong>\n<ul>\n<li>immer ein erlebnisreicher Tag<\/li>\n<\/ul>\n<\/li>\n<\/ul>\n<p>F\u00fcr den Ort wird von der Dorfgemeinschaft weiteres geleistet:<\/p>\n<ul>\n<li>Sanierung des Backhauses<\/li>\n<li>Backtag im Backhaus<\/li>\n<li>Bewirtung zusammen mit dem Kirchenchor beim Seniorennachmittag<\/li>\n<li>Waldputzete<\/li>\n<li>Pflege von Blumenbeeten und Blumentr\u00f6gen<\/li>\n<li>Girlande binden f\u00fcr Maibaum<\/li>\n<\/ul>\n<h3 style=\"text-align: center;\"><\/h3>\n<\/td>\n<td style=\"width: 25%;\"><a href=\"http:\/\/beta.lossburg-schoemberg.de\/wp-content\/uploads\/2012\/07\/Sonnwendf11.jpg\"><img loading=\"lazy\" decoding=\"async\" class=\"wp-image-1591 aligncenter\" alt=\"Sonnwendf1\" src=\"http:\/\/beta.lossburg-schoemberg.de\/wp-content\/uploads\/2012\/07\/Sonnwendf11.jpg\" width=\"140\" height=\"200\" \/><\/a><\/td>\n<td style=\"width: 25%;\"><a href=\"http:\/\/beta.lossburg-schoemberg.de\/wp-content\/uploads\/2012\/07\/Sonnwenf21.jpg\"><img loading=\"lazy\" decoding=\"async\" class=\"wp-image-1592 aligncenter\" alt=\"Sonnwenf2\" src=\"http:\/\/beta.lossburg-schoemberg.de\/wp-content\/uploads\/2012\/07\/Sonnwenf21.jpg\" width=\"140\" height=\"205\" \/><\/a><\/td>\n<\/tr>\n<tr>\n<td style=\"width: 25%;\" colspan=\"2\"><a href=\"http:\/\/beta.lossburg-schoemberg.de\/wp-content\/uploads\/2012\/07\/DorfgemAusflug1.jpg\"><img loading=\"lazy\" decoding=\"async\" class=\"aligncenter size-medium wp-image-1590\" alt=\"DorfgemAusflug\" src=\"http:\/\/beta.lossburg-schoemberg.de\/wp-content\/uploads\/2012\/07\/DorfgemAusflug1-300x178.jpg\" width=\"300\" height=\"178\" srcset=\"https:\/\/lossburg-schoemberg.de\/wp-content\/uploads\/2012\/07\/DorfgemAusflug1-300x178.jpg 300w, https:\/\/lossburg-schoemberg.de\/wp-content\/uploads\/2012\/07\/DorfgemAusflug1.jpg 400w\" sizes=\"auto, (max-width: 300px) 100vw, 300px\" \/><\/a><\/td>\n<\/tr>\n<\/tbody>\n<\/table>\n","protected":false},"excerpt":{"rendered":"<p>Sch\u00f6mberg hat seit vielen Jahren eine gut funktionierende, aktive Dorfgemeinschaft Im Verlauf des Jahres wird regelm\u00e4\u00dfig\u00a0 folgendes unternommen.\u00a0(Teilweise im Wechsel mit der Feuerwehr) Maiwanderung geeignet f\u00fcr die ganze Familie, auch mit Kinderwagen Sonnwendfeier mit gro\u00dfem Sonnwendfeuer Sommerfest mit Spielen und Unterhaltung f\u00fcr Jung und Alt Herbstausflug immer ein erlebnisreicher Tag F\u00fcr den Ort wird von &hellip; <\/p>\n<p><a class=\"more-link btn\" href=\"https:\/\/lossburg-schoemberg.de\/index.php\/einrichtungen\/dorfgemeinschaft\/\">Weiterlesen<\/a><\/p>\n","protected":false},"author":1,"featured_media":930,"parent":10,"menu_order":1,"comment_status":"open","ping_status":"closed","template":"","meta":{"footnotes":""},"class_list":["post-352","page","type-page","status-publish","has-post-thumbnail","hentry","nodate","item-wrap"],"_links":{"self":[{"href":"https:\/\/lossburg-schoemberg.de\/index.php\/wp-json\/wp\/v2\/pages\/352","targetHints":{"allow":["GET"]}}],"collection":[{"href":"https:\/\/lossburg-schoemberg.de\/index.php\/wp-json\/wp\/v2\/pages"}],"about":[{"href":"https:\/\/lossburg-schoemberg.de\/index.php\/wp-json\/wp\/v2\/types\/page"}],"author":[{"embeddable":true,"href":"https:\/\/lossburg-schoemberg.de\/index.php\/wp-json\/wp\/v2\/users\/1"}],"replies":[{"embeddable":true,"href":"https:\/\/lossburg-schoemberg.de\/index.php\/wp-json\/wp\/v2\/comments?post=352"}],"version-history":[{"count":58,"href":"https:\/\/lossburg-schoemberg.de\/index.php\/wp-json\/wp\/v2\/pages\/352\/revisions"}],"predecessor-version":[{"id":2477,"href":"https:\/\/lossburg-schoemberg.de\/index.php\/wp-json\/wp\/v2\/pages\/352\/revisions\/2477"}],"up":[{"embeddable":true,"href":"https:\/\/lossburg-schoemberg.de\/index.php\/wp-json\/wp\/v2\/pages\/10"}],"wp:featuredmedia":[{"embeddable":true,"href":"https:\/\/lossburg-schoemberg.de\/index.php\/wp-json\/wp\/v2\/media\/930"}],"wp:attachment":[{"href":"https:\/\/lossburg-schoemberg.de\/index.php\/wp-json\/wp\/v2\/media?parent=352"}],"curies":[{"name":"wp","href":"https:\/\/api.w.org\/{rel}","templated":true}]}}