{"id":3499,"date":"2016-12-18T16:23:36","date_gmt":"2016-12-18T15:23:36","guid":{"rendered":"http:\/\/lossburg-schoemberg.de\/?page_id=3499"},"modified":"2016-12-28T19:00:41","modified_gmt":"2016-12-28T18:00:41","slug":"renovierung-2017","status":"publish","type":"page","link":"https:\/\/lossburg-schoemberg.de\/index.php\/einrichtungen\/kirche\/renovierung-2017\/","title":{"rendered":"Renovierung 2017"},"content":{"rendered":"<h3>Renovierung der Sch\u00f6mberger Kirche<\/h3>\n<p>Nach den Weihnachtsgottesdiensten 2016 wird in der Kirche einiges gerichtet und erneuert.<br \/>\nNeben der Erneuerung der elektrischen Installation mit Beleuchtung und Heizung, sollen auch der Boden, die W\u00e4nde und die W\u00e4nde \u00dcberarbeitet werden.<\/p>\n<p>Neu, soll ein Anschluss an die Wasserversorgung erfolgen. Damit wird die Voraussetzung geschaffen, in der Sakristei der Kirche eine Toilette einzubauen.<\/p>\n<p>Hier Bilder vom Baubeginn und sp\u00e4ter vom Bauverlauf.<\/p>\n<p>&nbsp;<\/p>\n<table style=\"height: 365px;\" width=\"622\">\n<tbody>\n<tr>\n<td style=\"width: 459.267px; text-align: center;\">\n<div class=\"mceTemp\"><\/div>\n<p><div id=\"attachment_3524\" style=\"width: 300px\" class=\"wp-caption aligncenter\"><a href=\"http:\/\/lossburg-schoemberg.de\/wp-content\/uploads\/2016\/12\/16DezKircheInnen1.jpg\"><img loading=\"lazy\" decoding=\"async\" aria-describedby=\"caption-attachment-3524\" class=\"size-medium wp-image-3524\" src=\"http:\/\/lossburg-schoemberg.de\/wp-content\/uploads\/2016\/12\/16DezKircheInnen1-300x225.jpg\" alt=\"Innenraum mit Blick zum Altar\" width=\"300\" height=\"225\" srcset=\"https:\/\/lossburg-schoemberg.de\/wp-content\/uploads\/2016\/12\/16DezKircheInnen1-300x225.jpg 300w, https:\/\/lossburg-schoemberg.de\/wp-content\/uploads\/2016\/12\/16DezKircheInnen1-768x576.jpg 768w, https:\/\/lossburg-schoemberg.de\/wp-content\/uploads\/2016\/12\/16DezKircheInnen1-1024x768.jpg 1024w, https:\/\/lossburg-schoemberg.de\/wp-content\/uploads\/2016\/12\/16DezKircheInnen1.jpg 1920w\" sizes=\"auto, (max-width: 300px) 100vw, 300px\" \/><\/a><p id=\"caption-attachment-3524\" class=\"wp-caption-text\">Innenraum mit Blick zum Altar<\/p><\/div><\/td>\n<td style=\"width: 139.733px; text-align: center;\">\n<p><div id=\"attachment_3503\" style=\"width: 239px\" class=\"wp-caption aligncenter\"><a href=\"http:\/\/lossburg-schoemberg.de\/wp-content\/uploads\/2016\/12\/16DezVorRenovierung.jpg\"><img loading=\"lazy\" decoding=\"async\" aria-describedby=\"caption-attachment-3503\" class=\"size-medium wp-image-3503\" src=\"http:\/\/lossburg-schoemberg.de\/wp-content\/uploads\/2016\/12\/16DezVorRenovierung-239x300.jpg\" alt=\"Innenraum an Weihnachten 2016\" width=\"239\" height=\"300\" srcset=\"https:\/\/lossburg-schoemberg.de\/wp-content\/uploads\/2016\/12\/16DezVorRenovierung-239x300.jpg 239w, https:\/\/lossburg-schoemberg.de\/wp-content\/uploads\/2016\/12\/16DezVorRenovierung-768x963.jpg 768w, https:\/\/lossburg-schoemberg.de\/wp-content\/uploads\/2016\/12\/16DezVorRenovierung-817x1024.jpg 817w, https:\/\/lossburg-schoemberg.de\/wp-content\/uploads\/2016\/12\/16DezVorRenovierung.jpg 1920w\" sizes=\"auto, (max-width: 239px) 100vw, 239px\" \/><\/a><p id=\"caption-attachment-3503\" class=\"wp-caption-text\">Innenraum an Weihnachten 2016<\/p><\/div><\/td>\n<\/tr>\n<tr>\n<td style=\"width: 459.267px; text-align: center;\">\n<p><div id=\"attachment_3525\" style=\"width: 300px\" class=\"wp-caption aligncenter\"><a href=\"http:\/\/lossburg-schoemberg.de\/wp-content\/uploads\/2016\/12\/16DezKircheInnen2.jpg\"><img loading=\"lazy\" decoding=\"async\" aria-describedby=\"caption-attachment-3525\" class=\"size-medium wp-image-3525\" src=\"http:\/\/lossburg-schoemberg.de\/wp-content\/uploads\/2016\/12\/16DezKircheInnen2-300x225.jpg\" alt=\"Innerraum mit Blick zur Empore\" width=\"300\" height=\"225\" srcset=\"https:\/\/lossburg-schoemberg.de\/wp-content\/uploads\/2016\/12\/16DezKircheInnen2-300x225.jpg 300w, https:\/\/lossburg-schoemberg.de\/wp-content\/uploads\/2016\/12\/16DezKircheInnen2-768x576.jpg 768w, https:\/\/lossburg-schoemberg.de\/wp-content\/uploads\/2016\/12\/16DezKircheInnen2-1024x768.jpg 1024w, https:\/\/lossburg-schoemberg.de\/wp-content\/uploads\/2016\/12\/16DezKircheInnen2.jpg 1920w\" sizes=\"auto, (max-width: 300px) 100vw, 300px\" \/><\/a><p id=\"caption-attachment-3525\" class=\"wp-caption-text\">Innerraum mit Blick zur Empore<\/p><\/div><\/td>\n<td style=\"width: 139.733px;\">\n<p><div id=\"attachment_3500\" style=\"width: 310px\" class=\"wp-caption aligncenter\"><a href=\"http:\/\/lossburg-schoemberg.de\/wp-content\/uploads\/2016\/12\/16DezKrippe.jpg\"><img loading=\"lazy\" decoding=\"async\" aria-describedby=\"caption-attachment-3500\" class=\"wp-image-3500\" src=\"http:\/\/lossburg-schoemberg.de\/wp-content\/uploads\/2016\/12\/16DezKrippe-300x218.jpg\" alt=\"Weihnachtskrippe in der Kirche\" width=\"310\" height=\"225\" srcset=\"https:\/\/lossburg-schoemberg.de\/wp-content\/uploads\/2016\/12\/16DezKrippe-300x218.jpg 300w, https:\/\/lossburg-schoemberg.de\/wp-content\/uploads\/2016\/12\/16DezKrippe-768x557.jpg 768w, https:\/\/lossburg-schoemberg.de\/wp-content\/uploads\/2016\/12\/16DezKrippe-1024x743.jpg 1024w, https:\/\/lossburg-schoemberg.de\/wp-content\/uploads\/2016\/12\/16DezKrippe.jpg 1920w\" sizes=\"auto, (max-width: 310px) 100vw, 310px\" \/><\/a><p id=\"caption-attachment-3500\" class=\"wp-caption-text\">Weihnachtskrippe in der Kirche<\/p><\/div><\/td>\n<\/tr>\n<tr>\n<td style=\"width: 459.267px;\">\n<p><div id=\"attachment_3501\" style=\"width: 310px\" class=\"wp-caption aligncenter\"><a href=\"http:\/\/lossburg-schoemberg.de\/wp-content\/uploads\/2016\/12\/16DezRenoVorbereitung.jpg\"><img loading=\"lazy\" decoding=\"async\" aria-describedby=\"caption-attachment-3501\" class=\"wp-image-3501\" src=\"http:\/\/lossburg-schoemberg.de\/wp-content\/uploads\/2016\/12\/16DezRenoVorbereitung-300x215.jpg\" alt=\"Erste Vorbereitungen vor dem Abbau der B\u00e4nke\" width=\"310\" height=\"222\" srcset=\"https:\/\/lossburg-schoemberg.de\/wp-content\/uploads\/2016\/12\/16DezRenoVorbereitung-300x215.jpg 300w, https:\/\/lossburg-schoemberg.de\/wp-content\/uploads\/2016\/12\/16DezRenoVorbereitung-768x550.jpg 768w, https:\/\/lossburg-schoemberg.de\/wp-content\/uploads\/2016\/12\/16DezRenoVorbereitung-1024x733.jpg 1024w\" sizes=\"auto, (max-width: 310px) 100vw, 310px\" \/><\/a><p id=\"caption-attachment-3501\" class=\"wp-caption-text\">Erste Vorbereitungen vor dem Abbau der B\u00e4nke<\/p><\/div><\/td>\n<td style=\"width: 139.733px;\">\n<p><div id=\"attachment_3502\" style=\"width: 298px\" class=\"wp-caption aligncenter\"><a href=\"http:\/\/lossburg-schoemberg.de\/wp-content\/uploads\/2016\/12\/16DezRenoVorbereitung2.jpg\"><img loading=\"lazy\" decoding=\"async\" aria-describedby=\"caption-attachment-3502\" class=\"wp-image-3502\" src=\"http:\/\/lossburg-schoemberg.de\/wp-content\/uploads\/2016\/12\/16DezRenoVorbereitung2-300x225.jpg\" alt=\"Vorbereitungsarbeiten mit ehrenamtlichen Helfern\" width=\"298\" height=\"224\" srcset=\"https:\/\/lossburg-schoemberg.de\/wp-content\/uploads\/2016\/12\/16DezRenoVorbereitung2-300x225.jpg 300w, https:\/\/lossburg-schoemberg.de\/wp-content\/uploads\/2016\/12\/16DezRenoVorbereitung2-768x576.jpg 768w, https:\/\/lossburg-schoemberg.de\/wp-content\/uploads\/2016\/12\/16DezRenoVorbereitung2-1024x768.jpg 1024w, https:\/\/lossburg-schoemberg.de\/wp-content\/uploads\/2016\/12\/16DezRenoVorbereitung2.jpg 1920w\" sizes=\"auto, (max-width: 298px) 100vw, 298px\" \/><\/a><p id=\"caption-attachment-3502\" class=\"wp-caption-text\">Vorbereitungsarbeiten an den B\u00e4nken<\/p><\/div><\/td>\n<\/tr>\n<tr>\n<td style=\"width: 459.267px; text-align: center;\">\n<div class=\"mceTemp\"><\/div>\n<p><div id=\"attachment_3534\" style=\"width: 300px\" class=\"wp-caption aligncenter\"><a href=\"http:\/\/lossburg-schoemberg.de\/wp-content\/uploads\/2016\/12\/16DezBankAusbau.jpg\"><img loading=\"lazy\" decoding=\"async\" aria-describedby=\"caption-attachment-3534\" class=\"size-medium wp-image-3534\" src=\"http:\/\/lossburg-schoemberg.de\/wp-content\/uploads\/2016\/12\/16DezBankAusbau-300x225.jpg\" alt=\"Ausbau der B\u00e4nke, losschrauben\" width=\"300\" height=\"225\" srcset=\"https:\/\/lossburg-schoemberg.de\/wp-content\/uploads\/2016\/12\/16DezBankAusbau-300x225.jpg 300w, https:\/\/lossburg-schoemberg.de\/wp-content\/uploads\/2016\/12\/16DezBankAusbau-768x576.jpg 768w, https:\/\/lossburg-schoemberg.de\/wp-content\/uploads\/2016\/12\/16DezBankAusbau-1024x768.jpg 1024w, https:\/\/lossburg-schoemberg.de\/wp-content\/uploads\/2016\/12\/16DezBankAusbau.jpg 1920w\" sizes=\"auto, (max-width: 300px) 100vw, 300px\" \/><\/a><p id=\"caption-attachment-3534\" class=\"wp-caption-text\">Ausbau der B\u00e4nke, losschrauben<\/p><\/div><\/td>\n<td style=\"width: 139.733px; text-align: center;\">\n<p><div id=\"attachment_3533\" style=\"width: 300px\" class=\"wp-caption aligncenter\"><a href=\"http:\/\/lossburg-schoemberg.de\/wp-content\/uploads\/2016\/12\/16DezBankausbau2.jpg\"><img loading=\"lazy\" decoding=\"async\" aria-describedby=\"caption-attachment-3533\" class=\"size-medium wp-image-3533\" src=\"http:\/\/lossburg-schoemberg.de\/wp-content\/uploads\/2016\/12\/16DezBankausbau2-300x225.jpg\" alt=\"Ausbau der B\u00e4nke mit vielen Helfern\" width=\"300\" height=\"225\" srcset=\"https:\/\/lossburg-schoemberg.de\/wp-content\/uploads\/2016\/12\/16DezBankausbau2-300x225.jpg 300w, https:\/\/lossburg-schoemberg.de\/wp-content\/uploads\/2016\/12\/16DezBankausbau2-768x576.jpg 768w, https:\/\/lossburg-schoemberg.de\/wp-content\/uploads\/2016\/12\/16DezBankausbau2-1024x768.jpg 1024w\" sizes=\"auto, (max-width: 300px) 100vw, 300px\" \/><\/a><p id=\"caption-attachment-3533\" class=\"wp-caption-text\">Ausbau der B\u00e4nke mit vielen Helfern<\/p><\/div><\/td>\n<\/tr>\n<tr>\n<td style=\"width: 459.267px; text-align: center;\">\n<p><div id=\"attachment_3535\" style=\"width: 300px\" class=\"wp-caption aligncenter\"><a href=\"http:\/\/lossburg-schoemberg.de\/wp-content\/uploads\/2016\/12\/16DezMannschaft.jpg\"><img loading=\"lazy\" decoding=\"async\" aria-describedby=\"caption-attachment-3535\" class=\"size-medium wp-image-3535\" src=\"http:\/\/lossburg-schoemberg.de\/wp-content\/uploads\/2016\/12\/16DezMannschaft-300x184.jpg\" alt=\"Die Helfer, nach dem Verladen der B\u00e4nke\" width=\"300\" height=\"184\" srcset=\"https:\/\/lossburg-schoemberg.de\/wp-content\/uploads\/2016\/12\/16DezMannschaft-300x184.jpg 300w, https:\/\/lossburg-schoemberg.de\/wp-content\/uploads\/2016\/12\/16DezMannschaft-768x472.jpg 768w, https:\/\/lossburg-schoemberg.de\/wp-content\/uploads\/2016\/12\/16DezMannschaft-1024x629.jpg 1024w, https:\/\/lossburg-schoemberg.de\/wp-content\/uploads\/2016\/12\/16DezMannschaft.jpg 1920w\" sizes=\"auto, (max-width: 300px) 100vw, 300px\" \/><\/a><p id=\"caption-attachment-3535\" class=\"wp-caption-text\">Die Helfer, nach dem Verladen der B\u00e4nke<\/p><\/div><\/td>\n<td style=\"width: 139.733px; text-align: center;\">\n<p><div id=\"attachment_3531\" style=\"width: 300px\" class=\"wp-caption aligncenter\"><a href=\"http:\/\/lossburg-schoemberg.de\/wp-content\/uploads\/2016\/12\/16DezBankausbau4.jpg\"><img loading=\"lazy\" decoding=\"async\" aria-describedby=\"caption-attachment-3531\" class=\"size-medium wp-image-3531\" src=\"http:\/\/lossburg-schoemberg.de\/wp-content\/uploads\/2016\/12\/16DezBankausbau4-300x225.jpg\" alt=\"Abmontieren der Bankheizungen\" width=\"300\" height=\"225\" srcset=\"https:\/\/lossburg-schoemberg.de\/wp-content\/uploads\/2016\/12\/16DezBankausbau4-300x225.jpg 300w, https:\/\/lossburg-schoemberg.de\/wp-content\/uploads\/2016\/12\/16DezBankausbau4-768x576.jpg 768w, https:\/\/lossburg-schoemberg.de\/wp-content\/uploads\/2016\/12\/16DezBankausbau4-1024x768.jpg 1024w\" sizes=\"auto, (max-width: 300px) 100vw, 300px\" \/><\/a><p id=\"caption-attachment-3531\" class=\"wp-caption-text\">Abmontieren der Bankheizungen<\/p><\/div><\/td>\n<\/tr>\n<tr>\n<td style=\"width: 459.267px; text-align: center;\">\n<p><div id=\"attachment_3532\" style=\"width: 300px\" class=\"wp-caption aligncenter\"><a href=\"http:\/\/lossburg-schoemberg.de\/wp-content\/uploads\/2016\/12\/16DezBankausbau3.jpg\"><img loading=\"lazy\" decoding=\"async\" aria-describedby=\"caption-attachment-3532\" class=\"size-medium wp-image-3532\" src=\"http:\/\/lossburg-schoemberg.de\/wp-content\/uploads\/2016\/12\/16DezBankausbau3-300x225.jpg\" alt=\"B\u00e4nke, vorbereitet zum Abtransport\" width=\"300\" height=\"225\" srcset=\"https:\/\/lossburg-schoemberg.de\/wp-content\/uploads\/2016\/12\/16DezBankausbau3-300x225.jpg 300w, https:\/\/lossburg-schoemberg.de\/wp-content\/uploads\/2016\/12\/16DezBankausbau3-768x576.jpg 768w, https:\/\/lossburg-schoemberg.de\/wp-content\/uploads\/2016\/12\/16DezBankausbau3-1024x768.jpg 1024w\" sizes=\"auto, (max-width: 300px) 100vw, 300px\" \/><\/a><p id=\"caption-attachment-3532\" class=\"wp-caption-text\">B\u00e4nke, vorbereitet zum Abtransport<\/p><\/div><\/td>\n<td style=\"width: 139.733px; text-align: center;\">\n<p><div id=\"attachment_3530\" style=\"width: 300px\" class=\"wp-caption aligncenter\"><a href=\"http:\/\/lossburg-schoemberg.de\/wp-content\/uploads\/2016\/12\/16DezBankausbau5.jpg\"><img loading=\"lazy\" decoding=\"async\" aria-describedby=\"caption-attachment-3530\" class=\"size-medium wp-image-3530\" src=\"http:\/\/lossburg-schoemberg.de\/wp-content\/uploads\/2016\/12\/16DezBankausbau5-300x200.jpg\" alt=\"Ausbau des Holzbodens\" width=\"300\" height=\"200\" srcset=\"https:\/\/lossburg-schoemberg.de\/wp-content\/uploads\/2016\/12\/16DezBankausbau5-300x200.jpg 300w, https:\/\/lossburg-schoemberg.de\/wp-content\/uploads\/2016\/12\/16DezBankausbau5-768x512.jpg 768w, https:\/\/lossburg-schoemberg.de\/wp-content\/uploads\/2016\/12\/16DezBankausbau5-1024x683.jpg 1024w, https:\/\/lossburg-schoemberg.de\/wp-content\/uploads\/2016\/12\/16DezBankausbau5.jpg 1920w\" sizes=\"auto, (max-width: 300px) 100vw, 300px\" \/><\/a><p id=\"caption-attachment-3530\" class=\"wp-caption-text\">Ausbau des Holzbodens<\/p><\/div><\/td>\n<\/tr>\n<tr>\n<td style=\"width: 459.267px; text-align: center;\">\n<p><div id=\"attachment_3541\" style=\"width: 300px\" class=\"wp-caption aligncenter\"><a href=\"http:\/\/lossburg-schoemberg.de\/wp-content\/uploads\/2016\/12\/16DezSteinplatten-1.jpg\"><img loading=\"lazy\" decoding=\"async\" aria-describedby=\"caption-attachment-3541\" class=\"size-medium wp-image-3541\" src=\"http:\/\/lossburg-schoemberg.de\/wp-content\/uploads\/2016\/12\/16DezSteinplatten-1-300x275.jpg\" alt=\"Ausbau der Sandsteinplatten\" width=\"300\" height=\"275\" srcset=\"https:\/\/lossburg-schoemberg.de\/wp-content\/uploads\/2016\/12\/16DezSteinplatten-1-300x275.jpg 300w, https:\/\/lossburg-schoemberg.de\/wp-content\/uploads\/2016\/12\/16DezSteinplatten-1-768x704.jpg 768w, https:\/\/lossburg-schoemberg.de\/wp-content\/uploads\/2016\/12\/16DezSteinplatten-1-1024x939.jpg 1024w, https:\/\/lossburg-schoemberg.de\/wp-content\/uploads\/2016\/12\/16DezSteinplatten-1.jpg 1920w\" sizes=\"auto, (max-width: 300px) 100vw, 300px\" \/><\/a><p id=\"caption-attachment-3541\" class=\"wp-caption-text\">Ausbau der Sandsteinplatten<\/p><\/div><\/td>\n<td style=\"width: 139.733px; text-align: center;\">\n<p><div id=\"attachment_3539\" style=\"width: 300px\" class=\"wp-caption aligncenter\"><a href=\"http:\/\/lossburg-schoemberg.de\/wp-content\/uploads\/2016\/12\/16DezVerladen.jpg\"><img loading=\"lazy\" decoding=\"async\" aria-describedby=\"caption-attachment-3539\" class=\"size-medium wp-image-3539\" src=\"http:\/\/lossburg-schoemberg.de\/wp-content\/uploads\/2016\/12\/16DezVerladen-300x225.jpg\" alt=\"Die B\u00e4nke werden verladen\" width=\"300\" height=\"225\" srcset=\"https:\/\/lossburg-schoemberg.de\/wp-content\/uploads\/2016\/12\/16DezVerladen-300x225.jpg 300w, https:\/\/lossburg-schoemberg.de\/wp-content\/uploads\/2016\/12\/16DezVerladen-768x576.jpg 768w, https:\/\/lossburg-schoemberg.de\/wp-content\/uploads\/2016\/12\/16DezVerladen-1024x768.jpg 1024w\" sizes=\"auto, (max-width: 300px) 100vw, 300px\" \/><\/a><p id=\"caption-attachment-3539\" class=\"wp-caption-text\">Die B\u00e4nke werden verladen<\/p><\/div><\/td>\n<\/tr>\n<tr>\n<td style=\"width: 459.267px; text-align: center;\">\n<p><div id=\"attachment_3538\" style=\"width: 300px\" class=\"wp-caption aligncenter\"><a href=\"http:\/\/lossburg-schoemberg.de\/wp-content\/uploads\/2016\/12\/16DezLeer.jpg\"><img loading=\"lazy\" decoding=\"async\" aria-describedby=\"caption-attachment-3538\" class=\"size-medium wp-image-3538\" src=\"http:\/\/lossburg-schoemberg.de\/wp-content\/uploads\/2016\/12\/16DezLeer-300x224.jpg\" alt=\"Kirche ist leer\" width=\"300\" height=\"224\" srcset=\"https:\/\/lossburg-schoemberg.de\/wp-content\/uploads\/2016\/12\/16DezLeer-300x224.jpg 300w, https:\/\/lossburg-schoemberg.de\/wp-content\/uploads\/2016\/12\/16DezLeer-768x573.jpg 768w, https:\/\/lossburg-schoemberg.de\/wp-content\/uploads\/2016\/12\/16DezLeer-1024x764.jpg 1024w\" sizes=\"auto, (max-width: 300px) 100vw, 300px\" \/><\/a><p id=\"caption-attachment-3538\" class=\"wp-caption-text\">Kirche ist leer<\/p><\/div><\/td>\n<td style=\"width: 139.733px; text-align: center;\">\n<p><div id=\"attachment_3537\" style=\"width: 300px\" class=\"wp-caption aligncenter\"><a href=\"http:\/\/lossburg-schoemberg.de\/wp-content\/uploads\/2016\/12\/16DezLeer2.jpg\"><img loading=\"lazy\" decoding=\"async\" aria-describedby=\"caption-attachment-3537\" class=\"size-medium wp-image-3537\" src=\"http:\/\/lossburg-schoemberg.de\/wp-content\/uploads\/2016\/12\/16DezLeer2-300x225.jpg\" alt=\"Nun kann der Bodenaufbau vorbereitet werden\" width=\"300\" height=\"225\" srcset=\"https:\/\/lossburg-schoemberg.de\/wp-content\/uploads\/2016\/12\/16DezLeer2-300x225.jpg 300w, https:\/\/lossburg-schoemberg.de\/wp-content\/uploads\/2016\/12\/16DezLeer2-768x576.jpg 768w, https:\/\/lossburg-schoemberg.de\/wp-content\/uploads\/2016\/12\/16DezLeer2-1024x768.jpg 1024w\" sizes=\"auto, (max-width: 300px) 100vw, 300px\" \/><\/a><p id=\"caption-attachment-3537\" class=\"wp-caption-text\">Nun kann der Bodenaufbau vorbereitet werden<\/p><\/div><\/td>\n<\/tr>\n<\/tbody>\n<\/table>\n<p>&nbsp;<\/p>\n","protected":false},"excerpt":{"rendered":"<p>Renovierung der Sch\u00f6mberger Kirche Nach den Weihnachtsgottesdiensten 2016 wird in der Kirche einiges gerichtet und erneuert. Neben der Erneuerung der elektrischen Installation mit Beleuchtung und Heizung, sollen auch der Boden, die W\u00e4nde und die W\u00e4nde \u00dcberarbeitet werden. Neu, soll ein Anschluss an die Wasserversorgung erfolgen. Damit wird die Voraussetzung geschaffen, in der Sakristei der Kirche &hellip; <\/p>\n<p><a class=\"more-link btn\" href=\"https:\/\/lossburg-schoemberg.de\/index.php\/einrichtungen\/kirche\/renovierung-2017\/\">Weiterlesen<\/a><\/p>\n","protected":false},"author":1,"featured_media":3504,"parent":348,"menu_order":0,"comment_status":"closed","ping_status":"closed","template":"","meta":{"footnotes":""},"class_list":["post-3499","page","type-page","status-publish","has-post-thumbnail","hentry","nodate","item-wrap"],"_links":{"self":[{"href":"https:\/\/lossburg-schoemberg.de\/index.php\/wp-json\/wp\/v2\/pages\/3499","targetHints":{"allow":["GET"]}}],"collection":[{"href":"https:\/\/lossburg-schoemberg.de\/index.php\/wp-json\/wp\/v2\/pages"}],"about":[{"href":"https:\/\/lossburg-schoemberg.de\/index.php\/wp-json\/wp\/v2\/types\/page"}],"author":[{"embeddable":true,"href":"https:\/\/lossburg-schoemberg.de\/index.php\/wp-json\/wp\/v2\/users\/1"}],"replies":[{"embeddable":true,"href":"https:\/\/lossburg-schoemberg.de\/index.php\/wp-json\/wp\/v2\/comments?post=3499"}],"version-history":[{"count":8,"href":"https:\/\/lossburg-schoemberg.de\/index.php\/wp-json\/wp\/v2\/pages\/3499\/revisions"}],"predecessor-version":[{"id":3542,"href":"https:\/\/lossburg-schoemberg.de\/index.php\/wp-json\/wp\/v2\/pages\/3499\/revisions\/3542"}],"up":[{"embeddable":true,"href":"https:\/\/lossburg-schoemberg.de\/index.php\/wp-json\/wp\/v2\/pages\/348"}],"wp:featuredmedia":[{"embeddable":true,"href":"https:\/\/lossburg-schoemberg.de\/index.php\/wp-json\/wp\/v2\/media\/3504"}],"wp:attachment":[{"href":"https:\/\/lossburg-schoemberg.de\/index.php\/wp-json\/wp\/v2\/media?parent=3499"}],"curies":[{"name":"wp","href":"https:\/\/api.w.org\/{rel}","templated":true}]}}