{"id":3323,"date":"2016-09-04T20:39:23","date_gmt":"2016-09-04T18:39:23","guid":{"rendered":"http:\/\/lossburg-schoemberg.de\/?page_id=3323"},"modified":"2025-10-05T16:25:14","modified_gmt":"2025-10-05T14:25:14","slug":"benutzungsregelung","status":"publish","type":"page","link":"https:\/\/lossburg-schoemberg.de\/index.php\/ort\/blockhuette\/benutzungsregelung\/","title":{"rendered":"Benutzungsregelung"},"content":{"rendered":"<h2>Benutzungsregelung &#8222;Freizeiteinrichtung Oberer Wald&#8220;<\/h2>\n<p>Grill- und Spielplatz sowie Schutzh\u00fctte &#8222;Oberer Wald&#8220; sind Eigentum der Gemeinde Lo\u00dfburg.<\/p>\n<p>Die Anlage soll zur St\u00e4rkung und Verbesserung der Infrastruktur von Sch\u00f6mberg beitragen. Au\u00dferdem stellt die H\u00fctte eine Erg\u00e4nzung, bzw. Erweiterung der \u00f6rtlichen Gastronomie dar.<br \/>\nSie dient ebenso als Walderholungseinrichtung der Waldp\u00e4dagogik und der Jugendarbeit.<\/p>\n<p>Um ein zielgerichtetes und geordnetes Betreiben der Anlage und der H\u00fctte zu gew\u00e4hrleisten, werden<\/p>\n<h4>folgende Grundsatzregeln aufgestellt:<\/h4>\n<ol>\n<li>Die separate Benutzung des Spiel- und Sportplatzes, sowie der WC-Anlagen, ist f\u00fcr Einzelpersonen frei.<br \/>\nF\u00fcr Gruppen ab 10 Personen wird eine Geb\u00fchr von 30,- Euro erhoben.<br \/>\nDiese Gruppen haben sich bei der Ortschaftsverwaltung Sch\u00f6mberg anzumelden.<br \/>\nSie sind bevorrechtigt gegen\u00fcber nicht angemeldeten Personen.<\/li>\n<li>Die Schutzh\u00fctte &#8222;Oberer Wald&#8220; ist grunds\u00e4tzlich verschlossen.<br \/>\nDie WC-Anlage ist vorl\u00e4ufig tags\u00fcber ge\u00f6ffnet.<\/li>\n<li>In der H\u00fctte darf keine st\u00e4ndige Bewirtung stattfinden.<br \/>\nSie kann aber f\u00fcr besondere private Anl\u00e4sse angemietet werden.<br \/>\nF\u00fcr diese Anmietung wird derzeit eine Geb\u00fchr von 400,- Euro erhoben.<br \/>\nDie Nutzungsdauer ist in der Regel am Buchungstag von 12 Uhr mittags bis am n\u00e4chsten Tag um 12 Uhr mittags. Wird der Vortag z.B. zum Aufbauen ben\u00f6tigt kommt die H\u00e4lfte der Nutzungsgeb\u00fchr dazu.<br \/>\nF\u00fcr die Buchung des Termines werden 50,- Euro erhoben, die dann auf die Benutzungsgeb\u00fchr angerechnet werden, die aber im Stornierungsfall in der Regel nicht zur\u00fcck bezahlt werden.<br \/>\nAu\u00dferdem ist eine Sicherheitsleistung von 200,- Euro zu entrichten, welche zur\u00fcckbezahlt wird, wenn sich keine Beanstandungen ergeben.<\/li>\n<li>\u00dcber die Vergabe zur Benutzung der vorgenannten Einrichtungen entscheidet die Ortschaftsverwaltung.<\/li>\n<li>Das Befahren des Vorplatzes ist nicht erlaubt. Ausnahmen sind lediglich f\u00fcr die Versorgung zul\u00e4ssig.<\/li>\n<li>Das Anlegen offener Feuerstellen au\u00dferhalb der genehmigten Grillstelle ist nach \u00a741 Landeswaldgesetz BW nicht zul\u00e4ssig. Ebenso unzul\u00e4ssig ist das Abbrennen von Feuerwerksk\u00f6rpern.<\/li>\n<li>Zelten und Lagern zum Zwecke der \u00dcbernachtung ist nicht erlaubt.<br \/>\nIn Einzelf\u00e4llen kann eine Ausnahmegenehmigung erteilt werden. Hierf\u00fcr zust\u00e4ndig ist die Ortschaftsverwaltung Sch\u00f6mberg.<\/li>\n<li>Nach 22:00 Uhr ist es nicht erlaubt, Verst\u00e4rker f\u00fcr Musik im Au\u00dfenbereich der H\u00fctte zu verwenden.<\/li>\n<\/ol>\n<p>Beschlossen am 05.02. 2016 durch den Ortschaftsrat Sch\u00f6mberg<br \/>\nGe\u00e4ndert am 26.05.2025 durch die Gemeindeverwaltung Lo\u00dfburg<\/p>\n<p>Kontakt zu Ortschaftsverwaltung: zu den Sprechzeiten, Montags von 09:00 &#8211; 10:00 Uhr und Mittwochs von\u00a0 17:00 &#8211; 18:00 Uhr, Ortsstra\u00dfe 2.\u00a0 Telefon zu den Sprechzeiten: 07446 1382\u00a0\u00a0 oder per Mail: <a class=\"rABsFf RffVmb AL18ce\" href=\"mailto:ov.schoemberg@googlemail.com\" target=\"_blank\" rel=\"noopener\" aria-label=\"ov.schoemberg@googlemail.com (Aus meinen Google-Kontakten)\" data-tooltip=\"Aus meinen Google-Kontakten\" data-tooltip-position=\"top\">ov.schoemberg(at)google<\/a>mail.com<\/p>\n","protected":false},"excerpt":{"rendered":"<p>Benutzungsregelung &#8222;Freizeiteinrichtung Oberer Wald&#8220; Grill- und Spielplatz sowie Schutzh\u00fctte &#8222;Oberer Wald&#8220; sind Eigentum der Gemeinde Lo\u00dfburg. Die Anlage soll zur St\u00e4rkung und Verbesserung der Infrastruktur von Sch\u00f6mberg beitragen. Au\u00dferdem stellt die H\u00fctte eine Erg\u00e4nzung, bzw. Erweiterung der \u00f6rtlichen Gastronomie dar. Sie dient ebenso als Walderholungseinrichtung der Waldp\u00e4dagogik und der Jugendarbeit. Um ein zielgerichtetes und geordnetes &hellip; <\/p>\n<p><a class=\"more-link btn\" href=\"https:\/\/lossburg-schoemberg.de\/index.php\/ort\/blockhuette\/benutzungsregelung\/\">Weiterlesen<\/a><\/p>\n","protected":false},"author":1,"featured_media":3329,"parent":3204,"menu_order":35,"comment_status":"closed","ping_status":"closed","template":"","meta":{"footnotes":""},"class_list":["post-3323","page","type-page","status-publish","has-post-thumbnail","hentry","nodate","item-wrap"],"_links":{"self":[{"href":"https:\/\/lossburg-schoemberg.de\/index.php\/wp-json\/wp\/v2\/pages\/3323","targetHints":{"allow":["GET"]}}],"collection":[{"href":"https:\/\/lossburg-schoemberg.de\/index.php\/wp-json\/wp\/v2\/pages"}],"about":[{"href":"https:\/\/lossburg-schoemberg.de\/index.php\/wp-json\/wp\/v2\/types\/page"}],"author":[{"embeddable":true,"href":"https:\/\/lossburg-schoemberg.de\/index.php\/wp-json\/wp\/v2\/users\/1"}],"replies":[{"embeddable":true,"href":"https:\/\/lossburg-schoemberg.de\/index.php\/wp-json\/wp\/v2\/comments?post=3323"}],"version-history":[{"count":13,"href":"https:\/\/lossburg-schoemberg.de\/index.php\/wp-json\/wp\/v2\/pages\/3323\/revisions"}],"predecessor-version":[{"id":5417,"href":"https:\/\/lossburg-schoemberg.de\/index.php\/wp-json\/wp\/v2\/pages\/3323\/revisions\/5417"}],"up":[{"embeddable":true,"href":"https:\/\/lossburg-schoemberg.de\/index.php\/wp-json\/wp\/v2\/pages\/3204"}],"wp:featuredmedia":[{"embeddable":true,"href":"https:\/\/lossburg-schoemberg.de\/index.php\/wp-json\/wp\/v2\/media\/3329"}],"wp:attachment":[{"href":"https:\/\/lossburg-schoemberg.de\/index.php\/wp-json\/wp\/v2\/media?parent=3323"}],"curies":[{"name":"wp","href":"https:\/\/api.w.org\/{rel}","templated":true}]}}