{"id":331,"date":"2012-07-11T18:37:58","date_gmt":"2012-07-11T16:37:58","guid":{"rendered":"http:\/\/beta.lossburg-schoemberg.de\/?page_id=331"},"modified":"2012-12-29T16:40:04","modified_gmt":"2012-12-29T15:40:04","slug":"zuber-stiftung","status":"publish","type":"page","link":"https:\/\/lossburg-schoemberg.de\/index.php\/ort\/zuber-stiftung\/","title":{"rendered":"Zuber Stiftung"},"content":{"rendered":"<table>\n<tbody>\n<tr>\n<td style=\"width: 50%;\">Gegr\u00fcndet von Hugo F. Zuber aus Mittelsteinwald.Unterst\u00fctzt werden \u00e4ltere und sozialbed\u00fcrftige Mitb\u00fcrger von Sch\u00f6mberg und Reinerzau durch finanzielle Zuweisungen an Weihnachten, au\u00dferdem findet eine j\u00e4hrliche Veranstaltung mit \u00e4lteren Mitb\u00fcrgern statt. Dies ist entweder ein Nachmittagsausflug oder ein geselliger Nachmittag.<\/p>\n<p>Die Aufwendungen werden durch die Stiftung komplett finanziert.<\/td>\n<td>\u00a0<a href=\"http:\/\/beta.lossburg-schoemberg.de\/wp-content\/uploads\/2012\/07\/zuberstiftung.jpg\"><img loading=\"lazy\" decoding=\"async\" class=\"aligncenter size-full wp-image-1458\" alt=\"zuberstiftung\" src=\"http:\/\/beta.lossburg-schoemberg.de\/wp-content\/uploads\/2012\/07\/zuberstiftung.jpg\" width=\"250\" height=\"168\" \/><\/a><\/p>\n<address style=\"text-align: center;\">Gruppe Senioren beim Ausflug zur Hornisgrinde<\/address>\n<\/td>\n<\/tr>\n<tr>\n<td style=\"width: 50%;\" colspan=\"2\"><strong>Seniorennachmittag 2010<\/strong><\/p>\n<p>Ausflug nach Reinerzau zur Schauriese. In den Steillagen im Schwarzwald wurden die Baumst\u00e4mme nach dem F\u00e4llen in Riesen (Schussrinnen) ins Tal bef\u00f6rdert. Anschlie\u00dfend wurden sie in Fl\u00f6\u00dfen zu den S\u00e4gewerken transportiert.<\/td>\n<\/tr>\n<tr>\n<td style=\"width: 50%;\">Rechts im Bild: Holzhauer und Helfer der Dorfgemeinschaften Reinerzau und Sch\u00f6mberg beim Vorf\u00fchren wie fr\u00fcher ein Baumstamm mit Muskelkraft in die Riese gekrempt wurde.<\/td>\n<td><a href=\"http:\/\/beta.lossburg-schoemberg.de\/wp-content\/uploads\/2012\/07\/Riese1.jpg\"><img loading=\"lazy\" decoding=\"async\" class=\"aligncenter size-medium wp-image-1457\" alt=\"Riese1\" src=\"http:\/\/beta.lossburg-schoemberg.de\/wp-content\/uploads\/2012\/07\/Riese1-300x138.jpg\" width=\"300\" height=\"138\" srcset=\"https:\/\/lossburg-schoemberg.de\/wp-content\/uploads\/2012\/07\/Riese1-300x138.jpg 300w, https:\/\/lossburg-schoemberg.de\/wp-content\/uploads\/2012\/07\/Riese1.jpg 800w\" sizes=\"auto, (max-width: 300px) 100vw, 300px\" \/><\/a><\/td>\n<\/tr>\n<tr>\n<td style=\"width: 50%;\"><a href=\"http:\/\/beta.lossburg-schoemberg.de\/wp-content\/uploads\/2012\/07\/Riese2.jpg\"><img loading=\"lazy\" decoding=\"async\" class=\"aligncenter size-medium wp-image-1456\" alt=\"Riese2\" src=\"http:\/\/beta.lossburg-schoemberg.de\/wp-content\/uploads\/2012\/07\/Riese2-300x178.jpg\" width=\"300\" height=\"178\" srcset=\"https:\/\/lossburg-schoemberg.de\/wp-content\/uploads\/2012\/07\/Riese2-300x178.jpg 300w, https:\/\/lossburg-schoemberg.de\/wp-content\/uploads\/2012\/07\/Riese2.jpg 800w\" sizes=\"auto, (max-width: 300px) 100vw, 300px\" \/><\/a><\/td>\n<td>Ein Teil der Senioren lassen sich das Riesen von Kurt Weigold erkl\u00e4ren.<\/td>\n<\/tr>\n<tr>\n<td style=\"width: 50%;\">Die Reinerzauer Rieser nach dem Riesen.<\/p>\n<p>Links der Senior der Rieser, Kurt Weigold, rechts der Ortsvorsteher von Reinerzau, Michael Hamm.<\/td>\n<td><a href=\"http:\/\/beta.lossburg-schoemberg.de\/wp-content\/uploads\/2012\/07\/Riese3.jpg\"><img loading=\"lazy\" decoding=\"async\" class=\"aligncenter size-medium wp-image-1455\" alt=\"Riese3\" src=\"http:\/\/beta.lossburg-schoemberg.de\/wp-content\/uploads\/2012\/07\/Riese3-300x144.jpg\" width=\"300\" height=\"144\" srcset=\"https:\/\/lossburg-schoemberg.de\/wp-content\/uploads\/2012\/07\/Riese3-300x144.jpg 300w, https:\/\/lossburg-schoemberg.de\/wp-content\/uploads\/2012\/07\/Riese3.jpg 725w\" sizes=\"auto, (max-width: 300px) 100vw, 300px\" \/><\/a><\/td>\n<\/tr>\n<\/tbody>\n<\/table>\n<p>&nbsp;<\/p>\n<p>&nbsp;<\/p>\n","protected":false},"excerpt":{"rendered":"<p>Gegr\u00fcndet von Hugo F. Zuber aus Mittelsteinwald.Unterst\u00fctzt werden \u00e4ltere und sozialbed\u00fcrftige Mitb\u00fcrger von Sch\u00f6mberg und Reinerzau durch finanzielle Zuweisungen an Weihnachten, au\u00dferdem findet eine j\u00e4hrliche Veranstaltung mit \u00e4lteren Mitb\u00fcrgern statt. Dies ist entweder ein Nachmittagsausflug oder ein geselliger Nachmittag. Die Aufwendungen werden durch die Stiftung komplett finanziert. \u00a0 Gruppe Senioren beim Ausflug zur Hornisgrinde Seniorennachmittag &hellip; <\/p>\n<p><a class=\"more-link btn\" href=\"https:\/\/lossburg-schoemberg.de\/index.php\/ort\/zuber-stiftung\/\">Weiterlesen<\/a><\/p>\n","protected":false},"author":1,"featured_media":0,"parent":7,"menu_order":9,"comment_status":"open","ping_status":"closed","template":"","meta":{"footnotes":""},"class_list":["post-331","page","type-page","status-publish","hentry","nodate","item-wrap"],"_links":{"self":[{"href":"https:\/\/lossburg-schoemberg.de\/index.php\/wp-json\/wp\/v2\/pages\/331","targetHints":{"allow":["GET"]}}],"collection":[{"href":"https:\/\/lossburg-schoemberg.de\/index.php\/wp-json\/wp\/v2\/pages"}],"about":[{"href":"https:\/\/lossburg-schoemberg.de\/index.php\/wp-json\/wp\/v2\/types\/page"}],"author":[{"embeddable":true,"href":"https:\/\/lossburg-schoemberg.de\/index.php\/wp-json\/wp\/v2\/users\/1"}],"replies":[{"embeddable":true,"href":"https:\/\/lossburg-schoemberg.de\/index.php\/wp-json\/wp\/v2\/comments?post=331"}],"version-history":[{"count":7,"href":"https:\/\/lossburg-schoemberg.de\/index.php\/wp-json\/wp\/v2\/pages\/331\/revisions"}],"predecessor-version":[{"id":1459,"href":"https:\/\/lossburg-schoemberg.de\/index.php\/wp-json\/wp\/v2\/pages\/331\/revisions\/1459"}],"up":[{"embeddable":true,"href":"https:\/\/lossburg-schoemberg.de\/index.php\/wp-json\/wp\/v2\/pages\/7"}],"wp:attachment":[{"href":"https:\/\/lossburg-schoemberg.de\/index.php\/wp-json\/wp\/v2\/media?parent=331"}],"curies":[{"name":"wp","href":"https:\/\/api.w.org\/{rel}","templated":true}]}}