{"id":329,"date":"2012-07-11T18:37:38","date_gmt":"2012-07-11T16:37:38","guid":{"rendered":"http:\/\/beta.lossburg-schoemberg.de\/?page_id=329"},"modified":"2013-08-06T20:14:07","modified_gmt":"2013-08-06T18:14:07","slug":"stiftung-schoemberg","status":"publish","type":"page","link":"https:\/\/lossburg-schoemberg.de\/index.php\/ort\/stiftung-schoemberg\/","title":{"rendered":"Stiftung Sch\u00f6mberg"},"content":{"rendered":"<table>\n<tbody>\n<tr>\n<td style=\"width: 50%;\">Mehrere gro\u00dfe Waldfl\u00e4chen mit 2-3 eigenen Holzhauern, die auch heute noch einen Reinerl\u00f6s erwirtschaften. Bei der Eingemeindung 1974 zur Gemeinde Lo\u00dfburg wurde vereinbart, dass der Stiftungswald in die Gesamtgemeinde \u00fcbergeht, aber 20% aus dem erwirtschafteten Erl\u00f6s den Sch\u00f6mberger B\u00fcrgern zugute kommt. Aus dem Stiftungserl\u00f6s werden unter anderem die Jugendsportgruppe und der Kirchenchor gef\u00f6rdert. Auch die Seniorenfeier und die Nikolausfeier werden davon bestritten. Auch die jetzige Aktion des Dorfwettbewerbs wird finanziell von Stiftungsgeldern unterst\u00fctzt.Im<\/td>\n<td>\u00a0<a href=\"http:\/\/beta.lossburg-schoemberg.de\/wp-content\/uploads\/2012\/07\/stiftungswald1.jpg\"><img loading=\"lazy\" decoding=\"async\" class=\"aligncenter size-medium wp-image-1449\" alt=\"Stiftungswald\" src=\"http:\/\/beta.lossburg-schoemberg.de\/wp-content\/uploads\/2012\/07\/stiftungswald1-300x174.jpg\" width=\"300\" height=\"174\" srcset=\"https:\/\/lossburg-schoemberg.de\/wp-content\/uploads\/2012\/07\/stiftungswald1-300x174.jpg 300w, https:\/\/lossburg-schoemberg.de\/wp-content\/uploads\/2012\/07\/stiftungswald1.jpg 400w\" sizes=\"auto, (max-width: 300px) 100vw, 300px\" \/><\/a><\/td>\n<\/tr>\n<tr>\n<td>Der gesamte Wald um Sch\u00f6mberg wird als Plenterwald bewirtschaftet. Dies ist eine alte Betriebsform der Bauernw\u00e4lder, die aber zwischenzeitlich auch von unserer modernen Waldwirtschaft als \u00f6kologisch sinnvoll angesehen wird.Im Plenterwald wachsen B\u00e4ume aller Altersklassen, von dem kleinsten Sch\u00f6ssling bis zum dicksten Baum.Geschlagen wird im Plenterwald in der Regel der dickste und \u00e4lteste Baum, abgesehen von kranken oder durch Sturm und Schneebruch gesch\u00e4digten B\u00e4umen. Der Holzeinschlag wird nach einem 10-j\u00e4hrigen Nutzungs- und Kulturplan festgelegt. Es wird nur so viel geschlagen wie j\u00e4hrlich nachw\u00e4chst.<\/p>\n<p>Die Waldfl\u00e4che bleibt also immer bestockt. Eine Bodenerosion ist so kaum zu bef\u00fcrchten.<\/p>\n<p>Bild rechts der \u00fcber 150 ha gro\u00dfe zusammenh\u00e4ngende Heiligenwald.<\/p>\n<p>Vom Stiftungswald wurde in fr\u00fcheren Jahren schon viel finanziert, z.B. Schulhaus, Zuschuss f\u00fcr Kirchenumbau, Backhaus, Kanalbauten, Wasserleitung, usw.<\/p>\n<p>Die letzten Jahre wurden mit dem Stiftungserl\u00f6s unter anderem:- das B\u00fcrger- und G\u00e4stehaus renoviert,<br \/>\nLautsprecheranlage und Fersehger\u00e4t installiert<br \/>\n&#8211; Plattenweg zur Kirche und Lautsprecheranlage in der Kirche<br \/>\nmitfinanziert<br \/>\n&#8211; geplant ist, die in die Jahre gekommene H\u00fctte am Spielplatz<br \/>\noberer Wald abzubrechen und ein in Rundholzbauweise<br \/>\nerstelltes gr\u00f6\u00dferes Geb\u00e4ude mit WC\u00b4s zu bauen.<\/p>\n<p>&nbsp;<\/td>\n<td>\u00a0<a href=\"http:\/\/beta.lossburg-schoemberg.de\/wp-content\/uploads\/2012\/07\/stiftungswald.jpg\"><img loading=\"lazy\" decoding=\"async\" class=\"aligncenter size-full wp-image-1450\" alt=\"Stiftungswald\" src=\"http:\/\/beta.lossburg-schoemberg.de\/wp-content\/uploads\/2012\/07\/stiftungswald.jpg\" width=\"279\" height=\"350\" srcset=\"https:\/\/lossburg-schoemberg.de\/wp-content\/uploads\/2012\/07\/stiftungswald.jpg 279w, https:\/\/lossburg-schoemberg.de\/wp-content\/uploads\/2012\/07\/stiftungswald-239x300.jpg 239w\" sizes=\"auto, (max-width: 279px) 100vw, 279px\" \/><\/a><\/td>\n<\/tr>\n<\/tbody>\n<\/table>\n","protected":false},"excerpt":{"rendered":"<p>Mehrere gro\u00dfe Waldfl\u00e4chen mit 2-3 eigenen Holzhauern, die auch heute noch einen Reinerl\u00f6s erwirtschaften. Bei der Eingemeindung 1974 zur Gemeinde Lo\u00dfburg wurde vereinbart, dass der Stiftungswald in die Gesamtgemeinde \u00fcbergeht, aber 20% aus dem erwirtschafteten Erl\u00f6s den Sch\u00f6mberger B\u00fcrgern zugute kommt. Aus dem Stiftungserl\u00f6s werden unter anderem die Jugendsportgruppe und der Kirchenchor gef\u00f6rdert. Auch die &hellip; <\/p>\n<p><a class=\"more-link btn\" href=\"https:\/\/lossburg-schoemberg.de\/index.php\/ort\/stiftung-schoemberg\/\">Weiterlesen<\/a><\/p>\n","protected":false},"author":1,"featured_media":0,"parent":7,"menu_order":8,"comment_status":"open","ping_status":"closed","template":"","meta":{"footnotes":""},"class_list":["post-329","page","type-page","status-publish","hentry","nodate","item-wrap"],"_links":{"self":[{"href":"https:\/\/lossburg-schoemberg.de\/index.php\/wp-json\/wp\/v2\/pages\/329","targetHints":{"allow":["GET"]}}],"collection":[{"href":"https:\/\/lossburg-schoemberg.de\/index.php\/wp-json\/wp\/v2\/pages"}],"about":[{"href":"https:\/\/lossburg-schoemberg.de\/index.php\/wp-json\/wp\/v2\/types\/page"}],"author":[{"embeddable":true,"href":"https:\/\/lossburg-schoemberg.de\/index.php\/wp-json\/wp\/v2\/users\/1"}],"replies":[{"embeddable":true,"href":"https:\/\/lossburg-schoemberg.de\/index.php\/wp-json\/wp\/v2\/comments?post=329"}],"version-history":[{"count":14,"href":"https:\/\/lossburg-schoemberg.de\/index.php\/wp-json\/wp\/v2\/pages\/329\/revisions"}],"predecessor-version":[{"id":1451,"href":"https:\/\/lossburg-schoemberg.de\/index.php\/wp-json\/wp\/v2\/pages\/329\/revisions\/1451"}],"up":[{"embeddable":true,"href":"https:\/\/lossburg-schoemberg.de\/index.php\/wp-json\/wp\/v2\/pages\/7"}],"wp:attachment":[{"href":"https:\/\/lossburg-schoemberg.de\/index.php\/wp-json\/wp\/v2\/media?parent=329"}],"curies":[{"name":"wp","href":"https:\/\/api.w.org\/{rel}","templated":true}]}}