{"id":3264,"date":"2016-03-25T13:41:46","date_gmt":"2016-03-25T12:41:46","guid":{"rendered":"http:\/\/lossburg-schoemberg.de\/?page_id=3264"},"modified":"2017-05-04T22:01:11","modified_gmt":"2017-05-04T20:01:11","slug":"maibaumstellen","status":"publish","type":"page","link":"https:\/\/lossburg-schoemberg.de\/index.php\/rueckblick\/2017-2\/maibaumstellen\/","title":{"rendered":"Maibaumstellen"},"content":{"rendered":"<h3>Am So. 30.04.2017 wurde, wie jedes Jahr, durch die Feuerwehr Sch\u00f6mberg der geschm\u00fcckte Maibaum aufgestellt.<\/h3>\n<p>Im Anschluss gem\u00fctliches Beisammensein, diesmal in der neuen Schutzh\u00fctte am oberer Wald.<br \/>\nDie Gymnastikgruppe Sch\u00f6mberg sorgte f\u00fcr Speis und Trank.<br \/>\nDer Treff nach dem Maibaumstellen war sehr gut besucht.<\/p>\n<p>Bilder: Daniel Pfau<\/p>\n<table style=\"width: 683px;\">\n<tbody>\n<tr>\n<td style=\"width: 314.7px;\"><a href=\"http:\/\/lossburg-schoemberg.de\/wp-content\/uploads\/2016\/03\/DSC01531.jpg\"><img loading=\"lazy\" decoding=\"async\" class=\"aligncenter size-medium wp-image-3624\" src=\"http:\/\/lossburg-schoemberg.de\/wp-content\/uploads\/2016\/03\/DSC01531-300x225.jpg\" alt=\"\" width=\"300\" height=\"225\" srcset=\"https:\/\/lossburg-schoemberg.de\/wp-content\/uploads\/2016\/03\/DSC01531-300x225.jpg 300w, https:\/\/lossburg-schoemberg.de\/wp-content\/uploads\/2016\/03\/DSC01531-768x576.jpg 768w, https:\/\/lossburg-schoemberg.de\/wp-content\/uploads\/2016\/03\/DSC01531.jpg 973w\" sizes=\"auto, (max-width: 300px) 100vw, 300px\" \/><\/a><\/td>\n<td style=\"width: 365.3px;\"><a href=\"http:\/\/lossburg-schoemberg.de\/wp-content\/uploads\/2016\/03\/DSC01533.jpg\"><img loading=\"lazy\" decoding=\"async\" class=\"aligncenter size-medium wp-image-3619\" src=\"http:\/\/lossburg-schoemberg.de\/wp-content\/uploads\/2016\/03\/DSC01533-300x225.jpg\" alt=\"\" width=\"300\" height=\"225\" srcset=\"https:\/\/lossburg-schoemberg.de\/wp-content\/uploads\/2016\/03\/DSC01533-300x225.jpg 300w, https:\/\/lossburg-schoemberg.de\/wp-content\/uploads\/2016\/03\/DSC01533-768x576.jpg 768w, https:\/\/lossburg-schoemberg.de\/wp-content\/uploads\/2016\/03\/DSC01533.jpg 973w\" sizes=\"auto, (max-width: 300px) 100vw, 300px\" \/><\/a><\/td>\n<\/tr>\n<tr>\n<td style=\"width: 314.7px;\"><a href=\"http:\/\/lossburg-schoemberg.de\/wp-content\/uploads\/2016\/03\/DSC01534.jpg\"><img loading=\"lazy\" decoding=\"async\" class=\"aligncenter size-medium wp-image-3620\" src=\"http:\/\/lossburg-schoemberg.de\/wp-content\/uploads\/2016\/03\/DSC01534-300x225.jpg\" alt=\"\" width=\"300\" height=\"225\" srcset=\"https:\/\/lossburg-schoemberg.de\/wp-content\/uploads\/2016\/03\/DSC01534-300x225.jpg 300w, https:\/\/lossburg-schoemberg.de\/wp-content\/uploads\/2016\/03\/DSC01534-768x576.jpg 768w, https:\/\/lossburg-schoemberg.de\/wp-content\/uploads\/2016\/03\/DSC01534.jpg 973w\" sizes=\"auto, (max-width: 300px) 100vw, 300px\" \/><\/a><\/td>\n<td style=\"width: 365.3px;\"><a href=\"http:\/\/lossburg-schoemberg.de\/wp-content\/uploads\/2016\/03\/DSC01535.jpg\"><img loading=\"lazy\" decoding=\"async\" class=\"aligncenter size-medium wp-image-3621\" src=\"http:\/\/lossburg-schoemberg.de\/wp-content\/uploads\/2016\/03\/DSC01535-300x225.jpg\" alt=\"\" width=\"300\" height=\"225\" srcset=\"https:\/\/lossburg-schoemberg.de\/wp-content\/uploads\/2016\/03\/DSC01535-300x225.jpg 300w, https:\/\/lossburg-schoemberg.de\/wp-content\/uploads\/2016\/03\/DSC01535-768x576.jpg 768w, https:\/\/lossburg-schoemberg.de\/wp-content\/uploads\/2016\/03\/DSC01535.jpg 973w\" sizes=\"auto, (max-width: 300px) 100vw, 300px\" \/><\/a><\/td>\n<\/tr>\n<tr>\n<td style=\"width: 314.7px;\"><a href=\"http:\/\/lossburg-schoemberg.de\/wp-content\/uploads\/2016\/03\/DSC01536.jpg\"><img loading=\"lazy\" decoding=\"async\" class=\"aligncenter size-medium wp-image-3622\" src=\"http:\/\/lossburg-schoemberg.de\/wp-content\/uploads\/2016\/03\/DSC01536-300x225.jpg\" alt=\"\" width=\"300\" height=\"225\" srcset=\"https:\/\/lossburg-schoemberg.de\/wp-content\/uploads\/2016\/03\/DSC01536-300x225.jpg 300w, https:\/\/lossburg-schoemberg.de\/wp-content\/uploads\/2016\/03\/DSC01536-768x576.jpg 768w, https:\/\/lossburg-schoemberg.de\/wp-content\/uploads\/2016\/03\/DSC01536.jpg 973w\" sizes=\"auto, (max-width: 300px) 100vw, 300px\" \/><\/a><\/td>\n<td style=\"width: 365.3px;\"><a href=\"http:\/\/lossburg-schoemberg.de\/wp-content\/uploads\/2016\/03\/DSC01537.jpg\"><img loading=\"lazy\" decoding=\"async\" class=\"aligncenter size-medium wp-image-3623\" src=\"http:\/\/lossburg-schoemberg.de\/wp-content\/uploads\/2016\/03\/DSC01537-300x225.jpg\" alt=\"\" width=\"300\" height=\"225\" srcset=\"https:\/\/lossburg-schoemberg.de\/wp-content\/uploads\/2016\/03\/DSC01537-300x225.jpg 300w, https:\/\/lossburg-schoemberg.de\/wp-content\/uploads\/2016\/03\/DSC01537-768x576.jpg 768w, https:\/\/lossburg-schoemberg.de\/wp-content\/uploads\/2016\/03\/DSC01537.jpg 973w\" sizes=\"auto, (max-width: 300px) 100vw, 300px\" \/><\/a><\/td>\n<\/tr>\n<\/tbody>\n<\/table>\n<p>&nbsp;<\/p>\n","protected":false},"excerpt":{"rendered":"<p>Am So. 30.04.2017 wurde, wie jedes Jahr, durch die Feuerwehr Sch\u00f6mberg der geschm\u00fcckte Maibaum aufgestellt. Im Anschluss gem\u00fctliches Beisammensein, diesmal in der neuen Schutzh\u00fctte am oberer Wald. Die Gymnastikgruppe Sch\u00f6mberg sorgte f\u00fcr Speis und Trank. Der Treff nach dem Maibaumstellen war sehr gut besucht. Bilder: Daniel Pfau &nbsp;<\/p>\n","protected":false},"author":1,"featured_media":3268,"parent":3612,"menu_order":25,"comment_status":"closed","ping_status":"closed","template":"","meta":{"footnotes":""},"class_list":["post-3264","page","type-page","status-publish","has-post-thumbnail","hentry","nodate","item-wrap"],"_links":{"self":[{"href":"https:\/\/lossburg-schoemberg.de\/index.php\/wp-json\/wp\/v2\/pages\/3264","targetHints":{"allow":["GET"]}}],"collection":[{"href":"https:\/\/lossburg-schoemberg.de\/index.php\/wp-json\/wp\/v2\/pages"}],"about":[{"href":"https:\/\/lossburg-schoemberg.de\/index.php\/wp-json\/wp\/v2\/types\/page"}],"author":[{"embeddable":true,"href":"https:\/\/lossburg-schoemberg.de\/index.php\/wp-json\/wp\/v2\/users\/1"}],"replies":[{"embeddable":true,"href":"https:\/\/lossburg-schoemberg.de\/index.php\/wp-json\/wp\/v2\/comments?post=3264"}],"version-history":[{"count":5,"href":"https:\/\/lossburg-schoemberg.de\/index.php\/wp-json\/wp\/v2\/pages\/3264\/revisions"}],"predecessor-version":[{"id":3625,"href":"https:\/\/lossburg-schoemberg.de\/index.php\/wp-json\/wp\/v2\/pages\/3264\/revisions\/3625"}],"up":[{"embeddable":true,"href":"https:\/\/lossburg-schoemberg.de\/index.php\/wp-json\/wp\/v2\/pages\/3612"}],"wp:featuredmedia":[{"embeddable":true,"href":"https:\/\/lossburg-schoemberg.de\/index.php\/wp-json\/wp\/v2\/media\/3268"}],"wp:attachment":[{"href":"https:\/\/lossburg-schoemberg.de\/index.php\/wp-json\/wp\/v2\/media?parent=3264"}],"curies":[{"name":"wp","href":"https:\/\/api.w.org\/{rel}","templated":true}]}}