{"id":3260,"date":"2016-03-23T22:14:28","date_gmt":"2016-03-23T21:14:28","guid":{"rendered":"http:\/\/lossburg-schoemberg.de\/?page_id=3260"},"modified":"2017-05-04T21:14:16","modified_gmt":"2017-05-04T19:14:16","slug":"dorfputzaktion-waldputzete","status":"publish","type":"page","link":"https:\/\/lossburg-schoemberg.de\/index.php\/rueckblick\/2017-2\/dorfputzaktion-waldputzete\/","title":{"rendered":"Dorfputzaktion, Waldputzete"},"content":{"rendered":"<h3>Dorf- und Waldputzaktion<\/h3>\n<p>wie die jetzten Jahre auch, wurden im Fr\u00fchjahr unsere Stra\u00dfenr\u00e4nder und Wege von wild abgelagertem M\u00fcll befreit.<br \/>\nAuch diesmal war es wieder eine &#8222;lohnende&#8220; Aktion. Jung und Alt haben sich an der S\u00e4uberung beteiligt und flei\u00dfig achtlos weggeworfenen M\u00fcll eingesammelt. Zum einen freuen wir uns \u00fcber saubere Wege und Waldr\u00e4nder, zum anderen soll es keine &#8222;M\u00fcllhaufen&#8220; geben, die zu weiterem Wegwerfen animieren.<br \/>\nNach der Putztour wurde von den Helfern ein Bild gemacht, vor dem mit dem Transporter der Gemeinde der bef\u00fcllt wurde.<\/p>\n<div id=\"attachment_3617\" style=\"width: 300px\" class=\"wp-caption aligncenter\"><a href=\"http:\/\/lossburg-schoemberg.de\/wp-content\/uploads\/2016\/03\/Dorfputzaktion2017.jpg\"><img loading=\"lazy\" decoding=\"async\" aria-describedby=\"caption-attachment-3617\" class=\"size-medium wp-image-3617\" src=\"http:\/\/lossburg-schoemberg.de\/wp-content\/uploads\/2016\/03\/Dorfputzaktion2017-300x190.jpg\" alt=\"\" width=\"300\" height=\"190\" srcset=\"https:\/\/lossburg-schoemberg.de\/wp-content\/uploads\/2016\/03\/Dorfputzaktion2017-300x190.jpg 300w, https:\/\/lossburg-schoemberg.de\/wp-content\/uploads\/2016\/03\/Dorfputzaktion2017-768x486.jpg 768w, https:\/\/lossburg-schoemberg.de\/wp-content\/uploads\/2016\/03\/Dorfputzaktion2017-1024x649.jpg 1024w, https:\/\/lossburg-schoemberg.de\/wp-content\/uploads\/2016\/03\/Dorfputzaktion2017.jpg 1920w\" sizes=\"auto, (max-width: 300px) 100vw, 300px\" \/><\/a><p id=\"caption-attachment-3617\" class=\"wp-caption-text\">Bild: Karl Pfau<\/p><\/div>\n","protected":false},"excerpt":{"rendered":"<p>Dorf- und Waldputzaktion wie die jetzten Jahre auch, wurden im Fr\u00fchjahr unsere Stra\u00dfenr\u00e4nder und Wege von wild abgelagertem M\u00fcll befreit. Auch diesmal war es wieder eine &#8222;lohnende&#8220; Aktion. Jung und Alt haben sich an der S\u00e4uberung beteiligt und flei\u00dfig achtlos weggeworfenen M\u00fcll eingesammelt. Zum einen freuen wir uns \u00fcber saubere Wege und Waldr\u00e4nder, zum anderen &hellip; <\/p>\n<p><a class=\"more-link btn\" href=\"https:\/\/lossburg-schoemberg.de\/index.php\/rueckblick\/2017-2\/dorfputzaktion-waldputzete\/\">Weiterlesen<\/a><\/p>\n","protected":false},"author":1,"featured_media":3261,"parent":3612,"menu_order":20,"comment_status":"closed","ping_status":"closed","template":"","meta":{"footnotes":""},"class_list":["post-3260","page","type-page","status-publish","has-post-thumbnail","hentry","nodate","item-wrap"],"_links":{"self":[{"href":"https:\/\/lossburg-schoemberg.de\/index.php\/wp-json\/wp\/v2\/pages\/3260","targetHints":{"allow":["GET"]}}],"collection":[{"href":"https:\/\/lossburg-schoemberg.de\/index.php\/wp-json\/wp\/v2\/pages"}],"about":[{"href":"https:\/\/lossburg-schoemberg.de\/index.php\/wp-json\/wp\/v2\/types\/page"}],"author":[{"embeddable":true,"href":"https:\/\/lossburg-schoemberg.de\/index.php\/wp-json\/wp\/v2\/users\/1"}],"replies":[{"embeddable":true,"href":"https:\/\/lossburg-schoemberg.de\/index.php\/wp-json\/wp\/v2\/comments?post=3260"}],"version-history":[{"count":4,"href":"https:\/\/lossburg-schoemberg.de\/index.php\/wp-json\/wp\/v2\/pages\/3260\/revisions"}],"predecessor-version":[{"id":3618,"href":"https:\/\/lossburg-schoemberg.de\/index.php\/wp-json\/wp\/v2\/pages\/3260\/revisions\/3618"}],"up":[{"embeddable":true,"href":"https:\/\/lossburg-schoemberg.de\/index.php\/wp-json\/wp\/v2\/pages\/3612"}],"wp:featuredmedia":[{"embeddable":true,"href":"https:\/\/lossburg-schoemberg.de\/index.php\/wp-json\/wp\/v2\/media\/3261"}],"wp:attachment":[{"href":"https:\/\/lossburg-schoemberg.de\/index.php\/wp-json\/wp\/v2\/media?parent=3260"}],"curies":[{"name":"wp","href":"https:\/\/api.w.org\/{rel}","templated":true}]}}